{"id":5026,"date":"2023-10-28T14:08:19","date_gmt":"2023-10-28T14:08:19","guid":{"rendered":"https:\/\/emiir.ba\/?post_type=product&#038;p=5026"},"modified":"2026-04-10T16:40:44","modified_gmt":"2026-04-10T16:40:44","slug":"navlake-za-prste","status":"publish","type":"product","link":"https:\/\/emiir.ba\/en\/product\/navlake-za-prste\/","title":{"rendered":"finger sleeve"},"content":{"rendered":"<h2 data-start=\"185\" data-end=\"277\">\ud83c\udfae <strong data-start=\"191\" data-end=\"277\">Navlake za prste za mobilni gaming \u2013 preciznost i udobnost u svakom dodiru | EMiiR<\/strong><\/h2>\n<hr data-start=\"279\" data-end=\"282\" \/>\n<p data-start=\"284\" data-end=\"396\"><span class=\"relative -mx-px my-[-0.2rem] rounded px-px py-[0.2rem] transition-colors duration-100 ease-in-out\"><strong data-start=\"0\" data-end=\"20\" data-is-only-node=\"\">finger sleeve<\/strong> su neophodan dodatak za svakog mobilnog gejmera koji \u017eeli pobolj\u0161ati preciznost i kontrolu tokom igranja.<\/span> <span class=\"relative -mx-px my-[-0.2rem] rounded px-px py-[0.2rem] transition-colors duration-100 ease-in-out\">Izra\u0111ene od prozra\u010dnih i elasti\u010dnih materijala, ove navlake smanjuju trenje izme\u0111u prstiju i ekrana, omogu\u0107avaju\u0107i br\u017ee i ta\u010dnije reakcije u igrama poput PUBG Mobile, Call of Duty Mobile i drugih.<\/span><span class=\"\" data-state=\"closed\"><span class=\"ms-1 inline-flex max-w-full items-center relative top-[-0.094rem] animate-[show_150ms_ease-in]\"><a class=\"flex h-4.5 overflow-hidden rounded-xl px-2 text-[0.5625em] font-medium text-token-text-secondary! bg-[#F4F4F4]! dark:bg-[#303030]! transition-colors duration-150 ease-in-out\" href=\"https:\/\/olx.ba\/artikal\/47265215\/navlake-za-prste-finger-sleeve\/?utm_source=chatgpt.com\" target=\"_blank\" rel=\"noopener\"><span class=\"relative start-0 bottom-0 flex h-full w-full items-center\"><span class=\"flex h-4 w-full items-center justify-between overflow-hidden\"><span class=\"max-w-full grow truncate overflow-hidden text-center\">olx.ba<\/span><\/span><\/span><\/a><\/span><\/span><\/p>\n<p data-start=\"398\" data-end=\"514\"><span class=\"relative -mx-px my-[-0.2rem] rounded px-px py-[0.2rem] transition-colors duration-100 ease-in-out\">Njihov dizajn omogu\u0107ava lako obla\u010denje i skidanje, a univerzalna veli\u010dina osigurava da odgovaraju ve\u0107ini korisnika.<\/span> <span class=\"relative -mx-px my-[-0.2rem] rounded px-px py-[0.2rem] transition-colors duration-100 ease-in-out\">Materijali otporni na znoj poma\u017eu u odr\u017eavanju suho\u0107e prstiju, \u010dak i tokom najintenzivnijih gejming sesija.<\/span><\/p>\n<p data-start=\"516\" data-end=\"594\"><span class=\"relative -mx-px my-[-0.2rem] rounded px-px py-[0.2rem] transition-colors duration-100 ease-in-out\">Kupovinom navlaka za prste u EMiiR shopu dobijate kvalitetan dodatak koji \u0107e unaprijediti va\u0161e gejming iskustvo i pru\u017eiti vam prednost nad protivnicima.<\/span><\/p>\n<hr data-start=\"596\" data-end=\"599\" \/>\n<h3 data-start=\"601\" data-end=\"634\">\ud83d\udd27 <strong data-start=\"608\" data-end=\"634\">Tehni\u010dke specifikacije<\/strong><\/h3>\n<ul data-start=\"635\" data-end=\"955\">\n<li data-start=\"635\" data-end=\"685\">\n<p data-start=\"637\" data-end=\"685\"><strong data-start=\"637\" data-end=\"645\">Tip:<\/strong> <span class=\"relative -mx-px my-[-0.2rem] rounded px-px py-[0.2rem] transition-colors duration-100 ease-in-out\">navlake za prste za mobilni gaming<\/span><\/p>\n<\/li>\n<li data-start=\"686\" data-end=\"747\">\n<p data-start=\"688\" data-end=\"747\"><strong data-start=\"688\" data-end=\"707\">Kompatibilnost:<\/strong> <span class=\"relative -mx-px my-[-0.2rem] rounded px-px py-[0.2rem] transition-colors duration-100 ease-in-out\">Android i iOS ure\u0111aji<\/span><\/p>\n<\/li>\n<li data-start=\"748\" data-end=\"804\">\n<p data-start=\"750\" data-end=\"804\"><strong data-start=\"750\" data-end=\"764\">Materijal:<\/strong> <span class=\"relative -mx-px my-[-0.2rem] rounded px-px py-[0.2rem] transition-colors duration-100 ease-in-out\">prozra\u010dni i elasti\u010dni materijali<\/span><\/p>\n<\/li>\n<li data-start=\"805\" data-end=\"860\">\n<p data-start=\"807\" data-end=\"860\"><strong data-start=\"807\" data-end=\"820\">Veli\u010dina:<\/strong> <span class=\"relative -mx-px my-[-0.2rem] rounded px-px py-[0.2rem] transition-colors duration-100 ease-in-out\">univerzalna<\/span><\/p>\n<\/li>\n<li data-start=\"861\" data-end=\"955\">\n<p data-start=\"863\" data-end=\"955\"><strong data-start=\"863\" data-end=\"876\">Funkcije:<\/strong> <span class=\"relative -mx-px my-[-0.2rem] rounded px-px py-[0.2rem] transition-colors duration-100 ease-in-out\">smanjeno trenje, otpornost na znoj, pobolj\u0161ana preciznost<\/span><\/p>\n<\/li>\n<\/ul>\n<hr data-start=\"957\" data-end=\"960\" \/>\n<h3 data-start=\"962\" data-end=\"994\">\u2b50 <strong data-start=\"968\" data-end=\"994\">Prednosti ovog dodatka<\/strong><\/h3>\n<ul data-start=\"995\" data-end=\"1253\">\n<li data-start=\"995\" data-end=\"1038\">\n<p data-start=\"997\" data-end=\"1038\">\u2705 <span class=\"relative -mx-px my-[-0.2rem] rounded px-px py-[0.2rem] transition-colors duration-100 ease-in-out\">Pobolj\u0161ava preciznost i kontrolu tokom igranja<\/span><\/p>\n<\/li>\n<li data-start=\"1039\" data-end=\"1082\">\n<p data-start=\"1041\" data-end=\"1082\">\u2705 <span class=\"relative -mx-px my-[-0.2rem] rounded px-px py-[0.2rem] transition-colors duration-100 ease-in-out\">Smanjuje trenje izme\u0111u prstiju i ekrana<\/span><\/p>\n<\/li>\n<li data-start=\"1083\" data-end=\"1126\">\n<p data-start=\"1085\" data-end=\"1126\">\u2705 <span class=\"relative -mx-px my-[-0.2rem] rounded px-px py-[0.2rem] transition-colors duration-100 ease-in-out\">Otpornost na znoj za suhe prste<\/span><\/p>\n<\/li>\n<li data-start=\"1127\" data-end=\"1170\">\n<p data-start=\"1129\" data-end=\"1170\">\u2705 <span class=\"relative -mx-px my-[-0.2rem] rounded px-px py-[0.2rem] transition-colors duration-100 ease-in-out\">Univerzalna veli\u010dina odgovara ve\u0107ini korisnika<\/span><\/p>\n<\/li>\n<li data-start=\"1171\" data-end=\"1253\">\n<p data-start=\"1173\" data-end=\"1253\">\u2705 <span class=\"relative -mx-px my-[-0.2rem] rounded px-px py-[0.2rem] transition-colors duration-100 ease-in-out\">Jednostavno obla\u010denje i skidanje<\/span><\/p>\n<\/li>\n<\/ul>\n<p data-start=\"1255\" data-end=\"1336\"><span class=\"relative -mx-px my-[-0.2rem] rounded px-px py-[0.2rem] transition-colors duration-100 ease-in-out\">Vi\u0161e o prednostima gejming dodataka pro\u010ditajte na <a href=\"https:\/\/www.androidauthority.com\/best-phone-controllers-3158591\/\" target=\"_new\" rel=\"noopener noreferrer\" data-start=\"50\" data-end=\"135\">Android Authority<\/a> i saznajte za\u0161to su ovakvi proizvodi must-have za ozbiljne igra\u010de.<\/span> \ud83d\ude80<\/p>\n<hr data-start=\"1338\" data-end=\"1341\" \/>\n<p data-start=\"1343\" data-end=\"1511\">\ud83d\udc49 Pogledajte sve <a class=\"\" href=\"https:\/\/emiir.ba\/en\/product-category\/trigeri-za-mobilni-gaming\/\" target=\"_new\" rel=\"noopener\" data-start=\"1361\" data-end=\"1451\">dodatke za mobilni gejming<\/a> u EMiiR shopu i prona\u0111ite savr\u0161en dodatak za svoje potrebe!<\/p>","protected":false},"excerpt":{"rendered":"<p> [&hellip;]<\/p>","protected":false},"featured_media":5867,"comment_status":"open","ping_status":"closed","template":"","meta":{"jetpack_post_was_ever_published":false,"jetpack_publicize_message":"","jetpack_publicize_feature_enabled":true,"jetpack_social_post_already_shared":false,"jetpack_social_options":{"image_generator_settings":{"template":"highway","default_image_id":0,"font":"","enabled":false},"version":2}},"product_brand":[],"product_cat":[119],"product_tag":[],"class_list":{"0":"post-5026","1":"product","2":"type-product","3":"status-publish","4":"has-post-thumbnail","6":"product_cat-navlake-za-prste-mobilni-gaming","7":"product_shipping_class-finger","9":"first","10":"instock","11":"purchasable","12":"product-type-simple"},"yoast_head":"<!-- This site is optimized with the Yoast SEO plugin v27.4 - https:\/\/yoast.com\/product\/yoast-seo-wordpress\/ -->\n<title>Navlake za prste za mobilni gaming | EMiiR<\/title>\n<meta name=\"description\" content=\"Navlake za prste: pobolj\u0161ajte preciznost i udobnost tokom mobilnog igranja. Idealne za Android i iOS ure\u0111aje.\" \/>\n<meta name=\"robots\" content=\"index, follow, max-snippet:-1, max-image-preview:large, max-video-preview:-1\" \/>\n<link rel=\"canonical\" href=\"https:\/\/emiir.ba\/en\/product\/navlake-za-prste\/\" \/>\n<meta property=\"og:locale\" content=\"en_US\" \/>\n<meta property=\"og:type\" content=\"article\" \/>\n<meta property=\"og:title\" content=\"Navlake za prste za mobilni gaming | EMiiR\" \/>\n<meta property=\"og:description\" content=\"Navlake za prste: pobolj\u0161ajte preciznost i udobnost tokom mobilnog igranja. Idealne za Android i iOS ure\u0111aje.\" \/>\n<meta property=\"og:url\" content=\"https:\/\/emiir.ba\/en\/product\/navlake-za-prste\/\" \/>\n<meta property=\"og:site_name\" content=\"EMiiR\" \/>\n<meta property=\"article:modified_time\" content=\"2026-04-10T16:40:44+00:00\" \/>\n<meta property=\"og:image\" content=\"https:\/\/emiir.ba\/wp-content\/uploads\/2023\/10\/finger-slleeve.png\" \/>\n\t<meta property=\"og:image:width\" content=\"1000\" \/>\n\t<meta property=\"og:image:height\" content=\"1000\" \/>\n\t<meta property=\"og:image:type\" content=\"image\/png\" \/>\n<meta name=\"twitter:card\" content=\"summary_large_image\" \/>\n<meta name=\"twitter:label1\" content=\"Est. reading time\" \/>\n\t<meta name=\"twitter:data1\" content=\"2 minutes\" \/>\n<script type=\"application\/ld+json\" class=\"yoast-schema-graph\">{\"@context\":\"https:\\\/\\\/schema.org\",\"@graph\":[{\"@type\":\"WebPage\",\"@id\":\"https:\\\/\\\/emiir.ba\\\/product\\\/navlake-za-prste\\\/\",\"url\":\"https:\\\/\\\/emiir.ba\\\/product\\\/navlake-za-prste\\\/\",\"name\":\"Navlake za prste za mobilni gaming | EMiiR\",\"isPartOf\":{\"@id\":\"https:\\\/\\\/emiir.ba\\\/#website\"},\"primaryImageOfPage\":{\"@id\":\"https:\\\/\\\/emiir.ba\\\/product\\\/navlake-za-prste\\\/#primaryimage\"},\"image\":{\"@id\":\"https:\\\/\\\/emiir.ba\\\/product\\\/navlake-za-prste\\\/#primaryimage\"},\"thumbnailUrl\":\"https:\\\/\\\/emiir.ba\\\/wp-content\\\/uploads\\\/2023\\\/10\\\/finger-slleeve.png\",\"datePublished\":\"2023-10-28T14:08:19+00:00\",\"dateModified\":\"2026-04-10T16:40:44+00:00\",\"description\":\"Navlake za prste: pobolj\u0161ajte preciznost i udobnost tokom mobilnog igranja. Idealne za Android i iOS ure\u0111aje.\",\"breadcrumb\":{\"@id\":\"https:\\\/\\\/emiir.ba\\\/product\\\/navlake-za-prste\\\/#breadcrumb\"},\"inLanguage\":\"en-US\",\"potentialAction\":[{\"@type\":\"ReadAction\",\"target\":[\"https:\\\/\\\/emiir.ba\\\/product\\\/navlake-za-prste\\\/\"]}]},{\"@type\":\"ImageObject\",\"inLanguage\":\"en-US\",\"@id\":\"https:\\\/\\\/emiir.ba\\\/product\\\/navlake-za-prste\\\/#primaryimage\",\"url\":\"https:\\\/\\\/emiir.ba\\\/wp-content\\\/uploads\\\/2023\\\/10\\\/finger-slleeve.png\",\"contentUrl\":\"https:\\\/\\\/emiir.ba\\\/wp-content\\\/uploads\\\/2023\\\/10\\\/finger-slleeve.png\",\"width\":1000,\"height\":1000,\"caption\":\"Prozra\u010dne i elasti\u010dne navlake za prste za pobolj\u0161anje preciznosti u mobilnim igrama.\"},{\"@type\":\"BreadcrumbList\",\"@id\":\"https:\\\/\\\/emiir.ba\\\/product\\\/navlake-za-prste\\\/#breadcrumb\",\"itemListElement\":[{\"@type\":\"ListItem\",\"position\":1,\"name\":\"Home\",\"item\":\"https:\\\/\\\/emiir.ba\\\/\"},{\"@type\":\"ListItem\",\"position\":2,\"name\":\"Shop\",\"item\":\"https:\\\/\\\/emiir.ba\\\/emiir-ba-mobilni-gaming-shop\\\/\"},{\"@type\":\"ListItem\",\"position\":3,\"name\":\"Navlake za prste\"}]},{\"@type\":\"WebSite\",\"@id\":\"https:\\\/\\\/emiir.ba\\\/#website\",\"url\":\"https:\\\/\\\/emiir.ba\\\/\",\"name\":\"EMiiR\",\"description\":\"\",\"potentialAction\":[{\"@type\":\"SearchAction\",\"target\":{\"@type\":\"EntryPoint\",\"urlTemplate\":\"https:\\\/\\\/emiir.ba\\\/?s={search_term_string}\"},\"query-input\":{\"@type\":\"PropertyValueSpecification\",\"valueRequired\":true,\"valueName\":\"search_term_string\"}}],\"inLanguage\":\"en-US\"}]}<\/script>\n<!-- \/ Yoast SEO plugin. -->","yoast_head_json":{"title":"Navlake za prste za mobilni gaming | EMiiR","description":"Navlake za prste: pobolj\u0161ajte preciznost i udobnost tokom mobilnog igranja. Idealne za Android i iOS ure\u0111aje.","robots":{"index":"index","follow":"follow","max-snippet":"max-snippet:-1","max-image-preview":"max-image-preview:large","max-video-preview":"max-video-preview:-1"},"canonical":"https:\/\/emiir.ba\/en\/product\/navlake-za-prste\/","og_locale":"en_US","og_type":"article","og_title":"Navlake za prste za mobilni gaming | EMiiR","og_description":"Navlake za prste: pobolj\u0161ajte preciznost i udobnost tokom mobilnog igranja. Idealne za Android i iOS ure\u0111aje.","og_url":"https:\/\/emiir.ba\/en\/product\/navlake-za-prste\/","og_site_name":"EMiiR","article_modified_time":"2026-04-10T16:40:44+00:00","og_image":[{"width":1000,"height":1000,"url":"https:\/\/emiir.ba\/wp-content\/uploads\/2023\/10\/finger-slleeve.png","type":"image\/png"}],"twitter_card":"summary_large_image","twitter_misc":{"Est. reading time":"2 minutes"},"schema":{"@context":"https:\/\/schema.org","@graph":[{"@type":"WebPage","@id":"https:\/\/emiir.ba\/product\/navlake-za-prste\/","url":"https:\/\/emiir.ba\/product\/navlake-za-prste\/","name":"Navlake za prste za mobilni gaming | EMiiR","isPartOf":{"@id":"https:\/\/emiir.ba\/#website"},"primaryImageOfPage":{"@id":"https:\/\/emiir.ba\/product\/navlake-za-prste\/#primaryimage"},"image":{"@id":"https:\/\/emiir.ba\/product\/navlake-za-prste\/#primaryimage"},"thumbnailUrl":"https:\/\/emiir.ba\/wp-content\/uploads\/2023\/10\/finger-slleeve.png","datePublished":"2023-10-28T14:08:19+00:00","dateModified":"2026-04-10T16:40:44+00:00","description":"Navlake za prste: pobolj\u0161ajte preciznost i udobnost tokom mobilnog igranja. Idealne za Android i iOS ure\u0111aje.","breadcrumb":{"@id":"https:\/\/emiir.ba\/product\/navlake-za-prste\/#breadcrumb"},"inLanguage":"en-US","potentialAction":[{"@type":"ReadAction","target":["https:\/\/emiir.ba\/product\/navlake-za-prste\/"]}]},{"@type":"ImageObject","inLanguage":"en-US","@id":"https:\/\/emiir.ba\/product\/navlake-za-prste\/#primaryimage","url":"https:\/\/emiir.ba\/wp-content\/uploads\/2023\/10\/finger-slleeve.png","contentUrl":"https:\/\/emiir.ba\/wp-content\/uploads\/2023\/10\/finger-slleeve.png","width":1000,"height":1000,"caption":"Prozra\u010dne i elasti\u010dne navlake za prste za pobolj\u0161anje preciznosti u mobilnim igrama."},{"@type":"BreadcrumbList","@id":"https:\/\/emiir.ba\/product\/navlake-za-prste\/#breadcrumb","itemListElement":[{"@type":"ListItem","position":1,"name":"Home","item":"https:\/\/emiir.ba\/"},{"@type":"ListItem","position":2,"name":"Shop","item":"https:\/\/emiir.ba\/emiir-ba-mobilni-gaming-shop\/"},{"@type":"ListItem","position":3,"name":"Navlake za prste"}]},{"@type":"WebSite","@id":"https:\/\/emiir.ba\/#website","url":"https:\/\/emiir.ba\/","name":"EMiiR","description":"","potentialAction":[{"@type":"SearchAction","target":{"@type":"EntryPoint","urlTemplate":"https:\/\/emiir.ba\/?s={search_term_string}"},"query-input":{"@type":"PropertyValueSpecification","valueRequired":true,"valueName":"search_term_string"}}],"inLanguage":"en-US"}]}},"jetpack_publicize_connections":[],"jetpack-related-posts":[{"id":5844,"url":"https:\/\/emiir.ba\/en\/product\/navlake-za-prste-fs02\/","url_meta":{"origin":5026,"position":0},"title":"Navlake za prste FS02","author":"admin","date":"January 22, 2024","format":false,"excerpt":"","rel":"","context":"Similar post","block_context":{"text":"Similar post","link":""},"img":{"alt_text":"Navlake za prste FS02 za mobilne gejmere","src":"https:\/\/i0.wp.com\/emiir.ba\/wp-content\/uploads\/2024\/01\/4-2.png?resize=350%2C200&ssl=1","width":350,"height":200,"srcset":"https:\/\/i0.wp.com\/emiir.ba\/wp-content\/uploads\/2024\/01\/4-2.png?resize=350%2C200&ssl=1 1x, https:\/\/i0.wp.com\/emiir.ba\/wp-content\/uploads\/2024\/01\/4-2.png?resize=525%2C300&ssl=1 1.5x, https:\/\/i0.wp.com\/emiir.ba\/wp-content\/uploads\/2024\/01\/4-2.png?resize=700%2C400&ssl=1 2x"},"classes":[]},{"id":5700,"url":"https:\/\/emiir.ba\/en\/product\/pubg-triger-ak06\/","url_meta":{"origin":5026,"position":1},"title":"Gamepad kontroler shooter trigger za mobilni telefon AK06 physical","author":"admin","date":"January 20, 2024","format":false,"excerpt":"\ud83c\udfae PUBG Triger AK06 \u2013 preciznost i kontrola za mobilne gejmere | EMiiR PUBG Triger AK06 je napredni dodatak za mobilne gejmere koji \u017eele pobolj\u0161ati preciznost i kontrolu tokom igranja. Dizajniran je za igre poput PUBG, COD Mobile i sli\u010dne, omogu\u0107avaju\u0107i igra\u010dima da koriste \u0161est prstiju za ve\u0107u kontrolu i\u2026","rel":"","context":"Similar post","block_context":{"text":"Similar post","link":""},"img":{"alt_text":"PUBG Triger AK06 za mobilne gejmere","src":"https:\/\/i0.wp.com\/emiir.ba\/wp-content\/uploads\/2024\/01\/4-1.png?resize=350%2C200&ssl=1","width":350,"height":200,"srcset":"https:\/\/i0.wp.com\/emiir.ba\/wp-content\/uploads\/2024\/01\/4-1.png?resize=350%2C200&ssl=1 1x, https:\/\/i0.wp.com\/emiir.ba\/wp-content\/uploads\/2024\/01\/4-1.png?resize=525%2C300&ssl=1 1.5x, https:\/\/i0.wp.com\/emiir.ba\/wp-content\/uploads\/2024\/01\/4-1.png?resize=700%2C400&ssl=1 2x"},"classes":[]},{"id":6161,"url":"https:\/\/emiir.ba\/en\/product\/triger-x7\/","url_meta":{"origin":5026,"position":2},"title":"Gamepad kontroler shooter trigger za mobilni telefon X7","author":"admin","date":"May 5, 2024","format":false,"excerpt":"\ud83c\udfae Triger X7 \u2013 napredni mobilni dodatak za precizno igranje | EMiiR Triger X7 je dizajniran za mobilne gejmere koji tra\u017ee vrhunski odziv i preciznost u igrama poput PUBG Mobile, Call of Duty Mobile i sli\u010dnih. Njegov ergonomski dizajn i mehani\u010dki tasteri omogu\u0107avaju brzo i ta\u010dno reagovanje, pru\u017eaju\u0107i vam konkurentsku\u2026","rel":"","context":"Similar post","block_context":{"text":"Similar post","link":""},"img":{"alt_text":"Triger X7 za precizno igranje na mobilnim ure\u0111ajima","src":"https:\/\/i0.wp.com\/emiir.ba\/wp-content\/uploads\/2024\/05\/1-1.webp?resize=350%2C200&ssl=1","width":350,"height":200,"srcset":"https:\/\/i0.wp.com\/emiir.ba\/wp-content\/uploads\/2024\/05\/1-1.webp?resize=350%2C200&ssl=1 1x, https:\/\/i0.wp.com\/emiir.ba\/wp-content\/uploads\/2024\/05\/1-1.webp?resize=525%2C300&ssl=1 1.5x, https:\/\/i0.wp.com\/emiir.ba\/wp-content\/uploads\/2024\/05\/1-1.webp?resize=700%2C400&ssl=1 2x"},"classes":[]},{"id":6148,"url":"https:\/\/emiir.ba\/en\/product\/triger-d9\/","url_meta":{"origin":5026,"position":3},"title":"Gamepad kontroler shooter trigger za mobilni telefon D9","author":"admin","date":"May 5, 2024","format":false,"excerpt":"\ud83c\udfae Triger D9 \u2013 mobilni gaming dodatak za precizno igranje | EMiiR Triger D9 je dodatak dizajniran za mobilne gejmere koji \u017eele pove\u0107ati preciznost i brzinu u omiljenim igrama poput PUBG Mobile, Call of Duty Mobile i sli\u010dnih. Njegov ergonomski dizajn i mehani\u010dki tasteri omogu\u0107avaju brzo i ta\u010dno reagovanje, pru\u017eaju\u0107i\u2026","rel":"","context":"Similar post","block_context":{"text":"Similar post","link":""},"img":{"alt_text":"Triger D9 za precizno igranje na mobilnim ure\u0111ajima","src":"https:\/\/i0.wp.com\/emiir.ba\/wp-content\/uploads\/2024\/05\/1-transparent.png?resize=350%2C200&ssl=1","width":350,"height":200,"srcset":"https:\/\/i0.wp.com\/emiir.ba\/wp-content\/uploads\/2024\/05\/1-transparent.png?resize=350%2C200&ssl=1 1x, https:\/\/i0.wp.com\/emiir.ba\/wp-content\/uploads\/2024\/05\/1-transparent.png?resize=525%2C300&ssl=1 1.5x, https:\/\/i0.wp.com\/emiir.ba\/wp-content\/uploads\/2024\/05\/1-transparent.png?resize=700%2C400&ssl=1 2x"},"classes":[]},{"id":5032,"url":"https:\/\/emiir.ba\/en\/product\/gamepad-kontroler-shooter-trigger-za-mobilni-telefon-x1\/","url_meta":{"origin":5026,"position":4},"title":"Gamepad kontroler shooter trigger za mobilni telefon X1","author":"admin","date":"October 28, 2023","format":false,"excerpt":"\ud83c\udfae Gamepad kontroler shooter trigger za mobilni telefon X1 \u2013 preciznost i brzina za mobilne gejmere | EMiiR Gamepad kontroler shooter trigger za mobilni telefon X1 je dodatak koji omogu\u0107ava gejmerima da pobolj\u0161aju svoju preciznost i brzinu reakcije u igrama poput PUBG-a, Fortnite-a i Call of Duty-a. Ovaj triger osloba\u0111a\u2026","rel":"","context":"Similar post","block_context":{"text":"Similar post","link":""},"img":{"alt_text":"Gamepad kontroler shooter trigger za mobilne ure\u0111aje X1","src":"https:\/\/i0.wp.com\/emiir.ba\/wp-content\/uploads\/2023\/10\/trigeri.png?resize=350%2C200&ssl=1","width":350,"height":200,"srcset":"https:\/\/i0.wp.com\/emiir.ba\/wp-content\/uploads\/2023\/10\/trigeri.png?resize=350%2C200&ssl=1 1x, https:\/\/i0.wp.com\/emiir.ba\/wp-content\/uploads\/2023\/10\/trigeri.png?resize=525%2C300&ssl=1 1.5x, https:\/\/i0.wp.com\/emiir.ba\/wp-content\/uploads\/2023\/10\/trigeri.png?resize=700%2C400&ssl=1 2x"},"classes":[]},{"id":6167,"url":"https:\/\/emiir.ba\/en\/product\/triger-x5\/","url_meta":{"origin":5026,"position":5},"title":"Gamepad kontroler shooter trigger za mobilni telefon X5","author":"admin","date":"May 5, 2024","format":false,"excerpt":"\ud83c\udfae Triger X5 \u2013 mobilni gaming dodatak za precizno igranje | EMiiR Triger X5 je dodatak dizajniran za mobilne gejmere koji \u017eele pove\u0107ati preciznost i brzinu u omiljenim igrama. Ovaj proizvod omogu\u0107ava igra\u010dima da brzo reaguju u pucanju, kretanju i drugim klju\u010dnim trenucima, \u0161to mo\u017ee napraviti razliku izme\u0111u pobjede i\u2026","rel":"","context":"Similar post","block_context":{"text":"Similar post","link":""},"img":{"alt_text":"Triger X5 za precizno igranje na mobilnim ure\u0111ajima","src":"https:\/\/i0.wp.com\/emiir.ba\/wp-content\/uploads\/2024\/05\/1-2.webp?resize=350%2C200&ssl=1","width":350,"height":200,"srcset":"https:\/\/i0.wp.com\/emiir.ba\/wp-content\/uploads\/2024\/05\/1-2.webp?resize=350%2C200&ssl=1 1x, https:\/\/i0.wp.com\/emiir.ba\/wp-content\/uploads\/2024\/05\/1-2.webp?resize=525%2C300&ssl=1 1.5x, https:\/\/i0.wp.com\/emiir.ba\/wp-content\/uploads\/2024\/05\/1-2.webp?resize=700%2C400&ssl=1 2x"},"classes":[]}],"jetpack_sharing_enabled":true,"jetpack_likes_enabled":true,"_links":{"self":[{"href":"https:\/\/emiir.ba\/en\/wp-json\/wp\/v2\/product\/5026","targetHints":{"allow":["GET"]}}],"collection":[{"href":"https:\/\/emiir.ba\/en\/wp-json\/wp\/v2\/product"}],"about":[{"href":"https:\/\/emiir.ba\/en\/wp-json\/wp\/v2\/types\/product"}],"replies":[{"embeddable":true,"href":"https:\/\/emiir.ba\/en\/wp-json\/wp\/v2\/comments?post=5026"}],"wp:featuredmedia":[{"embeddable":true,"href":"https:\/\/emiir.ba\/en\/wp-json\/wp\/v2\/media\/5867"}],"wp:attachment":[{"href":"https:\/\/emiir.ba\/en\/wp-json\/wp\/v2\/media?parent=5026"}],"wp:term":[{"taxonomy":"product_brand","embeddable":true,"href":"https:\/\/emiir.ba\/en\/wp-json\/wp\/v2\/product_brand?post=5026"},{"taxonomy":"product_cat","embeddable":true,"href":"https:\/\/emiir.ba\/en\/wp-json\/wp\/v2\/product_cat?post=5026"},{"taxonomy":"product_tag","embeddable":true,"href":"https:\/\/emiir.ba\/en\/wp-json\/wp\/v2\/product_tag?post=5026"}],"curies":[{"name":"wp","href":"https:\/\/api.w.org\/{rel}","templated":true}]}}