{"id":5032,"date":"2023-10-28T14:14:34","date_gmt":"2023-10-28T14:14:34","guid":{"rendered":"https:\/\/emiir.ba\/?post_type=product&#038;p=5032"},"modified":"2025-12-26T17:20:26","modified_gmt":"2025-12-26T17:20:26","slug":"gamepad-kontroler-shooter-trigger-za-mobilni-telefon-x1","status":"publish","type":"product","link":"https:\/\/emiir.ba\/en\/product\/gamepad-kontroler-shooter-trigger-za-mobilni-telefon-x1\/","title":{"rendered":"Gamepad kontroler shooter trigger za mobilni telefon X1"},"content":{"rendered":"<h2 data-start=\"81\" data-end=\"195\">\ud83c\udfae <strong data-start=\"87\" data-end=\"195\">Gamepad kontroler shooter trigger za mobilni telefon X1 \u2013 preciznost i brzina za mobilne gejmere | EMiiR<\/strong><\/h2>\n<hr data-start=\"197\" data-end=\"200\" \/>\n<p data-start=\"202\" data-end=\"316\"><span class=\"relative -mx-px my-[-0.2rem] rounded px-px py-[0.2rem] transition-colors duration-100 ease-in-out\"><strong data-start=\"0\" data-end=\"59\" data-is-only-node=\"\">Gamepad kontroler shooter trigger za mobilni telefon X1<\/strong> je dodatak koji omogu\u0107ava gejmerima da pobolj\u0161aju svoju preciznost i brzinu reakcije u igrama poput PUBG-a, Fortnite-a i Call of Duty-a.<\/span> <span class=\"relative -mx-px my-[-0.2rem] rounded px-px py-[0.2rem] transition-colors duration-100 ease-in-out\">Ovaj triger osloba\u0111a pal\u010deve za druge radnje, omogu\u0107avaju\u0107i korisnicima da budu efikasniji tokom igranja.<\/span><\/p>\n<p data-start=\"318\" data-end=\"436\"><span class=\"relative -mx-px my-[-0.2rem] rounded px-px py-[0.2rem] transition-colors duration-100 ease-in-out\">Njegov kompaktan i lagan dizajn omogu\u0107ava jednostavno pri\u010dvr\u0161\u0107ivanje na razli\u010dite modele pametnih telefona, pru\u017eaju\u0107i udobnost i prakti\u010dnost tokom kori\u0161tenja.<\/span> <span class=\"relative -mx-px my-[-0.2rem] rounded px-px py-[0.2rem] transition-colors duration-100 ease-in-out\">X1 je kompatibilan s ve\u0107inom modernih telefona, uklju\u010duju\u0107i iPhone, Android i iPad.<\/span><\/p>\n<p data-start=\"438\" data-end=\"516\"><span class=\"relative -mx-px my-[-0.2rem] rounded px-px py-[0.2rem] transition-colors duration-100 ease-in-out\">Kupovinom Gamepad kontrolera shooter triggera X1 u EMiiR shopu dobijate pouzdan i funkcionalan dodatak koji \u0107e pobolj\u0161ati va\u0161e gejmersko iskustvo.<\/span><\/p>\n<hr data-start=\"518\" data-end=\"521\" \/>\n<h3 data-start=\"523\" data-end=\"556\">\ud83d\udd27 <strong data-start=\"530\" data-end=\"556\">Tehni\u010dke specifikacije<\/strong><\/h3>\n<ul data-start=\"557\" data-end=\"862\">\n<li data-start=\"557\" data-end=\"572\">\n<p data-start=\"559\" data-end=\"572\"><strong data-start=\"559\" data-end=\"569\">Model:<\/strong> X1<\/p>\n<\/li>\n<li data-start=\"573\" data-end=\"591\">\n<p data-start=\"575\" data-end=\"591\"><strong data-start=\"575\" data-end=\"586\">Te\u017eina:<\/strong> 70 g<\/p>\n<\/li>\n<li data-start=\"592\" data-end=\"648\">\n<p data-start=\"594\" data-end=\"648\"><strong data-start=\"594\" data-end=\"608\">Materijal:<\/strong> <span class=\"relative -mx-px my-[-0.2rem] rounded px-px py-[0.2rem] transition-colors duration-100 ease-in-out\">ABS plastika i metal<\/span><\/p>\n<\/li>\n<li data-start=\"649\" data-end=\"705\">\n<p data-start=\"651\" data-end=\"705\"><strong data-start=\"651\" data-end=\"665\">Dimenzije:<\/strong> <span class=\"relative -mx-px my-[-0.2rem] rounded px-px py-[0.2rem] transition-colors duration-100 ease-in-out\">kompaktne za jednostavno pri\u010dvr\u0161\u0107ivanje<\/span><\/p>\n<\/li>\n<li data-start=\"706\" data-end=\"767\">\n<p data-start=\"708\" data-end=\"767\"><strong data-start=\"708\" data-end=\"727\">Kompatibilnost:<\/strong> <span class=\"relative -mx-px my-[-0.2rem] rounded px-px py-[0.2rem] transition-colors duration-100 ease-in-out\">univerzalna za ve\u0107inu pametnih telefona<\/span><\/p>\n<\/li>\n<li data-start=\"768\" data-end=\"862\">\n<p data-start=\"770\" data-end=\"862\"><strong data-start=\"770\" data-end=\"783\">Funkcija:<\/strong> <span class=\"relative -mx-px my-[-0.2rem] rounded px-px py-[0.2rem] transition-colors duration-100 ease-in-out\">pobolj\u0161anje preciznosti i brzine reakcije u mobilnim igrama.<\/span><\/p>\n<\/li>\n<\/ul>\n<hr data-start=\"864\" data-end=\"867\" \/>\n<h3 data-start=\"869\" data-end=\"901\">\u2b50 <strong data-start=\"875\" data-end=\"901\">Prednosti ovog dodatka<\/strong><\/h3>\n<ul data-start=\"902\" data-end=\"1160\">\n<li data-start=\"902\" data-end=\"945\">\n<p data-start=\"904\" data-end=\"945\">\u2705 <span class=\"relative -mx-px my-[-0.2rem] rounded px-px py-[0.2rem] transition-colors duration-100 ease-in-out\">Pobolj\u0161ava preciznost i brzinu reakcije u igrama<\/span><\/p>\n<\/li>\n<li data-start=\"946\" data-end=\"989\">\n<p data-start=\"948\" data-end=\"989\">\u2705 <span class=\"relative -mx-px my-[-0.2rem] rounded px-px py-[0.2rem] transition-colors duration-100 ease-in-out\">Osloba\u0111a pal\u010deve za druge radnje<\/span><\/p>\n<\/li>\n<li data-start=\"990\" data-end=\"1033\">\n<p data-start=\"992\" data-end=\"1033\">\u2705 <span class=\"relative -mx-px my-[-0.2rem] rounded px-px py-[0.2rem] transition-colors duration-100 ease-in-out\">Kompaktan i lagan dizajn za jednostavno pri\u010dvr\u0161\u0107ivanje<\/span><\/p>\n<\/li>\n<li data-start=\"1034\" data-end=\"1077\">\n<p data-start=\"1036\" data-end=\"1077\">\u2705 <span class=\"relative -mx-px my-[-0.2rem] rounded px-px py-[0.2rem] transition-colors duration-100 ease-in-out\">Univerzalna kompatibilnost s ve\u0107inom pametnih telefona<\/span><\/p>\n<\/li>\n<li data-start=\"1078\" data-end=\"1160\">\n<p data-start=\"1080\" data-end=\"1160\">\u2705 <span class=\"relative -mx-px my-[-0.2rem] rounded px-px py-[0.2rem] transition-colors duration-100 ease-in-out\">Pobolj\u0161ava gejmersko iskustvo<\/span><\/p>\n<\/li>\n<\/ul>\n<p data-start=\"1162\" data-end=\"1243\"><span class=\"relative -mx-px my-[-0.2rem] rounded px-px py-[0.2rem] transition-colors duration-100 ease-in-out\">Za vi\u0161e informacija o trigerima i kako mogu pobolj\u0161ati va\u0161e iskustvo, posjetite <a href=\"https:\/\/emiir.ba\/en\/\" target=\"_new\" rel=\"noopener noreferrer\" data-start=\"80\" data-end=\"136\">EMiiR shop<\/a>.<\/span><\/p>\n<hr data-start=\"1245\" data-end=\"1248\" \/>\n<p data-start=\"1250\" data-end=\"1387\">\ud83d\udc49 Pogledajte sve <a class=\"\" href=\"https:\/\/emiir.ba\/en\/product-category\/trigeri-za-mobilni-gaming\/\" target=\"_new\" rel=\"noopener\" data-start=\"1268\" data-end=\"1321\">trigere<\/a> u EMiiR shopu i prona\u0111ite savr\u0161en dodatak za sebe ili kao poklon!<\/p>","protected":false},"excerpt":{"rendered":"<p> [&hellip;]<\/p>","protected":false},"featured_media":5868,"comment_status":"open","ping_status":"closed","template":"","meta":{"jetpack_post_was_ever_published":false,"jetpack_publicize_message":"","jetpack_publicize_feature_enabled":true,"jetpack_social_post_already_shared":false,"jetpack_social_options":{"image_generator_settings":{"template":"highway","default_image_id":0,"font":"","enabled":false},"version":2}},"product_brand":[],"product_cat":[118],"product_tag":[132],"class_list":{"0":"post-5032","1":"product","2":"type-product","3":"status-publish","4":"has-post-thumbnail","6":"product_cat-trigeri-za-mobilni-gaming","7":"product_tag-triger","9":"first","10":"instock","11":"shipping-taxable","12":"purchasable","13":"product-type-simple"},"yoast_head":"<!-- This site is optimized with the Yoast SEO plugin v27.4 - https:\/\/yoast.com\/product\/yoast-seo-wordpress\/ -->\n<title>Gamepad kontroler shooter trigger za mobilni telefon X1 \u2013 preciznost i brzina za mobilne gejmere | EMiiR<\/title>\n<meta name=\"description\" content=\"Gamepad kontroler shooter trigger za mobilni telefon X1: pobolj\u0161ajte preciznost i brzinu reakcije u igrama. Idealno za gejmere i korisnike mobilnih ure\u0111aja.\" \/>\n<meta name=\"robots\" content=\"index, follow, max-snippet:-1, max-image-preview:large, max-video-preview:-1\" \/>\n<link rel=\"canonical\" href=\"https:\/\/emiir.ba\/en\/product\/gamepad-kontroler-shooter-trigger-za-mobilni-telefon-x1\/\" \/>\n<meta property=\"og:locale\" content=\"en_US\" \/>\n<meta property=\"og:type\" content=\"article\" \/>\n<meta property=\"og:title\" content=\"Gamepad kontroler shooter trigger za mobilni telefon X1 \u2013 preciznost i brzina za mobilne gejmere | EMiiR\" \/>\n<meta property=\"og:description\" content=\"Gamepad kontroler shooter trigger za mobilni telefon X1: pobolj\u0161ajte preciznost i brzinu reakcije u igrama. Idealno za gejmere i korisnike mobilnih ure\u0111aja.\" \/>\n<meta property=\"og:url\" content=\"https:\/\/emiir.ba\/en\/product\/gamepad-kontroler-shooter-trigger-za-mobilni-telefon-x1\/\" \/>\n<meta property=\"og:site_name\" content=\"EMiiR\" \/>\n<meta property=\"article:modified_time\" content=\"2025-12-26T17:20:26+00:00\" \/>\n<meta property=\"og:image\" content=\"https:\/\/emiir.ba\/wp-content\/uploads\/2023\/10\/trigeri.png\" \/>\n\t<meta property=\"og:image:width\" content=\"800\" \/>\n\t<meta property=\"og:image:height\" content=\"800\" \/>\n\t<meta property=\"og:image:type\" content=\"image\/png\" \/>\n<meta name=\"twitter:card\" content=\"summary_large_image\" \/>\n<meta name=\"twitter:label1\" content=\"Est. reading time\" \/>\n\t<meta name=\"twitter:data1\" content=\"2 minutes\" \/>\n<script type=\"application\/ld+json\" class=\"yoast-schema-graph\">{\"@context\":\"https:\\\/\\\/schema.org\",\"@graph\":[{\"@type\":\"WebPage\",\"@id\":\"https:\\\/\\\/emiir.ba\\\/product\\\/gamepad-kontroler-shooter-trigger-za-mobilni-telefon-x1\\\/\",\"url\":\"https:\\\/\\\/emiir.ba\\\/product\\\/gamepad-kontroler-shooter-trigger-za-mobilni-telefon-x1\\\/\",\"name\":\"Gamepad kontroler shooter trigger za mobilni telefon X1 \u2013 preciznost i brzina za mobilne gejmere | EMiiR\",\"isPartOf\":{\"@id\":\"https:\\\/\\\/emiir.ba\\\/#website\"},\"primaryImageOfPage\":{\"@id\":\"https:\\\/\\\/emiir.ba\\\/product\\\/gamepad-kontroler-shooter-trigger-za-mobilni-telefon-x1\\\/#primaryimage\"},\"image\":{\"@id\":\"https:\\\/\\\/emiir.ba\\\/product\\\/gamepad-kontroler-shooter-trigger-za-mobilni-telefon-x1\\\/#primaryimage\"},\"thumbnailUrl\":\"https:\\\/\\\/emiir.ba\\\/wp-content\\\/uploads\\\/2023\\\/10\\\/trigeri.png\",\"datePublished\":\"2023-10-28T14:14:34+00:00\",\"dateModified\":\"2025-12-26T17:20:26+00:00\",\"description\":\"Gamepad kontroler shooter trigger za mobilni telefon X1: pobolj\u0161ajte preciznost i brzinu reakcije u igrama. Idealno za gejmere i korisnike mobilnih ure\u0111aja.\",\"breadcrumb\":{\"@id\":\"https:\\\/\\\/emiir.ba\\\/product\\\/gamepad-kontroler-shooter-trigger-za-mobilni-telefon-x1\\\/#breadcrumb\"},\"inLanguage\":\"en-US\",\"potentialAction\":[{\"@type\":\"ReadAction\",\"target\":[\"https:\\\/\\\/emiir.ba\\\/product\\\/gamepad-kontroler-shooter-trigger-za-mobilni-telefon-x1\\\/\"]}]},{\"@type\":\"ImageObject\",\"inLanguage\":\"en-US\",\"@id\":\"https:\\\/\\\/emiir.ba\\\/product\\\/gamepad-kontroler-shooter-trigger-za-mobilni-telefon-x1\\\/#primaryimage\",\"url\":\"https:\\\/\\\/emiir.ba\\\/wp-content\\\/uploads\\\/2023\\\/10\\\/trigeri.png\",\"contentUrl\":\"https:\\\/\\\/emiir.ba\\\/wp-content\\\/uploads\\\/2023\\\/10\\\/trigeri.png\",\"width\":800,\"height\":800,\"caption\":\"Prakti\u010dni triger X1 za efikasno pobolj\u0161anje preciznosti i brzine reakcije u mobilnim igrama, idealan za gejmere i korisnike koji cijene funkcionalnost.\"},{\"@type\":\"BreadcrumbList\",\"@id\":\"https:\\\/\\\/emiir.ba\\\/product\\\/gamepad-kontroler-shooter-trigger-za-mobilni-telefon-x1\\\/#breadcrumb\",\"itemListElement\":[{\"@type\":\"ListItem\",\"position\":1,\"name\":\"Home\",\"item\":\"https:\\\/\\\/emiir.ba\\\/\"},{\"@type\":\"ListItem\",\"position\":2,\"name\":\"Shop\",\"item\":\"https:\\\/\\\/emiir.ba\\\/emiir-ba-mobilni-gaming-shop\\\/\"},{\"@type\":\"ListItem\",\"position\":3,\"name\":\"Gamepad kontroler shooter trigger za mobilni telefon X1\"}]},{\"@type\":\"WebSite\",\"@id\":\"https:\\\/\\\/emiir.ba\\\/#website\",\"url\":\"https:\\\/\\\/emiir.ba\\\/\",\"name\":\"EMiiR\",\"description\":\"\",\"potentialAction\":[{\"@type\":\"SearchAction\",\"target\":{\"@type\":\"EntryPoint\",\"urlTemplate\":\"https:\\\/\\\/emiir.ba\\\/?s={search_term_string}\"},\"query-input\":{\"@type\":\"PropertyValueSpecification\",\"valueRequired\":true,\"valueName\":\"search_term_string\"}}],\"inLanguage\":\"en-US\"}]}<\/script>\n<!-- \/ Yoast SEO plugin. -->","yoast_head_json":{"title":"Gamepad kontroler shooter trigger za mobilni telefon X1 \u2013 preciznost i brzina za mobilne gejmere | EMiiR","description":"Gamepad kontroler shooter trigger za mobilni telefon X1: pobolj\u0161ajte preciznost i brzinu reakcije u igrama. Idealno za gejmere i korisnike mobilnih ure\u0111aja.","robots":{"index":"index","follow":"follow","max-snippet":"max-snippet:-1","max-image-preview":"max-image-preview:large","max-video-preview":"max-video-preview:-1"},"canonical":"https:\/\/emiir.ba\/en\/product\/gamepad-kontroler-shooter-trigger-za-mobilni-telefon-x1\/","og_locale":"en_US","og_type":"article","og_title":"Gamepad kontroler shooter trigger za mobilni telefon X1 \u2013 preciznost i brzina za mobilne gejmere | EMiiR","og_description":"Gamepad kontroler shooter trigger za mobilni telefon X1: pobolj\u0161ajte preciznost i brzinu reakcije u igrama. Idealno za gejmere i korisnike mobilnih ure\u0111aja.","og_url":"https:\/\/emiir.ba\/en\/product\/gamepad-kontroler-shooter-trigger-za-mobilni-telefon-x1\/","og_site_name":"EMiiR","article_modified_time":"2025-12-26T17:20:26+00:00","og_image":[{"width":800,"height":800,"url":"https:\/\/emiir.ba\/wp-content\/uploads\/2023\/10\/trigeri.png","type":"image\/png"}],"twitter_card":"summary_large_image","twitter_misc":{"Est. reading time":"2 minutes"},"schema":{"@context":"https:\/\/schema.org","@graph":[{"@type":"WebPage","@id":"https:\/\/emiir.ba\/product\/gamepad-kontroler-shooter-trigger-za-mobilni-telefon-x1\/","url":"https:\/\/emiir.ba\/product\/gamepad-kontroler-shooter-trigger-za-mobilni-telefon-x1\/","name":"Gamepad kontroler shooter trigger za mobilni telefon X1 \u2013 preciznost i brzina za mobilne gejmere | EMiiR","isPartOf":{"@id":"https:\/\/emiir.ba\/#website"},"primaryImageOfPage":{"@id":"https:\/\/emiir.ba\/product\/gamepad-kontroler-shooter-trigger-za-mobilni-telefon-x1\/#primaryimage"},"image":{"@id":"https:\/\/emiir.ba\/product\/gamepad-kontroler-shooter-trigger-za-mobilni-telefon-x1\/#primaryimage"},"thumbnailUrl":"https:\/\/emiir.ba\/wp-content\/uploads\/2023\/10\/trigeri.png","datePublished":"2023-10-28T14:14:34+00:00","dateModified":"2025-12-26T17:20:26+00:00","description":"Gamepad kontroler shooter trigger za mobilni telefon X1: pobolj\u0161ajte preciznost i brzinu reakcije u igrama. Idealno za gejmere i korisnike mobilnih ure\u0111aja.","breadcrumb":{"@id":"https:\/\/emiir.ba\/product\/gamepad-kontroler-shooter-trigger-za-mobilni-telefon-x1\/#breadcrumb"},"inLanguage":"en-US","potentialAction":[{"@type":"ReadAction","target":["https:\/\/emiir.ba\/product\/gamepad-kontroler-shooter-trigger-za-mobilni-telefon-x1\/"]}]},{"@type":"ImageObject","inLanguage":"en-US","@id":"https:\/\/emiir.ba\/product\/gamepad-kontroler-shooter-trigger-za-mobilni-telefon-x1\/#primaryimage","url":"https:\/\/emiir.ba\/wp-content\/uploads\/2023\/10\/trigeri.png","contentUrl":"https:\/\/emiir.ba\/wp-content\/uploads\/2023\/10\/trigeri.png","width":800,"height":800,"caption":"Prakti\u010dni triger X1 za efikasno pobolj\u0161anje preciznosti i brzine reakcije u mobilnim igrama, idealan za gejmere i korisnike koji cijene funkcionalnost."},{"@type":"BreadcrumbList","@id":"https:\/\/emiir.ba\/product\/gamepad-kontroler-shooter-trigger-za-mobilni-telefon-x1\/#breadcrumb","itemListElement":[{"@type":"ListItem","position":1,"name":"Home","item":"https:\/\/emiir.ba\/"},{"@type":"ListItem","position":2,"name":"Shop","item":"https:\/\/emiir.ba\/emiir-ba-mobilni-gaming-shop\/"},{"@type":"ListItem","position":3,"name":"Gamepad kontroler shooter trigger za mobilni telefon X1"}]},{"@type":"WebSite","@id":"https:\/\/emiir.ba\/#website","url":"https:\/\/emiir.ba\/","name":"EMiiR","description":"","potentialAction":[{"@type":"SearchAction","target":{"@type":"EntryPoint","urlTemplate":"https:\/\/emiir.ba\/?s={search_term_string}"},"query-input":{"@type":"PropertyValueSpecification","valueRequired":true,"valueName":"search_term_string"}}],"inLanguage":"en-US"}]}},"jetpack_publicize_connections":[],"jetpack-related-posts":[{"id":7693,"url":"https:\/\/emiir.ba\/en\/product\/gamepad-kontroler-mb02\/","url_meta":{"origin":5032,"position":0},"title":"Gamepad kontroler shooter trigger za mobilni telefon ili ipad MB02","author":"admin","date":"June 22, 2024","format":false,"excerpt":"\ud83c\udfae Gamepad kontroler MB02 \u2013 Profesionalni mobilni shooter trigger | EMiiR Gamepad kontroler MB02 je idealan dodatak za sve mobilne gejmere koji \u017eele unaprijediti svoje performanse u igrama poput PUBG-a, Call of Duty Mobile i sli\u010dnih. Zahvaljuju\u0107i naprednoj tehnologiji i ergonomskom dizajnu, ovaj kontroler omogu\u0107ava precizno i brzo reagovanje tokom\u2026","rel":"","context":"Similar post","block_context":{"text":"Similar post","link":""},"img":{"alt_text":"Gamepad kontroler MB02 za mobilne ure\u0111aje","src":"https:\/\/i0.wp.com\/emiir.ba\/wp-content\/uploads\/2024\/06\/MB02.png?resize=350%2C200&ssl=1","width":350,"height":200,"srcset":"https:\/\/i0.wp.com\/emiir.ba\/wp-content\/uploads\/2024\/06\/MB02.png?resize=350%2C200&ssl=1 1x, https:\/\/i0.wp.com\/emiir.ba\/wp-content\/uploads\/2024\/06\/MB02.png?resize=525%2C300&ssl=1 1.5x"},"classes":[]},{"id":5733,"url":"https:\/\/emiir.ba\/en\/product\/joystick-ak66\/","url_meta":{"origin":5032,"position":1},"title":"Gamepad kontroler shooter trigger za mobilni telefon AK66","author":"admin","date":"January 20, 2024","format":false,"excerpt":"","rel":"","context":"Similar post","block_context":{"text":"Similar post","link":""},"img":{"alt_text":"Joystick AK66 za mobilne ure\u0111aje","src":"https:\/\/i0.wp.com\/emiir.ba\/wp-content\/uploads\/2024\/01\/AK66-25.png?resize=350%2C200&ssl=1","width":350,"height":200,"srcset":"https:\/\/i0.wp.com\/emiir.ba\/wp-content\/uploads\/2024\/01\/AK66-25.png?resize=350%2C200&ssl=1 1x, https:\/\/i0.wp.com\/emiir.ba\/wp-content\/uploads\/2024\/01\/AK66-25.png?resize=525%2C300&ssl=1 1.5x, https:\/\/i0.wp.com\/emiir.ba\/wp-content\/uploads\/2024\/01\/AK66-25.png?resize=700%2C400&ssl=1 2x"},"classes":[]},{"id":6154,"url":"https:\/\/emiir.ba\/en\/product\/triger-x8\/","url_meta":{"origin":5032,"position":2},"title":"Gamepad kontroler shooter trigger za mobilni telefon X8","author":"admin","date":"May 5, 2024","format":false,"excerpt":"\ud83c\udfae Triger X8 \u2013 mobilni gaming dodatak za precizno igranje | EMiiR Triger X8 je dodatak za mobilne gejmere koji \u017eele pobolj\u0161ati svoje performanse u igrama poput PUBG Mobile, Call of Duty Mobile ili Fortnite. Zahvaljuju\u0107i naprednom mehani\u010dkom dizajnu, omogu\u0107ava brzo reagovanje i precizno ciljanje. To vam daje zna\u010dajnu prednost\u2026","rel":"","context":"Similar post","block_context":{"text":"Similar post","link":""},"img":{"alt_text":"Triger X8 za mobilne ure\u0111aje","src":"https:\/\/i0.wp.com\/emiir.ba\/wp-content\/uploads\/2024\/05\/1.webp?resize=350%2C200&ssl=1","width":350,"height":200,"srcset":"https:\/\/i0.wp.com\/emiir.ba\/wp-content\/uploads\/2024\/05\/1.webp?resize=350%2C200&ssl=1 1x, https:\/\/i0.wp.com\/emiir.ba\/wp-content\/uploads\/2024\/05\/1.webp?resize=525%2C300&ssl=1 1.5x, https:\/\/i0.wp.com\/emiir.ba\/wp-content\/uploads\/2024\/05\/1.webp?resize=700%2C400&ssl=1 2x"},"classes":[]},{"id":5700,"url":"https:\/\/emiir.ba\/en\/product\/pubg-triger-ak06\/","url_meta":{"origin":5032,"position":3},"title":"Gamepad kontroler shooter trigger za mobilni telefon AK06 physical","author":"admin","date":"January 20, 2024","format":false,"excerpt":"\ud83c\udfae PUBG Triger AK06 \u2013 preciznost i kontrola za mobilne gejmere | EMiiR PUBG Triger AK06 je napredni dodatak za mobilne gejmere koji \u017eele pobolj\u0161ati preciznost i kontrolu tokom igranja. Dizajniran je za igre poput PUBG, COD Mobile i sli\u010dne, omogu\u0107avaju\u0107i igra\u010dima da koriste \u0161est prstiju za ve\u0107u kontrolu i\u2026","rel":"","context":"Similar post","block_context":{"text":"Similar post","link":""},"img":{"alt_text":"PUBG Triger AK06 za mobilne gejmere","src":"https:\/\/i0.wp.com\/emiir.ba\/wp-content\/uploads\/2024\/01\/4-1.png?resize=350%2C200&ssl=1","width":350,"height":200,"srcset":"https:\/\/i0.wp.com\/emiir.ba\/wp-content\/uploads\/2024\/01\/4-1.png?resize=350%2C200&ssl=1 1x, https:\/\/i0.wp.com\/emiir.ba\/wp-content\/uploads\/2024\/01\/4-1.png?resize=525%2C300&ssl=1 1.5x, https:\/\/i0.wp.com\/emiir.ba\/wp-content\/uploads\/2024\/01\/4-1.png?resize=700%2C400&ssl=1 2x"},"classes":[]},{"id":6167,"url":"https:\/\/emiir.ba\/en\/product\/triger-x5\/","url_meta":{"origin":5032,"position":4},"title":"Gamepad kontroler shooter trigger za mobilni telefon X5","author":"admin","date":"May 5, 2024","format":false,"excerpt":"\ud83c\udfae Triger X5 \u2013 mobilni gaming dodatak za precizno igranje | EMiiR Triger X5 je dodatak dizajniran za mobilne gejmere koji \u017eele pove\u0107ati preciznost i brzinu u omiljenim igrama. Ovaj proizvod omogu\u0107ava igra\u010dima da brzo reaguju u pucanju, kretanju i drugim klju\u010dnim trenucima, \u0161to mo\u017ee napraviti razliku izme\u0111u pobjede i\u2026","rel":"","context":"Similar post","block_context":{"text":"Similar post","link":""},"img":{"alt_text":"Triger X5 za precizno igranje na mobilnim ure\u0111ajima","src":"https:\/\/i0.wp.com\/emiir.ba\/wp-content\/uploads\/2024\/05\/1-2.webp?resize=350%2C200&ssl=1","width":350,"height":200,"srcset":"https:\/\/i0.wp.com\/emiir.ba\/wp-content\/uploads\/2024\/05\/1-2.webp?resize=350%2C200&ssl=1 1x, https:\/\/i0.wp.com\/emiir.ba\/wp-content\/uploads\/2024\/05\/1-2.webp?resize=525%2C300&ssl=1 1.5x, https:\/\/i0.wp.com\/emiir.ba\/wp-content\/uploads\/2024\/05\/1-2.webp?resize=700%2C400&ssl=1 2x"},"classes":[]},{"id":6161,"url":"https:\/\/emiir.ba\/en\/product\/triger-x7\/","url_meta":{"origin":5032,"position":5},"title":"Gamepad kontroler shooter trigger za mobilni telefon X7","author":"admin","date":"May 5, 2024","format":false,"excerpt":"\ud83c\udfae Triger X7 \u2013 napredni mobilni dodatak za precizno igranje | EMiiR Triger X7 je dizajniran za mobilne gejmere koji tra\u017ee vrhunski odziv i preciznost u igrama poput PUBG Mobile, Call of Duty Mobile i sli\u010dnih. Njegov ergonomski dizajn i mehani\u010dki tasteri omogu\u0107avaju brzo i ta\u010dno reagovanje, pru\u017eaju\u0107i vam konkurentsku\u2026","rel":"","context":"Similar post","block_context":{"text":"Similar post","link":""},"img":{"alt_text":"Triger X7 za precizno igranje na mobilnim ure\u0111ajima","src":"https:\/\/i0.wp.com\/emiir.ba\/wp-content\/uploads\/2024\/05\/1-1.webp?resize=350%2C200&ssl=1","width":350,"height":200,"srcset":"https:\/\/i0.wp.com\/emiir.ba\/wp-content\/uploads\/2024\/05\/1-1.webp?resize=350%2C200&ssl=1 1x, https:\/\/i0.wp.com\/emiir.ba\/wp-content\/uploads\/2024\/05\/1-1.webp?resize=525%2C300&ssl=1 1.5x, https:\/\/i0.wp.com\/emiir.ba\/wp-content\/uploads\/2024\/05\/1-1.webp?resize=700%2C400&ssl=1 2x"},"classes":[]}],"jetpack_sharing_enabled":true,"jetpack_likes_enabled":true,"_links":{"self":[{"href":"https:\/\/emiir.ba\/en\/wp-json\/wp\/v2\/product\/5032","targetHints":{"allow":["GET"]}}],"collection":[{"href":"https:\/\/emiir.ba\/en\/wp-json\/wp\/v2\/product"}],"about":[{"href":"https:\/\/emiir.ba\/en\/wp-json\/wp\/v2\/types\/product"}],"replies":[{"embeddable":true,"href":"https:\/\/emiir.ba\/en\/wp-json\/wp\/v2\/comments?post=5032"}],"wp:featuredmedia":[{"embeddable":true,"href":"https:\/\/emiir.ba\/en\/wp-json\/wp\/v2\/media\/5868"}],"wp:attachment":[{"href":"https:\/\/emiir.ba\/en\/wp-json\/wp\/v2\/media?parent=5032"}],"wp:term":[{"taxonomy":"product_brand","embeddable":true,"href":"https:\/\/emiir.ba\/en\/wp-json\/wp\/v2\/product_brand?post=5032"},{"taxonomy":"product_cat","embeddable":true,"href":"https:\/\/emiir.ba\/en\/wp-json\/wp\/v2\/product_cat?post=5032"},{"taxonomy":"product_tag","embeddable":true,"href":"https:\/\/emiir.ba\/en\/wp-json\/wp\/v2\/product_tag?post=5032"}],"curies":[{"name":"wp","href":"https:\/\/api.w.org\/{rel}","templated":true}]}}