{"id":5088,"date":"2023-10-28T23:24:09","date_gmt":"2023-10-28T23:24:09","guid":{"rendered":"https:\/\/emiir.ba\/?post_type=product&#038;p=5088"},"modified":"2026-02-25T17:58:54","modified_gmt":"2026-02-25T17:58:54","slug":"univerzalni-hladnjak-dl06-2","status":"publish","type":"product","link":"https:\/\/emiir.ba\/en\/product\/univerzalni-hladnjak-dl06-2\/","title":{"rendered":"Univerzalni Hladnjak Za Mobilni Telefon DL05"},"content":{"rendered":"<h2 data-start=\"81\" data-end=\"164\">\u2744\ufe0f <strong data-start=\"87\" data-end=\"164\">Univerzalni Hladnjak DL06 \u2013 kompaktno hla\u0111enje za mobilne gejmere | EMiiR<\/strong><\/h2>\n<hr data-start=\"166\" data-end=\"169\" \/>\n<p data-start=\"171\" data-end=\"285\"><span class=\"relative -mx-px my-[-0.2rem] rounded px-px py-[0.2rem] transition-colors duration-100 ease-in-out\"><strong data-start=\"0\" data-end=\"29\" data-is-only-node=\"\">Univerzalni Hladnjak DL06<\/strong> je kompaktan i prijenosni hladnjak za mobilne telefone, idealan za gejmere koji \u017eele odr\u017eati optimalnu temperaturu svog ure\u0111aja tokom intenzivnog igranja.<\/span> <span class=\"relative -mx-px my-[-0.2rem] rounded px-px py-[0.2rem] transition-colors duration-100 ease-in-out\">Opremljen je ugra\u0111enim ventilatorom koji cirkuli\u0161e zrak oko telefona, efikasno sni\u017eavaju\u0107i temperaturu ure\u0111aja.<\/span><\/p>\n<p data-start=\"287\" data-end=\"405\"><span class=\"relative -mx-px my-[-0.2rem] rounded px-px py-[0.2rem] transition-colors duration-100 ease-in-out\">Njegov lagan dizajn omogu\u0107ava jednostavno pri\u010dvr\u0161\u0107ivanje na razli\u010dite modele pametnih telefona pomo\u0107u magneta, pru\u017eaju\u0107i udobnost i prakti\u010dnost tokom kori\u0161tenja.<\/span> <span class=\"relative -mx-px my-[-0.2rem] rounded px-px py-[0.2rem] transition-colors duration-100 ease-in-out\">DL06 je kompatibilan s ve\u0107inom modernih telefona, uklju\u010duju\u0107i iPhone, Android i iPad.<\/span><\/p>\n<p data-start=\"407\" data-end=\"485\"><span class=\"relative -mx-px my-[-0.2rem] rounded px-px py-[0.2rem] transition-colors duration-100 ease-in-out\">Kupovinom Hladnjaka DL06 u EMiiR shopu dobijate pouzdan i funkcionalan dodatak koji \u0107e pobolj\u0161ati performanse va\u0161eg ure\u0111aja i produ\u017eiti njegov vijek trajanja.<\/span><\/p>\n<hr data-start=\"487\" data-end=\"490\" \/>\n<h3 data-start=\"492\" data-end=\"525\">\ud83d\udd27 <strong data-start=\"499\" data-end=\"525\">Tehni\u010dke specifikacije<\/strong><\/h3>\n<ul data-start=\"526\" data-end=\"868\">\n<li data-start=\"526\" data-end=\"543\">\n<p data-start=\"528\" data-end=\"543\"><strong data-start=\"528\" data-end=\"538\">Model:<\/strong> DL06<\/p>\n<\/li>\n<li data-start=\"544\" data-end=\"597\">\n<p data-start=\"546\" data-end=\"597\"><strong data-start=\"546\" data-end=\"557\">Te\u017eina:<\/strong> <span class=\"relative -mx-px my-[-0.2rem] rounded px-px py-[0.2rem] transition-colors duration-100 ease-in-out\">105 g<\/span><\/p>\n<\/li>\n<li data-start=\"598\" data-end=\"654\">\n<p data-start=\"600\" data-end=\"654\"><strong data-start=\"600\" data-end=\"614\">Materijal:<\/strong> <span class=\"relative -mx-px my-[-0.2rem] rounded px-px py-[0.2rem] transition-colors duration-100 ease-in-out\">ABS plastika i metal<\/span><\/p>\n<\/li>\n<li data-start=\"655\" data-end=\"711\">\n<p data-start=\"657\" data-end=\"711\"><strong data-start=\"657\" data-end=\"671\">Dimenzije:<\/strong> <span class=\"relative -mx-px my-[-0.2rem] rounded px-px py-[0.2rem] transition-colors duration-100 ease-in-out\">kompaktne za jednostavno pri\u010dvr\u0161\u0107ivanje<\/span><\/p>\n<\/li>\n<li data-start=\"712\" data-end=\"773\">\n<p data-start=\"714\" data-end=\"773\"><strong data-start=\"714\" data-end=\"733\">Kompatibilnost:<\/strong> <span class=\"relative -mx-px my-[-0.2rem] rounded px-px py-[0.2rem] transition-colors duration-100 ease-in-out\">univerzalna za ve\u0107inu pametnih telefona<\/span><\/p>\n<\/li>\n<li data-start=\"774\" data-end=\"868\">\n<p data-start=\"776\" data-end=\"868\"><strong data-start=\"776\" data-end=\"789\">Funkcija:<\/strong> <span class=\"relative -mx-px my-[-0.2rem] rounded px-px py-[0.2rem] transition-colors duration-100 ease-in-out\">efikasno hla\u0111enje mobilnih ure\u0111aja<\/span><\/p>\n<\/li>\n<\/ul>\n<hr data-start=\"870\" data-end=\"873\" \/>\n<h3 data-start=\"875\" data-end=\"907\">\u2b50 <strong data-start=\"881\" data-end=\"907\">Prednosti ovog dodatka<\/strong><\/h3>\n<ul data-start=\"908\" data-end=\"1122\">\n<li data-start=\"908\" data-end=\"951\">\n<p data-start=\"910\" data-end=\"951\">\u2705 <span class=\"relative -mx-px my-[-0.2rem] rounded px-px py-[0.2rem] transition-colors duration-100 ease-in-out\">Efikasno sni\u017eava temperaturu ure\u0111aja tokom intenzivnog kori\u0161tenja<\/span><\/p>\n<\/li>\n<li data-start=\"952\" data-end=\"995\">\n<p data-start=\"954\" data-end=\"995\">\u2705 <span class=\"relative -mx-px my-[-0.2rem] rounded px-px py-[0.2rem] transition-colors duration-100 ease-in-out\">Kompaktan i lagan dizajn za jednostavno pri\u010dvr\u0161\u0107ivanje<\/span><\/p>\n<\/li>\n<li data-start=\"996\" data-end=\"1039\">\n<p data-start=\"998\" data-end=\"1039\">\u2705 <span class=\"relative -mx-px my-[-0.2rem] rounded px-px py-[0.2rem] transition-colors duration-100 ease-in-out\">Univerzalna kompatibilnost s ve\u0107inom pametnih telefona<\/span><\/p>\n<\/li>\n<li data-start=\"1040\" data-end=\"1122\">\n<p data-start=\"1042\" data-end=\"1122\">\u2705 <span class=\"relative -mx-px my-[-0.2rem] rounded px-px py-[0.2rem] transition-colors duration-100 ease-in-out\">Pobolj\u0161ava performanse i produ\u017eava vijek trajanja ure\u0111aja<\/span><\/p>\n<\/li>\n<\/ul>\n<p data-start=\"1124\" data-end=\"1205\"><span class=\"relative -mx-px my-[-0.2rem] rounded px-px py-[0.2rem] transition-colors duration-100 ease-in-out\">Za vi\u0161e informacija o mobilnim hladnjacima i kako mogu pobolj\u0161ati va\u0161e iskustvo, posjetite <a href=\"https:\/\/www.androidauthority.com\/best-phone-cooling-fans-3158591\/\" target=\"_new\" rel=\"noopener noreferrer\" data-start=\"91\" data-end=\"177\">Android Authority<\/a>.<\/span> \ud83d\ude80<\/p>\n<hr data-start=\"1207\" data-end=\"1210\" \/>\n<p data-start=\"1212\" data-end=\"1361\">\ud83d\udc49 Pogledajte sve <a class=\"\" href=\"https:\/\/emiir.ba\/en\/product-category\/hladnjaci-za-mobilni-gaming\/\" target=\"_new\" rel=\"noopener\" data-start=\"1230\" data-end=\"1295\">mobilne hladnjake<\/a> u EMiiR shopu i prona\u0111ite savr\u0161en dodatak za sebe ili kao poklon!<\/p>","protected":false},"excerpt":{"rendered":"<div style=\"width: 720px;\" class=\"wp-video\"><video class=\"wp-video-shortcode\" id=\"video-5088-1\" width=\"720\" height=\"960\" preload=\"metadata\" controls=\"controls\"><source type=\"video\/mp4\" src=\"https:\/\/emiir.ba\/wp-content\/uploads\/2023\/10\/DL05-o-1.mp4?_=1\" \/><a href=\"https:\/\/emiir.ba\/wp-content\/uploads\/2023\/10\/DL05-o-1.mp4\">https:\/\/emiir.ba\/wp-content\/uploads\/2023\/10\/DL05-o-1.mp4<\/a><\/video><\/div>","protected":false},"featured_media":6028,"comment_status":"open","ping_status":"closed","template":"","meta":{"jetpack_post_was_ever_published":false,"jetpack_publicize_message":"","jetpack_publicize_feature_enabled":true,"jetpack_social_post_already_shared":false,"jetpack_social_options":{"image_generator_settings":{"template":"highway","default_image_id":0,"font":"","enabled":false},"version":2}},"product_brand":[],"product_cat":[117],"product_tag":[],"class_list":{"0":"post-5088","1":"product","2":"type-product","3":"status-publish","4":"has-post-thumbnail","6":"product_cat-hladnjaci-za-mobilni-gaming","8":"first","9":"instock","10":"sale","11":"shipping-taxable","12":"purchasable","13":"product-type-simple"},"yoast_head":"<!-- This site is optimized with the Yoast SEO plugin v27.4 - https:\/\/yoast.com\/product\/yoast-seo-wordpress\/ -->\n<title>Univerzalni Hladnjak DL06 \u2013 mobilni cooler za telefon | EMiiR<\/title>\n<meta name=\"description\" content=\"Univerzalni Hladnjak DL06: efikasno hla\u0111enje i kompaktan dizajn. Idealno za gejmere i korisnike mobilnih ure\u0111aja.\" \/>\n<meta name=\"robots\" content=\"index, follow, max-snippet:-1, max-image-preview:large, max-video-preview:-1\" \/>\n<link rel=\"canonical\" href=\"https:\/\/emiir.ba\/en\/product\/univerzalni-hladnjak-dl06-2\/\" \/>\n<meta property=\"og:locale\" content=\"en_US\" \/>\n<meta property=\"og:type\" content=\"article\" \/>\n<meta property=\"og:title\" content=\"Univerzalni Hladnjak DL06 \u2013 mobilni cooler za telefon | EMiiR\" \/>\n<meta property=\"og:description\" content=\"Univerzalni Hladnjak DL06: efikasno hla\u0111enje i kompaktan dizajn. Idealno za gejmere i korisnike mobilnih ure\u0111aja.\" \/>\n<meta property=\"og:url\" content=\"https:\/\/emiir.ba\/en\/product\/univerzalni-hladnjak-dl06-2\/\" \/>\n<meta property=\"og:site_name\" content=\"EMiiR\" \/>\n<meta property=\"article:modified_time\" content=\"2026-02-25T17:58:54+00:00\" \/>\n<meta property=\"og:image\" content=\"https:\/\/emiir.ba\/wp-content\/uploads\/2023\/10\/kuler-1024x1024.png\" \/>\n\t<meta property=\"og:image:width\" content=\"1024\" \/>\n\t<meta property=\"og:image:height\" content=\"1024\" \/>\n\t<meta property=\"og:image:type\" content=\"image\/png\" \/>\n<meta name=\"twitter:card\" content=\"summary_large_image\" \/>\n<meta name=\"twitter:label1\" content=\"Est. reading time\" \/>\n\t<meta name=\"twitter:data1\" content=\"2 minutes\" \/>\n<script type=\"application\/ld+json\" class=\"yoast-schema-graph\">{\"@context\":\"https:\\\/\\\/schema.org\",\"@graph\":[{\"@type\":\"WebPage\",\"@id\":\"https:\\\/\\\/emiir.ba\\\/product\\\/univerzalni-hladnjak-dl06-2\\\/\",\"url\":\"https:\\\/\\\/emiir.ba\\\/product\\\/univerzalni-hladnjak-dl06-2\\\/\",\"name\":\"Univerzalni Hladnjak DL06 \u2013 mobilni cooler za telefon | EMiiR\",\"isPartOf\":{\"@id\":\"https:\\\/\\\/emiir.ba\\\/#website\"},\"primaryImageOfPage\":{\"@id\":\"https:\\\/\\\/emiir.ba\\\/product\\\/univerzalni-hladnjak-dl06-2\\\/#primaryimage\"},\"image\":{\"@id\":\"https:\\\/\\\/emiir.ba\\\/product\\\/univerzalni-hladnjak-dl06-2\\\/#primaryimage\"},\"thumbnailUrl\":\"https:\\\/\\\/emiir.ba\\\/wp-content\\\/uploads\\\/2023\\\/10\\\/kuler-scaled.png\",\"datePublished\":\"2023-10-28T23:24:09+00:00\",\"dateModified\":\"2026-02-25T17:58:54+00:00\",\"description\":\"Univerzalni Hladnjak DL06: efikasno hla\u0111enje i kompaktan dizajn. Idealno za gejmere i korisnike mobilnih ure\u0111aja.\",\"breadcrumb\":{\"@id\":\"https:\\\/\\\/emiir.ba\\\/product\\\/univerzalni-hladnjak-dl06-2\\\/#breadcrumb\"},\"inLanguage\":\"en-US\",\"potentialAction\":[{\"@type\":\"ReadAction\",\"target\":[\"https:\\\/\\\/emiir.ba\\\/product\\\/univerzalni-hladnjak-dl06-2\\\/\"]}]},{\"@type\":\"ImageObject\",\"inLanguage\":\"en-US\",\"@id\":\"https:\\\/\\\/emiir.ba\\\/product\\\/univerzalni-hladnjak-dl06-2\\\/#primaryimage\",\"url\":\"https:\\\/\\\/emiir.ba\\\/wp-content\\\/uploads\\\/2023\\\/10\\\/kuler-scaled.png\",\"contentUrl\":\"https:\\\/\\\/emiir.ba\\\/wp-content\\\/uploads\\\/2023\\\/10\\\/kuler-scaled.png\",\"width\":2560,\"height\":2560,\"caption\":\"Prakti\u010dni hladnjak DL06 za efikasno hla\u0111enje mobilnih ure\u0111aja, idealan za gejmere i korisnike koji cijene funkcionalnost.\"},{\"@type\":\"BreadcrumbList\",\"@id\":\"https:\\\/\\\/emiir.ba\\\/product\\\/univerzalni-hladnjak-dl06-2\\\/#breadcrumb\",\"itemListElement\":[{\"@type\":\"ListItem\",\"position\":1,\"name\":\"Home\",\"item\":\"https:\\\/\\\/emiir.ba\\\/\"},{\"@type\":\"ListItem\",\"position\":2,\"name\":\"Shop\",\"item\":\"https:\\\/\\\/emiir.ba\\\/emiir-ba-mobilni-gaming-shop\\\/\"},{\"@type\":\"ListItem\",\"position\":3,\"name\":\"Univerzalni Hladnjak Za Mobilni Telefon DL05\"}]},{\"@type\":\"WebSite\",\"@id\":\"https:\\\/\\\/emiir.ba\\\/#website\",\"url\":\"https:\\\/\\\/emiir.ba\\\/\",\"name\":\"EMiiR\",\"description\":\"\",\"potentialAction\":[{\"@type\":\"SearchAction\",\"target\":{\"@type\":\"EntryPoint\",\"urlTemplate\":\"https:\\\/\\\/emiir.ba\\\/?s={search_term_string}\"},\"query-input\":{\"@type\":\"PropertyValueSpecification\",\"valueRequired\":true,\"valueName\":\"search_term_string\"}}],\"inLanguage\":\"en-US\"}]}<\/script>\n<!-- \/ Yoast SEO plugin. -->","yoast_head_json":{"title":"Univerzalni Hladnjak DL06 \u2013 mobilni cooler za telefon | EMiiR","description":"Univerzalni Hladnjak DL06: efikasno hla\u0111enje i kompaktan dizajn. Idealno za gejmere i korisnike mobilnih ure\u0111aja.","robots":{"index":"index","follow":"follow","max-snippet":"max-snippet:-1","max-image-preview":"max-image-preview:large","max-video-preview":"max-video-preview:-1"},"canonical":"https:\/\/emiir.ba\/en\/product\/univerzalni-hladnjak-dl06-2\/","og_locale":"en_US","og_type":"article","og_title":"Univerzalni Hladnjak DL06 \u2013 mobilni cooler za telefon | EMiiR","og_description":"Univerzalni Hladnjak DL06: efikasno hla\u0111enje i kompaktan dizajn. Idealno za gejmere i korisnike mobilnih ure\u0111aja.","og_url":"https:\/\/emiir.ba\/en\/product\/univerzalni-hladnjak-dl06-2\/","og_site_name":"EMiiR","article_modified_time":"2026-02-25T17:58:54+00:00","og_image":[{"width":1024,"height":1024,"url":"https:\/\/emiir.ba\/wp-content\/uploads\/2023\/10\/kuler-1024x1024.png","type":"image\/png"}],"twitter_card":"summary_large_image","twitter_misc":{"Est. reading time":"2 minutes"},"schema":{"@context":"https:\/\/schema.org","@graph":[{"@type":"WebPage","@id":"https:\/\/emiir.ba\/product\/univerzalni-hladnjak-dl06-2\/","url":"https:\/\/emiir.ba\/product\/univerzalni-hladnjak-dl06-2\/","name":"Univerzalni Hladnjak DL06 \u2013 mobilni cooler za telefon | EMiiR","isPartOf":{"@id":"https:\/\/emiir.ba\/#website"},"primaryImageOfPage":{"@id":"https:\/\/emiir.ba\/product\/univerzalni-hladnjak-dl06-2\/#primaryimage"},"image":{"@id":"https:\/\/emiir.ba\/product\/univerzalni-hladnjak-dl06-2\/#primaryimage"},"thumbnailUrl":"https:\/\/emiir.ba\/wp-content\/uploads\/2023\/10\/kuler-scaled.png","datePublished":"2023-10-28T23:24:09+00:00","dateModified":"2026-02-25T17:58:54+00:00","description":"Univerzalni Hladnjak DL06: efikasno hla\u0111enje i kompaktan dizajn. Idealno za gejmere i korisnike mobilnih ure\u0111aja.","breadcrumb":{"@id":"https:\/\/emiir.ba\/product\/univerzalni-hladnjak-dl06-2\/#breadcrumb"},"inLanguage":"en-US","potentialAction":[{"@type":"ReadAction","target":["https:\/\/emiir.ba\/product\/univerzalni-hladnjak-dl06-2\/"]}]},{"@type":"ImageObject","inLanguage":"en-US","@id":"https:\/\/emiir.ba\/product\/univerzalni-hladnjak-dl06-2\/#primaryimage","url":"https:\/\/emiir.ba\/wp-content\/uploads\/2023\/10\/kuler-scaled.png","contentUrl":"https:\/\/emiir.ba\/wp-content\/uploads\/2023\/10\/kuler-scaled.png","width":2560,"height":2560,"caption":"Prakti\u010dni hladnjak DL06 za efikasno hla\u0111enje mobilnih ure\u0111aja, idealan za gejmere i korisnike koji cijene funkcionalnost."},{"@type":"BreadcrumbList","@id":"https:\/\/emiir.ba\/product\/univerzalni-hladnjak-dl06-2\/#breadcrumb","itemListElement":[{"@type":"ListItem","position":1,"name":"Home","item":"https:\/\/emiir.ba\/"},{"@type":"ListItem","position":2,"name":"Shop","item":"https:\/\/emiir.ba\/emiir-ba-mobilni-gaming-shop\/"},{"@type":"ListItem","position":3,"name":"Univerzalni Hladnjak Za Mobilni Telefon DL05"}]},{"@type":"WebSite","@id":"https:\/\/emiir.ba\/#website","url":"https:\/\/emiir.ba\/","name":"EMiiR","description":"","potentialAction":[{"@type":"SearchAction","target":{"@type":"EntryPoint","urlTemplate":"https:\/\/emiir.ba\/?s={search_term_string}"},"query-input":{"@type":"PropertyValueSpecification","valueRequired":true,"valueName":"search_term_string"}}],"inLanguage":"en-US"}]}},"jetpack_publicize_connections":[],"jetpack-related-posts":[{"id":5220,"url":"https:\/\/emiir.ba\/en\/product\/univerzalni-hladnjak-fla4\/","url_meta":{"origin":5088,"position":0},"title":"Univerzalni Hladnjak Za Mobilni Telefon FLA4","author":"admin","date":"October 29, 2023","format":false,"excerpt":"\u2744\ufe0f Univerzalni Hladnjak Za Mobilni Telefon FLA4 \u2013 efikasno hla\u0111enje za mobilne gejmere | EMiiR Univerzalni Hladnjak FLA4 je prijenosni hladnjak za mobilne telefone, idealan za gejmere koji \u017eele odr\u017eati optimalnu temperaturu svog ure\u0111aja tokom intenzivnog igranja. Opremljen je poluvodi\u010dkim hladnja\u010dem koji koristi Peltier efekt i ugra\u0111enim ventilatorom koji cirkuli\u0161e\u2026","rel":"","context":"Similar post","block_context":{"text":"Similar post","link":""},"img":{"alt_text":"Univerzalni Hladnjak FLA4 za mobilne ure\u0111aje","src":"https:\/\/i0.wp.com\/emiir.ba\/wp-content\/uploads\/2023\/10\/222-1.png?resize=350%2C200&ssl=1","width":350,"height":200,"srcset":"https:\/\/i0.wp.com\/emiir.ba\/wp-content\/uploads\/2023\/10\/222-1.png?resize=350%2C200&ssl=1 1x, https:\/\/i0.wp.com\/emiir.ba\/wp-content\/uploads\/2023\/10\/222-1.png?resize=525%2C300&ssl=1 1.5x, https:\/\/i0.wp.com\/emiir.ba\/wp-content\/uploads\/2023\/10\/222-1.png?resize=700%2C400&ssl=1 2x"},"classes":[]},{"id":5207,"url":"https:\/\/emiir.ba\/en\/product\/univerzalni-hladnjak-flo5\/","url_meta":{"origin":5088,"position":1},"title":"Univerzalni Hladnjak Za Mobilni Telefon FLO5","author":"admin","date":"October 29, 2023","format":false,"excerpt":"","rel":"","context":"Similar post","block_context":{"text":"Similar post","link":""},"img":{"alt_text":"Univerzalni Hladnjak FLO5 za mobilne ure\u0111aje","src":"https:\/\/i0.wp.com\/emiir.ba\/wp-content\/uploads\/2023\/10\/2-3.jpg?resize=350%2C200&ssl=1","width":350,"height":200,"srcset":"https:\/\/i0.wp.com\/emiir.ba\/wp-content\/uploads\/2023\/10\/2-3.jpg?resize=350%2C200&ssl=1 1x, https:\/\/i0.wp.com\/emiir.ba\/wp-content\/uploads\/2023\/10\/2-3.jpg?resize=525%2C300&ssl=1 1.5x, https:\/\/i0.wp.com\/emiir.ba\/wp-content\/uploads\/2023\/10\/2-3.jpg?resize=700%2C400&ssl=1 2x"},"classes":[]},{"id":5014,"url":"https:\/\/emiir.ba\/en\/product\/univerzalni-hladnjak-cx01\/","url_meta":{"origin":5088,"position":2},"title":"Univerzalni Hladnjak Za Mobilni Telefon CX01","author":"admin","date":"October 28, 2023","format":false,"excerpt":"","rel":"","context":"With 2 comments","block_context":{"text":"With 2 comments","link":"https:\/\/emiir.ba\/en\/product\/univerzalni-hladnjak-cx01\/#comments"},"img":{"alt_text":"Univerzalni Hladnjak CX01 za mobilne ure\u0111aje","src":"https:\/\/i0.wp.com\/emiir.ba\/wp-content\/uploads\/2023\/10\/cx01.png?resize=350%2C200&ssl=1","width":350,"height":200,"srcset":"https:\/\/i0.wp.com\/emiir.ba\/wp-content\/uploads\/2023\/10\/cx01.png?resize=350%2C200&ssl=1 1x, https:\/\/i0.wp.com\/emiir.ba\/wp-content\/uploads\/2023\/10\/cx01.png?resize=525%2C300&ssl=1 1.5x, https:\/\/i0.wp.com\/emiir.ba\/wp-content\/uploads\/2023\/10\/cx01.png?resize=700%2C400&ssl=1 2x"},"classes":[]},{"id":5133,"url":"https:\/\/emiir.ba\/en\/product\/univerzalni-hladnjak-dl06\/","url_meta":{"origin":5088,"position":3},"title":"Univerzalni Hladnjak Za Mobilni Telefon DL06","author":"admin","date":"October 29, 2023","format":false,"excerpt":"","rel":"","context":"Similar post","block_context":{"text":"Similar post","link":""},"img":{"alt_text":"Univerzalni Hladnjak DL06 za mobilne ure\u0111aje","src":"https:\/\/i0.wp.com\/emiir.ba\/wp-content\/uploads\/2023\/10\/234.png?resize=350%2C200&ssl=1","width":350,"height":200,"srcset":"https:\/\/i0.wp.com\/emiir.ba\/wp-content\/uploads\/2023\/10\/234.png?resize=350%2C200&ssl=1 1x, https:\/\/i0.wp.com\/emiir.ba\/wp-content\/uploads\/2023\/10\/234.png?resize=525%2C300&ssl=1 1.5x, https:\/\/i0.wp.com\/emiir.ba\/wp-content\/uploads\/2023\/10\/234.png?resize=700%2C400&ssl=1 2x"},"classes":[]},{"id":5197,"url":"https:\/\/emiir.ba\/en\/product\/univerzalni-hladnjak-dla7\/","url_meta":{"origin":5088,"position":4},"title":"Univerzalni Hladnjak Za Mobilni Telefon DLA7","author":"admin","date":"October 29, 2023","format":false,"excerpt":"","rel":"","context":"Similar post","block_context":{"text":"Similar post","link":""},"img":{"alt_text":"Univerzalni Hladnjak DLA7 za mobilne ure\u0111aje","src":"https:\/\/i0.wp.com\/emiir.ba\/wp-content\/uploads\/2023\/10\/11-1.png?resize=350%2C200&ssl=1","width":350,"height":200,"srcset":"https:\/\/i0.wp.com\/emiir.ba\/wp-content\/uploads\/2023\/10\/11-1.png?resize=350%2C200&ssl=1 1x, https:\/\/i0.wp.com\/emiir.ba\/wp-content\/uploads\/2023\/10\/11-1.png?resize=525%2C300&ssl=1 1.5x, https:\/\/i0.wp.com\/emiir.ba\/wp-content\/uploads\/2023\/10\/11-1.png?resize=700%2C400&ssl=1 2x"},"classes":[]},{"id":5185,"url":"https:\/\/emiir.ba\/en\/product\/univerzalni-hladnjak-dla6\/","url_meta":{"origin":5088,"position":5},"title":"Univerzalni Hladnjak Za Mobilni Telefon DLA6","author":"admin","date":"October 29, 2023","format":false,"excerpt":"","rel":"","context":"Similar post","block_context":{"text":"Similar post","link":""},"img":{"alt_text":"Univerzalni Hladnjak DLA6 za mobilne ure\u0111aje","src":"https:\/\/i0.wp.com\/emiir.ba\/wp-content\/uploads\/2023\/10\/1-4.png?resize=350%2C200&ssl=1","width":350,"height":200,"srcset":"https:\/\/i0.wp.com\/emiir.ba\/wp-content\/uploads\/2023\/10\/1-4.png?resize=350%2C200&ssl=1 1x, https:\/\/i0.wp.com\/emiir.ba\/wp-content\/uploads\/2023\/10\/1-4.png?resize=525%2C300&ssl=1 1.5x, https:\/\/i0.wp.com\/emiir.ba\/wp-content\/uploads\/2023\/10\/1-4.png?resize=700%2C400&ssl=1 2x"},"classes":[]}],"jetpack_sharing_enabled":true,"jetpack_likes_enabled":true,"_links":{"self":[{"href":"https:\/\/emiir.ba\/en\/wp-json\/wp\/v2\/product\/5088","targetHints":{"allow":["GET"]}}],"collection":[{"href":"https:\/\/emiir.ba\/en\/wp-json\/wp\/v2\/product"}],"about":[{"href":"https:\/\/emiir.ba\/en\/wp-json\/wp\/v2\/types\/product"}],"replies":[{"embeddable":true,"href":"https:\/\/emiir.ba\/en\/wp-json\/wp\/v2\/comments?post=5088"}],"wp:featuredmedia":[{"embeddable":true,"href":"https:\/\/emiir.ba\/en\/wp-json\/wp\/v2\/media\/6028"}],"wp:attachment":[{"href":"https:\/\/emiir.ba\/en\/wp-json\/wp\/v2\/media?parent=5088"}],"wp:term":[{"taxonomy":"product_brand","embeddable":true,"href":"https:\/\/emiir.ba\/en\/wp-json\/wp\/v2\/product_brand?post=5088"},{"taxonomy":"product_cat","embeddable":true,"href":"https:\/\/emiir.ba\/en\/wp-json\/wp\/v2\/product_cat?post=5088"},{"taxonomy":"product_tag","embeddable":true,"href":"https:\/\/emiir.ba\/en\/wp-json\/wp\/v2\/product_tag?post=5088"}],"curies":[{"name":"wp","href":"https:\/\/api.w.org\/{rel}","templated":true}]}}