{"id":5154,"date":"2023-10-29T00:33:52","date_gmt":"2023-10-29T00:33:52","guid":{"rendered":"https:\/\/emiir.ba\/?post_type=product&#038;p=5154"},"modified":"2025-06-04T03:56:53","modified_gmt":"2025-06-04T03:56:53","slug":"univerzalni-hladnjak-dla3","status":"publish","type":"product","link":"https:\/\/emiir.ba\/en\/product\/univerzalni-hladnjak-dla3\/","title":{"rendered":"Univerzalni Hladnjak Za Mobilni Telefon DLA3"},"content":{"rendered":"<h2 data-start=\"81\" data-end=\"191\">\u2744\ufe0f <strong data-start=\"87\" data-end=\"191\">Univerzalni Hladnjak DLA3 \u2013 napredno hla\u0111enje s RGB osvjetljenjem i LED prikazom temperature | EMiiR<\/strong><\/h2>\n<hr data-start=\"193\" data-end=\"196\" \/>\n<p data-start=\"198\" data-end=\"312\"><span class=\"relative -mx-px my-[-0.2rem] rounded px-px py-[0.2rem] transition-colors duration-100 ease-in-out\"><strong data-start=\"0\" data-end=\"29\" data-is-only-node=\"\">Univerzalni Hladnjak DLA3<\/strong> je idealan dodatak za mobilne gejmere koji \u017eele odr\u017eati optimalnu temperaturu svog ure\u0111aja tokom intenzivnog igranja.<\/span> <span class=\"relative -mx-px my-[-0.2rem] rounded px-px py-[0.2rem] transition-colors duration-100 ease-in-out\">Opremljen je poluvodi\u010dkim hladnjakom koji koristi Peltier efekt i ugra\u0111enim ventilatorom koji cirkuli\u0161e zrak oko telefona, efikasno sni\u017eavaju\u0107i temperaturu ure\u0111aja.<\/span><\/p>\n<p data-start=\"314\" data-end=\"432\"><span class=\"relative -mx-px my-[-0.2rem] rounded px-px py-[0.2rem] transition-colors duration-100 ease-in-out\">DLA3 ima LED zaslon koji prikazuje temperaturu telefona, omogu\u0107avaju\u0107i korisnicima da prate performanse hla\u0111enja u realnom vremenu.<\/span> <span class=\"relative -mx-px my-[-0.2rem] rounded px-px py-[0.2rem] transition-colors duration-100 ease-in-out\">RGB osvjetljenje, koje se mo\u017ee prilagoditi pomo\u0107u daljinskog upravlja\u010da, dodaje estetski element i omogu\u0107ava personalizaciju izgleda hladnjaka.<\/span><\/p>\n<p data-start=\"434\" data-end=\"552\"><span class=\"relative -mx-px my-[-0.2rem] rounded px-px py-[0.2rem] transition-colors duration-100 ease-in-out\">Njegov kompaktan i lagan dizajn omogu\u0107ava jednostavno pri\u010dvr\u0161\u0107ivanje na razli\u010dite modele pametnih telefona pomo\u0107u magneta, pru\u017eaju\u0107i udobnost i prakti\u010dnost tokom kori\u0161tenja.<\/span> <span class=\"relative -mx-px my-[-0.2rem] rounded px-px py-[0.2rem] transition-colors duration-100 ease-in-out\">DLA3 je kompatibilan s ve\u0107inom modernih telefona, uklju\u010duju\u0107i iPhone, Android i iPad.<\/span><\/p>\n<hr data-start=\"554\" data-end=\"557\" \/>\n<h3 data-start=\"559\" data-end=\"592\">\ud83d\udd27 <strong data-start=\"566\" data-end=\"592\">Tehni\u010dke specifikacije<\/strong><\/h3>\n<ul data-start=\"593\" data-end=\"935\">\n<li data-start=\"593\" data-end=\"610\">\n<p data-start=\"595\" data-end=\"610\"><strong data-start=\"595\" data-end=\"605\">Model:<\/strong> DLA3<\/p>\n<\/li>\n<li data-start=\"611\" data-end=\"664\">\n<p data-start=\"613\" data-end=\"664\"><strong data-start=\"613\" data-end=\"624\">Te\u017eina:<\/strong> <span class=\"relative -mx-px my-[-0.2rem] rounded px-px py-[0.2rem] transition-colors duration-100 ease-in-out\">105 g<\/span><\/p>\n<\/li>\n<li data-start=\"665\" data-end=\"721\">\n<p data-start=\"667\" data-end=\"721\"><strong data-start=\"667\" data-end=\"681\">Materijal:<\/strong> <span class=\"relative -mx-px my-[-0.2rem] rounded px-px py-[0.2rem] transition-colors duration-100 ease-in-out\">ABS plastika i metal<\/span><\/p>\n<\/li>\n<li data-start=\"722\" data-end=\"778\">\n<p data-start=\"724\" data-end=\"778\"><strong data-start=\"724\" data-end=\"738\">Dimenzije:<\/strong> <span class=\"relative -mx-px my-[-0.2rem] rounded px-px py-[0.2rem] transition-colors duration-100 ease-in-out\">kompaktne za jednostavno pri\u010dvr\u0161\u0107ivanje<\/span><\/p>\n<\/li>\n<li data-start=\"779\" data-end=\"840\">\n<p data-start=\"781\" data-end=\"840\"><strong data-start=\"781\" data-end=\"800\">Kompatibilnost:<\/strong> <span class=\"relative -mx-px my-[-0.2rem] rounded px-px py-[0.2rem] transition-colors duration-100 ease-in-out\">univerzalna za ve\u0107inu pametnih telefona<\/span><\/p>\n<\/li>\n<li data-start=\"841\" data-end=\"935\">\n<p data-start=\"843\" data-end=\"935\"><strong data-start=\"843\" data-end=\"856\">Funkcija:<\/strong> <span class=\"relative -mx-px my-[-0.2rem] rounded px-px py-[0.2rem] transition-colors duration-100 ease-in-out\">efikasno hla\u0111enje mobilnih ure\u0111aja<\/span><\/p>\n<\/li>\n<\/ul>\n<hr data-start=\"937\" data-end=\"940\" \/>\n<h3 data-start=\"942\" data-end=\"974\">\u2b50 <strong data-start=\"948\" data-end=\"974\">Prednosti ovog dodatka<\/strong><\/h3>\n<ul data-start=\"975\" data-end=\"1233\">\n<li data-start=\"975\" data-end=\"1018\">\n<p data-start=\"977\" data-end=\"1018\">\u2705 <span class=\"relative -mx-px my-[-0.2rem] rounded px-px py-[0.2rem] transition-colors duration-100 ease-in-out\">Efikasno sni\u017eava temperaturu ure\u0111aja tokom intenzivnog kori\u0161tenja<\/span><\/p>\n<\/li>\n<li data-start=\"1019\" data-end=\"1062\">\n<p data-start=\"1021\" data-end=\"1062\">\u2705 <span class=\"relative -mx-px my-[-0.2rem] rounded px-px py-[0.2rem] transition-colors duration-100 ease-in-out\">LED zaslon za prikaz temperature u realnom vremenu<\/span><\/p>\n<\/li>\n<li data-start=\"1063\" data-end=\"1106\">\n<p data-start=\"1065\" data-end=\"1106\">\u2705 <span class=\"relative -mx-px my-[-0.2rem] rounded px-px py-[0.2rem] transition-colors duration-100 ease-in-out\">RGB osvjetljenje s mogu\u0107no\u0161\u0107u prilagodbe<\/span><\/p>\n<\/li>\n<li data-start=\"1107\" data-end=\"1150\">\n<p data-start=\"1109\" data-end=\"1150\">\u2705 <span class=\"relative -mx-px my-[-0.2rem] rounded px-px py-[0.2rem] transition-colors duration-100 ease-in-out\">Kompaktan i lagan dizajn za jednostavno pri\u010dvr\u0161\u0107ivanje<\/span><\/p>\n<\/li>\n<li data-start=\"1151\" data-end=\"1233\">\n<p data-start=\"1153\" data-end=\"1233\">\u2705 <span class=\"relative -mx-px my-[-0.2rem] rounded px-px py-[0.2rem] transition-colors duration-100 ease-in-out\">Univerzalna kompatibilnost s ve\u0107inom pametnih telefona<\/span><\/p>\n<\/li>\n<\/ul>\n<p data-start=\"1235\" data-end=\"1316\"><span class=\"relative -mx-px my-[-0.2rem] rounded px-px py-[0.2rem] transition-colors duration-100 ease-in-out\">Za vi\u0161e informacija o mobilnim hladnjacima i kako mogu pobolj\u0161ati va\u0161e iskustvo, posjetite <a href=\"https:\/\/www.androidauthority.com\/best-phone-cooling-fans-3158591\/\" target=\"_new\" rel=\"noopener noreferrer\" data-start=\"91\" data-end=\"177\">Android Authority<\/a>.<\/span> \ud83d\ude80<\/p>\n<hr data-start=\"1318\" data-end=\"1321\" \/>\n<p data-start=\"1323\" data-end=\"1480\">\ud83d\udc49 Pogledajte sve <a class=\"cursor-pointer\" target=\"_new\" rel=\"noopener\" data-start=\"1341\" data-end=\"1414\">mobilne hladnjake<\/a> u EMiiR shopu i prona\u0111ite savr\u0161en dodatak za sebe ili kao poklon!<\/p>","protected":false},"excerpt":{"rendered":"<p> [&hellip;]<\/p>","protected":false},"featured_media":5881,"comment_status":"open","ping_status":"closed","template":"","meta":{"jetpack_post_was_ever_published":false,"jetpack_publicize_message":"","jetpack_publicize_feature_enabled":true,"jetpack_social_post_already_shared":false,"jetpack_social_options":{"image_generator_settings":{"template":"highway","default_image_id":0,"font":"","enabled":false},"version":2}},"product_brand":[],"product_cat":[117],"product_tag":[],"class_list":{"0":"post-5154","1":"product","2":"type-product","3":"status-publish","4":"has-post-thumbnail","6":"product_cat-hladnjaci-za-mobilni-gaming","8":"first","9":"instock","10":"sale","11":"shipping-taxable","12":"purchasable","13":"product-type-simple"},"yoast_head":"<!-- This site is optimized with the Yoast SEO plugin v27.4 - https:\/\/yoast.com\/product\/yoast-seo-wordpress\/ -->\n<title>Univerzalni Hladnjak DLA3 \u2013 napredno hla\u0111enje s RGB osvjetljenjem i LED prikazom temperature | EMiiR<\/title>\n<meta name=\"description\" content=\"Univerzalni Hladnjak DLA3: efikasno hla\u0111enje s LED prikazom temperature i RGB osvjetljenjem. Idealno za gejmere i korisnike mobilnih ure\u0111aja.\" \/>\n<meta name=\"robots\" content=\"index, follow, max-snippet:-1, max-image-preview:large, max-video-preview:-1\" \/>\n<link rel=\"canonical\" href=\"https:\/\/emiir.ba\/en\/product\/univerzalni-hladnjak-dla3\/\" \/>\n<meta property=\"og:locale\" content=\"en_US\" \/>\n<meta property=\"og:type\" content=\"article\" \/>\n<meta property=\"og:title\" content=\"Univerzalni Hladnjak DLA3 \u2013 napredno hla\u0111enje s RGB osvjetljenjem i LED prikazom temperature | EMiiR\" \/>\n<meta property=\"og:description\" content=\"Univerzalni Hladnjak DLA3: efikasno hla\u0111enje s LED prikazom temperature i RGB osvjetljenjem. Idealno za gejmere i korisnike mobilnih ure\u0111aja.\" \/>\n<meta property=\"og:url\" content=\"https:\/\/emiir.ba\/en\/product\/univerzalni-hladnjak-dla3\/\" \/>\n<meta property=\"og:site_name\" content=\"EMiiR\" \/>\n<meta property=\"article:modified_time\" content=\"2025-06-04T03:56:53+00:00\" \/>\n<meta property=\"og:image\" content=\"https:\/\/emiir.ba\/wp-content\/uploads\/2023\/10\/555.png\" \/>\n\t<meta property=\"og:image:width\" content=\"1000\" \/>\n\t<meta property=\"og:image:height\" content=\"1000\" \/>\n\t<meta property=\"og:image:type\" content=\"image\/png\" \/>\n<meta name=\"twitter:card\" content=\"summary_large_image\" \/>\n<meta name=\"twitter:label1\" content=\"Est. reading time\" \/>\n\t<meta name=\"twitter:data1\" content=\"2 minutes\" \/>\n<script type=\"application\/ld+json\" class=\"yoast-schema-graph\">{\"@context\":\"https:\\\/\\\/schema.org\",\"@graph\":[{\"@type\":\"WebPage\",\"@id\":\"https:\\\/\\\/emiir.ba\\\/product\\\/univerzalni-hladnjak-dla3\\\/\",\"url\":\"https:\\\/\\\/emiir.ba\\\/product\\\/univerzalni-hladnjak-dla3\\\/\",\"name\":\"Univerzalni Hladnjak DLA3 \u2013 napredno hla\u0111enje s RGB osvjetljenjem i LED prikazom temperature | EMiiR\",\"isPartOf\":{\"@id\":\"https:\\\/\\\/emiir.ba\\\/#website\"},\"primaryImageOfPage\":{\"@id\":\"https:\\\/\\\/emiir.ba\\\/product\\\/univerzalni-hladnjak-dla3\\\/#primaryimage\"},\"image\":{\"@id\":\"https:\\\/\\\/emiir.ba\\\/product\\\/univerzalni-hladnjak-dla3\\\/#primaryimage\"},\"thumbnailUrl\":\"https:\\\/\\\/emiir.ba\\\/wp-content\\\/uploads\\\/2023\\\/10\\\/555.png\",\"datePublished\":\"2023-10-29T00:33:52+00:00\",\"dateModified\":\"2025-06-04T03:56:53+00:00\",\"description\":\"Univerzalni Hladnjak DLA3: efikasno hla\u0111enje s LED prikazom temperature i RGB osvjetljenjem. Idealno za gejmere i korisnike mobilnih ure\u0111aja.\",\"breadcrumb\":{\"@id\":\"https:\\\/\\\/emiir.ba\\\/product\\\/univerzalni-hladnjak-dla3\\\/#breadcrumb\"},\"inLanguage\":\"en-US\",\"potentialAction\":[{\"@type\":\"ReadAction\",\"target\":[\"https:\\\/\\\/emiir.ba\\\/product\\\/univerzalni-hladnjak-dla3\\\/\"]}]},{\"@type\":\"ImageObject\",\"inLanguage\":\"en-US\",\"@id\":\"https:\\\/\\\/emiir.ba\\\/product\\\/univerzalni-hladnjak-dla3\\\/#primaryimage\",\"url\":\"https:\\\/\\\/emiir.ba\\\/wp-content\\\/uploads\\\/2023\\\/10\\\/555.png\",\"contentUrl\":\"https:\\\/\\\/emiir.ba\\\/wp-content\\\/uploads\\\/2023\\\/10\\\/555.png\",\"width\":1000,\"height\":1000,\"caption\":\"Prakti\u010dni hladnjak DLA3 za efikasno hla\u0111enje mobilnih ure\u0111aja, idealan za gejmere i korisnike koji cijene funkcionalnost.\"},{\"@type\":\"BreadcrumbList\",\"@id\":\"https:\\\/\\\/emiir.ba\\\/product\\\/univerzalni-hladnjak-dla3\\\/#breadcrumb\",\"itemListElement\":[{\"@type\":\"ListItem\",\"position\":1,\"name\":\"Home\",\"item\":\"https:\\\/\\\/emiir.ba\\\/\"},{\"@type\":\"ListItem\",\"position\":2,\"name\":\"Shop\",\"item\":\"https:\\\/\\\/emiir.ba\\\/emiir-ba-mobilni-gaming-shop\\\/\"},{\"@type\":\"ListItem\",\"position\":3,\"name\":\"Univerzalni Hladnjak Za Mobilni Telefon DLA3\"}]},{\"@type\":\"WebSite\",\"@id\":\"https:\\\/\\\/emiir.ba\\\/#website\",\"url\":\"https:\\\/\\\/emiir.ba\\\/\",\"name\":\"EMiiR\",\"description\":\"\",\"potentialAction\":[{\"@type\":\"SearchAction\",\"target\":{\"@type\":\"EntryPoint\",\"urlTemplate\":\"https:\\\/\\\/emiir.ba\\\/?s={search_term_string}\"},\"query-input\":{\"@type\":\"PropertyValueSpecification\",\"valueRequired\":true,\"valueName\":\"search_term_string\"}}],\"inLanguage\":\"en-US\"}]}<\/script>\n<!-- \/ Yoast SEO plugin. -->","yoast_head_json":{"title":"Univerzalni Hladnjak DLA3 \u2013 napredno hla\u0111enje s RGB osvjetljenjem i LED prikazom temperature | EMiiR","description":"Univerzalni Hladnjak DLA3: efikasno hla\u0111enje s LED prikazom temperature i RGB osvjetljenjem. Idealno za gejmere i korisnike mobilnih ure\u0111aja.","robots":{"index":"index","follow":"follow","max-snippet":"max-snippet:-1","max-image-preview":"max-image-preview:large","max-video-preview":"max-video-preview:-1"},"canonical":"https:\/\/emiir.ba\/en\/product\/univerzalni-hladnjak-dla3\/","og_locale":"en_US","og_type":"article","og_title":"Univerzalni Hladnjak DLA3 \u2013 napredno hla\u0111enje s RGB osvjetljenjem i LED prikazom temperature | EMiiR","og_description":"Univerzalni Hladnjak DLA3: efikasno hla\u0111enje s LED prikazom temperature i RGB osvjetljenjem. Idealno za gejmere i korisnike mobilnih ure\u0111aja.","og_url":"https:\/\/emiir.ba\/en\/product\/univerzalni-hladnjak-dla3\/","og_site_name":"EMiiR","article_modified_time":"2025-06-04T03:56:53+00:00","og_image":[{"width":1000,"height":1000,"url":"https:\/\/emiir.ba\/wp-content\/uploads\/2023\/10\/555.png","type":"image\/png"}],"twitter_card":"summary_large_image","twitter_misc":{"Est. reading time":"2 minutes"},"schema":{"@context":"https:\/\/schema.org","@graph":[{"@type":"WebPage","@id":"https:\/\/emiir.ba\/product\/univerzalni-hladnjak-dla3\/","url":"https:\/\/emiir.ba\/product\/univerzalni-hladnjak-dla3\/","name":"Univerzalni Hladnjak DLA3 \u2013 napredno hla\u0111enje s RGB osvjetljenjem i LED prikazom temperature | EMiiR","isPartOf":{"@id":"https:\/\/emiir.ba\/#website"},"primaryImageOfPage":{"@id":"https:\/\/emiir.ba\/product\/univerzalni-hladnjak-dla3\/#primaryimage"},"image":{"@id":"https:\/\/emiir.ba\/product\/univerzalni-hladnjak-dla3\/#primaryimage"},"thumbnailUrl":"https:\/\/emiir.ba\/wp-content\/uploads\/2023\/10\/555.png","datePublished":"2023-10-29T00:33:52+00:00","dateModified":"2025-06-04T03:56:53+00:00","description":"Univerzalni Hladnjak DLA3: efikasno hla\u0111enje s LED prikazom temperature i RGB osvjetljenjem. Idealno za gejmere i korisnike mobilnih ure\u0111aja.","breadcrumb":{"@id":"https:\/\/emiir.ba\/product\/univerzalni-hladnjak-dla3\/#breadcrumb"},"inLanguage":"en-US","potentialAction":[{"@type":"ReadAction","target":["https:\/\/emiir.ba\/product\/univerzalni-hladnjak-dla3\/"]}]},{"@type":"ImageObject","inLanguage":"en-US","@id":"https:\/\/emiir.ba\/product\/univerzalni-hladnjak-dla3\/#primaryimage","url":"https:\/\/emiir.ba\/wp-content\/uploads\/2023\/10\/555.png","contentUrl":"https:\/\/emiir.ba\/wp-content\/uploads\/2023\/10\/555.png","width":1000,"height":1000,"caption":"Prakti\u010dni hladnjak DLA3 za efikasno hla\u0111enje mobilnih ure\u0111aja, idealan za gejmere i korisnike koji cijene funkcionalnost."},{"@type":"BreadcrumbList","@id":"https:\/\/emiir.ba\/product\/univerzalni-hladnjak-dla3\/#breadcrumb","itemListElement":[{"@type":"ListItem","position":1,"name":"Home","item":"https:\/\/emiir.ba\/"},{"@type":"ListItem","position":2,"name":"Shop","item":"https:\/\/emiir.ba\/emiir-ba-mobilni-gaming-shop\/"},{"@type":"ListItem","position":3,"name":"Univerzalni Hladnjak Za Mobilni Telefon DLA3"}]},{"@type":"WebSite","@id":"https:\/\/emiir.ba\/#website","url":"https:\/\/emiir.ba\/","name":"EMiiR","description":"","potentialAction":[{"@type":"SearchAction","target":{"@type":"EntryPoint","urlTemplate":"https:\/\/emiir.ba\/?s={search_term_string}"},"query-input":{"@type":"PropertyValueSpecification","valueRequired":true,"valueName":"search_term_string"}}],"inLanguage":"en-US"}]}},"jetpack_publicize_connections":[],"jetpack-related-posts":[{"id":5145,"url":"https:\/\/emiir.ba\/en\/product\/univerzalni-hladnjak-dl16\/","url_meta":{"origin":5154,"position":0},"title":"Univerzalni Hladnjak Za Mobilni Telefon DL16","author":"admin","date":"October 29, 2023","format":false,"excerpt":"","rel":"","context":"Similar post","block_context":{"text":"Similar post","link":""},"img":{"alt_text":"Univerzalni Hladnjak DL16 za mobilne ure\u0111aje","src":"https:\/\/i0.wp.com\/emiir.ba\/wp-content\/uploads\/2023\/10\/1-2.png?resize=350%2C200&ssl=1","width":350,"height":200,"srcset":"https:\/\/i0.wp.com\/emiir.ba\/wp-content\/uploads\/2023\/10\/1-2.png?resize=350%2C200&ssl=1 1x, https:\/\/i0.wp.com\/emiir.ba\/wp-content\/uploads\/2023\/10\/1-2.png?resize=525%2C300&ssl=1 1.5x, https:\/\/i0.wp.com\/emiir.ba\/wp-content\/uploads\/2023\/10\/1-2.png?resize=700%2C400&ssl=1 2x"},"classes":[]},{"id":5220,"url":"https:\/\/emiir.ba\/en\/product\/univerzalni-hladnjak-fla4\/","url_meta":{"origin":5154,"position":1},"title":"Univerzalni Hladnjak Za Mobilni Telefon FLA4","author":"admin","date":"October 29, 2023","format":false,"excerpt":"\u2744\ufe0f Univerzalni Hladnjak Za Mobilni Telefon FLA4 \u2013 efikasno hla\u0111enje za mobilne gejmere | EMiiR Univerzalni Hladnjak FLA4 je prijenosni hladnjak za mobilne telefone, idealan za gejmere koji \u017eele odr\u017eati optimalnu temperaturu svog ure\u0111aja tokom intenzivnog igranja. Opremljen je poluvodi\u010dkim hladnja\u010dem koji koristi Peltier efekt i ugra\u0111enim ventilatorom koji cirkuli\u0161e\u2026","rel":"","context":"Similar post","block_context":{"text":"Similar post","link":""},"img":{"alt_text":"Univerzalni Hladnjak FLA4 za mobilne ure\u0111aje","src":"https:\/\/i0.wp.com\/emiir.ba\/wp-content\/uploads\/2023\/10\/222-1.png?resize=350%2C200&ssl=1","width":350,"height":200,"srcset":"https:\/\/i0.wp.com\/emiir.ba\/wp-content\/uploads\/2023\/10\/222-1.png?resize=350%2C200&ssl=1 1x, https:\/\/i0.wp.com\/emiir.ba\/wp-content\/uploads\/2023\/10\/222-1.png?resize=525%2C300&ssl=1 1.5x, https:\/\/i0.wp.com\/emiir.ba\/wp-content\/uploads\/2023\/10\/222-1.png?resize=700%2C400&ssl=1 2x"},"classes":[]},{"id":5207,"url":"https:\/\/emiir.ba\/en\/product\/univerzalni-hladnjak-flo5\/","url_meta":{"origin":5154,"position":2},"title":"Univerzalni Hladnjak Za Mobilni Telefon FLO5","author":"admin","date":"October 29, 2023","format":false,"excerpt":"","rel":"","context":"Similar post","block_context":{"text":"Similar post","link":""},"img":{"alt_text":"Univerzalni Hladnjak FLO5 za mobilne ure\u0111aje","src":"https:\/\/i0.wp.com\/emiir.ba\/wp-content\/uploads\/2023\/10\/2-3.jpg?resize=350%2C200&ssl=1","width":350,"height":200,"srcset":"https:\/\/i0.wp.com\/emiir.ba\/wp-content\/uploads\/2023\/10\/2-3.jpg?resize=350%2C200&ssl=1 1x, https:\/\/i0.wp.com\/emiir.ba\/wp-content\/uploads\/2023\/10\/2-3.jpg?resize=525%2C300&ssl=1 1.5x, https:\/\/i0.wp.com\/emiir.ba\/wp-content\/uploads\/2023\/10\/2-3.jpg?resize=700%2C400&ssl=1 2x"},"classes":[]},{"id":5014,"url":"https:\/\/emiir.ba\/en\/product\/univerzalni-hladnjak-cx01\/","url_meta":{"origin":5154,"position":3},"title":"Univerzalni Hladnjak Za Mobilni Telefon CX01","author":"admin","date":"October 28, 2023","format":false,"excerpt":"","rel":"","context":"With 2 comments","block_context":{"text":"With 2 comments","link":"https:\/\/emiir.ba\/en\/product\/univerzalni-hladnjak-cx01\/#comments"},"img":{"alt_text":"Univerzalni Hladnjak CX01 za mobilne ure\u0111aje","src":"https:\/\/i0.wp.com\/emiir.ba\/wp-content\/uploads\/2023\/10\/cx01.png?resize=350%2C200&ssl=1","width":350,"height":200,"srcset":"https:\/\/i0.wp.com\/emiir.ba\/wp-content\/uploads\/2023\/10\/cx01.png?resize=350%2C200&ssl=1 1x, https:\/\/i0.wp.com\/emiir.ba\/wp-content\/uploads\/2023\/10\/cx01.png?resize=525%2C300&ssl=1 1.5x, https:\/\/i0.wp.com\/emiir.ba\/wp-content\/uploads\/2023\/10\/cx01.png?resize=700%2C400&ssl=1 2x"},"classes":[]},{"id":6046,"url":"https:\/\/emiir.ba\/en\/product\/hladnjak-g6\/","url_meta":{"origin":5154,"position":4},"title":"Univerzalni Hladnjak Za Mobilni Telefon G6","author":"admin","date":"February 23, 2024","format":false,"excerpt":"\u2744\ufe0f Univerzalni Hladnjak G6 \u2013 efikasno hla\u0111enje mobilnih ure\u0111aja bez baterije i LED osvjetljenja | EMiiR Univerzalni Hladnjak G6 je prakti\u010dan dodatak za korisnike mobilnih ure\u0111aja koji \u017eele odr\u017eati optimalnu temperaturu svog ure\u0111aja tokom intenzivnog kori\u0161tenja. Ovaj hladnjak kombinuje efikasno hla\u0111enje s jednostavnim dizajnom, \u010dine\u0107i ga savr\u0161enim za gejmere i\u2026","rel":"","context":"Similar post","block_context":{"text":"Similar post","link":""},"img":{"alt_text":"Univerzalni Hladnjak G6 za mobilne ure\u0111aje","src":"https:\/\/i0.wp.com\/emiir.ba\/wp-content\/uploads\/2024\/02\/g6.png?resize=350%2C200&ssl=1","width":350,"height":200,"srcset":"https:\/\/i0.wp.com\/emiir.ba\/wp-content\/uploads\/2024\/02\/g6.png?resize=350%2C200&ssl=1 1x, https:\/\/i0.wp.com\/emiir.ba\/wp-content\/uploads\/2024\/02\/g6.png?resize=525%2C300&ssl=1 1.5x"},"classes":[]},{"id":6048,"url":"https:\/\/emiir.ba\/en\/product\/hladnjak-f5\/","url_meta":{"origin":5154,"position":5},"title":"Univerzalni Hladnjak Za Mobilni Telefon F5","author":"admin","date":"February 23, 2024","format":false,"excerpt":"\u2744\ufe0f Univerzalni Hladnjak F5 \u2013 efikasno hla\u0111enje mobilnih ure\u0111aja bez baterije i LED osvjetljenja | EMiiR Univerzalni Hladnjak F5 je prakti\u010dan dodatak za korisnike mobilnih ure\u0111aja koji \u017eele odr\u017eati optimalnu temperaturu svog ure\u0111aja tokom intenzivnog kori\u0161tenja. Ovaj hladnjak kombinuje efikasno hla\u0111enje s jednostavnim dizajnom, \u010dine\u0107i ga savr\u0161enim za gejmere i\u2026","rel":"","context":"Similar post","block_context":{"text":"Similar post","link":""},"img":{"alt_text":"Univerzalni Hladnjak F5 za mobilne ure\u0111aje","src":"https:\/\/i0.wp.com\/emiir.ba\/wp-content\/uploads\/2024\/02\/f5.png?resize=350%2C200&ssl=1","width":350,"height":200,"srcset":"https:\/\/i0.wp.com\/emiir.ba\/wp-content\/uploads\/2024\/02\/f5.png?resize=350%2C200&ssl=1 1x, https:\/\/i0.wp.com\/emiir.ba\/wp-content\/uploads\/2024\/02\/f5.png?resize=525%2C300&ssl=1 1.5x"},"classes":[]}],"jetpack_sharing_enabled":true,"jetpack_likes_enabled":true,"_links":{"self":[{"href":"https:\/\/emiir.ba\/en\/wp-json\/wp\/v2\/product\/5154","targetHints":{"allow":["GET"]}}],"collection":[{"href":"https:\/\/emiir.ba\/en\/wp-json\/wp\/v2\/product"}],"about":[{"href":"https:\/\/emiir.ba\/en\/wp-json\/wp\/v2\/types\/product"}],"replies":[{"embeddable":true,"href":"https:\/\/emiir.ba\/en\/wp-json\/wp\/v2\/comments?post=5154"}],"wp:featuredmedia":[{"embeddable":true,"href":"https:\/\/emiir.ba\/en\/wp-json\/wp\/v2\/media\/5881"}],"wp:attachment":[{"href":"https:\/\/emiir.ba\/en\/wp-json\/wp\/v2\/media?parent=5154"}],"wp:term":[{"taxonomy":"product_brand","embeddable":true,"href":"https:\/\/emiir.ba\/en\/wp-json\/wp\/v2\/product_brand?post=5154"},{"taxonomy":"product_cat","embeddable":true,"href":"https:\/\/emiir.ba\/en\/wp-json\/wp\/v2\/product_cat?post=5154"},{"taxonomy":"product_tag","embeddable":true,"href":"https:\/\/emiir.ba\/en\/wp-json\/wp\/v2\/product_tag?post=5154"}],"curies":[{"name":"wp","href":"https:\/\/api.w.org\/{rel}","templated":true}]}}