{"id":5220,"date":"2023-10-29T00:55:12","date_gmt":"2023-10-29T00:55:12","guid":{"rendered":"https:\/\/emiir.ba\/?post_type=product&#038;p=5220"},"modified":"2026-04-02T14:19:45","modified_gmt":"2026-04-02T14:19:45","slug":"univerzalni-hladnjak-fla4","status":"publish","type":"product","link":"https:\/\/emiir.ba\/en\/product\/univerzalni-hladnjak-fla4\/","title":{"rendered":"Univerzalni Hladnjak Za Mobilni Telefon FLA4"},"content":{"rendered":"<h2 data-start=\"81\" data-end=\"182\">\u2744\ufe0f <strong data-start=\"87\" data-end=\"182\">Univerzalni Hladnjak Za Mobilni Telefon FLA4 \u2013 efikasno hla\u0111enje za mobilne gejmere | EMiiR<\/strong><\/h2>\n<hr data-start=\"184\" data-end=\"187\" \/>\n<p data-start=\"189\" data-end=\"343\"><span class=\"relative -mx-px my-[-0.2rem] rounded px-px py-[0.2rem] transition-colors duration-100 ease-in-out\"><strong data-start=\"0\" data-end=\"29\" data-is-only-node=\"\">Univerzalni Hladnjak FLA4<\/strong> je prijenosni hladnjak za mobilne telefone, idealan za gejmere koji \u017eele odr\u017eati optimalnu temperaturu svog ure\u0111aja tokom intenzivnog igranja.<\/span> <span class=\"relative -mx-px my-[-0.2rem] rounded px-px py-[0.2rem] transition-colors duration-100 ease-in-out\">Opremljen je poluvodi\u010dkim hladnja\u010dem koji koristi Peltier efekt i ugra\u0111enim ventilatorom koji cirkuli\u0161e zrak oko telefona, efikasno sni\u017eavaju\u0107i temperaturu ure\u0111aja.<\/span><\/p>\n<p data-start=\"345\" data-end=\"423\"><span class=\"relative -mx-px my-[-0.2rem] rounded px-px py-[0.2rem] transition-colors duration-100 ease-in-out\">Njegov kompaktan i lagan dizajn omogu\u0107ava jednostavno pri\u010dvr\u0161\u0107ivanje na razli\u010dite modele pametnih telefona, pru\u017eaju\u0107i udobnost i prakti\u010dnost tokom kori\u0161tenja.<\/span><\/p>\n<p data-start=\"425\" data-end=\"503\"><span class=\"relative -mx-px my-[-0.2rem] rounded px-px py-[0.2rem] transition-colors duration-100 ease-in-out\">Kupovinom Hladnjaka FLA4 u EMiiR shopu dobijate pouzdan i funkcionalan dodatak koji \u0107e pobolj\u0161ati performanse va\u0161eg ure\u0111aja i produ\u017eiti njegov vijek trajanja.<\/span><\/p>\n<hr data-start=\"505\" data-end=\"508\" \/>\n<h3 data-start=\"510\" data-end=\"543\">\ud83d\udd27 <strong data-start=\"517\" data-end=\"543\">Tehni\u010dke specifikacije<\/strong><\/h3>\n<ul data-start=\"544\" data-end=\"851\">\n<li data-start=\"544\" data-end=\"561\">\n<p data-start=\"546\" data-end=\"561\"><strong data-start=\"546\" data-end=\"556\">Model:<\/strong> FLA4<\/p>\n<\/li>\n<li data-start=\"562\" data-end=\"580\">\n<p data-start=\"564\" data-end=\"580\"><strong data-start=\"564\" data-end=\"575\">Te\u017eina:<\/strong> 60 g<\/p>\n<\/li>\n<li data-start=\"581\" data-end=\"637\">\n<p data-start=\"583\" data-end=\"637\"><strong data-start=\"583\" data-end=\"597\">Materijal:<\/strong> <span class=\"relative -mx-px my-[-0.2rem] rounded px-px py-[0.2rem] transition-colors duration-100 ease-in-out\">ABS plastika i metal<\/span><\/p>\n<\/li>\n<li data-start=\"638\" data-end=\"694\">\n<p data-start=\"640\" data-end=\"694\"><strong data-start=\"640\" data-end=\"654\">Dimenzije:<\/strong> <span class=\"relative -mx-px my-[-0.2rem] rounded px-px py-[0.2rem] transition-colors duration-100 ease-in-out\">kompaktne za jednostavno pri\u010dvr\u0161\u0107ivanje<\/span><\/p>\n<\/li>\n<li data-start=\"695\" data-end=\"756\">\n<p data-start=\"697\" data-end=\"756\"><strong data-start=\"697\" data-end=\"716\">Kompatibilnost:<\/strong> <span class=\"relative -mx-px my-[-0.2rem] rounded px-px py-[0.2rem] transition-colors duration-100 ease-in-out\">univerzalna za ve\u0107inu pametnih telefona<\/span><\/p>\n<\/li>\n<li data-start=\"757\" data-end=\"851\">\n<p data-start=\"759\" data-end=\"851\"><strong data-start=\"759\" data-end=\"772\">Funkcija:<\/strong> <span class=\"relative -mx-px my-[-0.2rem] rounded px-px py-[0.2rem] transition-colors duration-100 ease-in-out\">efikasno hla\u0111enje mobilnih ure\u0111aja<\/span><\/p>\n<\/li>\n<\/ul>\n<hr data-start=\"853\" data-end=\"856\" \/>\n<h3 data-start=\"858\" data-end=\"890\">\u2b50 <strong data-start=\"864\" data-end=\"890\">Prednosti ovog dodatka<\/strong><\/h3>\n<ul data-start=\"891\" data-end=\"1105\">\n<li data-start=\"891\" data-end=\"934\">\n<p data-start=\"893\" data-end=\"934\">\u2705 <span class=\"relative -mx-px my-[-0.2rem] rounded px-px py-[0.2rem] transition-colors duration-100 ease-in-out\">Efikasno sni\u017eava temperaturu ure\u0111aja tokom intenzivnog kori\u0161tenja<\/span><\/p>\n<\/li>\n<li data-start=\"935\" data-end=\"978\">\n<p data-start=\"937\" data-end=\"978\">\u2705 <span class=\"relative -mx-px my-[-0.2rem] rounded px-px py-[0.2rem] transition-colors duration-100 ease-in-out\">Kompaktan i lagan dizajn za jednostavno pri\u010dvr\u0161\u0107ivanje<\/span><\/p>\n<\/li>\n<li data-start=\"979\" data-end=\"1022\">\n<p data-start=\"981\" data-end=\"1022\">\u2705 <span class=\"relative -mx-px my-[-0.2rem] rounded px-px py-[0.2rem] transition-colors duration-100 ease-in-out\">Univerzalna kompatibilnost s ve\u0107inom pametnih telefona<\/span><\/p>\n<\/li>\n<li data-start=\"1023\" data-end=\"1105\">\n<p data-start=\"1025\" data-end=\"1105\">\u2705 <span class=\"relative -mx-px my-[-0.2rem] rounded px-px py-[0.2rem] transition-colors duration-100 ease-in-out\">Pobolj\u0161ava performanse i produ\u017eava vijek trajanja ure\u0111aja<\/span><\/p>\n<\/li>\n<\/ul>\n<p data-start=\"1107\" data-end=\"1188\"><span class=\"relative -mx-px my-[-0.2rem] rounded px-px py-[0.2rem] transition-colors duration-100 ease-in-out\">Za vi\u0161e informacija o mobilnim hladnjacima i kako mogu pobolj\u0161ati va\u0161e iskustvo, posjetite <a href=\"https:\/\/www.androidauthority.com\/best-phone-cooling-fans-3158591\/\" target=\"_new\" rel=\"noopener noreferrer\" data-start=\"91\" data-end=\"177\">Android Authority<\/a>.<\/span> \ud83d\ude80<\/p>\n<hr data-start=\"1190\" data-end=\"1193\" \/>\n<p data-start=\"1195\" data-end=\"1352\">\ud83d\udc49 Pogledajte sve mobilne hladnjake u EMiiR shopu i prona\u0111ite savr\u0161en dodatak za sebe ili kao poklon!<\/p>","protected":false},"excerpt":{"rendered":"<p> [&hellip;]<\/p>","protected":false},"featured_media":5882,"comment_status":"open","ping_status":"closed","template":"","meta":{"jetpack_post_was_ever_published":false,"jetpack_publicize_message":"","jetpack_publicize_feature_enabled":true,"jetpack_social_post_already_shared":false,"jetpack_social_options":{"image_generator_settings":{"template":"highway","default_image_id":0,"font":"","enabled":false},"version":2}},"product_brand":[],"product_cat":[117],"product_tag":[],"class_list":{"0":"post-5220","1":"product","2":"type-product","3":"status-publish","4":"has-post-thumbnail","6":"product_cat-hladnjaci-za-mobilni-gaming","8":"first","9":"instock","10":"sale","11":"shipping-taxable","12":"purchasable","13":"product-type-simple"},"yoast_head":"<!-- This site is optimized with the Yoast SEO plugin v27.4 - https:\/\/yoast.com\/product\/yoast-seo-wordpress\/ -->\n<title>Univerzalni Hladnjak FLA4 \u2013 cooler za telefon | EMiiR<\/title>\n<meta name=\"description\" content=\"Univerzalni Hladnjak FLA4 pru\u017ea brzo i efikasno hla\u0111enje mobilnih ure\u0111aja. Idealan za gejmere i korisnike koji \u017eele bolje performanse.\" \/>\n<meta name=\"robots\" content=\"index, follow, max-snippet:-1, max-image-preview:large, max-video-preview:-1\" \/>\n<link rel=\"canonical\" href=\"https:\/\/emiir.ba\/en\/product\/univerzalni-hladnjak-fla4\/\" \/>\n<meta property=\"og:locale\" content=\"en_US\" \/>\n<meta property=\"og:type\" content=\"article\" \/>\n<meta property=\"og:title\" content=\"Univerzalni Hladnjak FLA4 \u2013 cooler za telefon | EMiiR\" \/>\n<meta property=\"og:description\" content=\"Univerzalni Hladnjak FLA4 pru\u017ea brzo i efikasno hla\u0111enje mobilnih ure\u0111aja. Idealan za gejmere i korisnike koji \u017eele bolje performanse.\" \/>\n<meta property=\"og:url\" content=\"https:\/\/emiir.ba\/en\/product\/univerzalni-hladnjak-fla4\/\" \/>\n<meta property=\"og:site_name\" content=\"EMiiR\" \/>\n<meta property=\"article:modified_time\" content=\"2026-04-02T14:19:45+00:00\" \/>\n<meta property=\"og:image\" content=\"https:\/\/emiir.ba\/wp-content\/uploads\/2023\/10\/222-1.png\" \/>\n\t<meta property=\"og:image:width\" content=\"1000\" \/>\n\t<meta property=\"og:image:height\" content=\"1000\" \/>\n\t<meta property=\"og:image:type\" content=\"image\/png\" \/>\n<meta name=\"twitter:card\" content=\"summary_large_image\" \/>\n<meta name=\"twitter:label1\" content=\"Est. reading time\" \/>\n\t<meta name=\"twitter:data1\" content=\"2 minutes\" \/>\n<script type=\"application\/ld+json\" class=\"yoast-schema-graph\">{\"@context\":\"https:\\\/\\\/schema.org\",\"@graph\":[{\"@type\":\"WebPage\",\"@id\":\"https:\\\/\\\/emiir.ba\\\/product\\\/univerzalni-hladnjak-fla4\\\/\",\"url\":\"https:\\\/\\\/emiir.ba\\\/product\\\/univerzalni-hladnjak-fla4\\\/\",\"name\":\"Univerzalni Hladnjak FLA4 \u2013 cooler za telefon | EMiiR\",\"isPartOf\":{\"@id\":\"https:\\\/\\\/emiir.ba\\\/#website\"},\"primaryImageOfPage\":{\"@id\":\"https:\\\/\\\/emiir.ba\\\/product\\\/univerzalni-hladnjak-fla4\\\/#primaryimage\"},\"image\":{\"@id\":\"https:\\\/\\\/emiir.ba\\\/product\\\/univerzalni-hladnjak-fla4\\\/#primaryimage\"},\"thumbnailUrl\":\"https:\\\/\\\/emiir.ba\\\/wp-content\\\/uploads\\\/2023\\\/10\\\/222-1.png\",\"datePublished\":\"2023-10-29T00:55:12+00:00\",\"dateModified\":\"2026-04-02T14:19:45+00:00\",\"description\":\"Univerzalni Hladnjak FLA4 pru\u017ea brzo i efikasno hla\u0111enje mobilnih ure\u0111aja. Idealan za gejmere i korisnike koji \u017eele bolje performanse.\",\"breadcrumb\":{\"@id\":\"https:\\\/\\\/emiir.ba\\\/product\\\/univerzalni-hladnjak-fla4\\\/#breadcrumb\"},\"inLanguage\":\"en-US\",\"potentialAction\":[{\"@type\":\"ReadAction\",\"target\":[\"https:\\\/\\\/emiir.ba\\\/product\\\/univerzalni-hladnjak-fla4\\\/\"]}]},{\"@type\":\"ImageObject\",\"inLanguage\":\"en-US\",\"@id\":\"https:\\\/\\\/emiir.ba\\\/product\\\/univerzalni-hladnjak-fla4\\\/#primaryimage\",\"url\":\"https:\\\/\\\/emiir.ba\\\/wp-content\\\/uploads\\\/2023\\\/10\\\/222-1.png\",\"contentUrl\":\"https:\\\/\\\/emiir.ba\\\/wp-content\\\/uploads\\\/2023\\\/10\\\/222-1.png\",\"width\":1000,\"height\":1000,\"caption\":\"Prakti\u010dni hladnjak FLA4 za efikasno hla\u0111enje mobilnih ure\u0111aja, idealan za gejmere i korisnike koji cijene funkcionalnost.\"},{\"@type\":\"BreadcrumbList\",\"@id\":\"https:\\\/\\\/emiir.ba\\\/product\\\/univerzalni-hladnjak-fla4\\\/#breadcrumb\",\"itemListElement\":[{\"@type\":\"ListItem\",\"position\":1,\"name\":\"Home\",\"item\":\"https:\\\/\\\/emiir.ba\\\/\"},{\"@type\":\"ListItem\",\"position\":2,\"name\":\"Shop\",\"item\":\"https:\\\/\\\/emiir.ba\\\/emiir-ba-mobilni-gaming-shop\\\/\"},{\"@type\":\"ListItem\",\"position\":3,\"name\":\"Univerzalni Hladnjak Za Mobilni Telefon FLA4\"}]},{\"@type\":\"WebSite\",\"@id\":\"https:\\\/\\\/emiir.ba\\\/#website\",\"url\":\"https:\\\/\\\/emiir.ba\\\/\",\"name\":\"EMiiR\",\"description\":\"\",\"potentialAction\":[{\"@type\":\"SearchAction\",\"target\":{\"@type\":\"EntryPoint\",\"urlTemplate\":\"https:\\\/\\\/emiir.ba\\\/?s={search_term_string}\"},\"query-input\":{\"@type\":\"PropertyValueSpecification\",\"valueRequired\":true,\"valueName\":\"search_term_string\"}}],\"inLanguage\":\"en-US\"}]}<\/script>\n<!-- \/ Yoast SEO plugin. -->","yoast_head_json":{"title":"Univerzalni Hladnjak FLA4 \u2013 cooler za telefon | EMiiR","description":"Univerzalni Hladnjak FLA4 pru\u017ea brzo i efikasno hla\u0111enje mobilnih ure\u0111aja. Idealan za gejmere i korisnike koji \u017eele bolje performanse.","robots":{"index":"index","follow":"follow","max-snippet":"max-snippet:-1","max-image-preview":"max-image-preview:large","max-video-preview":"max-video-preview:-1"},"canonical":"https:\/\/emiir.ba\/en\/product\/univerzalni-hladnjak-fla4\/","og_locale":"en_US","og_type":"article","og_title":"Univerzalni Hladnjak FLA4 \u2013 cooler za telefon | EMiiR","og_description":"Univerzalni Hladnjak FLA4 pru\u017ea brzo i efikasno hla\u0111enje mobilnih ure\u0111aja. Idealan za gejmere i korisnike koji \u017eele bolje performanse.","og_url":"https:\/\/emiir.ba\/en\/product\/univerzalni-hladnjak-fla4\/","og_site_name":"EMiiR","article_modified_time":"2026-04-02T14:19:45+00:00","og_image":[{"width":1000,"height":1000,"url":"https:\/\/emiir.ba\/wp-content\/uploads\/2023\/10\/222-1.png","type":"image\/png"}],"twitter_card":"summary_large_image","twitter_misc":{"Est. reading time":"2 minutes"},"schema":{"@context":"https:\/\/schema.org","@graph":[{"@type":"WebPage","@id":"https:\/\/emiir.ba\/product\/univerzalni-hladnjak-fla4\/","url":"https:\/\/emiir.ba\/product\/univerzalni-hladnjak-fla4\/","name":"Univerzalni Hladnjak FLA4 \u2013 cooler za telefon | EMiiR","isPartOf":{"@id":"https:\/\/emiir.ba\/#website"},"primaryImageOfPage":{"@id":"https:\/\/emiir.ba\/product\/univerzalni-hladnjak-fla4\/#primaryimage"},"image":{"@id":"https:\/\/emiir.ba\/product\/univerzalni-hladnjak-fla4\/#primaryimage"},"thumbnailUrl":"https:\/\/emiir.ba\/wp-content\/uploads\/2023\/10\/222-1.png","datePublished":"2023-10-29T00:55:12+00:00","dateModified":"2026-04-02T14:19:45+00:00","description":"Univerzalni Hladnjak FLA4 pru\u017ea brzo i efikasno hla\u0111enje mobilnih ure\u0111aja. Idealan za gejmere i korisnike koji \u017eele bolje performanse.","breadcrumb":{"@id":"https:\/\/emiir.ba\/product\/univerzalni-hladnjak-fla4\/#breadcrumb"},"inLanguage":"en-US","potentialAction":[{"@type":"ReadAction","target":["https:\/\/emiir.ba\/product\/univerzalni-hladnjak-fla4\/"]}]},{"@type":"ImageObject","inLanguage":"en-US","@id":"https:\/\/emiir.ba\/product\/univerzalni-hladnjak-fla4\/#primaryimage","url":"https:\/\/emiir.ba\/wp-content\/uploads\/2023\/10\/222-1.png","contentUrl":"https:\/\/emiir.ba\/wp-content\/uploads\/2023\/10\/222-1.png","width":1000,"height":1000,"caption":"Prakti\u010dni hladnjak FLA4 za efikasno hla\u0111enje mobilnih ure\u0111aja, idealan za gejmere i korisnike koji cijene funkcionalnost."},{"@type":"BreadcrumbList","@id":"https:\/\/emiir.ba\/product\/univerzalni-hladnjak-fla4\/#breadcrumb","itemListElement":[{"@type":"ListItem","position":1,"name":"Home","item":"https:\/\/emiir.ba\/"},{"@type":"ListItem","position":2,"name":"Shop","item":"https:\/\/emiir.ba\/emiir-ba-mobilni-gaming-shop\/"},{"@type":"ListItem","position":3,"name":"Univerzalni Hladnjak Za Mobilni Telefon FLA4"}]},{"@type":"WebSite","@id":"https:\/\/emiir.ba\/#website","url":"https:\/\/emiir.ba\/","name":"EMiiR","description":"","potentialAction":[{"@type":"SearchAction","target":{"@type":"EntryPoint","urlTemplate":"https:\/\/emiir.ba\/?s={search_term_string}"},"query-input":{"@type":"PropertyValueSpecification","valueRequired":true,"valueName":"search_term_string"}}],"inLanguage":"en-US"}]}},"jetpack_publicize_connections":[],"jetpack-related-posts":[{"id":5014,"url":"https:\/\/emiir.ba\/en\/product\/univerzalni-hladnjak-cx01\/","url_meta":{"origin":5220,"position":0},"title":"Univerzalni Hladnjak Za Mobilni Telefon CX01","author":"admin","date":"October 28, 2023","format":false,"excerpt":"","rel":"","context":"With 2 comments","block_context":{"text":"With 2 comments","link":"https:\/\/emiir.ba\/en\/product\/univerzalni-hladnjak-cx01\/#comments"},"img":{"alt_text":"Univerzalni Hladnjak CX01 za mobilne ure\u0111aje","src":"https:\/\/i0.wp.com\/emiir.ba\/wp-content\/uploads\/2023\/10\/cx01.png?resize=350%2C200&ssl=1","width":350,"height":200,"srcset":"https:\/\/i0.wp.com\/emiir.ba\/wp-content\/uploads\/2023\/10\/cx01.png?resize=350%2C200&ssl=1 1x, https:\/\/i0.wp.com\/emiir.ba\/wp-content\/uploads\/2023\/10\/cx01.png?resize=525%2C300&ssl=1 1.5x, https:\/\/i0.wp.com\/emiir.ba\/wp-content\/uploads\/2023\/10\/cx01.png?resize=700%2C400&ssl=1 2x"},"classes":[]},{"id":5207,"url":"https:\/\/emiir.ba\/en\/product\/univerzalni-hladnjak-flo5\/","url_meta":{"origin":5220,"position":1},"title":"Univerzalni Hladnjak Za Mobilni Telefon FLO5","author":"admin","date":"October 29, 2023","format":false,"excerpt":"","rel":"","context":"Similar post","block_context":{"text":"Similar post","link":""},"img":{"alt_text":"Univerzalni Hladnjak FLO5 za mobilne ure\u0111aje","src":"https:\/\/i0.wp.com\/emiir.ba\/wp-content\/uploads\/2023\/10\/2-3.jpg?resize=350%2C200&ssl=1","width":350,"height":200,"srcset":"https:\/\/i0.wp.com\/emiir.ba\/wp-content\/uploads\/2023\/10\/2-3.jpg?resize=350%2C200&ssl=1 1x, https:\/\/i0.wp.com\/emiir.ba\/wp-content\/uploads\/2023\/10\/2-3.jpg?resize=525%2C300&ssl=1 1.5x, https:\/\/i0.wp.com\/emiir.ba\/wp-content\/uploads\/2023\/10\/2-3.jpg?resize=700%2C400&ssl=1 2x"},"classes":[]},{"id":5133,"url":"https:\/\/emiir.ba\/en\/product\/univerzalni-hladnjak-dl06\/","url_meta":{"origin":5220,"position":2},"title":"Univerzalni Hladnjak Za Mobilni Telefon DL06","author":"admin","date":"October 29, 2023","format":false,"excerpt":"","rel":"","context":"Similar post","block_context":{"text":"Similar post","link":""},"img":{"alt_text":"Univerzalni Hladnjak DL06 za mobilne ure\u0111aje","src":"https:\/\/i0.wp.com\/emiir.ba\/wp-content\/uploads\/2023\/10\/234.png?resize=350%2C200&ssl=1","width":350,"height":200,"srcset":"https:\/\/i0.wp.com\/emiir.ba\/wp-content\/uploads\/2023\/10\/234.png?resize=350%2C200&ssl=1 1x, https:\/\/i0.wp.com\/emiir.ba\/wp-content\/uploads\/2023\/10\/234.png?resize=525%2C300&ssl=1 1.5x, https:\/\/i0.wp.com\/emiir.ba\/wp-content\/uploads\/2023\/10\/234.png?resize=700%2C400&ssl=1 2x"},"classes":[]},{"id":5088,"url":"https:\/\/emiir.ba\/en\/product\/univerzalni-hladnjak-dl06-2\/","url_meta":{"origin":5220,"position":3},"title":"Univerzalni Hladnjak Za Mobilni Telefon DL05","author":"admin","date":"October 28, 2023","format":false,"excerpt":"","rel":"","context":"Similar post","block_context":{"text":"Similar post","link":""},"img":{"alt_text":"Univerzalni Hladnjak DL06 za mobilne ure\u0111aje","src":"https:\/\/i0.wp.com\/emiir.ba\/wp-content\/uploads\/2023\/10\/kuler-scaled.png?resize=350%2C200&ssl=1","width":350,"height":200,"srcset":"https:\/\/i0.wp.com\/emiir.ba\/wp-content\/uploads\/2023\/10\/kuler-scaled.png?resize=350%2C200&ssl=1 1x, https:\/\/i0.wp.com\/emiir.ba\/wp-content\/uploads\/2023\/10\/kuler-scaled.png?resize=525%2C300&ssl=1 1.5x, https:\/\/i0.wp.com\/emiir.ba\/wp-content\/uploads\/2023\/10\/kuler-scaled.png?resize=700%2C400&ssl=1 2x, https:\/\/i0.wp.com\/emiir.ba\/wp-content\/uploads\/2023\/10\/kuler-scaled.png?resize=1050%2C600&ssl=1 3x, https:\/\/i0.wp.com\/emiir.ba\/wp-content\/uploads\/2023\/10\/kuler-scaled.png?resize=1400%2C800&ssl=1 4x"},"classes":[]},{"id":5197,"url":"https:\/\/emiir.ba\/en\/product\/univerzalni-hladnjak-dla7\/","url_meta":{"origin":5220,"position":4},"title":"Univerzalni Hladnjak Za Mobilni Telefon DLA7","author":"admin","date":"October 29, 2023","format":false,"excerpt":"","rel":"","context":"Similar post","block_context":{"text":"Similar post","link":""},"img":{"alt_text":"Univerzalni Hladnjak DLA7 za mobilne ure\u0111aje","src":"https:\/\/i0.wp.com\/emiir.ba\/wp-content\/uploads\/2023\/10\/11-1.png?resize=350%2C200&ssl=1","width":350,"height":200,"srcset":"https:\/\/i0.wp.com\/emiir.ba\/wp-content\/uploads\/2023\/10\/11-1.png?resize=350%2C200&ssl=1 1x, https:\/\/i0.wp.com\/emiir.ba\/wp-content\/uploads\/2023\/10\/11-1.png?resize=525%2C300&ssl=1 1.5x, https:\/\/i0.wp.com\/emiir.ba\/wp-content\/uploads\/2023\/10\/11-1.png?resize=700%2C400&ssl=1 2x"},"classes":[]},{"id":5185,"url":"https:\/\/emiir.ba\/en\/product\/univerzalni-hladnjak-dla6\/","url_meta":{"origin":5220,"position":5},"title":"Univerzalni Hladnjak Za Mobilni Telefon DLA6","author":"admin","date":"October 29, 2023","format":false,"excerpt":"","rel":"","context":"Similar post","block_context":{"text":"Similar post","link":""},"img":{"alt_text":"Univerzalni Hladnjak DLA6 za mobilne ure\u0111aje","src":"https:\/\/i0.wp.com\/emiir.ba\/wp-content\/uploads\/2023\/10\/1-4.png?resize=350%2C200&ssl=1","width":350,"height":200,"srcset":"https:\/\/i0.wp.com\/emiir.ba\/wp-content\/uploads\/2023\/10\/1-4.png?resize=350%2C200&ssl=1 1x, https:\/\/i0.wp.com\/emiir.ba\/wp-content\/uploads\/2023\/10\/1-4.png?resize=525%2C300&ssl=1 1.5x, https:\/\/i0.wp.com\/emiir.ba\/wp-content\/uploads\/2023\/10\/1-4.png?resize=700%2C400&ssl=1 2x"},"classes":[]}],"jetpack_sharing_enabled":true,"jetpack_likes_enabled":true,"_links":{"self":[{"href":"https:\/\/emiir.ba\/en\/wp-json\/wp\/v2\/product\/5220","targetHints":{"allow":["GET"]}}],"collection":[{"href":"https:\/\/emiir.ba\/en\/wp-json\/wp\/v2\/product"}],"about":[{"href":"https:\/\/emiir.ba\/en\/wp-json\/wp\/v2\/types\/product"}],"replies":[{"embeddable":true,"href":"https:\/\/emiir.ba\/en\/wp-json\/wp\/v2\/comments?post=5220"}],"wp:featuredmedia":[{"embeddable":true,"href":"https:\/\/emiir.ba\/en\/wp-json\/wp\/v2\/media\/5882"}],"wp:attachment":[{"href":"https:\/\/emiir.ba\/en\/wp-json\/wp\/v2\/media?parent=5220"}],"wp:term":[{"taxonomy":"product_brand","embeddable":true,"href":"https:\/\/emiir.ba\/en\/wp-json\/wp\/v2\/product_brand?post=5220"},{"taxonomy":"product_cat","embeddable":true,"href":"https:\/\/emiir.ba\/en\/wp-json\/wp\/v2\/product_cat?post=5220"},{"taxonomy":"product_tag","embeddable":true,"href":"https:\/\/emiir.ba\/en\/wp-json\/wp\/v2\/product_tag?post=5220"}],"curies":[{"name":"wp","href":"https:\/\/api.w.org\/{rel}","templated":true}]}}