{"id":5733,"date":"2024-01-20T17:07:27","date_gmt":"2024-01-20T17:07:27","guid":{"rendered":"https:\/\/emiir.ba\/?post_type=product&#038;p=5733"},"modified":"2026-02-01T16:32:32","modified_gmt":"2026-02-01T16:32:32","slug":"joystick-ak66","status":"publish","type":"product","link":"https:\/\/emiir.ba\/en\/product\/joystick-ak66\/","title":{"rendered":"Gamepad kontroler shooter trigger za mobilni telefon AK66"},"content":{"rendered":"<h2 data-start=\"81\" data-end=\"160\">\ud83c\udfae <strong data-start=\"87\" data-end=\"160\">Joystick AK66 \u2013 mobilni gejming kontroler za \u0161estoprstnu igru | EMiiR<\/strong><\/h2>\n<hr data-start=\"162\" data-end=\"165\" \/>\n<p data-start=\"167\" data-end=\"281\"><span class=\"relative -mx-px my-[-0.2rem] rounded px-px py-[0.2rem] transition-colors duration-100 ease-in-out\"><strong data-start=\"0\" data-end=\"17\" data-is-only-node=\"\">Joystick AK66<\/strong> je napredni mobilni gejming kontroler dizajniran za igre poput PUBG, COD Mobile i sli\u010dne.<\/span> <span class=\"relative -mx-px my-[-0.2rem] rounded px-px py-[0.2rem] transition-colors duration-100 ease-in-out\">Omogu\u0107ava kori\u0161tenje \u0161est prstiju istovremeno, pru\u017eaju\u0107i igra\u010dima prednost u brzini reakcije i preciznosti.<\/span><\/p>\n<p data-start=\"283\" data-end=\"401\"><span class=\"relative -mx-px my-[-0.2rem] rounded px-px py-[0.2rem] transition-colors duration-100 ease-in-out\">Ergonomski dizajn i visokokvalitetni materijali osiguravaju udobnost tokom dugih sesija igranja.<\/span> <span class=\"relative -mx-px my-[-0.2rem] rounded px-px py-[0.2rem] transition-colors duration-100 ease-in-out\">Kompaktan je i lagan, \u0161to ga \u010dini idealnim za no\u0161enje i kori\u0161tenje u pokretu.<\/span><\/p>\n<p data-start=\"403\" data-end=\"481\"><span class=\"relative -mx-px my-[-0.2rem] rounded px-px py-[0.2rem] transition-colors duration-100 ease-in-out\">Kompatibilan je s ve\u0107inom modernih pametnih telefona, uklju\u010duju\u0107i iPhone, Samsung i Android ure\u0111aje.<\/span><\/p>\n<hr data-start=\"483\" data-end=\"486\" \/>\n<h3 data-start=\"488\" data-end=\"521\">\ud83d\udd27 <strong data-start=\"495\" data-end=\"521\">Tehni\u010dke specifikacije<\/strong><\/h3>\n<ul data-start=\"522\" data-end=\"864\">\n<li data-start=\"522\" data-end=\"539\">\n<p data-start=\"524\" data-end=\"539\"><strong data-start=\"524\" data-end=\"534\">Model:<\/strong> AK66<\/p>\n<\/li>\n<li data-start=\"540\" data-end=\"596\">\n<p data-start=\"542\" data-end=\"596\"><strong data-start=\"542\" data-end=\"556\">Materijal:<\/strong> <span class=\"relative -mx-px my-[-0.2rem] rounded px-px py-[0.2rem] transition-colors duration-100 ease-in-out\">ABS plastika<\/span><\/p>\n<\/li>\n<li data-start=\"597\" data-end=\"650\">\n<p data-start=\"599\" data-end=\"650\"><strong data-start=\"599\" data-end=\"610\">Te\u017eina:<\/strong> <span class=\"relative -mx-px my-[-0.2rem] rounded px-px py-[0.2rem] transition-colors duration-100 ease-in-out\">150 g<\/span><\/p>\n<\/li>\n<li data-start=\"651\" data-end=\"707\">\n<p data-start=\"653\" data-end=\"707\"><strong data-start=\"653\" data-end=\"667\">Dimenzije:<\/strong> <span class=\"relative -mx-px my-[-0.2rem] rounded px-px py-[0.2rem] transition-colors duration-100 ease-in-out\">14 cm x 10.6 cm x 2.7 cm<\/span><\/p>\n<\/li>\n<li data-start=\"708\" data-end=\"769\">\n<p data-start=\"710\" data-end=\"769\"><strong data-start=\"710\" data-end=\"729\">Kompatibilnost:<\/strong> <span class=\"relative -mx-px my-[-0.2rem] rounded px-px py-[0.2rem] transition-colors duration-100 ease-in-out\">iOS i Android ure\u0111aji veli\u010dine 4.7\u201d\u20136.5\u201d<\/span><\/p>\n<\/li>\n<li data-start=\"770\" data-end=\"864\">\n<p data-start=\"772\" data-end=\"864\"><strong data-start=\"772\" data-end=\"785\">Funkcija:<\/strong> <span class=\"relative -mx-px my-[-0.2rem] rounded px-px py-[0.2rem] transition-colors duration-100 ease-in-out\">mobilni gejming kontroler s mogu\u0107no\u0161\u0107u kori\u0161tenja \u0161est.<\/span><\/p>\n<\/li>\n<\/ul>\n<hr data-start=\"866\" data-end=\"869\" \/>\n<h3 data-start=\"871\" data-end=\"903\">\u2b50 <strong data-start=\"877\" data-end=\"903\">Prednosti ovog dodatka<\/strong><\/h3>\n<ul data-start=\"904\" data-end=\"1162\">\n<li data-start=\"904\" data-end=\"947\">\n<p data-start=\"906\" data-end=\"947\">\u2705 <span class=\"relative -mx-px my-[-0.2rem] rounded px-px py-[0.2rem] transition-colors duration-100 ease-in-out\">Omogu\u0107ava kori\u0161tenje \u0161est prstiju za ve\u0107u kontrolu<\/span><\/p>\n<\/li>\n<li data-start=\"948\" data-end=\"991\">\n<p data-start=\"950\" data-end=\"991\">\u2705 <span class=\"relative -mx-px my-[-0.2rem] rounded px-px py-[0.2rem] transition-colors duration-100 ease-in-out\">Pobolj\u0161ava preciznost i brzinu reakcije<\/span><\/p>\n<\/li>\n<li data-start=\"992\" data-end=\"1035\">\n<p data-start=\"994\" data-end=\"1035\">\u2705 <span class=\"relative -mx-px my-[-0.2rem] rounded px-px py-[0.2rem] transition-colors duration-100 ease-in-out\">Ergonomski dizajn za udobno kori\u0161tenje<\/span><\/p>\n<\/li>\n<li data-start=\"1036\" data-end=\"1079\">\n<p data-start=\"1038\" data-end=\"1079\">\u2705 <span class=\"relative -mx-px my-[-0.2rem] rounded px-px py-[0.2rem] transition-colors duration-100 ease-in-out\">Kompaktan i lagan za no\u0161enje<\/span><\/p>\n<\/li>\n<li data-start=\"1080\" data-end=\"1162\">\n<p data-start=\"1082\" data-end=\"1162\">\u2705 <span class=\"relative -mx-px my-[-0.2rem] rounded px-px py-[0.2rem] transition-colors duration-100 ease-in-out\">Kompatibilan s ve\u0107inom modernih pametnih telefona<\/span><\/p>\n<\/li>\n<\/ul>\n<p data-start=\"1164\" data-end=\"1245\"><span class=\"relative -mx-px my-[-0.2rem] rounded px-px py-[0.2rem] transition-colors duration-100 ease-in-out\">Za vi\u0161e informacija o gejming kontrolerima i kako mogu pobolj\u0161ati va\u0161e iskustvo, posjetite <a href=\"https:\/\/www.androidauthority.com\/best-phone-cooling-fans-3158591\/\" target=\"_new\" rel=\"noopener noreferrer\" data-start=\"91\" data-end=\"177\">Android Authority<\/a>.<\/span> \ud83d\ude80<\/p>\n<hr data-start=\"1247\" data-end=\"1250\" \/>\n<p data-start=\"1252\" data-end=\"1392\">\ud83d\udc49 Pogledajte sve <a class=\"cursor-pointer\" target=\"_new\" rel=\"noopener\" data-start=\"1270\" data-end=\"1326\">joysticke<\/a> u EMiiR shopu i prona\u0111ite savr\u0161en dodatak za sebe ili kao poklon!<\/p>","protected":false},"excerpt":{"rendered":"<div style=\"width: 1080px;\" class=\"wp-video\"><video class=\"wp-video-shortcode\" id=\"video-5733-1\" width=\"1080\" height=\"1440\" preload=\"metadata\" controls=\"controls\"><source type=\"video\/mp4\" src=\"https:\/\/emiir.ba\/wp-content\/uploads\/2024\/01\/AK66-45s.mp4?_=1\" \/><a href=\"https:\/\/emiir.ba\/wp-content\/uploads\/2024\/01\/AK66-45s.mp4\">https:\/\/emiir.ba\/wp-content\/uploads\/2024\/01\/AK66-45s.mp4<\/a><\/video><\/div>","protected":false},"featured_media":5734,"comment_status":"open","ping_status":"closed","template":"","meta":{"jetpack_post_was_ever_published":false,"jetpack_publicize_message":"","jetpack_publicize_feature_enabled":true,"jetpack_social_post_already_shared":false,"jetpack_social_options":{"image_generator_settings":{"template":"highway","default_image_id":0,"font":"","enabled":false},"version":2}},"product_brand":[],"product_cat":[118],"product_tag":[],"class_list":{"0":"post-5733","1":"product","2":"type-product","3":"status-publish","4":"has-post-thumbnail","6":"product_cat-trigeri-za-mobilni-gaming","8":"first","9":"instock","10":"shipping-taxable","11":"purchasable","12":"product-type-simple"},"yoast_head":"<!-- This site is optimized with the Yoast SEO plugin v27.4 - https:\/\/yoast.com\/product\/yoast-seo-wordpress\/ -->\n<title>Joystick AK66 \u2013 mobilni gejming kontroler za \u0161estoprstnu igru | EMiiR<\/title>\n<meta name=\"description\" content=\"Joystick AK66: mobilni gejming kontroler koji omogu\u0107ava kori\u0161tenje \u0161est prstiju za ve\u0107u kontrolu i preciznost tokom igranja.\" \/>\n<meta name=\"robots\" content=\"index, follow, max-snippet:-1, max-image-preview:large, max-video-preview:-1\" \/>\n<link rel=\"canonical\" href=\"https:\/\/emiir.ba\/en\/product\/joystick-ak66\/\" \/>\n<meta property=\"og:locale\" content=\"en_US\" \/>\n<meta property=\"og:type\" content=\"article\" \/>\n<meta property=\"og:title\" content=\"Joystick AK66 \u2013 mobilni gejming kontroler za \u0161estoprstnu igru | EMiiR\" \/>\n<meta property=\"og:description\" content=\"Joystick AK66: mobilni gejming kontroler koji omogu\u0107ava kori\u0161tenje \u0161est prstiju za ve\u0107u kontrolu i preciznost tokom igranja.\" \/>\n<meta property=\"og:url\" content=\"https:\/\/emiir.ba\/en\/product\/joystick-ak66\/\" \/>\n<meta property=\"og:site_name\" content=\"EMiiR\" \/>\n<meta property=\"article:modified_time\" content=\"2026-02-01T16:32:32+00:00\" \/>\n<meta property=\"og:image\" content=\"https:\/\/emiir.ba\/wp-content\/uploads\/2024\/01\/AK66-25.png\" \/>\n\t<meta property=\"og:image:width\" content=\"800\" \/>\n\t<meta property=\"og:image:height\" content=\"800\" \/>\n\t<meta property=\"og:image:type\" content=\"image\/png\" \/>\n<meta name=\"twitter:card\" content=\"summary_large_image\" \/>\n<meta name=\"twitter:label1\" content=\"Est. reading time\" \/>\n\t<meta name=\"twitter:data1\" content=\"2 minutes\" \/>\n<script type=\"application\/ld+json\" class=\"yoast-schema-graph\">{\"@context\":\"https:\\\/\\\/schema.org\",\"@graph\":[{\"@type\":\"WebPage\",\"@id\":\"https:\\\/\\\/emiir.ba\\\/product\\\/joystick-ak66\\\/\",\"url\":\"https:\\\/\\\/emiir.ba\\\/product\\\/joystick-ak66\\\/\",\"name\":\"Joystick AK66 \u2013 mobilni gejming kontroler za \u0161estoprstnu igru | EMiiR\",\"isPartOf\":{\"@id\":\"https:\\\/\\\/emiir.ba\\\/#website\"},\"primaryImageOfPage\":{\"@id\":\"https:\\\/\\\/emiir.ba\\\/product\\\/joystick-ak66\\\/#primaryimage\"},\"image\":{\"@id\":\"https:\\\/\\\/emiir.ba\\\/product\\\/joystick-ak66\\\/#primaryimage\"},\"thumbnailUrl\":\"https:\\\/\\\/emiir.ba\\\/wp-content\\\/uploads\\\/2024\\\/01\\\/AK66-25.png\",\"datePublished\":\"2024-01-20T17:07:27+00:00\",\"dateModified\":\"2026-02-01T16:32:32+00:00\",\"description\":\"Joystick AK66: mobilni gejming kontroler koji omogu\u0107ava kori\u0161tenje \u0161est prstiju za ve\u0107u kontrolu i preciznost tokom igranja.\",\"breadcrumb\":{\"@id\":\"https:\\\/\\\/emiir.ba\\\/product\\\/joystick-ak66\\\/#breadcrumb\"},\"inLanguage\":\"en-US\",\"potentialAction\":[{\"@type\":\"ReadAction\",\"target\":[\"https:\\\/\\\/emiir.ba\\\/product\\\/joystick-ak66\\\/\"]}]},{\"@type\":\"ImageObject\",\"inLanguage\":\"en-US\",\"@id\":\"https:\\\/\\\/emiir.ba\\\/product\\\/joystick-ak66\\\/#primaryimage\",\"url\":\"https:\\\/\\\/emiir.ba\\\/wp-content\\\/uploads\\\/2024\\\/01\\\/AK66-25.png\",\"contentUrl\":\"https:\\\/\\\/emiir.ba\\\/wp-content\\\/uploads\\\/2024\\\/01\\\/AK66-25.png\",\"width\":800,\"height\":800,\"caption\":\"Joystick AK66 pru\u017ea pobolj\u0161anu kontrolu i preciznost tokom mobilnog igranja.\"},{\"@type\":\"BreadcrumbList\",\"@id\":\"https:\\\/\\\/emiir.ba\\\/product\\\/joystick-ak66\\\/#breadcrumb\",\"itemListElement\":[{\"@type\":\"ListItem\",\"position\":1,\"name\":\"Home\",\"item\":\"https:\\\/\\\/emiir.ba\\\/\"},{\"@type\":\"ListItem\",\"position\":2,\"name\":\"Shop\",\"item\":\"https:\\\/\\\/emiir.ba\\\/emiir-ba-mobilni-gaming-shop\\\/\"},{\"@type\":\"ListItem\",\"position\":3,\"name\":\"Gamepad kontroler shooter trigger za mobilni telefon AK66\"}]},{\"@type\":\"WebSite\",\"@id\":\"https:\\\/\\\/emiir.ba\\\/#website\",\"url\":\"https:\\\/\\\/emiir.ba\\\/\",\"name\":\"EMiiR\",\"description\":\"\",\"potentialAction\":[{\"@type\":\"SearchAction\",\"target\":{\"@type\":\"EntryPoint\",\"urlTemplate\":\"https:\\\/\\\/emiir.ba\\\/?s={search_term_string}\"},\"query-input\":{\"@type\":\"PropertyValueSpecification\",\"valueRequired\":true,\"valueName\":\"search_term_string\"}}],\"inLanguage\":\"en-US\"}]}<\/script>\n<!-- \/ Yoast SEO plugin. -->","yoast_head_json":{"title":"Joystick AK66 \u2013 mobilni gejming kontroler za \u0161estoprstnu igru | EMiiR","description":"Joystick AK66: mobilni gejming kontroler koji omogu\u0107ava kori\u0161tenje \u0161est prstiju za ve\u0107u kontrolu i preciznost tokom igranja.","robots":{"index":"index","follow":"follow","max-snippet":"max-snippet:-1","max-image-preview":"max-image-preview:large","max-video-preview":"max-video-preview:-1"},"canonical":"https:\/\/emiir.ba\/en\/product\/joystick-ak66\/","og_locale":"en_US","og_type":"article","og_title":"Joystick AK66 \u2013 mobilni gejming kontroler za \u0161estoprstnu igru | EMiiR","og_description":"Joystick AK66: mobilni gejming kontroler koji omogu\u0107ava kori\u0161tenje \u0161est prstiju za ve\u0107u kontrolu i preciznost tokom igranja.","og_url":"https:\/\/emiir.ba\/en\/product\/joystick-ak66\/","og_site_name":"EMiiR","article_modified_time":"2026-02-01T16:32:32+00:00","og_image":[{"width":800,"height":800,"url":"https:\/\/emiir.ba\/wp-content\/uploads\/2024\/01\/AK66-25.png","type":"image\/png"}],"twitter_card":"summary_large_image","twitter_misc":{"Est. reading time":"2 minutes"},"schema":{"@context":"https:\/\/schema.org","@graph":[{"@type":"WebPage","@id":"https:\/\/emiir.ba\/product\/joystick-ak66\/","url":"https:\/\/emiir.ba\/product\/joystick-ak66\/","name":"Joystick AK66 \u2013 mobilni gejming kontroler za \u0161estoprstnu igru | EMiiR","isPartOf":{"@id":"https:\/\/emiir.ba\/#website"},"primaryImageOfPage":{"@id":"https:\/\/emiir.ba\/product\/joystick-ak66\/#primaryimage"},"image":{"@id":"https:\/\/emiir.ba\/product\/joystick-ak66\/#primaryimage"},"thumbnailUrl":"https:\/\/emiir.ba\/wp-content\/uploads\/2024\/01\/AK66-25.png","datePublished":"2024-01-20T17:07:27+00:00","dateModified":"2026-02-01T16:32:32+00:00","description":"Joystick AK66: mobilni gejming kontroler koji omogu\u0107ava kori\u0161tenje \u0161est prstiju za ve\u0107u kontrolu i preciznost tokom igranja.","breadcrumb":{"@id":"https:\/\/emiir.ba\/product\/joystick-ak66\/#breadcrumb"},"inLanguage":"en-US","potentialAction":[{"@type":"ReadAction","target":["https:\/\/emiir.ba\/product\/joystick-ak66\/"]}]},{"@type":"ImageObject","inLanguage":"en-US","@id":"https:\/\/emiir.ba\/product\/joystick-ak66\/#primaryimage","url":"https:\/\/emiir.ba\/wp-content\/uploads\/2024\/01\/AK66-25.png","contentUrl":"https:\/\/emiir.ba\/wp-content\/uploads\/2024\/01\/AK66-25.png","width":800,"height":800,"caption":"Joystick AK66 pru\u017ea pobolj\u0161anu kontrolu i preciznost tokom mobilnog igranja."},{"@type":"BreadcrumbList","@id":"https:\/\/emiir.ba\/product\/joystick-ak66\/#breadcrumb","itemListElement":[{"@type":"ListItem","position":1,"name":"Home","item":"https:\/\/emiir.ba\/"},{"@type":"ListItem","position":2,"name":"Shop","item":"https:\/\/emiir.ba\/emiir-ba-mobilni-gaming-shop\/"},{"@type":"ListItem","position":3,"name":"Gamepad kontroler shooter trigger za mobilni telefon AK66"}]},{"@type":"WebSite","@id":"https:\/\/emiir.ba\/#website","url":"https:\/\/emiir.ba\/","name":"EMiiR","description":"","potentialAction":[{"@type":"SearchAction","target":{"@type":"EntryPoint","urlTemplate":"https:\/\/emiir.ba\/?s={search_term_string}"},"query-input":{"@type":"PropertyValueSpecification","valueRequired":true,"valueName":"search_term_string"}}],"inLanguage":"en-US"}]}},"jetpack_publicize_connections":[],"jetpack-related-posts":[{"id":5825,"url":"https:\/\/emiir.ba\/en\/product\/joystick-dl88\/","url_meta":{"origin":5733,"position":0},"title":"Gamepad kontroler shooter trigger za mobilni telefon DL88","author":"admin","date":"January 21, 2024","format":false,"excerpt":"","rel":"","context":"Similar post","block_context":{"text":"Similar post","link":""},"img":{"alt_text":"Joystick DL88 za mobilne ure\u0111aje","src":"https:\/\/i0.wp.com\/emiir.ba\/wp-content\/uploads\/2024\/01\/DL88-2.png?resize=350%2C200&ssl=1","width":350,"height":200,"srcset":"https:\/\/i0.wp.com\/emiir.ba\/wp-content\/uploads\/2024\/01\/DL88-2.png?resize=350%2C200&ssl=1 1x, https:\/\/i0.wp.com\/emiir.ba\/wp-content\/uploads\/2024\/01\/DL88-2.png?resize=525%2C300&ssl=1 1.5x, https:\/\/i0.wp.com\/emiir.ba\/wp-content\/uploads\/2024\/01\/DL88-2.png?resize=700%2C400&ssl=1 2x"},"classes":[]},{"id":7693,"url":"https:\/\/emiir.ba\/en\/product\/gamepad-kontroler-mb02\/","url_meta":{"origin":5733,"position":1},"title":"Gamepad kontroler shooter trigger za mobilni telefon ili ipad MB02","author":"admin","date":"June 22, 2024","format":false,"excerpt":"\ud83c\udfae Gamepad kontroler MB02 \u2013 Profesionalni mobilni shooter trigger | EMiiR Gamepad kontroler MB02 je idealan dodatak za sve mobilne gejmere koji \u017eele unaprijediti svoje performanse u igrama poput PUBG-a, Call of Duty Mobile i sli\u010dnih. Zahvaljuju\u0107i naprednoj tehnologiji i ergonomskom dizajnu, ovaj kontroler omogu\u0107ava precizno i brzo reagovanje tokom\u2026","rel":"","context":"Similar post","block_context":{"text":"Similar post","link":""},"img":{"alt_text":"Gamepad kontroler MB02 za mobilne ure\u0111aje","src":"https:\/\/i0.wp.com\/emiir.ba\/wp-content\/uploads\/2024\/06\/MB02.png?resize=350%2C200&ssl=1","width":350,"height":200,"srcset":"https:\/\/i0.wp.com\/emiir.ba\/wp-content\/uploads\/2024\/06\/MB02.png?resize=350%2C200&ssl=1 1x, https:\/\/i0.wp.com\/emiir.ba\/wp-content\/uploads\/2024\/06\/MB02.png?resize=525%2C300&ssl=1 1.5x"},"classes":[]},{"id":5032,"url":"https:\/\/emiir.ba\/en\/product\/gamepad-kontroler-shooter-trigger-za-mobilni-telefon-x1\/","url_meta":{"origin":5733,"position":2},"title":"Gamepad kontroler shooter trigger za mobilni telefon X1","author":"admin","date":"October 28, 2023","format":false,"excerpt":"\ud83c\udfae Gamepad kontroler shooter trigger za mobilni telefon X1 \u2013 preciznost i brzina za mobilne gejmere | EMiiR Gamepad kontroler shooter trigger za mobilni telefon X1 je dodatak koji omogu\u0107ava gejmerima da pobolj\u0161aju svoju preciznost i brzinu reakcije u igrama poput PUBG-a, Fortnite-a i Call of Duty-a. Ovaj triger osloba\u0111a\u2026","rel":"","context":"Similar post","block_context":{"text":"Similar post","link":""},"img":{"alt_text":"Gamepad kontroler shooter trigger za mobilne ure\u0111aje X1","src":"https:\/\/i0.wp.com\/emiir.ba\/wp-content\/uploads\/2023\/10\/trigeri.png?resize=350%2C200&ssl=1","width":350,"height":200,"srcset":"https:\/\/i0.wp.com\/emiir.ba\/wp-content\/uploads\/2023\/10\/trigeri.png?resize=350%2C200&ssl=1 1x, https:\/\/i0.wp.com\/emiir.ba\/wp-content\/uploads\/2023\/10\/trigeri.png?resize=525%2C300&ssl=1 1.5x, https:\/\/i0.wp.com\/emiir.ba\/wp-content\/uploads\/2023\/10\/trigeri.png?resize=700%2C400&ssl=1 2x"},"classes":[]},{"id":6161,"url":"https:\/\/emiir.ba\/en\/product\/triger-x7\/","url_meta":{"origin":5733,"position":3},"title":"Gamepad kontroler shooter trigger za mobilni telefon X7","author":"admin","date":"May 5, 2024","format":false,"excerpt":"\ud83c\udfae Triger X7 \u2013 napredni mobilni dodatak za precizno igranje | EMiiR Triger X7 je dizajniran za mobilne gejmere koji tra\u017ee vrhunski odziv i preciznost u igrama poput PUBG Mobile, Call of Duty Mobile i sli\u010dnih. Njegov ergonomski dizajn i mehani\u010dki tasteri omogu\u0107avaju brzo i ta\u010dno reagovanje, pru\u017eaju\u0107i vam konkurentsku\u2026","rel":"","context":"Similar post","block_context":{"text":"Similar post","link":""},"img":{"alt_text":"Triger X7 za precizno igranje na mobilnim ure\u0111ajima","src":"https:\/\/i0.wp.com\/emiir.ba\/wp-content\/uploads\/2024\/05\/1-1.webp?resize=350%2C200&ssl=1","width":350,"height":200,"srcset":"https:\/\/i0.wp.com\/emiir.ba\/wp-content\/uploads\/2024\/05\/1-1.webp?resize=350%2C200&ssl=1 1x, https:\/\/i0.wp.com\/emiir.ba\/wp-content\/uploads\/2024\/05\/1-1.webp?resize=525%2C300&ssl=1 1.5x, https:\/\/i0.wp.com\/emiir.ba\/wp-content\/uploads\/2024\/05\/1-1.webp?resize=700%2C400&ssl=1 2x"},"classes":[]},{"id":6148,"url":"https:\/\/emiir.ba\/en\/product\/triger-d9\/","url_meta":{"origin":5733,"position":4},"title":"Gamepad kontroler shooter trigger za mobilni telefon D9","author":"admin","date":"May 5, 2024","format":false,"excerpt":"\ud83c\udfae Triger D9 \u2013 mobilni gaming dodatak za precizno igranje | EMiiR Triger D9 je dodatak dizajniran za mobilne gejmere koji \u017eele pove\u0107ati preciznost i brzinu u omiljenim igrama poput PUBG Mobile, Call of Duty Mobile i sli\u010dnih. Njegov ergonomski dizajn i mehani\u010dki tasteri omogu\u0107avaju brzo i ta\u010dno reagovanje, pru\u017eaju\u0107i\u2026","rel":"","context":"Similar post","block_context":{"text":"Similar post","link":""},"img":{"alt_text":"Triger D9 za precizno igranje na mobilnim ure\u0111ajima","src":"https:\/\/i0.wp.com\/emiir.ba\/wp-content\/uploads\/2024\/05\/1-transparent.png?resize=350%2C200&ssl=1","width":350,"height":200,"srcset":"https:\/\/i0.wp.com\/emiir.ba\/wp-content\/uploads\/2024\/05\/1-transparent.png?resize=350%2C200&ssl=1 1x, https:\/\/i0.wp.com\/emiir.ba\/wp-content\/uploads\/2024\/05\/1-transparent.png?resize=525%2C300&ssl=1 1.5x, https:\/\/i0.wp.com\/emiir.ba\/wp-content\/uploads\/2024\/05\/1-transparent.png?resize=700%2C400&ssl=1 2x"},"classes":[]},{"id":6154,"url":"https:\/\/emiir.ba\/en\/product\/triger-x8\/","url_meta":{"origin":5733,"position":5},"title":"Gamepad kontroler shooter trigger za mobilni telefon X8","author":"admin","date":"May 5, 2024","format":false,"excerpt":"\ud83c\udfae Triger X8 \u2013 mobilni gaming dodatak za precizno igranje | EMiiR Triger X8 je dodatak za mobilne gejmere koji \u017eele pobolj\u0161ati svoje performanse u igrama poput PUBG Mobile, Call of Duty Mobile ili Fortnite. Zahvaljuju\u0107i naprednom mehani\u010dkom dizajnu, omogu\u0107ava brzo reagovanje i precizno ciljanje. To vam daje zna\u010dajnu prednost\u2026","rel":"","context":"Similar post","block_context":{"text":"Similar post","link":""},"img":{"alt_text":"Triger X8 za mobilne ure\u0111aje","src":"https:\/\/i0.wp.com\/emiir.ba\/wp-content\/uploads\/2024\/05\/1.webp?resize=350%2C200&ssl=1","width":350,"height":200,"srcset":"https:\/\/i0.wp.com\/emiir.ba\/wp-content\/uploads\/2024\/05\/1.webp?resize=350%2C200&ssl=1 1x, https:\/\/i0.wp.com\/emiir.ba\/wp-content\/uploads\/2024\/05\/1.webp?resize=525%2C300&ssl=1 1.5x, https:\/\/i0.wp.com\/emiir.ba\/wp-content\/uploads\/2024\/05\/1.webp?resize=700%2C400&ssl=1 2x"},"classes":[]}],"jetpack_sharing_enabled":true,"jetpack_likes_enabled":true,"_links":{"self":[{"href":"https:\/\/emiir.ba\/en\/wp-json\/wp\/v2\/product\/5733","targetHints":{"allow":["GET"]}}],"collection":[{"href":"https:\/\/emiir.ba\/en\/wp-json\/wp\/v2\/product"}],"about":[{"href":"https:\/\/emiir.ba\/en\/wp-json\/wp\/v2\/types\/product"}],"replies":[{"embeddable":true,"href":"https:\/\/emiir.ba\/en\/wp-json\/wp\/v2\/comments?post=5733"}],"wp:featuredmedia":[{"embeddable":true,"href":"https:\/\/emiir.ba\/en\/wp-json\/wp\/v2\/media\/5734"}],"wp:attachment":[{"href":"https:\/\/emiir.ba\/en\/wp-json\/wp\/v2\/media?parent=5733"}],"wp:term":[{"taxonomy":"product_brand","embeddable":true,"href":"https:\/\/emiir.ba\/en\/wp-json\/wp\/v2\/product_brand?post=5733"},{"taxonomy":"product_cat","embeddable":true,"href":"https:\/\/emiir.ba\/en\/wp-json\/wp\/v2\/product_cat?post=5733"},{"taxonomy":"product_tag","embeddable":true,"href":"https:\/\/emiir.ba\/en\/wp-json\/wp\/v2\/product_tag?post=5733"}],"curies":[{"name":"wp","href":"https:\/\/api.w.org\/{rel}","templated":true}]}}