{"id":6030,"date":"2024-02-23T02:41:34","date_gmt":"2024-02-23T02:41:34","guid":{"rendered":"https:\/\/emiir.ba\/?post_type=product&#038;p=6030"},"modified":"2025-06-04T03:16:03","modified_gmt":"2025-06-04T03:16:03","slug":"hladnjak-s-05a","status":"publish","type":"product","link":"https:\/\/emiir.ba\/en\/product\/hladnjak-s-05a\/","title":{"rendered":"Univerzalni Hladnjak Za Mobilni Telefon S-05A"},"content":{"rendered":"<h2 data-start=\"81\" data-end=\"162\">\u2744\ufe0f <strong data-start=\"87\" data-end=\"162\">Univerzalni Hladnjak S-05A \u2013 efikasno hla\u0111enje mobilnih ure\u0111aja | EMiiR<\/strong><\/h2>\n<hr data-start=\"164\" data-end=\"167\" \/>\n<p data-start=\"169\" data-end=\"283\"><span class=\"relative -mx-px my-[-0.2rem] rounded px-px py-[0.2rem] transition-colors duration-100 ease-in-out\"><strong data-start=\"0\" data-end=\"30\" data-is-only-node=\"\">Univerzalni Hladnjak S-05A<\/strong> je prakti\u010dan dodatak za korisnike mobilnih ure\u0111aja koji \u017eele odr\u017eati optimalnu temperaturu svog ure\u0111aja tokom intenzivnog kori\u0161tenja.<\/span> <span class=\"relative -mx-px my-[-0.2rem] rounded px-px py-[0.2rem] transition-colors duration-100 ease-in-out\">Ovaj hladnjak kombinuje efikasno hla\u0111enje s jednostavnim dizajnom, \u010dine\u0107i ga savr\u0161enim za gejmere i korisnike koji cijene funkcionalnost.<\/span><\/p>\n<p data-start=\"285\" data-end=\"403\"><span class=\"relative -mx-px my-[-0.2rem] rounded px-px py-[0.2rem] transition-colors duration-100 ease-in-out\">Zahvaljuju\u0107i naprednoj tehnologiji hla\u0111enja, Hladnjak S-05A brzo sni\u017eava temperaturu ure\u0111aja, spre\u010davaju\u0107i pregrijavanje i osiguravaju\u0107i nesmetano igranje ili rad.<\/span> <span class=\"relative -mx-px my-[-0.2rem] rounded px-px py-[0.2rem] transition-colors duration-100 ease-in-out\">Njegova kompaktna veli\u010dina i lagana konstrukcija omogu\u0107avaju lako pri\u010dvr\u0161\u0107ivanje na razli\u010dite modele pametnih telefona.<\/span><\/p>\n<p data-start=\"405\" data-end=\"483\"><span class=\"relative -mx-px my-[-0.2rem] rounded px-px py-[0.2rem] transition-colors duration-100 ease-in-out\">Kupovinom Hladnjaka S-05A u EMiiR shopu dobijate pouzdan i funkcionalan dodatak koji \u0107e pobolj\u0161ati performanse va\u0161eg ure\u0111aja i produ\u017eiti njegov vijek trajanja.<\/span><\/p>\n<hr data-start=\"485\" data-end=\"488\" \/>\n<h3 data-start=\"490\" data-end=\"523\">\ud83d\udd27 <strong data-start=\"497\" data-end=\"523\">Tehni\u010dke specifikacije<\/strong><\/h3>\n<ul data-start=\"524\" data-end=\"855\">\n<li data-start=\"524\" data-end=\"574\">\n<p data-start=\"526\" data-end=\"574\"><strong data-start=\"526\" data-end=\"534\">Tip:<\/strong> <span class=\"relative -mx-px my-[-0.2rem] rounded px-px py-[0.2rem] transition-colors duration-100 ease-in-out\">mobilni hladnjak<\/span><\/p>\n<\/li>\n<li data-start=\"575\" data-end=\"627\">\n<p data-start=\"577\" data-end=\"627\"><strong data-start=\"577\" data-end=\"587\">Model:<\/strong> <span class=\"relative -mx-px my-[-0.2rem] rounded px-px py-[0.2rem] transition-colors duration-100 ease-in-out\">S-05A<\/span><\/p>\n<\/li>\n<li data-start=\"628\" data-end=\"684\">\n<p data-start=\"630\" data-end=\"684\"><strong data-start=\"630\" data-end=\"644\">Materijal:<\/strong> <span class=\"relative -mx-px my-[-0.2rem] rounded px-px py-[0.2rem] transition-colors duration-100 ease-in-out\">ABS plastika i metal<\/span><\/p>\n<\/li>\n<li data-start=\"685\" data-end=\"703\">\n<p data-start=\"687\" data-end=\"703\"><strong data-start=\"687\" data-end=\"698\">Te\u017eina:<\/strong> 70 g<\/p>\n<\/li>\n<li data-start=\"704\" data-end=\"760\">\n<p data-start=\"706\" data-end=\"760\"><strong data-start=\"706\" data-end=\"720\">Dimenzije:<\/strong> <span class=\"relative -mx-px my-[-0.2rem] rounded px-px py-[0.2rem] transition-colors duration-100 ease-in-out\">kompaktne za jednostavno pri\u010dvr\u0161\u0107ivanje<\/span><\/p>\n<\/li>\n<li data-start=\"761\" data-end=\"855\">\n<p data-start=\"763\" data-end=\"855\"><strong data-start=\"763\" data-end=\"776\">Funkcija:<\/strong> <span class=\"relative -mx-px my-[-0.2rem] rounded px-px py-[0.2rem] transition-colors duration-100 ease-in-out\">efikasno hla\u0111enje mobilnih ure\u0111aja.<\/span><\/p>\n<\/li>\n<\/ul>\n<hr data-start=\"857\" data-end=\"860\" \/>\n<h3 data-start=\"862\" data-end=\"894\">\u2b50 <strong data-start=\"868\" data-end=\"894\">Prednosti ovog dodatka<\/strong><\/h3>\n<ul data-start=\"895\" data-end=\"1153\">\n<li data-start=\"895\" data-end=\"938\">\n<p data-start=\"897\" data-end=\"938\">\u2705 <span class=\"relative -mx-px my-[-0.2rem] rounded px-px py-[0.2rem] transition-colors duration-100 ease-in-out\">Efikasno sni\u017eava temperaturu ure\u0111aja tokom intenzivnog kori\u0161tenja<\/span><\/p>\n<\/li>\n<li data-start=\"939\" data-end=\"982\">\n<p data-start=\"941\" data-end=\"982\">\u2705 <span class=\"relative -mx-px my-[-0.2rem] rounded px-px py-[0.2rem] transition-colors duration-100 ease-in-out\">Jednostavan dizajn<\/span><\/p>\n<\/li>\n<li data-start=\"983\" data-end=\"1026\">\n<p data-start=\"985\" data-end=\"1026\">\u2705 <span class=\"relative -mx-px my-[-0.2rem] rounded px-px py-[0.2rem] transition-colors duration-100 ease-in-out\">Kompaktna i lagana konstrukcija<\/span><\/p>\n<\/li>\n<li data-start=\"1027\" data-end=\"1070\">\n<p data-start=\"1029\" data-end=\"1070\">\u2705 <span class=\"relative -mx-px my-[-0.2rem] rounded px-px py-[0.2rem] transition-colors duration-100 ease-in-out\">Jednostavno pri\u010dvr\u0161\u0107ivanje na razli\u010dite modele pametnih telefona<\/span><\/p>\n<\/li>\n<li data-start=\"1071\" data-end=\"1153\">\n<p data-start=\"1073\" data-end=\"1153\">\u2705 <span class=\"relative -mx-px my-[-0.2rem] rounded px-px py-[0.2rem] transition-colors duration-100 ease-in-out\">Pobolj\u0161ava performanse i produ\u017eava vijek trajanja ure\u0111aja<\/span><\/p>\n<\/li>\n<\/ul>\n<p data-start=\"1155\" data-end=\"1236\"><span class=\"relative -mx-px my-[-0.2rem] rounded px-px py-[0.2rem] transition-colors duration-100 ease-in-out\">Za vi\u0161e informacija o mobilnim hladnjacima i kako mogu pobolj\u0161ati va\u0161e iskustvo, posjetite <a href=\"https:\/\/www.androidauthority.com\/best-phone-cooling-fans-3158591\/\" target=\"_new\" rel=\"noopener noreferrer\" data-start=\"91\" data-end=\"177\">Android Authority<\/a>.<\/span> \ud83d\ude80<\/p>\n<hr data-start=\"1238\" data-end=\"1241\" \/>\n<p data-start=\"1243\" data-end=\"1400\">\ud83d\udc49 Pogledajte sve <a class=\"cursor-pointer\" target=\"_new\" rel=\"noopener\" data-start=\"1261\" data-end=\"1334\">mobilne hladnjake<\/a> u EMiiR shopu i prona\u0111ite savr\u0161en dodatak za sebe ili kao poklon!<\/p>","protected":false},"excerpt":{"rendered":"<p> [&hellip;]<\/p>","protected":false},"featured_media":6040,"comment_status":"open","ping_status":"closed","template":"","meta":{"jetpack_post_was_ever_published":false,"jetpack_publicize_message":"","jetpack_publicize_feature_enabled":true,"jetpack_social_post_already_shared":false,"jetpack_social_options":{"image_generator_settings":{"template":"highway","default_image_id":0,"font":"","enabled":false},"version":2}},"product_brand":[],"product_cat":[117],"product_tag":[],"class_list":{"0":"post-6030","1":"product","2":"type-product","3":"status-publish","4":"has-post-thumbnail","6":"product_cat-hladnjaci-za-mobilni-gaming","8":"first","9":"instock","10":"sale","11":"shipping-taxable","12":"purchasable","13":"product-type-simple"},"yoast_head":"<!-- This site is optimized with the Yoast SEO plugin v27.4 - https:\/\/yoast.com\/product\/yoast-seo-wordpress\/ -->\n<title>Univerzalni Hladnjak S-05A \u2013 mobilni cooler za telefon | EMiiR<\/title>\n<meta name=\"description\" content=\"Univerzalni Hladnjak S-05A: efikasno hla\u0111enje i jednostavan dizajn. Idealno za gejmere i korisnike mobilnih ure\u0111aja.\" \/>\n<meta name=\"robots\" content=\"index, follow, max-snippet:-1, max-image-preview:large, max-video-preview:-1\" \/>\n<link rel=\"canonical\" href=\"https:\/\/emiir.ba\/en\/product\/hladnjak-s-05a\/\" \/>\n<meta property=\"og:locale\" content=\"en_US\" \/>\n<meta property=\"og:type\" content=\"article\" \/>\n<meta property=\"og:title\" content=\"Univerzalni Hladnjak S-05A \u2013 mobilni cooler za telefon | EMiiR\" \/>\n<meta property=\"og:description\" content=\"Univerzalni Hladnjak S-05A: efikasno hla\u0111enje i jednostavan dizajn. Idealno za gejmere i korisnike mobilnih ure\u0111aja.\" \/>\n<meta property=\"og:url\" content=\"https:\/\/emiir.ba\/en\/product\/hladnjak-s-05a\/\" \/>\n<meta property=\"og:site_name\" content=\"EMiiR\" \/>\n<meta property=\"article:modified_time\" content=\"2025-06-04T03:16:03+00:00\" \/>\n<meta property=\"og:image\" content=\"https:\/\/emiir.ba\/wp-content\/uploads\/2024\/02\/s-05aaaa.png\" \/>\n\t<meta property=\"og:image:width\" content=\"650\" \/>\n\t<meta property=\"og:image:height\" content=\"650\" \/>\n\t<meta property=\"og:image:type\" content=\"image\/png\" \/>\n<meta name=\"twitter:card\" content=\"summary_large_image\" \/>\n<meta name=\"twitter:label1\" content=\"Est. reading time\" \/>\n\t<meta name=\"twitter:data1\" content=\"2 minutes\" \/>\n<script type=\"application\/ld+json\" class=\"yoast-schema-graph\">{\"@context\":\"https:\\\/\\\/schema.org\",\"@graph\":[{\"@type\":\"WebPage\",\"@id\":\"https:\\\/\\\/emiir.ba\\\/product\\\/hladnjak-s-05a\\\/\",\"url\":\"https:\\\/\\\/emiir.ba\\\/product\\\/hladnjak-s-05a\\\/\",\"name\":\"Univerzalni Hladnjak S-05A \u2013 mobilni cooler za telefon | EMiiR\",\"isPartOf\":{\"@id\":\"https:\\\/\\\/emiir.ba\\\/#website\"},\"primaryImageOfPage\":{\"@id\":\"https:\\\/\\\/emiir.ba\\\/product\\\/hladnjak-s-05a\\\/#primaryimage\"},\"image\":{\"@id\":\"https:\\\/\\\/emiir.ba\\\/product\\\/hladnjak-s-05a\\\/#primaryimage\"},\"thumbnailUrl\":\"https:\\\/\\\/emiir.ba\\\/wp-content\\\/uploads\\\/2024\\\/02\\\/s-05aaaa.png\",\"datePublished\":\"2024-02-23T02:41:34+00:00\",\"dateModified\":\"2025-06-04T03:16:03+00:00\",\"description\":\"Univerzalni Hladnjak S-05A: efikasno hla\u0111enje i jednostavan dizajn. Idealno za gejmere i korisnike mobilnih ure\u0111aja.\",\"breadcrumb\":{\"@id\":\"https:\\\/\\\/emiir.ba\\\/product\\\/hladnjak-s-05a\\\/#breadcrumb\"},\"inLanguage\":\"en-US\",\"potentialAction\":[{\"@type\":\"ReadAction\",\"target\":[\"https:\\\/\\\/emiir.ba\\\/product\\\/hladnjak-s-05a\\\/\"]}]},{\"@type\":\"ImageObject\",\"inLanguage\":\"en-US\",\"@id\":\"https:\\\/\\\/emiir.ba\\\/product\\\/hladnjak-s-05a\\\/#primaryimage\",\"url\":\"https:\\\/\\\/emiir.ba\\\/wp-content\\\/uploads\\\/2024\\\/02\\\/s-05aaaa.png\",\"contentUrl\":\"https:\\\/\\\/emiir.ba\\\/wp-content\\\/uploads\\\/2024\\\/02\\\/s-05aaaa.png\",\"width\":650,\"height\":650,\"caption\":\"Prakti\u010dni hladnjak S-05A za efikasno hla\u0111enje mobilnih ure\u0111aja, idealan za gejmere i korisnike koji cijene funkcionalnost.\"},{\"@type\":\"BreadcrumbList\",\"@id\":\"https:\\\/\\\/emiir.ba\\\/product\\\/hladnjak-s-05a\\\/#breadcrumb\",\"itemListElement\":[{\"@type\":\"ListItem\",\"position\":1,\"name\":\"Home\",\"item\":\"https:\\\/\\\/emiir.ba\\\/\"},{\"@type\":\"ListItem\",\"position\":2,\"name\":\"Shop\",\"item\":\"https:\\\/\\\/emiir.ba\\\/emiir-ba-mobilni-gaming-shop\\\/\"},{\"@type\":\"ListItem\",\"position\":3,\"name\":\"Univerzalni Hladnjak Za Mobilni Telefon S-05A\"}]},{\"@type\":\"WebSite\",\"@id\":\"https:\\\/\\\/emiir.ba\\\/#website\",\"url\":\"https:\\\/\\\/emiir.ba\\\/\",\"name\":\"EMiiR\",\"description\":\"\",\"potentialAction\":[{\"@type\":\"SearchAction\",\"target\":{\"@type\":\"EntryPoint\",\"urlTemplate\":\"https:\\\/\\\/emiir.ba\\\/?s={search_term_string}\"},\"query-input\":{\"@type\":\"PropertyValueSpecification\",\"valueRequired\":true,\"valueName\":\"search_term_string\"}}],\"inLanguage\":\"en-US\"}]}<\/script>\n<!-- \/ Yoast SEO plugin. -->","yoast_head_json":{"title":"Univerzalni Hladnjak S-05A \u2013 mobilni cooler za telefon | EMiiR","description":"Univerzalni Hladnjak S-05A: efikasno hla\u0111enje i jednostavan dizajn. Idealno za gejmere i korisnike mobilnih ure\u0111aja.","robots":{"index":"index","follow":"follow","max-snippet":"max-snippet:-1","max-image-preview":"max-image-preview:large","max-video-preview":"max-video-preview:-1"},"canonical":"https:\/\/emiir.ba\/en\/product\/hladnjak-s-05a\/","og_locale":"en_US","og_type":"article","og_title":"Univerzalni Hladnjak S-05A \u2013 mobilni cooler za telefon | EMiiR","og_description":"Univerzalni Hladnjak S-05A: efikasno hla\u0111enje i jednostavan dizajn. Idealno za gejmere i korisnike mobilnih ure\u0111aja.","og_url":"https:\/\/emiir.ba\/en\/product\/hladnjak-s-05a\/","og_site_name":"EMiiR","article_modified_time":"2025-06-04T03:16:03+00:00","og_image":[{"width":650,"height":650,"url":"https:\/\/emiir.ba\/wp-content\/uploads\/2024\/02\/s-05aaaa.png","type":"image\/png"}],"twitter_card":"summary_large_image","twitter_misc":{"Est. reading time":"2 minutes"},"schema":{"@context":"https:\/\/schema.org","@graph":[{"@type":"WebPage","@id":"https:\/\/emiir.ba\/product\/hladnjak-s-05a\/","url":"https:\/\/emiir.ba\/product\/hladnjak-s-05a\/","name":"Univerzalni Hladnjak S-05A \u2013 mobilni cooler za telefon | EMiiR","isPartOf":{"@id":"https:\/\/emiir.ba\/#website"},"primaryImageOfPage":{"@id":"https:\/\/emiir.ba\/product\/hladnjak-s-05a\/#primaryimage"},"image":{"@id":"https:\/\/emiir.ba\/product\/hladnjak-s-05a\/#primaryimage"},"thumbnailUrl":"https:\/\/emiir.ba\/wp-content\/uploads\/2024\/02\/s-05aaaa.png","datePublished":"2024-02-23T02:41:34+00:00","dateModified":"2025-06-04T03:16:03+00:00","description":"Univerzalni Hladnjak S-05A: efikasno hla\u0111enje i jednostavan dizajn. Idealno za gejmere i korisnike mobilnih ure\u0111aja.","breadcrumb":{"@id":"https:\/\/emiir.ba\/product\/hladnjak-s-05a\/#breadcrumb"},"inLanguage":"en-US","potentialAction":[{"@type":"ReadAction","target":["https:\/\/emiir.ba\/product\/hladnjak-s-05a\/"]}]},{"@type":"ImageObject","inLanguage":"en-US","@id":"https:\/\/emiir.ba\/product\/hladnjak-s-05a\/#primaryimage","url":"https:\/\/emiir.ba\/wp-content\/uploads\/2024\/02\/s-05aaaa.png","contentUrl":"https:\/\/emiir.ba\/wp-content\/uploads\/2024\/02\/s-05aaaa.png","width":650,"height":650,"caption":"Prakti\u010dni hladnjak S-05A za efikasno hla\u0111enje mobilnih ure\u0111aja, idealan za gejmere i korisnike koji cijene funkcionalnost."},{"@type":"BreadcrumbList","@id":"https:\/\/emiir.ba\/product\/hladnjak-s-05a\/#breadcrumb","itemListElement":[{"@type":"ListItem","position":1,"name":"Home","item":"https:\/\/emiir.ba\/"},{"@type":"ListItem","position":2,"name":"Shop","item":"https:\/\/emiir.ba\/emiir-ba-mobilni-gaming-shop\/"},{"@type":"ListItem","position":3,"name":"Univerzalni Hladnjak Za Mobilni Telefon S-05A"}]},{"@type":"WebSite","@id":"https:\/\/emiir.ba\/#website","url":"https:\/\/emiir.ba\/","name":"EMiiR","description":"","potentialAction":[{"@type":"SearchAction","target":{"@type":"EntryPoint","urlTemplate":"https:\/\/emiir.ba\/?s={search_term_string}"},"query-input":{"@type":"PropertyValueSpecification","valueRequired":true,"valueName":"search_term_string"}}],"inLanguage":"en-US"}]}},"jetpack_publicize_connections":[],"jetpack-related-posts":[{"id":6056,"url":"https:\/\/emiir.ba\/en\/product\/hladnjak-s-05a-pink\/","url_meta":{"origin":6030,"position":0},"title":"Univerzalni Hladnjak Za Mobilni Telefon S-05A pink","author":"admin","date":"February 23, 2024","format":false,"excerpt":"\u2744\ufe0f Hladnjak S-05A Pink \u2013 stilski mobilni cooler za optimalno hla\u0111enje | EMiiR Hladnjak S-05A Pink je savr\u0161en dodatak za korisnike mobilnih ure\u0111aja koji \u017eele odr\u017eati optimalnu temperaturu svog ure\u0111aja tokom intenzivnog kori\u0161tenja. Ovaj hladnjak kombinuje efikasno hla\u0111enje s modernim dizajnom u ru\u017ei\u010dastoj boji, \u010dine\u0107i ga idealnim za gejmere i\u2026","rel":"","context":"Similar post","block_context":{"text":"Similar post","link":""},"img":{"alt_text":"Hladnjak S-05A Pink za mobilne ure\u0111aje","src":"https:\/\/i0.wp.com\/emiir.ba\/wp-content\/uploads\/2024\/02\/Hladnjak-S-05A-pink.png?resize=350%2C200&ssl=1","width":350,"height":200,"srcset":"https:\/\/i0.wp.com\/emiir.ba\/wp-content\/uploads\/2024\/02\/Hladnjak-S-05A-pink.png?resize=350%2C200&ssl=1 1x, https:\/\/i0.wp.com\/emiir.ba\/wp-content\/uploads\/2024\/02\/Hladnjak-S-05A-pink.png?resize=525%2C300&ssl=1 1.5x"},"classes":[]},{"id":6043,"url":"https:\/\/emiir.ba\/en\/product\/hladnjak-skull\/","url_meta":{"origin":6030,"position":1},"title":"Univerzalni Hladnjak Za Mobilni Telefon skull","author":"admin","date":"February 23, 2024","format":false,"excerpt":"\u2744\ufe0f Univerzalni Hladnjak Skull \u2013 efikasno hla\u0111enje mobilnih ure\u0111aja | EMiiR Univerzalni Hladnjak Skull je prakti\u010dan dodatak za korisnike mobilnih ure\u0111aja koji \u017eele odr\u017eati optimalnu temperaturu svog ure\u0111aja tokom intenzivnog kori\u0161tenja. Ovaj hladnjak kombinuje efikasno hla\u0111enje s jedinstvenim dizajnom, \u010dine\u0107i ga savr\u0161enim za gejmere i korisnike koji cijene funkcionalnost i\u2026","rel":"","context":"Similar post","block_context":{"text":"Similar post","link":""},"img":{"alt_text":"Univerzalni Hladnjak Skull za mobilne ure\u0111aje","src":"https:\/\/i0.wp.com\/emiir.ba\/wp-content\/uploads\/2024\/02\/skull.png?resize=350%2C200&ssl=1","width":350,"height":200,"srcset":"https:\/\/i0.wp.com\/emiir.ba\/wp-content\/uploads\/2024\/02\/skull.png?resize=350%2C200&ssl=1 1x, https:\/\/i0.wp.com\/emiir.ba\/wp-content\/uploads\/2024\/02\/skull.png?resize=525%2C300&ssl=1 1.5x"},"classes":[]},{"id":6046,"url":"https:\/\/emiir.ba\/en\/product\/hladnjak-g6\/","url_meta":{"origin":6030,"position":2},"title":"Univerzalni Hladnjak Za Mobilni Telefon G6","author":"admin","date":"February 23, 2024","format":false,"excerpt":"\u2744\ufe0f Univerzalni Hladnjak G6 \u2013 efikasno hla\u0111enje mobilnih ure\u0111aja bez baterije i LED osvjetljenja | EMiiR Univerzalni Hladnjak G6 je prakti\u010dan dodatak za korisnike mobilnih ure\u0111aja koji \u017eele odr\u017eati optimalnu temperaturu svog ure\u0111aja tokom intenzivnog kori\u0161tenja. Ovaj hladnjak kombinuje efikasno hla\u0111enje s jednostavnim dizajnom, \u010dine\u0107i ga savr\u0161enim za gejmere i\u2026","rel":"","context":"Similar post","block_context":{"text":"Similar post","link":""},"img":{"alt_text":"Univerzalni Hladnjak G6 za mobilne ure\u0111aje","src":"https:\/\/i0.wp.com\/emiir.ba\/wp-content\/uploads\/2024\/02\/g6.png?resize=350%2C200&ssl=1","width":350,"height":200,"srcset":"https:\/\/i0.wp.com\/emiir.ba\/wp-content\/uploads\/2024\/02\/g6.png?resize=350%2C200&ssl=1 1x, https:\/\/i0.wp.com\/emiir.ba\/wp-content\/uploads\/2024\/02\/g6.png?resize=525%2C300&ssl=1 1.5x"},"classes":[]},{"id":6048,"url":"https:\/\/emiir.ba\/en\/product\/hladnjak-f5\/","url_meta":{"origin":6030,"position":3},"title":"Univerzalni Hladnjak Za Mobilni Telefon F5","author":"admin","date":"February 23, 2024","format":false,"excerpt":"\u2744\ufe0f Univerzalni Hladnjak F5 \u2013 efikasno hla\u0111enje mobilnih ure\u0111aja bez baterije i LED osvjetljenja | EMiiR Univerzalni Hladnjak F5 je prakti\u010dan dodatak za korisnike mobilnih ure\u0111aja koji \u017eele odr\u017eati optimalnu temperaturu svog ure\u0111aja tokom intenzivnog kori\u0161tenja. Ovaj hladnjak kombinuje efikasno hla\u0111enje s jednostavnim dizajnom, \u010dine\u0107i ga savr\u0161enim za gejmere i\u2026","rel":"","context":"Similar post","block_context":{"text":"Similar post","link":""},"img":{"alt_text":"Univerzalni Hladnjak F5 za mobilne ure\u0111aje","src":"https:\/\/i0.wp.com\/emiir.ba\/wp-content\/uploads\/2024\/02\/f5.png?resize=350%2C200&ssl=1","width":350,"height":200,"srcset":"https:\/\/i0.wp.com\/emiir.ba\/wp-content\/uploads\/2024\/02\/f5.png?resize=350%2C200&ssl=1 1x, https:\/\/i0.wp.com\/emiir.ba\/wp-content\/uploads\/2024\/02\/f5.png?resize=525%2C300&ssl=1 1.5x"},"classes":[]},{"id":6054,"url":"https:\/\/emiir.ba\/en\/product\/hladnjak-x52\/","url_meta":{"origin":6030,"position":4},"title":"Univerzalni Hladnjak Za Mobilni Telefon X52","author":"admin","date":"February 23, 2024","format":false,"excerpt":"\u2744\ufe0f Hladnjak X52 \u2013 mobilni cooler | EMiiR Hladnjak X52 je idealan dodatak za korisnike mobilnih ure\u0111aja koji \u017eele odr\u017eati optimalnu temperaturu svog ure\u0111aja tokom intenzivnog kori\u0161tenja. Ovaj hladnjak kombinuje efikasno hla\u0111enje s modernim dizajnom, \u010dine\u0107i ga savr\u0161enim za gejmere i korisnike koji cijene estetiku. Njegova kompaktna veli\u010dina i lagana\u2026","rel":"","context":"Similar post","block_context":{"text":"Similar post","link":""},"img":{"alt_text":"Hladnjak X52 za mobilne ure\u0111aje","src":"https:\/\/i0.wp.com\/emiir.ba\/wp-content\/uploads\/2024\/02\/x52.png?resize=350%2C200&ssl=1","width":350,"height":200,"srcset":"https:\/\/i0.wp.com\/emiir.ba\/wp-content\/uploads\/2024\/02\/x52.png?resize=350%2C200&ssl=1 1x, https:\/\/i0.wp.com\/emiir.ba\/wp-content\/uploads\/2024\/02\/x52.png?resize=525%2C300&ssl=1 1.5x"},"classes":[]},{"id":6050,"url":"https:\/\/emiir.ba\/en\/product\/hladnjak-n2\/","url_meta":{"origin":6030,"position":5},"title":"Univerzalni Hladnjak Za Mobilni Telefon N2","author":"admin","date":"February 23, 2024","format":false,"excerpt":"\u2744\ufe0f Hladnjak N2 \u2013 mobilni cooler s punjivom baterijom i LED osvjetljenjem | EMiiR Hladnjak N2 je idealan dodatak za korisnike mobilnih ure\u0111aja koji \u017eele odr\u017eati optimalnu temperaturu svog ure\u0111aja tokom intenzivnog kori\u0161tenja. Ovaj hladnjak kombinuje efikasno hla\u0111enje s modernim dizajnom, \u010dine\u0107i ga savr\u0161enim za gejmere i korisnike koji cijene\u2026","rel":"","context":"Similar post","block_context":{"text":"Similar post","link":""},"img":{"alt_text":"Hladnjak N2 za mobilne ure\u0111aje","src":"https:\/\/i0.wp.com\/emiir.ba\/wp-content\/uploads\/2024\/02\/n2.png?resize=350%2C200&ssl=1","width":350,"height":200,"srcset":"https:\/\/i0.wp.com\/emiir.ba\/wp-content\/uploads\/2024\/02\/n2.png?resize=350%2C200&ssl=1 1x, https:\/\/i0.wp.com\/emiir.ba\/wp-content\/uploads\/2024\/02\/n2.png?resize=525%2C300&ssl=1 1.5x"},"classes":[]}],"jetpack_sharing_enabled":true,"jetpack_likes_enabled":true,"_links":{"self":[{"href":"https:\/\/emiir.ba\/en\/wp-json\/wp\/v2\/product\/6030","targetHints":{"allow":["GET"]}}],"collection":[{"href":"https:\/\/emiir.ba\/en\/wp-json\/wp\/v2\/product"}],"about":[{"href":"https:\/\/emiir.ba\/en\/wp-json\/wp\/v2\/types\/product"}],"replies":[{"embeddable":true,"href":"https:\/\/emiir.ba\/en\/wp-json\/wp\/v2\/comments?post=6030"}],"wp:featuredmedia":[{"embeddable":true,"href":"https:\/\/emiir.ba\/en\/wp-json\/wp\/v2\/media\/6040"}],"wp:attachment":[{"href":"https:\/\/emiir.ba\/en\/wp-json\/wp\/v2\/media?parent=6030"}],"wp:term":[{"taxonomy":"product_brand","embeddable":true,"href":"https:\/\/emiir.ba\/en\/wp-json\/wp\/v2\/product_brand?post=6030"},{"taxonomy":"product_cat","embeddable":true,"href":"https:\/\/emiir.ba\/en\/wp-json\/wp\/v2\/product_cat?post=6030"},{"taxonomy":"product_tag","embeddable":true,"href":"https:\/\/emiir.ba\/en\/wp-json\/wp\/v2\/product_tag?post=6030"}],"curies":[{"name":"wp","href":"https:\/\/api.w.org\/{rel}","templated":true}]}}