{"id":6050,"date":"2024-02-23T03:34:00","date_gmt":"2024-02-23T03:34:00","guid":{"rendered":"https:\/\/emiir.ba\/?post_type=product&#038;p=6050"},"modified":"2025-06-04T03:03:53","modified_gmt":"2025-06-04T03:03:53","slug":"hladnjak-n2","status":"publish","type":"product","link":"https:\/\/emiir.ba\/en\/product\/hladnjak-n2\/","title":{"rendered":"Univerzalni Hladnjak Za Mobilni Telefon N2"},"content":{"rendered":"<h2 data-start=\"142\" data-end=\"229\">\u2744\ufe0f <strong data-start=\"148\" data-end=\"229\">Hladnjak N2 \u2013 mobilni cooler s punjivom baterijom i LED osvjetljenjem | EMiiR<\/strong><\/h2>\n<hr data-start=\"231\" data-end=\"234\" \/>\n<p data-start=\"236\" data-end=\"348\"><span class=\"relative -mx-px my-[-0.2rem] rounded px-px py-[0.2rem] transition-colors duration-100 ease-in-out\"><strong data-start=\"0\" data-end=\"15\" data-is-only-node=\"\">Hladnjak N2<\/strong> je idealan dodatak za korisnike mobilnih ure\u0111aja koji \u017eele odr\u017eati optimalnu temperaturu svog ure\u0111aja tokom intenzivnog kori\u0161tenja.<\/span> <span class=\"relative -mx-px my-[-0.2rem] rounded px-px py-[0.2rem] transition-colors duration-100 ease-in-out\">Ovaj hladnjak kombinuje efikasno hla\u0111enje s modernim dizajnom, \u010dine\u0107i ga savr\u0161enim za gejmere i korisnike koji cijene estetiku.<\/span><\/p>\n<p data-start=\"350\" data-end=\"466\"><span class=\"relative -mx-px my-[-0.2rem] rounded px-px py-[0.2rem] transition-colors duration-100 ease-in-out\">Njegova kompaktna veli\u010dina i lagana konstrukcija omogu\u0107avaju lako pri\u010dvr\u0161\u0107ivanje na razli\u010dite modele pametnih telefona.<\/span><\/p>\n<p data-start=\"468\" data-end=\"546\"><span class=\"relative -mx-px my-[-0.2rem] rounded px-px py-[0.2rem] transition-colors duration-100 ease-in-out\">Kupovinom Hladnjaka N2 u EMiiR shopu dobijate pouzdan i stilski dodatak koji \u0107e pobolj\u0161ati performanse va\u0161eg ure\u0111aja i produ\u017eiti njegov vijek trajanja.<\/span><\/p>\n<hr data-start=\"548\" data-end=\"551\" \/>\n<h3 data-start=\"553\" data-end=\"586\">\ud83d\udd27 <strong data-start=\"560\" data-end=\"586\">Tehni\u010dke specifikacije<\/strong><\/h3>\n<ul data-start=\"587\" data-end=\"945\">\n<li data-start=\"587\" data-end=\"637\">\n<p data-start=\"589\" data-end=\"637\"><strong data-start=\"589\" data-end=\"597\">Tip:<\/strong> <span class=\"relative -mx-px my-[-0.2rem] rounded px-px py-[0.2rem] transition-colors duration-100 ease-in-out\">mobilni hladnjak<\/span><\/p>\n<\/li>\n<li data-start=\"638\" data-end=\"653\">\n<p data-start=\"640\" data-end=\"653\"><strong data-start=\"640\" data-end=\"650\">Model:<\/strong> N2<\/p>\n<\/li>\n<li data-start=\"710\" data-end=\"736\">\n<p data-start=\"712\" data-end=\"736\"><strong data-start=\"712\" data-end=\"733\">LED osvjetljenje:<\/strong> da<\/p>\n<\/li>\n<li data-start=\"737\" data-end=\"793\">\n<p data-start=\"739\" data-end=\"793\"><strong data-start=\"739\" data-end=\"753\">Materijal:<\/strong> <span class=\"relative -mx-px my-[-0.2rem] rounded px-px py-[0.2rem] transition-colors duration-100 ease-in-out\">ABS plastika i metal<\/span><\/p>\n<\/li>\n<li data-start=\"794\" data-end=\"850\">\n<p data-start=\"796\" data-end=\"850\"><strong data-start=\"796\" data-end=\"810\">Dimenzije:<\/strong> <span class=\"relative -mx-px my-[-0.2rem] rounded px-px py-[0.2rem] transition-colors duration-100 ease-in-out\">kompaktne za jednostavno pri\u010dvr\u0161\u0107ivanje<\/span><\/p>\n<\/li>\n<li data-start=\"851\" data-end=\"945\">\n<p data-start=\"853\" data-end=\"945\"><strong data-start=\"853\" data-end=\"866\">Funkcija:<\/strong> <span class=\"relative -mx-px my-[-0.2rem] rounded px-px py-[0.2rem] transition-colors duration-100 ease-in-out\">efikasno hla\u0111enje mobilnih ure\u0111aja<\/span><\/p>\n<\/li>\n<\/ul>\n<hr data-start=\"947\" data-end=\"950\" \/>\n<h3 data-start=\"952\" data-end=\"984\">\u2b50 <strong data-start=\"958\" data-end=\"984\">Prednosti ovog dodatka<\/strong><\/h3>\n<ul data-start=\"985\" data-end=\"1287\">\n<li data-start=\"985\" data-end=\"1028\">\n<p data-start=\"987\" data-end=\"1028\">\u2705 <span class=\"relative -mx-px my-[-0.2rem] rounded px-px py-[0.2rem] transition-colors duration-100 ease-in-out\">Efikasno sni\u017eava temperaturu ure\u0111aja tokom intenzivnog kori\u0161tenja<\/span><\/p>\n<\/li>\n<li data-start=\"1117\" data-end=\"1160\">\n<p data-start=\"1119\" data-end=\"1160\">\u2705 <span class=\"relative -mx-px my-[-0.2rem] rounded px-px py-[0.2rem] transition-colors duration-100 ease-in-out\">Kompaktna i lagana konstrukcija<\/span><\/p>\n<\/li>\n<li data-start=\"1161\" data-end=\"1204\">\n<p data-start=\"1163\" data-end=\"1204\">\u2705 <span class=\"relative -mx-px my-[-0.2rem] rounded px-px py-[0.2rem] transition-colors duration-100 ease-in-out\">Jednostavno pri\u010dvr\u0161\u0107ivanje na razli\u010dite modele pametnih telefona<\/span><\/p>\n<\/li>\n<li data-start=\"1205\" data-end=\"1287\">\n<p data-start=\"1207\" data-end=\"1287\">\u2705 <span class=\"relative -mx-px my-[-0.2rem] rounded px-px py-[0.2rem] transition-colors duration-100 ease-in-out\">Pobolj\u0161ava performanse i produ\u017eava vijek trajanja ure\u0111aja.<\/span><\/p>\n<\/li>\n<\/ul>\n<p data-start=\"1289\" data-end=\"1370\"><span class=\"relative -mx-px my-[-0.2rem] rounded px-px py-[0.2rem] transition-colors duration-100 ease-in-out\">Za vi\u0161e informacija o mobilnim hladnjacima i kako mogu pobolj\u0161ati va\u0161e iskustvo, posjetite <a href=\"https:\/\/www.androidauthority.com\/best-phone-cooling-fans-3158591\/\" target=\"_new\" rel=\"noopener noreferrer\" data-start=\"91\" data-end=\"177\">Android Authority<\/a>.<\/span> \ud83d\ude80<\/p>\n<hr data-start=\"1372\" data-end=\"1375\" \/>\n<p data-start=\"1377\" data-end=\"1534\">\ud83d\udc49 Pogledajte sve <a class=\"cursor-pointer\" target=\"_new\" rel=\"noopener\" data-start=\"1395\" data-end=\"1468\">mobilne hladnjake<\/a> u EMiiR shopu i prona\u0111ite savr\u0161en dodatak za sebe ili kao poklon!<\/p>","protected":false},"excerpt":{"rendered":"<p> [&hellip;]<\/p>","protected":false},"featured_media":6051,"comment_status":"open","ping_status":"closed","template":"","meta":{"jetpack_post_was_ever_published":false,"jetpack_publicize_message":"","jetpack_publicize_feature_enabled":true,"jetpack_social_post_already_shared":false,"jetpack_social_options":{"image_generator_settings":{"template":"highway","default_image_id":0,"font":"","enabled":false},"version":2}},"product_brand":[],"product_cat":[117],"product_tag":[],"class_list":{"0":"post-6050","1":"product","2":"type-product","3":"status-publish","4":"has-post-thumbnail","6":"product_cat-hladnjaci-za-mobilni-gaming","8":"first","9":"instock","10":"sale","11":"shipping-taxable","12":"purchasable","13":"product-type-simple"},"yoast_head":"<!-- This site is optimized with the Yoast SEO plugin v27.4 - https:\/\/yoast.com\/product\/yoast-seo-wordpress\/ -->\n<title>Hladnjak N2 \u2013 mobilni cooler| EMiiR<\/title>\n<meta name=\"description\" content=\"Hladnjak N2: efikasno hla\u0111enje i moderni dizajn. Idealno za gejmere i korisnike mobilnih ure\u0111aja.\" \/>\n<meta name=\"robots\" content=\"index, follow, max-snippet:-1, max-image-preview:large, max-video-preview:-1\" \/>\n<link rel=\"canonical\" href=\"https:\/\/emiir.ba\/en\/product\/hladnjak-n2\/\" \/>\n<meta property=\"og:locale\" content=\"en_US\" \/>\n<meta property=\"og:type\" content=\"article\" \/>\n<meta property=\"og:title\" content=\"Hladnjak N2 \u2013 mobilni cooler| EMiiR\" \/>\n<meta property=\"og:description\" content=\"Hladnjak N2: efikasno hla\u0111enje i moderni dizajn. Idealno za gejmere i korisnike mobilnih ure\u0111aja.\" \/>\n<meta property=\"og:url\" content=\"https:\/\/emiir.ba\/en\/product\/hladnjak-n2\/\" \/>\n<meta property=\"og:site_name\" content=\"EMiiR\" \/>\n<meta property=\"article:modified_time\" content=\"2025-06-04T03:03:53+00:00\" \/>\n<meta property=\"og:image\" content=\"https:\/\/emiir.ba\/wp-content\/uploads\/2024\/02\/n2.png\" \/>\n\t<meta property=\"og:image:width\" content=\"650\" \/>\n\t<meta property=\"og:image:height\" content=\"650\" \/>\n\t<meta property=\"og:image:type\" content=\"image\/png\" \/>\n<meta name=\"twitter:card\" content=\"summary_large_image\" \/>\n<meta name=\"twitter:label1\" content=\"Est. reading time\" \/>\n\t<meta name=\"twitter:data1\" content=\"2 minutes\" \/>\n<script type=\"application\/ld+json\" class=\"yoast-schema-graph\">{\"@context\":\"https:\\\/\\\/schema.org\",\"@graph\":[{\"@type\":\"WebPage\",\"@id\":\"https:\\\/\\\/emiir.ba\\\/product\\\/hladnjak-n2\\\/\",\"url\":\"https:\\\/\\\/emiir.ba\\\/product\\\/hladnjak-n2\\\/\",\"name\":\"Hladnjak N2 \u2013 mobilni cooler| EMiiR\",\"isPartOf\":{\"@id\":\"https:\\\/\\\/emiir.ba\\\/#website\"},\"primaryImageOfPage\":{\"@id\":\"https:\\\/\\\/emiir.ba\\\/product\\\/hladnjak-n2\\\/#primaryimage\"},\"image\":{\"@id\":\"https:\\\/\\\/emiir.ba\\\/product\\\/hladnjak-n2\\\/#primaryimage\"},\"thumbnailUrl\":\"https:\\\/\\\/emiir.ba\\\/wp-content\\\/uploads\\\/2024\\\/02\\\/n2.png\",\"datePublished\":\"2024-02-23T03:34:00+00:00\",\"dateModified\":\"2025-06-04T03:03:53+00:00\",\"description\":\"Hladnjak N2: efikasno hla\u0111enje i moderni dizajn. Idealno za gejmere i korisnike mobilnih ure\u0111aja.\",\"breadcrumb\":{\"@id\":\"https:\\\/\\\/emiir.ba\\\/product\\\/hladnjak-n2\\\/#breadcrumb\"},\"inLanguage\":\"en-US\",\"potentialAction\":[{\"@type\":\"ReadAction\",\"target\":[\"https:\\\/\\\/emiir.ba\\\/product\\\/hladnjak-n2\\\/\"]}]},{\"@type\":\"ImageObject\",\"inLanguage\":\"en-US\",\"@id\":\"https:\\\/\\\/emiir.ba\\\/product\\\/hladnjak-n2\\\/#primaryimage\",\"url\":\"https:\\\/\\\/emiir.ba\\\/wp-content\\\/uploads\\\/2024\\\/02\\\/n2.png\",\"contentUrl\":\"https:\\\/\\\/emiir.ba\\\/wp-content\\\/uploads\\\/2024\\\/02\\\/n2.png\",\"width\":650,\"height\":650,\"caption\":\"Stilski hladnjak N2 za efikasno hla\u0111enje mobilnih ure\u0111aja, idealan za gejmere i korisnike koji cijene estetiku.\"},{\"@type\":\"BreadcrumbList\",\"@id\":\"https:\\\/\\\/emiir.ba\\\/product\\\/hladnjak-n2\\\/#breadcrumb\",\"itemListElement\":[{\"@type\":\"ListItem\",\"position\":1,\"name\":\"Home\",\"item\":\"https:\\\/\\\/emiir.ba\\\/\"},{\"@type\":\"ListItem\",\"position\":2,\"name\":\"Shop\",\"item\":\"https:\\\/\\\/emiir.ba\\\/emiir-ba-mobilni-gaming-shop\\\/\"},{\"@type\":\"ListItem\",\"position\":3,\"name\":\"Univerzalni Hladnjak Za Mobilni Telefon N2\"}]},{\"@type\":\"WebSite\",\"@id\":\"https:\\\/\\\/emiir.ba\\\/#website\",\"url\":\"https:\\\/\\\/emiir.ba\\\/\",\"name\":\"EMiiR\",\"description\":\"\",\"potentialAction\":[{\"@type\":\"SearchAction\",\"target\":{\"@type\":\"EntryPoint\",\"urlTemplate\":\"https:\\\/\\\/emiir.ba\\\/?s={search_term_string}\"},\"query-input\":{\"@type\":\"PropertyValueSpecification\",\"valueRequired\":true,\"valueName\":\"search_term_string\"}}],\"inLanguage\":\"en-US\"}]}<\/script>\n<!-- \/ Yoast SEO plugin. -->","yoast_head_json":{"title":"Hladnjak N2 \u2013 mobilni cooler| EMiiR","description":"Hladnjak N2: efikasno hla\u0111enje i moderni dizajn. Idealno za gejmere i korisnike mobilnih ure\u0111aja.","robots":{"index":"index","follow":"follow","max-snippet":"max-snippet:-1","max-image-preview":"max-image-preview:large","max-video-preview":"max-video-preview:-1"},"canonical":"https:\/\/emiir.ba\/en\/product\/hladnjak-n2\/","og_locale":"en_US","og_type":"article","og_title":"Hladnjak N2 \u2013 mobilni cooler| EMiiR","og_description":"Hladnjak N2: efikasno hla\u0111enje i moderni dizajn. Idealno za gejmere i korisnike mobilnih ure\u0111aja.","og_url":"https:\/\/emiir.ba\/en\/product\/hladnjak-n2\/","og_site_name":"EMiiR","article_modified_time":"2025-06-04T03:03:53+00:00","og_image":[{"width":650,"height":650,"url":"https:\/\/emiir.ba\/wp-content\/uploads\/2024\/02\/n2.png","type":"image\/png"}],"twitter_card":"summary_large_image","twitter_misc":{"Est. reading time":"2 minutes"},"schema":{"@context":"https:\/\/schema.org","@graph":[{"@type":"WebPage","@id":"https:\/\/emiir.ba\/product\/hladnjak-n2\/","url":"https:\/\/emiir.ba\/product\/hladnjak-n2\/","name":"Hladnjak N2 \u2013 mobilni cooler| EMiiR","isPartOf":{"@id":"https:\/\/emiir.ba\/#website"},"primaryImageOfPage":{"@id":"https:\/\/emiir.ba\/product\/hladnjak-n2\/#primaryimage"},"image":{"@id":"https:\/\/emiir.ba\/product\/hladnjak-n2\/#primaryimage"},"thumbnailUrl":"https:\/\/emiir.ba\/wp-content\/uploads\/2024\/02\/n2.png","datePublished":"2024-02-23T03:34:00+00:00","dateModified":"2025-06-04T03:03:53+00:00","description":"Hladnjak N2: efikasno hla\u0111enje i moderni dizajn. Idealno za gejmere i korisnike mobilnih ure\u0111aja.","breadcrumb":{"@id":"https:\/\/emiir.ba\/product\/hladnjak-n2\/#breadcrumb"},"inLanguage":"en-US","potentialAction":[{"@type":"ReadAction","target":["https:\/\/emiir.ba\/product\/hladnjak-n2\/"]}]},{"@type":"ImageObject","inLanguage":"en-US","@id":"https:\/\/emiir.ba\/product\/hladnjak-n2\/#primaryimage","url":"https:\/\/emiir.ba\/wp-content\/uploads\/2024\/02\/n2.png","contentUrl":"https:\/\/emiir.ba\/wp-content\/uploads\/2024\/02\/n2.png","width":650,"height":650,"caption":"Stilski hladnjak N2 za efikasno hla\u0111enje mobilnih ure\u0111aja, idealan za gejmere i korisnike koji cijene estetiku."},{"@type":"BreadcrumbList","@id":"https:\/\/emiir.ba\/product\/hladnjak-n2\/#breadcrumb","itemListElement":[{"@type":"ListItem","position":1,"name":"Home","item":"https:\/\/emiir.ba\/"},{"@type":"ListItem","position":2,"name":"Shop","item":"https:\/\/emiir.ba\/emiir-ba-mobilni-gaming-shop\/"},{"@type":"ListItem","position":3,"name":"Univerzalni Hladnjak Za Mobilni Telefon N2"}]},{"@type":"WebSite","@id":"https:\/\/emiir.ba\/#website","url":"https:\/\/emiir.ba\/","name":"EMiiR","description":"","potentialAction":[{"@type":"SearchAction","target":{"@type":"EntryPoint","urlTemplate":"https:\/\/emiir.ba\/?s={search_term_string}"},"query-input":{"@type":"PropertyValueSpecification","valueRequired":true,"valueName":"search_term_string"}}],"inLanguage":"en-US"}]}},"jetpack_publicize_connections":[],"jetpack-related-posts":[{"id":6054,"url":"https:\/\/emiir.ba\/en\/product\/hladnjak-x52\/","url_meta":{"origin":6050,"position":0},"title":"Univerzalni Hladnjak Za Mobilni Telefon X52","author":"admin","date":"February 23, 2024","format":false,"excerpt":"\u2744\ufe0f Hladnjak X52 \u2013 mobilni cooler | EMiiR Hladnjak X52 je idealan dodatak za korisnike mobilnih ure\u0111aja koji \u017eele odr\u017eati optimalnu temperaturu svog ure\u0111aja tokom intenzivnog kori\u0161tenja. Ovaj hladnjak kombinuje efikasno hla\u0111enje s modernim dizajnom, \u010dine\u0107i ga savr\u0161enim za gejmere i korisnike koji cijene estetiku. Njegova kompaktna veli\u010dina i lagana\u2026","rel":"","context":"Similar post","block_context":{"text":"Similar post","link":""},"img":{"alt_text":"Hladnjak X52 za mobilne ure\u0111aje","src":"https:\/\/i0.wp.com\/emiir.ba\/wp-content\/uploads\/2024\/02\/x52.png?resize=350%2C200&ssl=1","width":350,"height":200,"srcset":"https:\/\/i0.wp.com\/emiir.ba\/wp-content\/uploads\/2024\/02\/x52.png?resize=350%2C200&ssl=1 1x, https:\/\/i0.wp.com\/emiir.ba\/wp-content\/uploads\/2024\/02\/x52.png?resize=525%2C300&ssl=1 1.5x"},"classes":[]},{"id":6052,"url":"https:\/\/emiir.ba\/en\/product\/hladnjak-s1\/","url_meta":{"origin":6050,"position":1},"title":"Univerzalni Hladnjak Za Mobilni Telefon S1","author":"admin","date":"February 23, 2024","format":false,"excerpt":"\u2744\ufe0f Hladnjak S1 \u2013 kompaktni mobilni cooler za optimalno hla\u0111enje | EMiiR Hladnjak S1 je idealan dodatak za korisnike mobilnih ure\u0111aja koji \u017eele odr\u017eati optimalnu temperaturu svog ure\u0111aja tokom intenzivnog kori\u0161tenja. Ovaj hladnjak kombinuje efikasno hla\u0111enje s modernim dizajnom, \u010dine\u0107i ga savr\u0161enim za gejmere i korisnike koji cijene estetiku. Zahvaljuju\u0107i\u2026","rel":"","context":"Similar post","block_context":{"text":"Similar post","link":""},"img":{"alt_text":"Hladnjak S1 za mobilne ure\u0111aje","src":"https:\/\/i0.wp.com\/emiir.ba\/wp-content\/uploads\/2024\/02\/S1.png?resize=350%2C200&ssl=1","width":350,"height":200,"srcset":"https:\/\/i0.wp.com\/emiir.ba\/wp-content\/uploads\/2024\/02\/S1.png?resize=350%2C200&ssl=1 1x, https:\/\/i0.wp.com\/emiir.ba\/wp-content\/uploads\/2024\/02\/S1.png?resize=525%2C300&ssl=1 1.5x"},"classes":[]},{"id":6030,"url":"https:\/\/emiir.ba\/en\/product\/hladnjak-s-05a\/","url_meta":{"origin":6050,"position":2},"title":"Univerzalni Hladnjak Za Mobilni Telefon S-05A","author":"admin","date":"February 23, 2024","format":false,"excerpt":"\u2744\ufe0f Univerzalni Hladnjak S-05A \u2013 efikasno hla\u0111enje mobilnih ure\u0111aja | EMiiR Univerzalni Hladnjak S-05A je prakti\u010dan dodatak za korisnike mobilnih ure\u0111aja koji \u017eele odr\u017eati optimalnu temperaturu svog ure\u0111aja tokom intenzivnog kori\u0161tenja. Ovaj hladnjak kombinuje efikasno hla\u0111enje s jednostavnim dizajnom, \u010dine\u0107i ga savr\u0161enim za gejmere i korisnike koji cijene funkcionalnost. Zahvaljuju\u0107i\u2026","rel":"","context":"Similar post","block_context":{"text":"Similar post","link":""},"img":{"alt_text":"Univerzalni Hladnjak S-05A za mobilne ure\u0111aje","src":"https:\/\/i0.wp.com\/emiir.ba\/wp-content\/uploads\/2024\/02\/s-05aaaa.png?resize=350%2C200&ssl=1","width":350,"height":200,"srcset":"https:\/\/i0.wp.com\/emiir.ba\/wp-content\/uploads\/2024\/02\/s-05aaaa.png?resize=350%2C200&ssl=1 1x, https:\/\/i0.wp.com\/emiir.ba\/wp-content\/uploads\/2024\/02\/s-05aaaa.png?resize=525%2C300&ssl=1 1.5x"},"classes":[]},{"id":6056,"url":"https:\/\/emiir.ba\/en\/product\/hladnjak-s-05a-pink\/","url_meta":{"origin":6050,"position":3},"title":"Univerzalni Hladnjak Za Mobilni Telefon S-05A pink","author":"admin","date":"February 23, 2024","format":false,"excerpt":"\u2744\ufe0f Hladnjak S-05A Pink \u2013 stilski mobilni cooler za optimalno hla\u0111enje | EMiiR Hladnjak S-05A Pink je savr\u0161en dodatak za korisnike mobilnih ure\u0111aja koji \u017eele odr\u017eati optimalnu temperaturu svog ure\u0111aja tokom intenzivnog kori\u0161tenja. Ovaj hladnjak kombinuje efikasno hla\u0111enje s modernim dizajnom u ru\u017ei\u010dastoj boji, \u010dine\u0107i ga idealnim za gejmere i\u2026","rel":"","context":"Similar post","block_context":{"text":"Similar post","link":""},"img":{"alt_text":"Hladnjak S-05A Pink za mobilne ure\u0111aje","src":"https:\/\/i0.wp.com\/emiir.ba\/wp-content\/uploads\/2024\/02\/Hladnjak-S-05A-pink.png?resize=350%2C200&ssl=1","width":350,"height":200,"srcset":"https:\/\/i0.wp.com\/emiir.ba\/wp-content\/uploads\/2024\/02\/Hladnjak-S-05A-pink.png?resize=350%2C200&ssl=1 1x, https:\/\/i0.wp.com\/emiir.ba\/wp-content\/uploads\/2024\/02\/Hladnjak-S-05A-pink.png?resize=525%2C300&ssl=1 1.5x"},"classes":[]},{"id":6043,"url":"https:\/\/emiir.ba\/en\/product\/hladnjak-skull\/","url_meta":{"origin":6050,"position":4},"title":"Univerzalni Hladnjak Za Mobilni Telefon skull","author":"admin","date":"February 23, 2024","format":false,"excerpt":"\u2744\ufe0f Univerzalni Hladnjak Skull \u2013 efikasno hla\u0111enje mobilnih ure\u0111aja | EMiiR Univerzalni Hladnjak Skull je prakti\u010dan dodatak za korisnike mobilnih ure\u0111aja koji \u017eele odr\u017eati optimalnu temperaturu svog ure\u0111aja tokom intenzivnog kori\u0161tenja. Ovaj hladnjak kombinuje efikasno hla\u0111enje s jedinstvenim dizajnom, \u010dine\u0107i ga savr\u0161enim za gejmere i korisnike koji cijene funkcionalnost i\u2026","rel":"","context":"Similar post","block_context":{"text":"Similar post","link":""},"img":{"alt_text":"Univerzalni Hladnjak Skull za mobilne ure\u0111aje","src":"https:\/\/i0.wp.com\/emiir.ba\/wp-content\/uploads\/2024\/02\/skull.png?resize=350%2C200&ssl=1","width":350,"height":200,"srcset":"https:\/\/i0.wp.com\/emiir.ba\/wp-content\/uploads\/2024\/02\/skull.png?resize=350%2C200&ssl=1 1x, https:\/\/i0.wp.com\/emiir.ba\/wp-content\/uploads\/2024\/02\/skull.png?resize=525%2C300&ssl=1 1.5x"},"classes":[]},{"id":6046,"url":"https:\/\/emiir.ba\/en\/product\/hladnjak-g6\/","url_meta":{"origin":6050,"position":5},"title":"Univerzalni Hladnjak Za Mobilni Telefon G6","author":"admin","date":"February 23, 2024","format":false,"excerpt":"\u2744\ufe0f Univerzalni Hladnjak G6 \u2013 efikasno hla\u0111enje mobilnih ure\u0111aja bez baterije i LED osvjetljenja | EMiiR Univerzalni Hladnjak G6 je prakti\u010dan dodatak za korisnike mobilnih ure\u0111aja koji \u017eele odr\u017eati optimalnu temperaturu svog ure\u0111aja tokom intenzivnog kori\u0161tenja. Ovaj hladnjak kombinuje efikasno hla\u0111enje s jednostavnim dizajnom, \u010dine\u0107i ga savr\u0161enim za gejmere i\u2026","rel":"","context":"Similar post","block_context":{"text":"Similar post","link":""},"img":{"alt_text":"Univerzalni Hladnjak G6 za mobilne ure\u0111aje","src":"https:\/\/i0.wp.com\/emiir.ba\/wp-content\/uploads\/2024\/02\/g6.png?resize=350%2C200&ssl=1","width":350,"height":200,"srcset":"https:\/\/i0.wp.com\/emiir.ba\/wp-content\/uploads\/2024\/02\/g6.png?resize=350%2C200&ssl=1 1x, https:\/\/i0.wp.com\/emiir.ba\/wp-content\/uploads\/2024\/02\/g6.png?resize=525%2C300&ssl=1 1.5x"},"classes":[]}],"jetpack_sharing_enabled":true,"jetpack_likes_enabled":true,"_links":{"self":[{"href":"https:\/\/emiir.ba\/en\/wp-json\/wp\/v2\/product\/6050","targetHints":{"allow":["GET"]}}],"collection":[{"href":"https:\/\/emiir.ba\/en\/wp-json\/wp\/v2\/product"}],"about":[{"href":"https:\/\/emiir.ba\/en\/wp-json\/wp\/v2\/types\/product"}],"replies":[{"embeddable":true,"href":"https:\/\/emiir.ba\/en\/wp-json\/wp\/v2\/comments?post=6050"}],"wp:featuredmedia":[{"embeddable":true,"href":"https:\/\/emiir.ba\/en\/wp-json\/wp\/v2\/media\/6051"}],"wp:attachment":[{"href":"https:\/\/emiir.ba\/en\/wp-json\/wp\/v2\/media?parent=6050"}],"wp:term":[{"taxonomy":"product_brand","embeddable":true,"href":"https:\/\/emiir.ba\/en\/wp-json\/wp\/v2\/product_brand?post=6050"},{"taxonomy":"product_cat","embeddable":true,"href":"https:\/\/emiir.ba\/en\/wp-json\/wp\/v2\/product_cat?post=6050"},{"taxonomy":"product_tag","embeddable":true,"href":"https:\/\/emiir.ba\/en\/wp-json\/wp\/v2\/product_tag?post=6050"}],"curies":[{"name":"wp","href":"https:\/\/api.w.org\/{rel}","templated":true}]}}