{"id":6056,"date":"2024-02-23T03:47:51","date_gmt":"2024-02-23T03:47:51","guid":{"rendered":"https:\/\/emiir.ba\/?post_type=product&#038;p=6056"},"modified":"2025-06-04T02:45:54","modified_gmt":"2025-06-04T02:45:54","slug":"hladnjak-s-05a-pink","status":"publish","type":"product","link":"https:\/\/emiir.ba\/en\/product\/hladnjak-s-05a-pink\/","title":{"rendered":"Univerzalni Hladnjak Za Mobilni Telefon S-05A pink"},"content":{"rendered":"<h2 data-start=\"150\" data-end=\"234\">\u2744\ufe0f <strong data-start=\"156\" data-end=\"234\">Hladnjak S-05A Pink \u2013 stilski mobilni cooler za optimalno hla\u0111enje | EMiiR<\/strong><\/h2>\n<hr data-start=\"236\" data-end=\"239\" \/>\n<p data-start=\"241\" data-end=\"353\"><span class=\"relative -mx-px my-[-0.2rem] rounded px-px py-[0.2rem] transition-colors duration-100 ease-in-out\"><strong data-start=\"0\" data-end=\"23\" data-is-only-node=\"\">Hladnjak S-05A Pink<\/strong> je savr\u0161en dodatak za korisnike mobilnih ure\u0111aja koji \u017eele odr\u017eati optimalnu temperaturu svog ure\u0111aja tokom intenzivnog kori\u0161tenja.<\/span> <span class=\"relative -mx-px my-[-0.2rem] rounded px-px py-[0.2rem] transition-colors duration-100 ease-in-out\">Ovaj hladnjak kombinuje efikasno hla\u0111enje s modernim dizajnom u ru\u017ei\u010dastoj boji, \u010dine\u0107i ga idealnim za gejmere i korisnike koji cijene estetiku.<\/span><\/p>\n<p data-start=\"355\" data-end=\"471\"><span class=\"relative -mx-px my-[-0.2rem] rounded px-px py-[0.2rem] transition-colors duration-100 ease-in-out\">Zahvaljuju\u0107i naprednoj tehnologiji hla\u0111enja, S-05A Pink brzo sni\u017eava temperaturu ure\u0111aja, spre\u010davaju\u0107i pregrijavanje i osiguravaju\u0107i nesmetano igranje ili rad.<\/span> <span class=\"relative -mx-px my-[-0.2rem] rounded px-px py-[0.2rem] transition-colors duration-100 ease-in-out\">Njegova kompaktna veli\u010dina i lagana konstrukcija omogu\u0107avaju lako pri\u010dvr\u0161\u0107ivanje na razli\u010dite modele pametnih telefona.<\/span><\/p>\n<p data-start=\"473\" data-end=\"551\"><span class=\"relative -mx-px my-[-0.2rem] rounded px-px py-[0.2rem] transition-colors duration-100 ease-in-out\">Kupovinom Hladnjaka S-05A Pink u EMiiR shopu dobijate pouzdan i stilski dodatak koji \u0107e pobolj\u0161ati performanse va\u0161eg ure\u0111aja i produ\u017eiti njegov vijek trajanja.<\/span><\/p>\n<hr data-start=\"553\" data-end=\"556\" \/>\n<h3 data-start=\"558\" data-end=\"591\">\ud83d\udd27 <strong data-start=\"565\" data-end=\"591\">Tehni\u010dke specifikacije<\/strong><\/h3>\n<ul data-start=\"592\" data-end=\"956\">\n<li data-start=\"592\" data-end=\"642\">\n<p data-start=\"594\" data-end=\"642\"><strong data-start=\"594\" data-end=\"602\">Tip:<\/strong> <span class=\"relative -mx-px my-[-0.2rem] rounded px-px py-[0.2rem] transition-colors duration-100 ease-in-out\">mobilni hladnjak<\/span><\/p>\n<\/li>\n<li data-start=\"643\" data-end=\"695\">\n<p data-start=\"645\" data-end=\"695\"><strong data-start=\"645\" data-end=\"655\">Model:<\/strong> <span class=\"relative -mx-px my-[-0.2rem] rounded px-px py-[0.2rem] transition-colors duration-100 ease-in-out\">S-05A<\/span><\/p>\n<\/li>\n<li data-start=\"696\" data-end=\"747\">\n<p data-start=\"698\" data-end=\"747\"><strong data-start=\"698\" data-end=\"707\">Boja:<\/strong> <span class=\"relative -mx-px my-[-0.2rem] rounded px-px py-[0.2rem] transition-colors duration-100 ease-in-out\">ru\u017ei\u010dasta<\/span><\/p>\n<\/li>\n<li data-start=\"748\" data-end=\"804\">\n<p data-start=\"750\" data-end=\"804\"><strong data-start=\"750\" data-end=\"764\">Materijal:<\/strong> <span class=\"relative -mx-px my-[-0.2rem] rounded px-px py-[0.2rem] transition-colors duration-100 ease-in-out\">ABS plastika i metal<\/span><\/p>\n<\/li>\n<li data-start=\"805\" data-end=\"861\">\n<p data-start=\"807\" data-end=\"861\"><strong data-start=\"807\" data-end=\"821\">Dimenzije:<\/strong> <span class=\"relative -mx-px my-[-0.2rem] rounded px-px py-[0.2rem] transition-colors duration-100 ease-in-out\">kompaktne za jednostavno pri\u010dvr\u0161\u0107ivanje<\/span><\/p>\n<\/li>\n<li data-start=\"862\" data-end=\"956\">\n<p data-start=\"864\" data-end=\"956\"><strong data-start=\"864\" data-end=\"877\">Funkcija:<\/strong> <span class=\"relative -mx-px my-[-0.2rem] rounded px-px py-[0.2rem] transition-colors duration-100 ease-in-out\">efikasno hla\u0111enje mobilnih ure\u0111aja<\/span><\/p>\n<\/li>\n<\/ul>\n<hr data-start=\"958\" data-end=\"961\" \/>\n<h3 data-start=\"963\" data-end=\"995\">\u2b50 <strong data-start=\"969\" data-end=\"995\">Prednosti ovog dodatka<\/strong><\/h3>\n<ul data-start=\"996\" data-end=\"1254\">\n<li data-start=\"996\" data-end=\"1039\">\n<p data-start=\"998\" data-end=\"1039\">\u2705 <span class=\"relative -mx-px my-[-0.2rem] rounded px-px py-[0.2rem] transition-colors duration-100 ease-in-out\">Efikasno sni\u017eava temperaturu ure\u0111aja tokom intenzivnog kori\u0161tenja<\/span><\/p>\n<\/li>\n<li data-start=\"1040\" data-end=\"1083\">\n<p data-start=\"1042\" data-end=\"1083\">\u2705 <span class=\"relative -mx-px my-[-0.2rem] rounded px-px py-[0.2rem] transition-colors duration-100 ease-in-out\">Moderni dizajn u ru\u017ei\u010dastoj boji<\/span><\/p>\n<\/li>\n<li data-start=\"1084\" data-end=\"1127\">\n<p data-start=\"1086\" data-end=\"1127\">\u2705 <span class=\"relative -mx-px my-[-0.2rem] rounded px-px py-[0.2rem] transition-colors duration-100 ease-in-out\">Kompaktna i lagana konstrukcija<\/span><\/p>\n<\/li>\n<li data-start=\"1128\" data-end=\"1171\">\n<p data-start=\"1130\" data-end=\"1171\">\u2705 <span class=\"relative -mx-px my-[-0.2rem] rounded px-px py-[0.2rem] transition-colors duration-100 ease-in-out\">Jednostavno pri\u010dvr\u0161\u0107ivanje na razli\u010dite modele pametnih telefona<\/span><\/p>\n<\/li>\n<li data-start=\"1172\" data-end=\"1254\">\n<p data-start=\"1174\" data-end=\"1254\">\u2705 <span class=\"relative -mx-px my-[-0.2rem] rounded px-px py-[0.2rem] transition-colors duration-100 ease-in-out\">Pobolj\u0161ava performanse i produ\u017eava vijek trajanja ure\u0111aja<\/span><\/p>\n<\/li>\n<\/ul>\n<p data-start=\"1256\" data-end=\"1337\"><span class=\"relative -mx-px my-[-0.2rem] rounded px-px py-[0.2rem] transition-colors duration-100 ease-in-out\">Za vi\u0161e informacija o mobilnim hladnjacima i kako mogu pobolj\u0161ati va\u0161e iskustvo, posjetite <a href=\"https:\/\/www.androidauthority.com\/best-phone-cooling-fans-3158591\/\" target=\"_new\" rel=\"noopener noreferrer\" data-start=\"91\" data-end=\"177\">Android Authority<\/a>.<\/span> \ud83d\ude80<\/p>\n<hr data-start=\"1339\" data-end=\"1342\" \/>\n<p data-start=\"1344\" data-end=\"1501\">\ud83d\udc49 Pogledajte sve <a class=\"cursor-pointer\" target=\"_new\" rel=\"noopener\" data-start=\"1362\" data-end=\"1435\">mobilne hladnjake<\/a> u EMiiR shopu i prona\u0111ite savr\u0161en dodatak za sebe ili kao poklon!<\/p>","protected":false},"excerpt":{"rendered":"<p> [&hellip;]<\/p>","protected":false},"featured_media":6057,"comment_status":"open","ping_status":"closed","template":"","meta":{"jetpack_post_was_ever_published":false,"jetpack_publicize_message":"","jetpack_publicize_feature_enabled":true,"jetpack_social_post_already_shared":false,"jetpack_social_options":{"image_generator_settings":{"template":"highway","default_image_id":0,"font":"","enabled":false},"version":2}},"product_brand":[],"product_cat":[117],"product_tag":[],"class_list":{"0":"post-6056","1":"product","2":"type-product","3":"status-publish","4":"has-post-thumbnail","6":"product_cat-hladnjaci-za-mobilni-gaming","8":"first","9":"instock","10":"sale","11":"shipping-taxable","12":"purchasable","13":"product-type-simple"},"yoast_head":"<!-- This site is optimized with the Yoast SEO plugin v27.4 - https:\/\/yoast.com\/product\/yoast-seo-wordpress\/ -->\n<title>Hladnjak S-05A Pink \u2013 stilski mobilni cooler za optimalno hla\u0111enje | EMiiR<\/title>\n<meta name=\"description\" content=\"Hladnjak S-05A Pink: efikasno hla\u0111enje i moderni dizajn u ru\u017ei\u010dastoj boji. Idealno za gejmere i korisnike mobilnih ure\u0111aja.\" \/>\n<meta name=\"robots\" content=\"index, follow, max-snippet:-1, max-image-preview:large, max-video-preview:-1\" \/>\n<link rel=\"canonical\" href=\"https:\/\/emiir.ba\/en\/product\/hladnjak-s-05a-pink\/\" \/>\n<meta property=\"og:locale\" content=\"en_US\" \/>\n<meta property=\"og:type\" content=\"article\" \/>\n<meta property=\"og:title\" content=\"Hladnjak S-05A Pink \u2013 stilski mobilni cooler za optimalno hla\u0111enje | EMiiR\" \/>\n<meta property=\"og:description\" content=\"Hladnjak S-05A Pink: efikasno hla\u0111enje i moderni dizajn u ru\u017ei\u010dastoj boji. Idealno za gejmere i korisnike mobilnih ure\u0111aja.\" \/>\n<meta property=\"og:url\" content=\"https:\/\/emiir.ba\/en\/product\/hladnjak-s-05a-pink\/\" \/>\n<meta property=\"og:site_name\" content=\"EMiiR\" \/>\n<meta property=\"article:modified_time\" content=\"2025-06-04T02:45:54+00:00\" \/>\n<meta property=\"og:image\" content=\"https:\/\/emiir.ba\/wp-content\/uploads\/2024\/02\/Hladnjak-S-05A-pink.png\" \/>\n\t<meta property=\"og:image:width\" content=\"650\" \/>\n\t<meta property=\"og:image:height\" content=\"650\" \/>\n\t<meta property=\"og:image:type\" content=\"image\/png\" \/>\n<meta name=\"twitter:card\" content=\"summary_large_image\" \/>\n<meta name=\"twitter:label1\" content=\"Est. reading time\" \/>\n\t<meta name=\"twitter:data1\" content=\"2 minutes\" \/>\n<script type=\"application\/ld+json\" class=\"yoast-schema-graph\">{\"@context\":\"https:\\\/\\\/schema.org\",\"@graph\":[{\"@type\":\"WebPage\",\"@id\":\"https:\\\/\\\/emiir.ba\\\/product\\\/hladnjak-s-05a-pink\\\/\",\"url\":\"https:\\\/\\\/emiir.ba\\\/product\\\/hladnjak-s-05a-pink\\\/\",\"name\":\"Hladnjak S-05A Pink \u2013 stilski mobilni cooler za optimalno hla\u0111enje | EMiiR\",\"isPartOf\":{\"@id\":\"https:\\\/\\\/emiir.ba\\\/#website\"},\"primaryImageOfPage\":{\"@id\":\"https:\\\/\\\/emiir.ba\\\/product\\\/hladnjak-s-05a-pink\\\/#primaryimage\"},\"image\":{\"@id\":\"https:\\\/\\\/emiir.ba\\\/product\\\/hladnjak-s-05a-pink\\\/#primaryimage\"},\"thumbnailUrl\":\"https:\\\/\\\/emiir.ba\\\/wp-content\\\/uploads\\\/2024\\\/02\\\/Hladnjak-S-05A-pink.png\",\"datePublished\":\"2024-02-23T03:47:51+00:00\",\"dateModified\":\"2025-06-04T02:45:54+00:00\",\"description\":\"Hladnjak S-05A Pink: efikasno hla\u0111enje i moderni dizajn u ru\u017ei\u010dastoj boji. Idealno za gejmere i korisnike mobilnih ure\u0111aja.\",\"breadcrumb\":{\"@id\":\"https:\\\/\\\/emiir.ba\\\/product\\\/hladnjak-s-05a-pink\\\/#breadcrumb\"},\"inLanguage\":\"en-US\",\"potentialAction\":[{\"@type\":\"ReadAction\",\"target\":[\"https:\\\/\\\/emiir.ba\\\/product\\\/hladnjak-s-05a-pink\\\/\"]}]},{\"@type\":\"ImageObject\",\"inLanguage\":\"en-US\",\"@id\":\"https:\\\/\\\/emiir.ba\\\/product\\\/hladnjak-s-05a-pink\\\/#primaryimage\",\"url\":\"https:\\\/\\\/emiir.ba\\\/wp-content\\\/uploads\\\/2024\\\/02\\\/Hladnjak-S-05A-pink.png\",\"contentUrl\":\"https:\\\/\\\/emiir.ba\\\/wp-content\\\/uploads\\\/2024\\\/02\\\/Hladnjak-S-05A-pink.png\",\"width\":650,\"height\":650,\"caption\":\"Stilski hladnjak S-05A Pink za efikasno hla\u0111enje mobilnih ure\u0111aja, idealan za gejmere i korisnike koji cijene estetiku.\"},{\"@type\":\"BreadcrumbList\",\"@id\":\"https:\\\/\\\/emiir.ba\\\/product\\\/hladnjak-s-05a-pink\\\/#breadcrumb\",\"itemListElement\":[{\"@type\":\"ListItem\",\"position\":1,\"name\":\"Home\",\"item\":\"https:\\\/\\\/emiir.ba\\\/\"},{\"@type\":\"ListItem\",\"position\":2,\"name\":\"Shop\",\"item\":\"https:\\\/\\\/emiir.ba\\\/emiir-ba-mobilni-gaming-shop\\\/\"},{\"@type\":\"ListItem\",\"position\":3,\"name\":\"Univerzalni Hladnjak Za Mobilni Telefon S-05A pink\"}]},{\"@type\":\"WebSite\",\"@id\":\"https:\\\/\\\/emiir.ba\\\/#website\",\"url\":\"https:\\\/\\\/emiir.ba\\\/\",\"name\":\"EMiiR\",\"description\":\"\",\"potentialAction\":[{\"@type\":\"SearchAction\",\"target\":{\"@type\":\"EntryPoint\",\"urlTemplate\":\"https:\\\/\\\/emiir.ba\\\/?s={search_term_string}\"},\"query-input\":{\"@type\":\"PropertyValueSpecification\",\"valueRequired\":true,\"valueName\":\"search_term_string\"}}],\"inLanguage\":\"en-US\"}]}<\/script>\n<!-- \/ Yoast SEO plugin. -->","yoast_head_json":{"title":"Hladnjak S-05A Pink \u2013 stilski mobilni cooler za optimalno hla\u0111enje | EMiiR","description":"Hladnjak S-05A Pink: efikasno hla\u0111enje i moderni dizajn u ru\u017ei\u010dastoj boji. Idealno za gejmere i korisnike mobilnih ure\u0111aja.","robots":{"index":"index","follow":"follow","max-snippet":"max-snippet:-1","max-image-preview":"max-image-preview:large","max-video-preview":"max-video-preview:-1"},"canonical":"https:\/\/emiir.ba\/en\/product\/hladnjak-s-05a-pink\/","og_locale":"en_US","og_type":"article","og_title":"Hladnjak S-05A Pink \u2013 stilski mobilni cooler za optimalno hla\u0111enje | EMiiR","og_description":"Hladnjak S-05A Pink: efikasno hla\u0111enje i moderni dizajn u ru\u017ei\u010dastoj boji. Idealno za gejmere i korisnike mobilnih ure\u0111aja.","og_url":"https:\/\/emiir.ba\/en\/product\/hladnjak-s-05a-pink\/","og_site_name":"EMiiR","article_modified_time":"2025-06-04T02:45:54+00:00","og_image":[{"width":650,"height":650,"url":"https:\/\/emiir.ba\/wp-content\/uploads\/2024\/02\/Hladnjak-S-05A-pink.png","type":"image\/png"}],"twitter_card":"summary_large_image","twitter_misc":{"Est. reading time":"2 minutes"},"schema":{"@context":"https:\/\/schema.org","@graph":[{"@type":"WebPage","@id":"https:\/\/emiir.ba\/product\/hladnjak-s-05a-pink\/","url":"https:\/\/emiir.ba\/product\/hladnjak-s-05a-pink\/","name":"Hladnjak S-05A Pink \u2013 stilski mobilni cooler za optimalno hla\u0111enje | EMiiR","isPartOf":{"@id":"https:\/\/emiir.ba\/#website"},"primaryImageOfPage":{"@id":"https:\/\/emiir.ba\/product\/hladnjak-s-05a-pink\/#primaryimage"},"image":{"@id":"https:\/\/emiir.ba\/product\/hladnjak-s-05a-pink\/#primaryimage"},"thumbnailUrl":"https:\/\/emiir.ba\/wp-content\/uploads\/2024\/02\/Hladnjak-S-05A-pink.png","datePublished":"2024-02-23T03:47:51+00:00","dateModified":"2025-06-04T02:45:54+00:00","description":"Hladnjak S-05A Pink: efikasno hla\u0111enje i moderni dizajn u ru\u017ei\u010dastoj boji. Idealno za gejmere i korisnike mobilnih ure\u0111aja.","breadcrumb":{"@id":"https:\/\/emiir.ba\/product\/hladnjak-s-05a-pink\/#breadcrumb"},"inLanguage":"en-US","potentialAction":[{"@type":"ReadAction","target":["https:\/\/emiir.ba\/product\/hladnjak-s-05a-pink\/"]}]},{"@type":"ImageObject","inLanguage":"en-US","@id":"https:\/\/emiir.ba\/product\/hladnjak-s-05a-pink\/#primaryimage","url":"https:\/\/emiir.ba\/wp-content\/uploads\/2024\/02\/Hladnjak-S-05A-pink.png","contentUrl":"https:\/\/emiir.ba\/wp-content\/uploads\/2024\/02\/Hladnjak-S-05A-pink.png","width":650,"height":650,"caption":"Stilski hladnjak S-05A Pink za efikasno hla\u0111enje mobilnih ure\u0111aja, idealan za gejmere i korisnike koji cijene estetiku."},{"@type":"BreadcrumbList","@id":"https:\/\/emiir.ba\/product\/hladnjak-s-05a-pink\/#breadcrumb","itemListElement":[{"@type":"ListItem","position":1,"name":"Home","item":"https:\/\/emiir.ba\/"},{"@type":"ListItem","position":2,"name":"Shop","item":"https:\/\/emiir.ba\/emiir-ba-mobilni-gaming-shop\/"},{"@type":"ListItem","position":3,"name":"Univerzalni Hladnjak Za Mobilni Telefon S-05A pink"}]},{"@type":"WebSite","@id":"https:\/\/emiir.ba\/#website","url":"https:\/\/emiir.ba\/","name":"EMiiR","description":"","potentialAction":[{"@type":"SearchAction","target":{"@type":"EntryPoint","urlTemplate":"https:\/\/emiir.ba\/?s={search_term_string}"},"query-input":{"@type":"PropertyValueSpecification","valueRequired":true,"valueName":"search_term_string"}}],"inLanguage":"en-US"}]}},"jetpack_publicize_connections":[],"jetpack-related-posts":[{"id":6030,"url":"https:\/\/emiir.ba\/en\/product\/hladnjak-s-05a\/","url_meta":{"origin":6056,"position":0},"title":"Univerzalni Hladnjak Za Mobilni Telefon S-05A","author":"admin","date":"February 23, 2024","format":false,"excerpt":"\u2744\ufe0f Univerzalni Hladnjak S-05A \u2013 efikasno hla\u0111enje mobilnih ure\u0111aja | EMiiR Univerzalni Hladnjak S-05A je prakti\u010dan dodatak za korisnike mobilnih ure\u0111aja koji \u017eele odr\u017eati optimalnu temperaturu svog ure\u0111aja tokom intenzivnog kori\u0161tenja. Ovaj hladnjak kombinuje efikasno hla\u0111enje s jednostavnim dizajnom, \u010dine\u0107i ga savr\u0161enim za gejmere i korisnike koji cijene funkcionalnost. Zahvaljuju\u0107i\u2026","rel":"","context":"Similar post","block_context":{"text":"Similar post","link":""},"img":{"alt_text":"Univerzalni Hladnjak S-05A za mobilne ure\u0111aje","src":"https:\/\/i0.wp.com\/emiir.ba\/wp-content\/uploads\/2024\/02\/s-05aaaa.png?resize=350%2C200&ssl=1","width":350,"height":200,"srcset":"https:\/\/i0.wp.com\/emiir.ba\/wp-content\/uploads\/2024\/02\/s-05aaaa.png?resize=350%2C200&ssl=1 1x, https:\/\/i0.wp.com\/emiir.ba\/wp-content\/uploads\/2024\/02\/s-05aaaa.png?resize=525%2C300&ssl=1 1.5x"},"classes":[]},{"id":6052,"url":"https:\/\/emiir.ba\/en\/product\/hladnjak-s1\/","url_meta":{"origin":6056,"position":1},"title":"Univerzalni Hladnjak Za Mobilni Telefon S1","author":"admin","date":"February 23, 2024","format":false,"excerpt":"\u2744\ufe0f Hladnjak S1 \u2013 kompaktni mobilni cooler za optimalno hla\u0111enje | EMiiR Hladnjak S1 je idealan dodatak za korisnike mobilnih ure\u0111aja koji \u017eele odr\u017eati optimalnu temperaturu svog ure\u0111aja tokom intenzivnog kori\u0161tenja. Ovaj hladnjak kombinuje efikasno hla\u0111enje s modernim dizajnom, \u010dine\u0107i ga savr\u0161enim za gejmere i korisnike koji cijene estetiku. Zahvaljuju\u0107i\u2026","rel":"","context":"Similar post","block_context":{"text":"Similar post","link":""},"img":{"alt_text":"Hladnjak S1 za mobilne ure\u0111aje","src":"https:\/\/i0.wp.com\/emiir.ba\/wp-content\/uploads\/2024\/02\/S1.png?resize=350%2C200&ssl=1","width":350,"height":200,"srcset":"https:\/\/i0.wp.com\/emiir.ba\/wp-content\/uploads\/2024\/02\/S1.png?resize=350%2C200&ssl=1 1x, https:\/\/i0.wp.com\/emiir.ba\/wp-content\/uploads\/2024\/02\/S1.png?resize=525%2C300&ssl=1 1.5x"},"classes":[]},{"id":6043,"url":"https:\/\/emiir.ba\/en\/product\/hladnjak-skull\/","url_meta":{"origin":6056,"position":2},"title":"Univerzalni Hladnjak Za Mobilni Telefon skull","author":"admin","date":"February 23, 2024","format":false,"excerpt":"\u2744\ufe0f Univerzalni Hladnjak Skull \u2013 efikasno hla\u0111enje mobilnih ure\u0111aja | EMiiR Univerzalni Hladnjak Skull je prakti\u010dan dodatak za korisnike mobilnih ure\u0111aja koji \u017eele odr\u017eati optimalnu temperaturu svog ure\u0111aja tokom intenzivnog kori\u0161tenja. Ovaj hladnjak kombinuje efikasno hla\u0111enje s jedinstvenim dizajnom, \u010dine\u0107i ga savr\u0161enim za gejmere i korisnike koji cijene funkcionalnost i\u2026","rel":"","context":"Similar post","block_context":{"text":"Similar post","link":""},"img":{"alt_text":"Univerzalni Hladnjak Skull za mobilne ure\u0111aje","src":"https:\/\/i0.wp.com\/emiir.ba\/wp-content\/uploads\/2024\/02\/skull.png?resize=350%2C200&ssl=1","width":350,"height":200,"srcset":"https:\/\/i0.wp.com\/emiir.ba\/wp-content\/uploads\/2024\/02\/skull.png?resize=350%2C200&ssl=1 1x, https:\/\/i0.wp.com\/emiir.ba\/wp-content\/uploads\/2024\/02\/skull.png?resize=525%2C300&ssl=1 1.5x"},"classes":[]},{"id":6054,"url":"https:\/\/emiir.ba\/en\/product\/hladnjak-x52\/","url_meta":{"origin":6056,"position":3},"title":"Univerzalni Hladnjak Za Mobilni Telefon X52","author":"admin","date":"February 23, 2024","format":false,"excerpt":"\u2744\ufe0f Hladnjak X52 \u2013 mobilni cooler | EMiiR Hladnjak X52 je idealan dodatak za korisnike mobilnih ure\u0111aja koji \u017eele odr\u017eati optimalnu temperaturu svog ure\u0111aja tokom intenzivnog kori\u0161tenja. Ovaj hladnjak kombinuje efikasno hla\u0111enje s modernim dizajnom, \u010dine\u0107i ga savr\u0161enim za gejmere i korisnike koji cijene estetiku. Njegova kompaktna veli\u010dina i lagana\u2026","rel":"","context":"Similar post","block_context":{"text":"Similar post","link":""},"img":{"alt_text":"Hladnjak X52 za mobilne ure\u0111aje","src":"https:\/\/i0.wp.com\/emiir.ba\/wp-content\/uploads\/2024\/02\/x52.png?resize=350%2C200&ssl=1","width":350,"height":200,"srcset":"https:\/\/i0.wp.com\/emiir.ba\/wp-content\/uploads\/2024\/02\/x52.png?resize=350%2C200&ssl=1 1x, https:\/\/i0.wp.com\/emiir.ba\/wp-content\/uploads\/2024\/02\/x52.png?resize=525%2C300&ssl=1 1.5x"},"classes":[]},{"id":6050,"url":"https:\/\/emiir.ba\/en\/product\/hladnjak-n2\/","url_meta":{"origin":6056,"position":4},"title":"Univerzalni Hladnjak Za Mobilni Telefon N2","author":"admin","date":"February 23, 2024","format":false,"excerpt":"\u2744\ufe0f Hladnjak N2 \u2013 mobilni cooler s punjivom baterijom i LED osvjetljenjem | EMiiR Hladnjak N2 je idealan dodatak za korisnike mobilnih ure\u0111aja koji \u017eele odr\u017eati optimalnu temperaturu svog ure\u0111aja tokom intenzivnog kori\u0161tenja. Ovaj hladnjak kombinuje efikasno hla\u0111enje s modernim dizajnom, \u010dine\u0107i ga savr\u0161enim za gejmere i korisnike koji cijene\u2026","rel":"","context":"Similar post","block_context":{"text":"Similar post","link":""},"img":{"alt_text":"Hladnjak N2 za mobilne ure\u0111aje","src":"https:\/\/i0.wp.com\/emiir.ba\/wp-content\/uploads\/2024\/02\/n2.png?resize=350%2C200&ssl=1","width":350,"height":200,"srcset":"https:\/\/i0.wp.com\/emiir.ba\/wp-content\/uploads\/2024\/02\/n2.png?resize=350%2C200&ssl=1 1x, https:\/\/i0.wp.com\/emiir.ba\/wp-content\/uploads\/2024\/02\/n2.png?resize=525%2C300&ssl=1 1.5x"},"classes":[]},{"id":6046,"url":"https:\/\/emiir.ba\/en\/product\/hladnjak-g6\/","url_meta":{"origin":6056,"position":5},"title":"Univerzalni Hladnjak Za Mobilni Telefon G6","author":"admin","date":"February 23, 2024","format":false,"excerpt":"\u2744\ufe0f Univerzalni Hladnjak G6 \u2013 efikasno hla\u0111enje mobilnih ure\u0111aja bez baterije i LED osvjetljenja | EMiiR Univerzalni Hladnjak G6 je prakti\u010dan dodatak za korisnike mobilnih ure\u0111aja koji \u017eele odr\u017eati optimalnu temperaturu svog ure\u0111aja tokom intenzivnog kori\u0161tenja. Ovaj hladnjak kombinuje efikasno hla\u0111enje s jednostavnim dizajnom, \u010dine\u0107i ga savr\u0161enim za gejmere i\u2026","rel":"","context":"Similar post","block_context":{"text":"Similar post","link":""},"img":{"alt_text":"Univerzalni Hladnjak G6 za mobilne ure\u0111aje","src":"https:\/\/i0.wp.com\/emiir.ba\/wp-content\/uploads\/2024\/02\/g6.png?resize=350%2C200&ssl=1","width":350,"height":200,"srcset":"https:\/\/i0.wp.com\/emiir.ba\/wp-content\/uploads\/2024\/02\/g6.png?resize=350%2C200&ssl=1 1x, https:\/\/i0.wp.com\/emiir.ba\/wp-content\/uploads\/2024\/02\/g6.png?resize=525%2C300&ssl=1 1.5x"},"classes":[]}],"jetpack_sharing_enabled":true,"jetpack_likes_enabled":true,"_links":{"self":[{"href":"https:\/\/emiir.ba\/en\/wp-json\/wp\/v2\/product\/6056","targetHints":{"allow":["GET"]}}],"collection":[{"href":"https:\/\/emiir.ba\/en\/wp-json\/wp\/v2\/product"}],"about":[{"href":"https:\/\/emiir.ba\/en\/wp-json\/wp\/v2\/types\/product"}],"replies":[{"embeddable":true,"href":"https:\/\/emiir.ba\/en\/wp-json\/wp\/v2\/comments?post=6056"}],"wp:featuredmedia":[{"embeddable":true,"href":"https:\/\/emiir.ba\/en\/wp-json\/wp\/v2\/media\/6057"}],"wp:attachment":[{"href":"https:\/\/emiir.ba\/en\/wp-json\/wp\/v2\/media?parent=6056"}],"wp:term":[{"taxonomy":"product_brand","embeddable":true,"href":"https:\/\/emiir.ba\/en\/wp-json\/wp\/v2\/product_brand?post=6056"},{"taxonomy":"product_cat","embeddable":true,"href":"https:\/\/emiir.ba\/en\/wp-json\/wp\/v2\/product_cat?post=6056"},{"taxonomy":"product_tag","embeddable":true,"href":"https:\/\/emiir.ba\/en\/wp-json\/wp\/v2\/product_tag?post=6056"}],"curies":[{"name":"wp","href":"https:\/\/api.w.org\/{rel}","templated":true}]}}