{"id":6161,"date":"2024-05-05T11:24:17","date_gmt":"2024-05-05T11:24:17","guid":{"rendered":"https:\/\/emiir.ba\/?post_type=product&#038;p=6161"},"modified":"2025-09-09T14:47:43","modified_gmt":"2025-09-09T14:47:43","slug":"triger-x7","status":"publish","type":"product","link":"https:\/\/emiir.ba\/en\/product\/triger-x7\/","title":{"rendered":"Gamepad kontroler shooter trigger za mobilni telefon X7"},"content":{"rendered":"<h2 data-start=\"160\" data-end=\"234\">\ud83c\udfae <strong data-start=\"166\" data-end=\"234\">Triger X7 \u2013 napredni mobilni dodatak za precizno igranje | EMiiR<\/strong><\/h2>\n<hr data-start=\"236\" data-end=\"239\" \/>\n<p data-start=\"241\" data-end=\"460\"><strong data-start=\"241\" data-end=\"254\">Triger X7<\/strong> je dizajniran za mobilne gejmere koji tra\u017ee vrhunski odziv i preciznost u igrama poput PUBG Mobile, Call of Duty Mobile i sli\u010dnih. <span class=\"relative -mx-px my-[-0.2rem] rounded px-px py-[0.2rem] transition-colors duration-100 ease-in-out\">Njegov ergonomski dizajn i mehani\u010dki tasteri omogu\u0107avaju brzo i ta\u010dno reagovanje, pru\u017eaju\u0107i vam konkurentsku prednost u svakom me\u010du.<\/span><\/p>\n<p data-start=\"462\" data-end=\"576\"><span class=\"relative -mx-px my-[-0.2rem] rounded px-px py-[0.2rem] transition-colors duration-100 ease-in-out\">Ovaj dodatak je kompatibilan s ve\u0107inom Android i iOS ure\u0111aja i ne zahtijeva dodatno napajanje ili instalaciju aplikacija.<\/span> <span class=\"relative -mx-px my-[-0.2rem] rounded px-px py-[0.2rem] transition-colors duration-100 ease-in-out\">Jednostavno ga pri\u010dvrstite na svoj ure\u0111aj i spremni ste za igru.<\/span><\/p>\n<hr data-start=\"578\" data-end=\"581\" \/>\n<h3 data-start=\"583\" data-end=\"616\">\ud83d\udd27 <strong data-start=\"590\" data-end=\"616\">Tehni\u010dke specifikacije<\/strong><\/h3>\n<ul data-start=\"617\" data-end=\"938\">\n<li data-start=\"617\" data-end=\"667\">\n<p data-start=\"619\" data-end=\"667\"><strong data-start=\"619\" data-end=\"627\">Tip:<\/strong> <span class=\"relative -mx-px my-[-0.2rem] rounded px-px py-[0.2rem] transition-colors duration-100 ease-in-out\">Mehani\u010dki shooter dodatak<\/span><\/p>\n<\/li>\n<li data-start=\"668\" data-end=\"729\">\n<p data-start=\"670\" data-end=\"729\"><strong data-start=\"670\" data-end=\"689\">Kompatibilnost:<\/strong> <span class=\"relative -mx-px my-[-0.2rem] rounded px-px py-[0.2rem] transition-colors duration-100 ease-in-out\">Android i iOS ure\u0111aji<\/span><\/p>\n<\/li>\n<li data-start=\"730\" data-end=\"786\">\n<p data-start=\"732\" data-end=\"786\"><strong data-start=\"732\" data-end=\"746\">Materijal:<\/strong> <span class=\"relative -mx-px my-[-0.2rem] rounded px-px py-[0.2rem] transition-colors duration-100 ease-in-out\">ABS plastika<\/span><\/p>\n<\/li>\n<li data-start=\"787\" data-end=\"843\">\n<p data-start=\"789\" data-end=\"843\"><strong data-start=\"789\" data-end=\"803\">Napajanje:<\/strong> <span class=\"relative -mx-px my-[-0.2rem] rounded px-px py-[0.2rem] transition-colors duration-100 ease-in-out\">Nije potrebno (plug-and-play)<\/span><\/p>\n<\/li>\n<li data-start=\"844\" data-end=\"938\">\n<p data-start=\"846\" data-end=\"938\"><strong data-start=\"846\" data-end=\"859\">Funkcije:<\/strong> <span class=\"relative -mx-px my-[-0.2rem] rounded px-px py-[0.2rem] transition-colors duration-100 ease-in-out\">Brzo reagovanje, precizno ciljanje<\/span><span class=\"\" data-state=\"closed\"><span class=\"ms-1 inline-flex max-w-full items-center relative top-[-0.094rem] animate-[show_150ms_ease-in]\"><a class=\"flex h-4.5 overflow-hidden rounded-xl px-2 text-[0.5625em] font-medium text-token-text-secondary! bg-[#F4F4F4]! dark:bg-[#303030]! transition-colors duration-150 ease-in-out\" href=\"https:\/\/www.sts-verification-international.com\/fileadmin\/svi\/Transaktionen\/BavSky_German_Auto_Leases_7\/BavSky_Leases_7_OC_BLACK_PDF.pdf?utm_source=chatgpt.com\" target=\"_blank\" rel=\"noopener\"><span class=\"relative start-0 bottom-0 flex h-full w-full items-center\"><span class=\"flex h-4 w-full items-center justify-between absolute\"><span class=\"max-w-full grow truncate overflow-hidden text-center\">Reddit<\/span><span class=\"-me-1 flex h-full items-center rounded-full px-1 text-[#8F8F8F]\">+3<\/span><\/span><span class=\"flex h-4 w-full items-center justify-between\"><span class=\"max-w-full grow truncate overflow-hidden text-center\">sts-verification-international.com<\/span><span class=\"-me-1 flex h-full items-center rounded-full px-1 text-[#8F8F8F]\">+3<\/span><\/span><span class=\"flex h-4 w-full items-center justify-between absolute\"><span class=\"max-w-full grow truncate overflow-hidden text-center\">SEC<\/span><span class=\"-me-1 flex h-full items-center rounded-full px-1 text-[#8F8F8F]\">+3<\/span><\/span><\/span><\/a><\/span><\/span><span class=\"\" data-state=\"closed\"><span class=\"ms-1 inline-flex max-w-full items-center relative top-[-0.094rem] animate-[show_150ms_ease-in]\"><a class=\"flex h-4.5 overflow-hidden rounded-xl px-2 text-[0.5625em] font-medium text-token-text-secondary! bg-[#F4F4F4]! dark:bg-[#303030]! transition-colors duration-150 ease-in-out\" href=\"https:\/\/www.ebay.com\/itm\/116112136155?utm_source=chatgpt.com\" target=\"_blank\" rel=\"noopener\"><span class=\"relative start-0 bottom-0 flex h-full w-full items-center\"><span class=\"flex h-4 w-full items-center justify-between overflow-hidden\"><span class=\"max-w-full grow truncate overflow-hidden text-center\">eBay<\/span><\/span><\/span><\/a><\/span><\/span><\/p>\n<\/li>\n<\/ul>\n<hr data-start=\"940\" data-end=\"943\" \/>\n<h3 data-start=\"945\" data-end=\"977\">\u2b50 <strong data-start=\"951\" data-end=\"977\">Prednosti ovog dodatka<\/strong><\/h3>\n<ul data-start=\"978\" data-end=\"1236\">\n<li data-start=\"978\" data-end=\"1021\">\n<p data-start=\"980\" data-end=\"1021\">\u2705 <span class=\"relative -mx-px my-[-0.2rem] rounded px-px py-[0.2rem] transition-colors duration-100 ease-in-out\">Pove\u0107ava preciznost i brzinu reakcije u igri<\/span><\/p>\n<\/li>\n<li data-start=\"1022\" data-end=\"1065\">\n<p data-start=\"1024\" data-end=\"1065\">\u2705 <span class=\"relative -mx-px my-[-0.2rem] rounded px-px py-[0.2rem] transition-colors duration-100 ease-in-out\">Jednostavan za monta\u017eu i kori\u0161tenje<\/span><\/p>\n<\/li>\n<li data-start=\"1066\" data-end=\"1109\">\n<p data-start=\"1068\" data-end=\"1109\">\u2705 <span class=\"relative -mx-px my-[-0.2rem] rounded px-px py-[0.2rem] transition-colors duration-100 ease-in-out\">Kompatibilan s ve\u0107inom pametnih telefona<\/span><\/p>\n<\/li>\n<li data-start=\"1110\" data-end=\"1153\">\n<p data-start=\"1112\" data-end=\"1153\">\u2705 <span class=\"relative -mx-px my-[-0.2rem] rounded px-px py-[0.2rem] transition-colors duration-100 ease-in-out\">Lagan i prenosiv za kori\u0161tenje u pokretu<\/span><\/p>\n<\/li>\n<li data-start=\"1154\" data-end=\"1236\">\n<p data-start=\"1156\" data-end=\"1236\">\u2705 <span class=\"relative -mx-px my-[-0.2rem] rounded px-px py-[0.2rem] transition-colors duration-100 ease-in-out\">Nije potrebna dodatna aplikacija ili napajanje<\/span><\/p>\n<\/li>\n<\/ul>\n<p data-start=\"1238\" data-end=\"1319\"><span class=\"relative -mx-px my-[-0.2rem] rounded px-px py-[0.2rem] transition-colors duration-100 ease-in-out\">Ako \u017eelite saznati vi\u0161e o tome kako gejming dodaci mogu pobolj\u0161ati va\u0161e iskustvo, posjetite <a href=\"https:\/\/www.androidauthority.com\/best-phone-controllers-3158591\/\" target=\"_new\" rel=\"noopener noreferrer\" data-start=\"92\" data-end=\"177\">Android Authority<\/a> i saznajte za\u0161to su ovakvi proizvodi must-have za svakog ozbiljnog igra\u010da.<\/span> \ud83d\ude80<\/p>\n<hr data-start=\"1321\" data-end=\"1324\" \/>\n<p data-start=\"1326\" data-end=\"1494\">\ud83d\udc49 Pogledajte sve <a class=\"\" href=\"https:\/\/emiir.ba\/en\/product-category\/trigeri-za-mobilni-gaming\/\" target=\"_new\" rel=\"noopener\" data-start=\"1344\" data-end=\"1434\">trigere za mobilni gejming<\/a> u EMiiR shopu i prona\u0111ite idealan dodatak za svoje potrebe!<\/p>","protected":false},"excerpt":{"rendered":"<p> [&hellip;]<\/p>","protected":false},"featured_media":6164,"comment_status":"open","ping_status":"closed","template":"","meta":{"jetpack_post_was_ever_published":false,"jetpack_publicize_message":"","jetpack_publicize_feature_enabled":true,"jetpack_social_post_already_shared":true,"jetpack_social_options":{"image_generator_settings":{"template":"highway","default_image_id":0,"font":"","enabled":false},"version":2}},"product_brand":[],"product_cat":[118],"product_tag":[],"class_list":{"0":"post-6161","1":"product","2":"type-product","3":"status-publish","4":"has-post-thumbnail","6":"product_cat-trigeri-za-mobilni-gaming","8":"first","9":"instock","10":"shipping-taxable","11":"purchasable","12":"product-type-simple"},"yoast_head":"<!-- This site is optimized with the Yoast SEO plugin v27.4 - https:\/\/yoast.com\/product\/yoast-seo-wordpress\/ -->\n<title>Triger X7 \u2013 napredni mobilni dodatak za precizno igranje | EMiiR<\/title>\n<meta name=\"description\" content=\"Triger X7: unaprijedite gejming performanse s ovim naprednim mobilnim dodatkom. Kompatibilan s Android i iOS ure\u0111ajima.\" \/>\n<meta name=\"robots\" content=\"index, follow, max-snippet:-1, max-image-preview:large, max-video-preview:-1\" \/>\n<link rel=\"canonical\" href=\"https:\/\/emiir.ba\/en\/product\/triger-x7\/\" \/>\n<meta property=\"og:locale\" content=\"en_US\" \/>\n<meta property=\"og:type\" content=\"article\" \/>\n<meta property=\"og:title\" content=\"Triger X7 \u2013 napredni mobilni dodatak za precizno igranje | EMiiR\" \/>\n<meta property=\"og:description\" content=\"Triger X7: unaprijedite gejming performanse s ovim naprednim mobilnim dodatkom. Kompatibilan s Android i iOS ure\u0111ajima.\" \/>\n<meta property=\"og:url\" content=\"https:\/\/emiir.ba\/en\/product\/triger-x7\/\" \/>\n<meta property=\"og:site_name\" content=\"EMiiR\" \/>\n<meta property=\"article:modified_time\" content=\"2025-09-09T14:47:43+00:00\" \/>\n<meta property=\"og:image\" content=\"https:\/\/emiir.ba\/wp-content\/uploads\/2024\/05\/1-1.webp\" \/>\n\t<meta property=\"og:image:width\" content=\"800\" \/>\n\t<meta property=\"og:image:height\" content=\"800\" \/>\n\t<meta property=\"og:image:type\" content=\"image\/webp\" \/>\n<meta name=\"twitter:card\" content=\"summary_large_image\" \/>\n<meta name=\"twitter:label1\" content=\"Est. reading time\" \/>\n\t<meta name=\"twitter:data1\" content=\"2 minutes\" \/>\n<script type=\"application\/ld+json\" class=\"yoast-schema-graph\">{\"@context\":\"https:\\\/\\\/schema.org\",\"@graph\":[{\"@type\":\"WebPage\",\"@id\":\"https:\\\/\\\/emiir.ba\\\/product\\\/triger-x7\\\/\",\"url\":\"https:\\\/\\\/emiir.ba\\\/product\\\/triger-x7\\\/\",\"name\":\"Triger X7 \u2013 napredni mobilni dodatak za precizno igranje | EMiiR\",\"isPartOf\":{\"@id\":\"https:\\\/\\\/emiir.ba\\\/#website\"},\"primaryImageOfPage\":{\"@id\":\"https:\\\/\\\/emiir.ba\\\/product\\\/triger-x7\\\/#primaryimage\"},\"image\":{\"@id\":\"https:\\\/\\\/emiir.ba\\\/product\\\/triger-x7\\\/#primaryimage\"},\"thumbnailUrl\":\"https:\\\/\\\/emiir.ba\\\/wp-content\\\/uploads\\\/2024\\\/05\\\/1-1.webp\",\"datePublished\":\"2024-05-05T11:24:17+00:00\",\"dateModified\":\"2025-09-09T14:47:43+00:00\",\"description\":\"Triger X7: unaprijedite gejming performanse s ovim naprednim mobilnim dodatkom. Kompatibilan s Android i iOS ure\u0111ajima.\",\"breadcrumb\":{\"@id\":\"https:\\\/\\\/emiir.ba\\\/product\\\/triger-x7\\\/#breadcrumb\"},\"inLanguage\":\"en-US\",\"potentialAction\":[{\"@type\":\"ReadAction\",\"target\":[\"https:\\\/\\\/emiir.ba\\\/product\\\/triger-x7\\\/\"]}]},{\"@type\":\"ImageObject\",\"inLanguage\":\"en-US\",\"@id\":\"https:\\\/\\\/emiir.ba\\\/product\\\/triger-x7\\\/#primaryimage\",\"url\":\"https:\\\/\\\/emiir.ba\\\/wp-content\\\/uploads\\\/2024\\\/05\\\/1-1.webp\",\"contentUrl\":\"https:\\\/\\\/emiir.ba\\\/wp-content\\\/uploads\\\/2024\\\/05\\\/1-1.webp\",\"width\":800,\"height\":800,\"caption\":\"Profesionalni mobilni shooter dodatak X7 za precizno igranje na Android i iOS ure\u0111ajima.\"},{\"@type\":\"BreadcrumbList\",\"@id\":\"https:\\\/\\\/emiir.ba\\\/product\\\/triger-x7\\\/#breadcrumb\",\"itemListElement\":[{\"@type\":\"ListItem\",\"position\":1,\"name\":\"Home\",\"item\":\"https:\\\/\\\/emiir.ba\\\/\"},{\"@type\":\"ListItem\",\"position\":2,\"name\":\"Shop\",\"item\":\"https:\\\/\\\/emiir.ba\\\/emiir-ba-mobilni-gaming-shop\\\/\"},{\"@type\":\"ListItem\",\"position\":3,\"name\":\"Gamepad kontroler shooter trigger za mobilni telefon X7\"}]},{\"@type\":\"WebSite\",\"@id\":\"https:\\\/\\\/emiir.ba\\\/#website\",\"url\":\"https:\\\/\\\/emiir.ba\\\/\",\"name\":\"EMiiR\",\"description\":\"\",\"potentialAction\":[{\"@type\":\"SearchAction\",\"target\":{\"@type\":\"EntryPoint\",\"urlTemplate\":\"https:\\\/\\\/emiir.ba\\\/?s={search_term_string}\"},\"query-input\":{\"@type\":\"PropertyValueSpecification\",\"valueRequired\":true,\"valueName\":\"search_term_string\"}}],\"inLanguage\":\"en-US\"}]}<\/script>\n<!-- \/ Yoast SEO plugin. -->","yoast_head_json":{"title":"Triger X7 \u2013 napredni mobilni dodatak za precizno igranje | EMiiR","description":"Triger X7: unaprijedite gejming performanse s ovim naprednim mobilnim dodatkom. Kompatibilan s Android i iOS ure\u0111ajima.","robots":{"index":"index","follow":"follow","max-snippet":"max-snippet:-1","max-image-preview":"max-image-preview:large","max-video-preview":"max-video-preview:-1"},"canonical":"https:\/\/emiir.ba\/en\/product\/triger-x7\/","og_locale":"en_US","og_type":"article","og_title":"Triger X7 \u2013 napredni mobilni dodatak za precizno igranje | EMiiR","og_description":"Triger X7: unaprijedite gejming performanse s ovim naprednim mobilnim dodatkom. Kompatibilan s Android i iOS ure\u0111ajima.","og_url":"https:\/\/emiir.ba\/en\/product\/triger-x7\/","og_site_name":"EMiiR","article_modified_time":"2025-09-09T14:47:43+00:00","og_image":[{"width":800,"height":800,"url":"https:\/\/emiir.ba\/wp-content\/uploads\/2024\/05\/1-1.webp","type":"image\/webp"}],"twitter_card":"summary_large_image","twitter_misc":{"Est. reading time":"2 minutes"},"schema":{"@context":"https:\/\/schema.org","@graph":[{"@type":"WebPage","@id":"https:\/\/emiir.ba\/product\/triger-x7\/","url":"https:\/\/emiir.ba\/product\/triger-x7\/","name":"Triger X7 \u2013 napredni mobilni dodatak za precizno igranje | EMiiR","isPartOf":{"@id":"https:\/\/emiir.ba\/#website"},"primaryImageOfPage":{"@id":"https:\/\/emiir.ba\/product\/triger-x7\/#primaryimage"},"image":{"@id":"https:\/\/emiir.ba\/product\/triger-x7\/#primaryimage"},"thumbnailUrl":"https:\/\/emiir.ba\/wp-content\/uploads\/2024\/05\/1-1.webp","datePublished":"2024-05-05T11:24:17+00:00","dateModified":"2025-09-09T14:47:43+00:00","description":"Triger X7: unaprijedite gejming performanse s ovim naprednim mobilnim dodatkom. Kompatibilan s Android i iOS ure\u0111ajima.","breadcrumb":{"@id":"https:\/\/emiir.ba\/product\/triger-x7\/#breadcrumb"},"inLanguage":"en-US","potentialAction":[{"@type":"ReadAction","target":["https:\/\/emiir.ba\/product\/triger-x7\/"]}]},{"@type":"ImageObject","inLanguage":"en-US","@id":"https:\/\/emiir.ba\/product\/triger-x7\/#primaryimage","url":"https:\/\/emiir.ba\/wp-content\/uploads\/2024\/05\/1-1.webp","contentUrl":"https:\/\/emiir.ba\/wp-content\/uploads\/2024\/05\/1-1.webp","width":800,"height":800,"caption":"Profesionalni mobilni shooter dodatak X7 za precizno igranje na Android i iOS ure\u0111ajima."},{"@type":"BreadcrumbList","@id":"https:\/\/emiir.ba\/product\/triger-x7\/#breadcrumb","itemListElement":[{"@type":"ListItem","position":1,"name":"Home","item":"https:\/\/emiir.ba\/"},{"@type":"ListItem","position":2,"name":"Shop","item":"https:\/\/emiir.ba\/emiir-ba-mobilni-gaming-shop\/"},{"@type":"ListItem","position":3,"name":"Gamepad kontroler shooter trigger za mobilni telefon X7"}]},{"@type":"WebSite","@id":"https:\/\/emiir.ba\/#website","url":"https:\/\/emiir.ba\/","name":"EMiiR","description":"","potentialAction":[{"@type":"SearchAction","target":{"@type":"EntryPoint","urlTemplate":"https:\/\/emiir.ba\/?s={search_term_string}"},"query-input":{"@type":"PropertyValueSpecification","valueRequired":true,"valueName":"search_term_string"}}],"inLanguage":"en-US"}]}},"jetpack_publicize_connections":[],"jetpack-related-posts":[{"id":6154,"url":"https:\/\/emiir.ba\/en\/product\/triger-x8\/","url_meta":{"origin":6161,"position":0},"title":"Gamepad kontroler shooter trigger za mobilni telefon X8","author":"admin","date":"May 5, 2024","format":false,"excerpt":"\ud83c\udfae Triger X8 \u2013 mobilni gaming dodatak za precizno igranje | EMiiR Triger X8 je dodatak za mobilne gejmere koji \u017eele pobolj\u0161ati svoje performanse u igrama poput PUBG Mobile, Call of Duty Mobile ili Fortnite. Zahvaljuju\u0107i naprednom mehani\u010dkom dizajnu, omogu\u0107ava brzo reagovanje i precizno ciljanje. To vam daje zna\u010dajnu prednost\u2026","rel":"","context":"Similar post","block_context":{"text":"Similar post","link":""},"img":{"alt_text":"Triger X8 za mobilne ure\u0111aje","src":"https:\/\/i0.wp.com\/emiir.ba\/wp-content\/uploads\/2024\/05\/1.webp?resize=350%2C200&ssl=1","width":350,"height":200,"srcset":"https:\/\/i0.wp.com\/emiir.ba\/wp-content\/uploads\/2024\/05\/1.webp?resize=350%2C200&ssl=1 1x, https:\/\/i0.wp.com\/emiir.ba\/wp-content\/uploads\/2024\/05\/1.webp?resize=525%2C300&ssl=1 1.5x, https:\/\/i0.wp.com\/emiir.ba\/wp-content\/uploads\/2024\/05\/1.webp?resize=700%2C400&ssl=1 2x"},"classes":[]},{"id":6148,"url":"https:\/\/emiir.ba\/en\/product\/triger-d9\/","url_meta":{"origin":6161,"position":1},"title":"Gamepad kontroler shooter trigger za mobilni telefon D9","author":"admin","date":"May 5, 2024","format":false,"excerpt":"\ud83c\udfae Triger D9 \u2013 mobilni gaming dodatak za precizno igranje | EMiiR Triger D9 je dodatak dizajniran za mobilne gejmere koji \u017eele pove\u0107ati preciznost i brzinu u omiljenim igrama poput PUBG Mobile, Call of Duty Mobile i sli\u010dnih. Njegov ergonomski dizajn i mehani\u010dki tasteri omogu\u0107avaju brzo i ta\u010dno reagovanje, pru\u017eaju\u0107i\u2026","rel":"","context":"Similar post","block_context":{"text":"Similar post","link":""},"img":{"alt_text":"Triger D9 za precizno igranje na mobilnim ure\u0111ajima","src":"https:\/\/i0.wp.com\/emiir.ba\/wp-content\/uploads\/2024\/05\/1-transparent.png?resize=350%2C200&ssl=1","width":350,"height":200,"srcset":"https:\/\/i0.wp.com\/emiir.ba\/wp-content\/uploads\/2024\/05\/1-transparent.png?resize=350%2C200&ssl=1 1x, https:\/\/i0.wp.com\/emiir.ba\/wp-content\/uploads\/2024\/05\/1-transparent.png?resize=525%2C300&ssl=1 1.5x, https:\/\/i0.wp.com\/emiir.ba\/wp-content\/uploads\/2024\/05\/1-transparent.png?resize=700%2C400&ssl=1 2x"},"classes":[]},{"id":6167,"url":"https:\/\/emiir.ba\/en\/product\/triger-x5\/","url_meta":{"origin":6161,"position":2},"title":"Gamepad kontroler shooter trigger za mobilni telefon X5","author":"admin","date":"May 5, 2024","format":false,"excerpt":"\ud83c\udfae Triger X5 \u2013 mobilni gaming dodatak za precizno igranje | EMiiR Triger X5 je dodatak dizajniran za mobilne gejmere koji \u017eele pove\u0107ati preciznost i brzinu u omiljenim igrama. Ovaj proizvod omogu\u0107ava igra\u010dima da brzo reaguju u pucanju, kretanju i drugim klju\u010dnim trenucima, \u0161to mo\u017ee napraviti razliku izme\u0111u pobjede i\u2026","rel":"","context":"Similar post","block_context":{"text":"Similar post","link":""},"img":{"alt_text":"Triger X5 za precizno igranje na mobilnim ure\u0111ajima","src":"https:\/\/i0.wp.com\/emiir.ba\/wp-content\/uploads\/2024\/05\/1-2.webp?resize=350%2C200&ssl=1","width":350,"height":200,"srcset":"https:\/\/i0.wp.com\/emiir.ba\/wp-content\/uploads\/2024\/05\/1-2.webp?resize=350%2C200&ssl=1 1x, https:\/\/i0.wp.com\/emiir.ba\/wp-content\/uploads\/2024\/05\/1-2.webp?resize=525%2C300&ssl=1 1.5x, https:\/\/i0.wp.com\/emiir.ba\/wp-content\/uploads\/2024\/05\/1-2.webp?resize=700%2C400&ssl=1 2x"},"classes":[]},{"id":5700,"url":"https:\/\/emiir.ba\/en\/product\/pubg-triger-ak06\/","url_meta":{"origin":6161,"position":3},"title":"Gamepad kontroler shooter trigger za mobilni telefon AK06 physical","author":"admin","date":"January 20, 2024","format":false,"excerpt":"\ud83c\udfae PUBG Triger AK06 \u2013 preciznost i kontrola za mobilne gejmere | EMiiR PUBG Triger AK06 je napredni dodatak za mobilne gejmere koji \u017eele pobolj\u0161ati preciznost i kontrolu tokom igranja. Dizajniran je za igre poput PUBG, COD Mobile i sli\u010dne, omogu\u0107avaju\u0107i igra\u010dima da koriste \u0161est prstiju za ve\u0107u kontrolu i\u2026","rel":"","context":"Similar post","block_context":{"text":"Similar post","link":""},"img":{"alt_text":"PUBG Triger AK06 za mobilne gejmere","src":"https:\/\/i0.wp.com\/emiir.ba\/wp-content\/uploads\/2024\/01\/4-1.png?resize=350%2C200&ssl=1","width":350,"height":200,"srcset":"https:\/\/i0.wp.com\/emiir.ba\/wp-content\/uploads\/2024\/01\/4-1.png?resize=350%2C200&ssl=1 1x, https:\/\/i0.wp.com\/emiir.ba\/wp-content\/uploads\/2024\/01\/4-1.png?resize=525%2C300&ssl=1 1.5x, https:\/\/i0.wp.com\/emiir.ba\/wp-content\/uploads\/2024\/01\/4-1.png?resize=700%2C400&ssl=1 2x"},"classes":[]},{"id":5032,"url":"https:\/\/emiir.ba\/en\/product\/gamepad-kontroler-shooter-trigger-za-mobilni-telefon-x1\/","url_meta":{"origin":6161,"position":4},"title":"Gamepad kontroler shooter trigger za mobilni telefon X1","author":"admin","date":"October 28, 2023","format":false,"excerpt":"\ud83c\udfae Gamepad kontroler shooter trigger za mobilni telefon X1 \u2013 preciznost i brzina za mobilne gejmere | EMiiR Gamepad kontroler shooter trigger za mobilni telefon X1 je dodatak koji omogu\u0107ava gejmerima da pobolj\u0161aju svoju preciznost i brzinu reakcije u igrama poput PUBG-a, Fortnite-a i Call of Duty-a. Ovaj triger osloba\u0111a\u2026","rel":"","context":"Similar post","block_context":{"text":"Similar post","link":""},"img":{"alt_text":"Gamepad kontroler shooter trigger za mobilne ure\u0111aje X1","src":"https:\/\/i0.wp.com\/emiir.ba\/wp-content\/uploads\/2023\/10\/trigeri.png?resize=350%2C200&ssl=1","width":350,"height":200,"srcset":"https:\/\/i0.wp.com\/emiir.ba\/wp-content\/uploads\/2023\/10\/trigeri.png?resize=350%2C200&ssl=1 1x, https:\/\/i0.wp.com\/emiir.ba\/wp-content\/uploads\/2023\/10\/trigeri.png?resize=525%2C300&ssl=1 1.5x, https:\/\/i0.wp.com\/emiir.ba\/wp-content\/uploads\/2023\/10\/trigeri.png?resize=700%2C400&ssl=1 2x"},"classes":[]},{"id":7693,"url":"https:\/\/emiir.ba\/en\/product\/gamepad-kontroler-mb02\/","url_meta":{"origin":6161,"position":5},"title":"Gamepad kontroler shooter trigger za mobilni telefon ili ipad MB02","author":"admin","date":"June 22, 2024","format":false,"excerpt":"\ud83c\udfae Gamepad kontroler MB02 \u2013 Profesionalni mobilni shooter trigger | EMiiR Gamepad kontroler MB02 je idealan dodatak za sve mobilne gejmere koji \u017eele unaprijediti svoje performanse u igrama poput PUBG-a, Call of Duty Mobile i sli\u010dnih. Zahvaljuju\u0107i naprednoj tehnologiji i ergonomskom dizajnu, ovaj kontroler omogu\u0107ava precizno i brzo reagovanje tokom\u2026","rel":"","context":"Similar post","block_context":{"text":"Similar post","link":""},"img":{"alt_text":"Gamepad kontroler MB02 za mobilne ure\u0111aje","src":"https:\/\/i0.wp.com\/emiir.ba\/wp-content\/uploads\/2024\/06\/MB02.png?resize=350%2C200&ssl=1","width":350,"height":200,"srcset":"https:\/\/i0.wp.com\/emiir.ba\/wp-content\/uploads\/2024\/06\/MB02.png?resize=350%2C200&ssl=1 1x, https:\/\/i0.wp.com\/emiir.ba\/wp-content\/uploads\/2024\/06\/MB02.png?resize=525%2C300&ssl=1 1.5x"},"classes":[]}],"jetpack_sharing_enabled":true,"jetpack_likes_enabled":true,"_links":{"self":[{"href":"https:\/\/emiir.ba\/en\/wp-json\/wp\/v2\/product\/6161","targetHints":{"allow":["GET"]}}],"collection":[{"href":"https:\/\/emiir.ba\/en\/wp-json\/wp\/v2\/product"}],"about":[{"href":"https:\/\/emiir.ba\/en\/wp-json\/wp\/v2\/types\/product"}],"replies":[{"embeddable":true,"href":"https:\/\/emiir.ba\/en\/wp-json\/wp\/v2\/comments?post=6161"}],"wp:featuredmedia":[{"embeddable":true,"href":"https:\/\/emiir.ba\/en\/wp-json\/wp\/v2\/media\/6164"}],"wp:attachment":[{"href":"https:\/\/emiir.ba\/en\/wp-json\/wp\/v2\/media?parent=6161"}],"wp:term":[{"taxonomy":"product_brand","embeddable":true,"href":"https:\/\/emiir.ba\/en\/wp-json\/wp\/v2\/product_brand?post=6161"},{"taxonomy":"product_cat","embeddable":true,"href":"https:\/\/emiir.ba\/en\/wp-json\/wp\/v2\/product_cat?post=6161"},{"taxonomy":"product_tag","embeddable":true,"href":"https:\/\/emiir.ba\/en\/wp-json\/wp\/v2\/product_tag?post=6161"}],"curies":[{"name":"wp","href":"https:\/\/api.w.org\/{rel}","templated":true}]}}