{"id":7717,"date":"2024-06-22T16:30:12","date_gmt":"2024-06-22T16:30:12","guid":{"rendered":"https:\/\/emiir.ba\/?post_type=product&#038;p=7717"},"modified":"2026-03-03T10:17:21","modified_gmt":"2026-03-03T10:17:21","slug":"hladnjak-za-telefon-fla2","status":"publish","type":"product","link":"https:\/\/emiir.ba\/en\/product\/hladnjak-za-telefon-fla2\/","title":{"rendered":"Univerzalni Hladnjak Za Mobilni Telefon FLA2"},"content":{"rendered":"<h2 data-start=\"119\" data-end=\"199\">\ud83d\udce6 <strong data-start=\"125\" data-end=\"199\">Hladnjak za telefon FLA2 \u2013 Kompaktni gaming cooler s baterijom | EMiiR<\/strong><\/h2>\n<hr data-start=\"201\" data-end=\"204\" \/>\n<p data-start=\"206\" data-end=\"507\">\ud83c\udfae <strong data-start=\"209\" data-end=\"237\">Hladnjak za telefon FLA2<\/strong> je idealan dodatak za sve gejmere i korisnike koji \u017eele odr\u017eati optimalnu temperaturu svog ure\u0111aja tokom intenzivnog kori\u0161tenja. Zahvaljuju\u0107i naprednoj tehnologiji hla\u0111enja i ugra\u0111enoj bateriji, ovaj ure\u0111aj osigurava efikasno hla\u0111enje bez potrebe za stalnim napajanjem.<\/p>\n<p data-start=\"509\" data-end=\"839\">Ovaj <strong data-start=\"514\" data-end=\"555\">kompaktni hladnjak za mobilne ure\u0111aje<\/strong> kompatibilan je s ve\u0107inom Android i iOS ure\u0111aja. Njegov lagani dizajn omogu\u0107ava jednostavno pri\u010dvr\u0161\u0107ivanje na telefon, dok RGB osvjetljenje dodaje atraktivan izgled va\u0161em ure\u0111aju. Kupovinom FLA2 modela u EMiiR shopu dobijate pouzdan dodatak koji pobolj\u0161ava performanse va\u0161eg ure\u0111aja.<\/p>\n<hr data-start=\"841\" data-end=\"844\" \/>\n<h3 data-start=\"846\" data-end=\"894\">\ud83d\udd27 <strong data-start=\"853\" data-end=\"894\">Tehni\u010dke specifikacije hladnjaka FLA2<\/strong><\/h3>\n<ul data-start=\"895\" data-end=\"1244\">\n<li data-start=\"895\" data-end=\"936\">\n<p data-start=\"897\" data-end=\"936\">\u2744\ufe0f Tip: aktivno hla\u0111enje s ventilatorom<\/p>\n<\/li>\n<li data-start=\"937\" data-end=\"994\">\n<p data-start=\"939\" data-end=\"994\">\ud83d\udcf1 Kompatibilnost: univerzalno za Android i iOS ure\u0111aje<\/p>\n<\/li>\n<li data-start=\"995\" data-end=\"1021\">\n<p data-start=\"997\" data-end=\"1021\">\u26a1 Napajanje: USB-C kabel<\/p>\n<\/li>\n<li data-start=\"1022\" data-end=\"1044\">\n<p data-start=\"1024\" data-end=\"1044\">\ud83d\udd0b Baterija: 300 mAh<\/p>\n<\/li>\n<li data-start=\"1045\" data-end=\"1083\">\n<p data-start=\"1047\" data-end=\"1083\">\ud83c\udf08 LED efekti: RGB svjetlosni efekti<\/p>\n<\/li>\n<li data-start=\"1084\" data-end=\"1124\">\n<p data-start=\"1086\" data-end=\"1124\">\ud83d\udce6 Dimenzije: 79.92 x 47.08 x 23.09 mm<\/p>\n<\/li>\n<li data-start=\"1125\" data-end=\"1144\">\n<p data-start=\"1127\" data-end=\"1144\">\u2699\ufe0f Te\u017eina: 44.5 g<\/p>\n<\/li>\n<li data-start=\"1145\" data-end=\"1164\">\n<p data-start=\"1147\" data-end=\"1164\">\ud83d\udcd0 Materijal: ABS<\/p>\n<\/li>\n<li data-start=\"1165\" data-end=\"1179\">\n<p data-start=\"1167\" data-end=\"1179\">\ud83d\udd0c Napon: 5V<\/p>\n<\/li>\n<li data-start=\"1180\" data-end=\"1197\">\n<p data-start=\"1182\" data-end=\"1197\">\ud83d\udd0c Struja: 0.4A<\/p>\n<\/li>\n<li data-start=\"1198\" data-end=\"1244\">\n<p data-start=\"1200\" data-end=\"1244\">\ud83d\udccf Kompatibilnost: telefoni \u0161irine 73-104 mm<\/p>\n<\/li>\n<\/ul>\n<hr data-start=\"1246\" data-end=\"1249\" \/>\n<h3 data-start=\"1251\" data-end=\"1290\">\u2b50 <strong data-start=\"1257\" data-end=\"1290\">Za\u0161to izabrati hladnjak FLA2?<\/strong><\/h3>\n<p data-start=\"1291\" data-end=\"1562\">\u2705 Sprje\u010dava pregrijavanje tokom igranja i multitaskinga<br data-start=\"1346\" data-end=\"1349\" \/>\u2705 Pobolj\u0161ava performanse ure\u0111aja \u010dak i pri velikom optere\u0107enju<br data-start=\"1411\" data-end=\"1414\" \/>\u2705 Jednostavna instalacija i upotreba zahvaljuju\u0107i kompaktnom dizajnu<br data-start=\"1482\" data-end=\"1485\" \/>\u2705 Moderan dizajn s RGB osvjetljenjem<br data-start=\"1521\" data-end=\"1524\" \/>\u2705 Kompatibilan s razli\u010ditim telefonima<\/p>\n<p data-start=\"1564\" data-end=\"1926\">Ako ste ljubitelj mobilnog gejminga, streamer ili jednostavno koristite telefon za multitasking, ovaj dodatak mo\u017ee biti klju\u010dan za o\u010duvanje performansi va\u0161eg ure\u0111aja. Vi\u0161e o prednostima aktivnih hladnjaka pro\u010ditajte na <a class=\"cursor-pointer\" target=\"_new\" rel=\"noopener\" data-start=\"1783\" data-end=\"1864\">Android Authority<\/a> i otkrijte za\u0161to su postali must-have u gejming zajednici. \ud83d\ude80<\/p>\n<hr data-start=\"1928\" data-end=\"1931\" \/>\n<h3 data-start=\"1933\" data-end=\"1974\">\ud83d\udcac <strong data-start=\"1940\" data-end=\"1974\">\u010cesta pitanja o hladnjaku FLA2<\/strong><\/h3>\n<p data-start=\"1976\" data-end=\"2074\">\u2753 <strong data-start=\"1978\" data-end=\"2016\">Radi li na svim modelima telefona?<\/strong><br data-start=\"2016\" data-end=\"2019\" \/>\u2714\ufe0f Da, kompatibilan je s ve\u0107inom Android i iOS ure\u0111aja.<\/p>\n<p data-start=\"2076\" data-end=\"2183\">\u2753 <strong data-start=\"2078\" data-end=\"2110\">Treba li dodatna aplikacija?<\/strong><br data-start=\"2110\" data-end=\"2113\" \/>\u2714\ufe0f Ne, hladnjak se napaja preko USB-C kabla i odmah je spreman za rad.<\/p>\n<hr data-start=\"2185\" data-end=\"2188\" \/>\n<p data-start=\"2190\" data-end=\"2338\">\ud83d\udc49 Pogledajte sve <a class=\"\" href=\"https:\/\/emiir.ba\/en\/product-category\/hladnjaci-za-mobilni-gaming\/\" target=\"_new\" rel=\"noopener\" data-start=\"2208\" data-end=\"2284\">hladnjake za mobilne ure\u0111aje<\/a> u EMiiR shopu i osigurajte sebi najbolje performanse!<\/p>","protected":false},"excerpt":{"rendered":"<div class=\"wp-video\" style=\"width: 1200px;\"><!-- [if lt IE 9]&gt;document.createElement('video');&lt;![endif]--><br \/>\n<a href=\"http:\/\/emiir.ba\/wp-content\/uploads\/2024\/06\/FL-A2-\u6a2a\u7248.mp4\">http:\/\/emiir.ba\/wp-content\/uploads\/2024\/06\/FL-A2-\u6a2a\u7248.mp4<\/a><\/div>","protected":false},"featured_media":7718,"comment_status":"open","ping_status":"closed","template":"","meta":{"jetpack_post_was_ever_published":false,"jetpack_publicize_message":"","jetpack_publicize_feature_enabled":true,"jetpack_social_post_already_shared":true,"jetpack_social_options":{"image_generator_settings":{"template":"highway","default_image_id":0,"font":"","enabled":false},"version":2}},"product_brand":[],"product_cat":[117],"product_tag":[],"class_list":{"0":"post-7717","1":"product","2":"type-product","3":"status-publish","4":"has-post-thumbnail","6":"product_cat-hladnjaci-za-mobilni-gaming","8":"first","9":"instock","10":"sale","11":"shipping-taxable","12":"purchasable","13":"product-type-simple"},"yoast_head":"<!-- This site is optimized with the Yoast SEO plugin v27.4 - https:\/\/yoast.com\/product\/yoast-seo-wordpress\/ -->\n<title>Hladnjak za telefon FLA2 \u2013 Kompaktni gaming cooler | EMiiR<\/title>\n<meta name=\"description\" content=\"Hladnjak za telefon FLA2: sprije\u010dite pregrijavanje ure\u0111aja tokom igranja. Idealno za Android i iOS. Pogledajte ponudu u EMiiR shopu!\" \/>\n<meta name=\"robots\" content=\"index, follow, max-snippet:-1, max-image-preview:large, max-video-preview:-1\" \/>\n<link rel=\"canonical\" href=\"https:\/\/emiir.ba\/en\/product\/hladnjak-za-telefon-fla2\/\" \/>\n<meta property=\"og:locale\" content=\"en_US\" \/>\n<meta property=\"og:type\" content=\"article\" \/>\n<meta property=\"og:title\" content=\"Hladnjak za telefon FLA2 \u2013 Kompaktni gaming cooler | EMiiR\" \/>\n<meta property=\"og:description\" content=\"Hladnjak za telefon FLA2: sprije\u010dite pregrijavanje ure\u0111aja tokom igranja. Idealno za Android i iOS. Pogledajte ponudu u EMiiR shopu!\" \/>\n<meta property=\"og:url\" content=\"https:\/\/emiir.ba\/en\/product\/hladnjak-za-telefon-fla2\/\" \/>\n<meta property=\"og:site_name\" content=\"EMiiR\" \/>\n<meta property=\"article:modified_time\" content=\"2026-03-03T10:17:21+00:00\" \/>\n<meta property=\"og:image\" content=\"https:\/\/emiir.ba\/wp-content\/uploads\/2024\/06\/fl02.png\" \/>\n\t<meta property=\"og:image:width\" content=\"650\" \/>\n\t<meta property=\"og:image:height\" content=\"650\" \/>\n\t<meta property=\"og:image:type\" content=\"image\/png\" \/>\n<meta name=\"twitter:card\" content=\"summary_large_image\" \/>\n<meta name=\"twitter:label1\" content=\"Est. reading time\" \/>\n\t<meta name=\"twitter:data1\" content=\"2 minutes\" \/>\n<script type=\"application\/ld+json\" class=\"yoast-schema-graph\">{\"@context\":\"https:\\\/\\\/schema.org\",\"@graph\":[{\"@type\":\"WebPage\",\"@id\":\"https:\\\/\\\/emiir.ba\\\/product\\\/hladnjak-za-telefon-fla2\\\/\",\"url\":\"https:\\\/\\\/emiir.ba\\\/product\\\/hladnjak-za-telefon-fla2\\\/\",\"name\":\"Hladnjak za telefon FLA2 \u2013 Kompaktni gaming cooler | EMiiR\",\"isPartOf\":{\"@id\":\"https:\\\/\\\/emiir.ba\\\/#website\"},\"primaryImageOfPage\":{\"@id\":\"https:\\\/\\\/emiir.ba\\\/product\\\/hladnjak-za-telefon-fla2\\\/#primaryimage\"},\"image\":{\"@id\":\"https:\\\/\\\/emiir.ba\\\/product\\\/hladnjak-za-telefon-fla2\\\/#primaryimage\"},\"thumbnailUrl\":\"https:\\\/\\\/emiir.ba\\\/wp-content\\\/uploads\\\/2024\\\/06\\\/fl02.png\",\"datePublished\":\"2024-06-22T16:30:12+00:00\",\"dateModified\":\"2026-03-03T10:17:21+00:00\",\"description\":\"Hladnjak za telefon FLA2: sprije\u010dite pregrijavanje ure\u0111aja tokom igranja. Idealno za Android i iOS. Pogledajte ponudu u EMiiR shopu!\",\"breadcrumb\":{\"@id\":\"https:\\\/\\\/emiir.ba\\\/product\\\/hladnjak-za-telefon-fla2\\\/#breadcrumb\"},\"inLanguage\":\"en-US\",\"potentialAction\":[{\"@type\":\"ReadAction\",\"target\":[\"https:\\\/\\\/emiir.ba\\\/product\\\/hladnjak-za-telefon-fla2\\\/\"]}]},{\"@type\":\"ImageObject\",\"inLanguage\":\"en-US\",\"@id\":\"https:\\\/\\\/emiir.ba\\\/product\\\/hladnjak-za-telefon-fla2\\\/#primaryimage\",\"url\":\"https:\\\/\\\/emiir.ba\\\/wp-content\\\/uploads\\\/2024\\\/06\\\/fl02.png\",\"contentUrl\":\"https:\\\/\\\/emiir.ba\\\/wp-content\\\/uploads\\\/2024\\\/06\\\/fl02.png\",\"width\":650,\"height\":650,\"caption\":\"Kompaktni hladnjak za mobilne ure\u0111aje FLA2 s RGB osvjetljenjem, idealan za gejming.\"},{\"@type\":\"BreadcrumbList\",\"@id\":\"https:\\\/\\\/emiir.ba\\\/product\\\/hladnjak-za-telefon-fla2\\\/#breadcrumb\",\"itemListElement\":[{\"@type\":\"ListItem\",\"position\":1,\"name\":\"Home\",\"item\":\"https:\\\/\\\/emiir.ba\\\/\"},{\"@type\":\"ListItem\",\"position\":2,\"name\":\"Shop\",\"item\":\"https:\\\/\\\/emiir.ba\\\/emiir-ba-mobilni-gaming-shop\\\/\"},{\"@type\":\"ListItem\",\"position\":3,\"name\":\"Univerzalni Hladnjak Za Mobilni Telefon FLA2\"}]},{\"@type\":\"WebSite\",\"@id\":\"https:\\\/\\\/emiir.ba\\\/#website\",\"url\":\"https:\\\/\\\/emiir.ba\\\/\",\"name\":\"EMiiR\",\"description\":\"\",\"potentialAction\":[{\"@type\":\"SearchAction\",\"target\":{\"@type\":\"EntryPoint\",\"urlTemplate\":\"https:\\\/\\\/emiir.ba\\\/?s={search_term_string}\"},\"query-input\":{\"@type\":\"PropertyValueSpecification\",\"valueRequired\":true,\"valueName\":\"search_term_string\"}}],\"inLanguage\":\"en-US\"}]}<\/script>\n<!-- \/ Yoast SEO plugin. -->","yoast_head_json":{"title":"Hladnjak za telefon FLA2 \u2013 Kompaktni gaming cooler | EMiiR","description":"Hladnjak za telefon FLA2: sprije\u010dite pregrijavanje ure\u0111aja tokom igranja. Idealno za Android i iOS. Pogledajte ponudu u EMiiR shopu!","robots":{"index":"index","follow":"follow","max-snippet":"max-snippet:-1","max-image-preview":"max-image-preview:large","max-video-preview":"max-video-preview:-1"},"canonical":"https:\/\/emiir.ba\/en\/product\/hladnjak-za-telefon-fla2\/","og_locale":"en_US","og_type":"article","og_title":"Hladnjak za telefon FLA2 \u2013 Kompaktni gaming cooler | EMiiR","og_description":"Hladnjak za telefon FLA2: sprije\u010dite pregrijavanje ure\u0111aja tokom igranja. Idealno za Android i iOS. Pogledajte ponudu u EMiiR shopu!","og_url":"https:\/\/emiir.ba\/en\/product\/hladnjak-za-telefon-fla2\/","og_site_name":"EMiiR","article_modified_time":"2026-03-03T10:17:21+00:00","og_image":[{"width":650,"height":650,"url":"https:\/\/emiir.ba\/wp-content\/uploads\/2024\/06\/fl02.png","type":"image\/png"}],"twitter_card":"summary_large_image","twitter_misc":{"Est. reading time":"2 minutes"},"schema":{"@context":"https:\/\/schema.org","@graph":[{"@type":"WebPage","@id":"https:\/\/emiir.ba\/product\/hladnjak-za-telefon-fla2\/","url":"https:\/\/emiir.ba\/product\/hladnjak-za-telefon-fla2\/","name":"Hladnjak za telefon FLA2 \u2013 Kompaktni gaming cooler | EMiiR","isPartOf":{"@id":"https:\/\/emiir.ba\/#website"},"primaryImageOfPage":{"@id":"https:\/\/emiir.ba\/product\/hladnjak-za-telefon-fla2\/#primaryimage"},"image":{"@id":"https:\/\/emiir.ba\/product\/hladnjak-za-telefon-fla2\/#primaryimage"},"thumbnailUrl":"https:\/\/emiir.ba\/wp-content\/uploads\/2024\/06\/fl02.png","datePublished":"2024-06-22T16:30:12+00:00","dateModified":"2026-03-03T10:17:21+00:00","description":"Hladnjak za telefon FLA2: sprije\u010dite pregrijavanje ure\u0111aja tokom igranja. Idealno za Android i iOS. Pogledajte ponudu u EMiiR shopu!","breadcrumb":{"@id":"https:\/\/emiir.ba\/product\/hladnjak-za-telefon-fla2\/#breadcrumb"},"inLanguage":"en-US","potentialAction":[{"@type":"ReadAction","target":["https:\/\/emiir.ba\/product\/hladnjak-za-telefon-fla2\/"]}]},{"@type":"ImageObject","inLanguage":"en-US","@id":"https:\/\/emiir.ba\/product\/hladnjak-za-telefon-fla2\/#primaryimage","url":"https:\/\/emiir.ba\/wp-content\/uploads\/2024\/06\/fl02.png","contentUrl":"https:\/\/emiir.ba\/wp-content\/uploads\/2024\/06\/fl02.png","width":650,"height":650,"caption":"Kompaktni hladnjak za mobilne ure\u0111aje FLA2 s RGB osvjetljenjem, idealan za gejming."},{"@type":"BreadcrumbList","@id":"https:\/\/emiir.ba\/product\/hladnjak-za-telefon-fla2\/#breadcrumb","itemListElement":[{"@type":"ListItem","position":1,"name":"Home","item":"https:\/\/emiir.ba\/"},{"@type":"ListItem","position":2,"name":"Shop","item":"https:\/\/emiir.ba\/emiir-ba-mobilni-gaming-shop\/"},{"@type":"ListItem","position":3,"name":"Univerzalni Hladnjak Za Mobilni Telefon FLA2"}]},{"@type":"WebSite","@id":"https:\/\/emiir.ba\/#website","url":"https:\/\/emiir.ba\/","name":"EMiiR","description":"","potentialAction":[{"@type":"SearchAction","target":{"@type":"EntryPoint","urlTemplate":"https:\/\/emiir.ba\/?s={search_term_string}"},"query-input":{"@type":"PropertyValueSpecification","valueRequired":true,"valueName":"search_term_string"}}],"inLanguage":"en-US"}]}},"jetpack_publicize_connections":[],"jetpack-related-posts":[{"id":7683,"url":"https:\/\/emiir.ba\/en\/product\/hladnjak-za-telefon-flo6\/","url_meta":{"origin":7717,"position":0},"title":"Univerzalni Hladnjak Za Mobilni Telefon FLO6","author":"admin","date":"June 22, 2024","format":false,"excerpt":"\ud83d\udce6 Hladnjak za telefon FLO6 \u2013 Kompaktni mobilni cooler s poluprovodni\u010dkim hla\u0111enjem | EMiiR \ud83c\udfae Hladnjak za telefon FLO6 je savr\u0161en dodatak za sve korisnike koji \u017eele odr\u017eati optimalnu temperaturu svog ure\u0111aja tokom intenzivnog kori\u0161tenja. Zahvaljuju\u0107i naprednoj tehnologiji hla\u0111enja i kompaktnom dizajnu, ovaj ure\u0111aj osigurava efikasno hla\u0111enje bez ometanja va\u0161eg\u2026","rel":"","context":"Similar post","block_context":{"text":"Similar post","link":""},"img":{"alt_text":"Hladnjak za telefon FLO6 s poluprovodni\u010dkim hla\u0111enjem","src":"https:\/\/i0.wp.com\/emiir.ba\/wp-content\/uploads\/2024\/06\/flo6.png?resize=350%2C200&ssl=1","width":350,"height":200,"srcset":"https:\/\/i0.wp.com\/emiir.ba\/wp-content\/uploads\/2024\/06\/flo6.png?resize=350%2C200&ssl=1 1x, https:\/\/i0.wp.com\/emiir.ba\/wp-content\/uploads\/2024\/06\/flo6.png?resize=525%2C300&ssl=1 1.5x"},"classes":[]},{"id":7642,"url":"https:\/\/emiir.ba\/en\/product\/hladnjak-za-telefon-cx07\/","url_meta":{"origin":7717,"position":1},"title":"Univerzalni Hladnjak Za Mobilni Telefon CX07","author":"admin","date":"June 22, 2024","format":false,"excerpt":"http:\/\/emiir.ba\/wp-content\/uploads\/2024\/06\/CX07.mp4","rel":"","context":"Similar post","block_context":{"text":"Similar post","link":""},"img":{"alt_text":"Hladnjak za telefon CX07 s poluprovodni\u010dkim hla\u0111enjem","src":"https:\/\/i0.wp.com\/emiir.ba\/wp-content\/uploads\/2024\/06\/cx07.png?resize=350%2C200&ssl=1","width":350,"height":200,"srcset":"https:\/\/i0.wp.com\/emiir.ba\/wp-content\/uploads\/2024\/06\/cx07.png?resize=350%2C200&ssl=1 1x, https:\/\/i0.wp.com\/emiir.ba\/wp-content\/uploads\/2024\/06\/cx07.png?resize=525%2C300&ssl=1 1.5x"},"classes":[]},{"id":7665,"url":"https:\/\/emiir.ba\/en\/product\/hladnjak-za-telefon-dla8\/","url_meta":{"origin":7717,"position":2},"title":"Univerzalni Hladnjak Za Mobilni Telefon DLA8","author":"admin","date":"June 22, 2024","format":false,"excerpt":"","rel":"","context":"Similar post","block_context":{"text":"Similar post","link":""},"img":{"alt_text":"Hladnjak za telefon DLA8 s poluprovodni\u010dkim hla\u0111enjem","src":"https:\/\/i0.wp.com\/emiir.ba\/wp-content\/uploads\/2024\/06\/dla8.png?resize=350%2C200&ssl=1","width":350,"height":200,"srcset":"https:\/\/i0.wp.com\/emiir.ba\/wp-content\/uploads\/2024\/06\/dla8.png?resize=350%2C200&ssl=1 1x, https:\/\/i0.wp.com\/emiir.ba\/wp-content\/uploads\/2024\/06\/dla8.png?resize=525%2C300&ssl=1 1.5x"},"classes":[]},{"id":7626,"url":"https:\/\/emiir.ba\/en\/product\/hladnjak-za-telefon-xc04\/","url_meta":{"origin":7717,"position":3},"title":"Univerzalni Hladnjak Za Mobilni Telefon CX04","author":"admin","date":"June 22, 2024","format":false,"excerpt":"","rel":"","context":"Similar post","block_context":{"text":"Similar post","link":""},"img":{"alt_text":"Hladnjak za telefon XC04 s RGB osvjetljenjem","src":"https:\/\/i0.wp.com\/emiir.ba\/wp-content\/uploads\/2024\/06\/CX04-6.webp?resize=350%2C200&ssl=1","width":350,"height":200,"srcset":"https:\/\/i0.wp.com\/emiir.ba\/wp-content\/uploads\/2024\/06\/CX04-6.webp?resize=350%2C200&ssl=1 1x, https:\/\/i0.wp.com\/emiir.ba\/wp-content\/uploads\/2024\/06\/CX04-6.webp?resize=525%2C300&ssl=1 1.5x"},"classes":[]},{"id":6052,"url":"https:\/\/emiir.ba\/en\/product\/hladnjak-s1\/","url_meta":{"origin":7717,"position":4},"title":"Univerzalni Hladnjak Za Mobilni Telefon S1","author":"admin","date":"February 23, 2024","format":false,"excerpt":"\u2744\ufe0f Hladnjak S1 \u2013 kompaktni mobilni cooler za optimalno hla\u0111enje | EMiiR Hladnjak S1 je idealan dodatak za korisnike mobilnih ure\u0111aja koji \u017eele odr\u017eati optimalnu temperaturu svog ure\u0111aja tokom intenzivnog kori\u0161tenja. Ovaj hladnjak kombinuje efikasno hla\u0111enje s modernim dizajnom, \u010dine\u0107i ga savr\u0161enim za gejmere i korisnike koji cijene estetiku. Zahvaljuju\u0107i\u2026","rel":"","context":"Similar post","block_context":{"text":"Similar post","link":""},"img":{"alt_text":"Hladnjak S1 za mobilne ure\u0111aje","src":"https:\/\/i0.wp.com\/emiir.ba\/wp-content\/uploads\/2024\/02\/S1.png?resize=350%2C200&ssl=1","width":350,"height":200,"srcset":"https:\/\/i0.wp.com\/emiir.ba\/wp-content\/uploads\/2024\/02\/S1.png?resize=350%2C200&ssl=1 1x, https:\/\/i0.wp.com\/emiir.ba\/wp-content\/uploads\/2024\/02\/S1.png?resize=525%2C300&ssl=1 1.5x"},"classes":[]},{"id":7891,"url":"https:\/\/emiir.ba\/en\/product\/hladnjak-za-telefon-cx08\/","url_meta":{"origin":7717,"position":5},"title":"Univerzalni Hladnjak Za Mobilni Telefon CX08 basic","author":"admin","date":"September 13, 2024","format":false,"excerpt":"\ud83d\udce6 Hladnjak za telefon CX08 \u2013 Univerzalni gaming cooler | EMiiR \ud83c\udfae Hladnjak za telefon CX08 idealan je za sve gejmere koji \u017eele da odr\u017ee optimalnu temperaturu svog ure\u0111aja \u010dak i tokom najzahtjevnijih sesija. Opremljen sna\u017enim ventilatorom i aktivnim sistemom hla\u0111enja, ovaj ure\u0111aj sprje\u010dava pregrijavanje, pobolj\u0161ava performanse i produ\u017eava vijek\u2026","rel":"","context":"Similar post","block_context":{"text":"Similar post","link":""},"img":{"alt_text":"Hladnjak za telefon, iPad, iOS, Android CX08 \u2013 univerzalni gaming cooler","src":"https:\/\/i0.wp.com\/emiir.ba\/wp-content\/uploads\/2024\/09\/cx08-basic.png?resize=350%2C200&ssl=1","width":350,"height":200,"srcset":"https:\/\/i0.wp.com\/emiir.ba\/wp-content\/uploads\/2024\/09\/cx08-basic.png?resize=350%2C200&ssl=1 1x, https:\/\/i0.wp.com\/emiir.ba\/wp-content\/uploads\/2024\/09\/cx08-basic.png?resize=525%2C300&ssl=1 1.5x"},"classes":[]}],"jetpack_sharing_enabled":true,"jetpack_likes_enabled":true,"_links":{"self":[{"href":"https:\/\/emiir.ba\/en\/wp-json\/wp\/v2\/product\/7717","targetHints":{"allow":["GET"]}}],"collection":[{"href":"https:\/\/emiir.ba\/en\/wp-json\/wp\/v2\/product"}],"about":[{"href":"https:\/\/emiir.ba\/en\/wp-json\/wp\/v2\/types\/product"}],"replies":[{"embeddable":true,"href":"https:\/\/emiir.ba\/en\/wp-json\/wp\/v2\/comments?post=7717"}],"wp:featuredmedia":[{"embeddable":true,"href":"https:\/\/emiir.ba\/en\/wp-json\/wp\/v2\/media\/7718"}],"wp:attachment":[{"href":"https:\/\/emiir.ba\/en\/wp-json\/wp\/v2\/media?parent=7717"}],"wp:term":[{"taxonomy":"product_brand","embeddable":true,"href":"https:\/\/emiir.ba\/en\/wp-json\/wp\/v2\/product_brand?post=7717"},{"taxonomy":"product_cat","embeddable":true,"href":"https:\/\/emiir.ba\/en\/wp-json\/wp\/v2\/product_cat?post=7717"},{"taxonomy":"product_tag","embeddable":true,"href":"https:\/\/emiir.ba\/en\/wp-json\/wp\/v2\/product_tag?post=7717"}],"curies":[{"name":"wp","href":"https:\/\/api.w.org\/{rel}","templated":true}]}}