{"id":7892,"date":"2024-09-13T02:55:24","date_gmt":"2024-09-13T02:55:24","guid":{"rendered":"https:\/\/emiir.ba\/?post_type=product&#038;p=7892"},"modified":"2026-04-20T16:51:29","modified_gmt":"2026-04-20T16:51:29","slug":"hladnjak-za-telefon-cx08-pro","status":"publish","type":"product","link":"https:\/\/emiir.ba\/en\/product\/hladnjak-za-telefon-cx08-pro\/","title":{"rendered":"Univerzalni Hladnjak Za Mobilni Telefon CX08 PRO"},"content":{"rendered":"<h2>\ud83d\udce6 <strong>Hladnjak za telefon CX08 Pro \u2013 Gaming cooler za mobilni ure\u0111aj | EMiiR<\/strong><\/h2>\n<p>\ud83c\udfae <strong>Hladnjak za telefon CX08 Pro<\/strong> omogu\u0107ava ti da odr\u017ei\u0161 optimalnu temperaturu svog ure\u0111aja \u010dak i tokom najintenzivnijih gaming sesija. Zahvaljuju\u0107i mo\u0107nom ventilatoru i naprednoj tehnologiji hla\u0111enja, sprje\u010dava pregrijavanje, pobolj\u0161ava performanse i produ\u017eava vijek trajanja telefona.<\/p>\n<p>Ovaj <strong>gaming cooler za mobilni telefon<\/strong> kompatibilan je s ve\u0107inom pametnih telefona, uklju\u010duju\u0107i Android i iPhone. Jednostavno se montira pomo\u0107u \u010dvrstog steznog mehanizma, a RGB osvjetljenje \u2728 daje mu atraktivan izgled. Kupovinom CX08 Pro modela u EMiiR shopu dobija\u0161 kvalitetan dodatak koji podi\u017ee tvoje gejming iskustvo na vi\u0161i nivo.<\/p>\n<h3>\ud83d\udd27 <strong>Tehni\u010dke specifikacije<\/strong><\/h3>\n<ul>\n<li>\n<p>\u2744\ufe0f Tip: aktivno hla\u0111enje s ventilatorom<\/p>\n<\/li>\n<li>\n<p>\ud83d\udcf1 Kompatibilnost: univerzalno za Android i iPhone<\/p>\n<\/li>\n<li>\n<p>\u26a1 Napajanje: USB-C kabel<\/p>\n<\/li>\n<li>\n<p>\ud83c\udf08 LED efekti: RGB svjetlosni efekti<\/p>\n<\/li>\n<li>\n<p>\ud83d\udce6 Dimenzije: prilagodljivo za razne veli\u010dine telefona<\/p>\n<\/li>\n<\/ul>\n<h3>\u2b50 <strong>Za\u0161to izabrati ovaj gaming hladnjak?<\/strong><\/h3>\n<p>\u2705 Sprje\u010dava pregrijavanje tokom igranja\u2705 Pobolj\u0161ava performanse ure\u0111aja\u2705 Jednostavna instalacija i upotreba\u2705 Moderan dizajn s RGB osvjetljenjem\u2705 Kompatibilan s ve\u0107inom telefona<\/p>\n<p>Ako ste gejmer, streamer ili korisnik koji provodi mnogo vremena na telefonu, ovaj dodatak mo\u017ee dramati\u010dno pobolj\u0161ati va\u0161e korisni\u010dko iskustvo. Vi\u0161e o prednostima aktivnih hladnjaka pro\u010ditajte na <a class=\"cursor-pointer\" rel=\"noopener\">Android Authority<\/a> i saznajte kako \u010duvaju va\u0161e ure\u0111aje. \ud83d\ude80<\/p>\n<h3>\ud83d\udcac <strong>\u010cesta pitanja<\/strong><\/h3>\n<p>\u2753 <strong>Radi li na svim modelima telefona?<\/strong>\u2714\ufe0f Da, kompatibilan je s ve\u0107inom Android i iPhone ure\u0111aja.<\/p>\n<p>\u2753 <strong>Treba li dodatna aplikacija?<\/strong>\u2714\ufe0f Ne, hladnjak se napaja preko USB-C kabla i radi odmah po priklju\u010divanju.<\/p>\n<p>\ud83d\udc49 Pogledajte sve <a class=\"\" href=\"https:\/\/emiir.ba\/en\/product-category\/hladnjaci-za-mobilni-gaming\/\" rel=\"noopener\">hladnjake za mobilne telefone<\/a> u EMiiR shopu i osigurajte najbolje gaming performanse!<\/p>","protected":false},"excerpt":{"rendered":"<p> [&hellip;]<\/p>","protected":false},"featured_media":7789,"comment_status":"open","ping_status":"closed","template":"","meta":{"jetpack_post_was_ever_published":false,"jetpack_publicize_message":"","jetpack_publicize_feature_enabled":true,"jetpack_social_post_already_shared":false,"jetpack_social_options":{"image_generator_settings":{"template":"highway","default_image_id":0,"font":"","enabled":false},"version":2}},"product_brand":[],"product_cat":[117],"product_tag":[],"class_list":{"0":"post-7892","1":"product","2":"type-product","3":"status-publish","4":"has-post-thumbnail","6":"product_cat-hladnjaci-za-mobilni-gaming","8":"first","9":"instock","10":"sale","11":"shipping-taxable","12":"purchasable","13":"product-type-simple"},"yoast_head":"<!-- This site is optimized with the Yoast SEO plugin v27.4 - https:\/\/yoast.com\/product\/yoast-seo-wordpress\/ -->\n<title>Hladnjak za telefon CX08 Pro \u2013 Gaming cooler | EMiiR<\/title>\n<meta name=\"description\" content=\"Hladnjak za telefon CX08 Pro: sprije\u010dite pregrijavanje ure\u0111aja tokom igranja. Idealno za Android i iPhone. Pogledajte ponudu u EMiiR shopu!\" \/>\n<meta name=\"robots\" content=\"index, follow, max-snippet:-1, max-image-preview:large, max-video-preview:-1\" \/>\n<link rel=\"canonical\" href=\"https:\/\/emiir.ba\/en\/product\/hladnjak-za-telefon-cx08-pro\/\" \/>\n<meta property=\"og:locale\" content=\"en_US\" \/>\n<meta property=\"og:type\" content=\"article\" \/>\n<meta property=\"og:title\" content=\"Hladnjak za telefon CX08 Pro \u2013 Gaming cooler | EMiiR\" \/>\n<meta property=\"og:description\" content=\"Hladnjak za telefon CX08 Pro: sprije\u010dite pregrijavanje ure\u0111aja tokom igranja. Idealno za Android i iPhone. Pogledajte ponudu u EMiiR shopu!\" \/>\n<meta property=\"og:url\" content=\"https:\/\/emiir.ba\/en\/product\/hladnjak-za-telefon-cx08-pro\/\" \/>\n<meta property=\"og:site_name\" content=\"EMiiR\" \/>\n<meta property=\"article:modified_time\" content=\"2026-04-20T16:51:29+00:00\" \/>\n<meta property=\"og:image\" content=\"https:\/\/i0.wp.com\/emiir.ba\/wp-content\/uploads\/2024\/09\/cx08-pro.png?fit=650%2C650&ssl=1\" \/>\n\t<meta property=\"og:image:width\" content=\"650\" \/>\n\t<meta property=\"og:image:height\" content=\"650\" \/>\n\t<meta property=\"og:image:type\" content=\"image\/png\" \/>\n<meta name=\"twitter:card\" content=\"summary_large_image\" \/>\n<meta name=\"twitter:label1\" content=\"Est. reading time\" \/>\n\t<meta name=\"twitter:data1\" content=\"2 minutes\" \/>\n<script type=\"application\/ld+json\" class=\"yoast-schema-graph\">{\"@context\":\"https:\\\/\\\/schema.org\",\"@graph\":[{\"@type\":\"WebPage\",\"@id\":\"https:\\\/\\\/emiir.ba\\\/product\\\/hladnjak-za-telefon-cx08-pro\\\/\",\"url\":\"https:\\\/\\\/emiir.ba\\\/product\\\/hladnjak-za-telefon-cx08-pro\\\/\",\"name\":\"Hladnjak za telefon CX08 Pro \u2013 Gaming cooler | EMiiR\",\"isPartOf\":{\"@id\":\"https:\\\/\\\/emiir.ba\\\/#website\"},\"primaryImageOfPage\":{\"@id\":\"https:\\\/\\\/emiir.ba\\\/product\\\/hladnjak-za-telefon-cx08-pro\\\/#primaryimage\"},\"image\":{\"@id\":\"https:\\\/\\\/emiir.ba\\\/product\\\/hladnjak-za-telefon-cx08-pro\\\/#primaryimage\"},\"thumbnailUrl\":\"https:\\\/\\\/emiir.ba\\\/wp-content\\\/uploads\\\/2024\\\/09\\\/cx08-pro.png\",\"datePublished\":\"2024-09-13T02:55:24+00:00\",\"dateModified\":\"2026-04-20T16:51:29+00:00\",\"description\":\"Hladnjak za telefon CX08 Pro: sprije\u010dite pregrijavanje ure\u0111aja tokom igranja. Idealno za Android i iPhone. Pogledajte ponudu u EMiiR shopu!\",\"breadcrumb\":{\"@id\":\"https:\\\/\\\/emiir.ba\\\/product\\\/hladnjak-za-telefon-cx08-pro\\\/#breadcrumb\"},\"inLanguage\":\"en-US\",\"potentialAction\":[{\"@type\":\"ReadAction\",\"target\":[\"https:\\\/\\\/emiir.ba\\\/product\\\/hladnjak-za-telefon-cx08-pro\\\/\"]}]},{\"@type\":\"ImageObject\",\"inLanguage\":\"en-US\",\"@id\":\"https:\\\/\\\/emiir.ba\\\/product\\\/hladnjak-za-telefon-cx08-pro\\\/#primaryimage\",\"url\":\"https:\\\/\\\/emiir.ba\\\/wp-content\\\/uploads\\\/2024\\\/09\\\/cx08-pro.png\",\"contentUrl\":\"https:\\\/\\\/emiir.ba\\\/wp-content\\\/uploads\\\/2024\\\/09\\\/cx08-pro.png\",\"width\":650,\"height\":650,\"caption\":\"Aktivni hladnjak za mobilni telefon CX08 Pro s RGB svjetlosnim efektima, idealan za gejmere\"},{\"@type\":\"BreadcrumbList\",\"@id\":\"https:\\\/\\\/emiir.ba\\\/product\\\/hladnjak-za-telefon-cx08-pro\\\/#breadcrumb\",\"itemListElement\":[{\"@type\":\"ListItem\",\"position\":1,\"name\":\"Home\",\"item\":\"https:\\\/\\\/emiir.ba\\\/\"},{\"@type\":\"ListItem\",\"position\":2,\"name\":\"Shop\",\"item\":\"https:\\\/\\\/emiir.ba\\\/emiir-ba-mobilni-gaming-shop\\\/\"},{\"@type\":\"ListItem\",\"position\":3,\"name\":\"Univerzalni Hladnjak Za Mobilni Telefon CX08 PRO\"}]},{\"@type\":\"WebSite\",\"@id\":\"https:\\\/\\\/emiir.ba\\\/#website\",\"url\":\"https:\\\/\\\/emiir.ba\\\/\",\"name\":\"EMiiR\",\"description\":\"\",\"potentialAction\":[{\"@type\":\"SearchAction\",\"target\":{\"@type\":\"EntryPoint\",\"urlTemplate\":\"https:\\\/\\\/emiir.ba\\\/?s={search_term_string}\"},\"query-input\":{\"@type\":\"PropertyValueSpecification\",\"valueRequired\":true,\"valueName\":\"search_term_string\"}}],\"inLanguage\":\"en-US\"}]}<\/script>\n<!-- \/ Yoast SEO plugin. -->","yoast_head_json":{"title":"Hladnjak za telefon CX08 Pro \u2013 Gaming cooler | EMiiR","description":"Hladnjak za telefon CX08 Pro: sprije\u010dite pregrijavanje ure\u0111aja tokom igranja. Idealno za Android i iPhone. Pogledajte ponudu u EMiiR shopu!","robots":{"index":"index","follow":"follow","max-snippet":"max-snippet:-1","max-image-preview":"max-image-preview:large","max-video-preview":"max-video-preview:-1"},"canonical":"https:\/\/emiir.ba\/en\/product\/hladnjak-za-telefon-cx08-pro\/","og_locale":"en_US","og_type":"article","og_title":"Hladnjak za telefon CX08 Pro \u2013 Gaming cooler | EMiiR","og_description":"Hladnjak za telefon CX08 Pro: sprije\u010dite pregrijavanje ure\u0111aja tokom igranja. Idealno za Android i iPhone. Pogledajte ponudu u EMiiR shopu!","og_url":"https:\/\/emiir.ba\/en\/product\/hladnjak-za-telefon-cx08-pro\/","og_site_name":"EMiiR","article_modified_time":"2026-04-20T16:51:29+00:00","og_image":[{"width":650,"height":650,"url":"https:\/\/i0.wp.com\/emiir.ba\/wp-content\/uploads\/2024\/09\/cx08-pro.png?fit=650%2C650&ssl=1","type":"image\/png"}],"twitter_card":"summary_large_image","twitter_misc":{"Est. reading time":"2 minutes"},"schema":{"@context":"https:\/\/schema.org","@graph":[{"@type":"WebPage","@id":"https:\/\/emiir.ba\/product\/hladnjak-za-telefon-cx08-pro\/","url":"https:\/\/emiir.ba\/product\/hladnjak-za-telefon-cx08-pro\/","name":"Hladnjak za telefon CX08 Pro \u2013 Gaming cooler | EMiiR","isPartOf":{"@id":"https:\/\/emiir.ba\/#website"},"primaryImageOfPage":{"@id":"https:\/\/emiir.ba\/product\/hladnjak-za-telefon-cx08-pro\/#primaryimage"},"image":{"@id":"https:\/\/emiir.ba\/product\/hladnjak-za-telefon-cx08-pro\/#primaryimage"},"thumbnailUrl":"https:\/\/emiir.ba\/wp-content\/uploads\/2024\/09\/cx08-pro.png","datePublished":"2024-09-13T02:55:24+00:00","dateModified":"2026-04-20T16:51:29+00:00","description":"Hladnjak za telefon CX08 Pro: sprije\u010dite pregrijavanje ure\u0111aja tokom igranja. Idealno za Android i iPhone. Pogledajte ponudu u EMiiR shopu!","breadcrumb":{"@id":"https:\/\/emiir.ba\/product\/hladnjak-za-telefon-cx08-pro\/#breadcrumb"},"inLanguage":"en-US","potentialAction":[{"@type":"ReadAction","target":["https:\/\/emiir.ba\/product\/hladnjak-za-telefon-cx08-pro\/"]}]},{"@type":"ImageObject","inLanguage":"en-US","@id":"https:\/\/emiir.ba\/product\/hladnjak-za-telefon-cx08-pro\/#primaryimage","url":"https:\/\/emiir.ba\/wp-content\/uploads\/2024\/09\/cx08-pro.png","contentUrl":"https:\/\/emiir.ba\/wp-content\/uploads\/2024\/09\/cx08-pro.png","width":650,"height":650,"caption":"Aktivni hladnjak za mobilni telefon CX08 Pro s RGB svjetlosnim efektima, idealan za gejmere"},{"@type":"BreadcrumbList","@id":"https:\/\/emiir.ba\/product\/hladnjak-za-telefon-cx08-pro\/#breadcrumb","itemListElement":[{"@type":"ListItem","position":1,"name":"Home","item":"https:\/\/emiir.ba\/"},{"@type":"ListItem","position":2,"name":"Shop","item":"https:\/\/emiir.ba\/emiir-ba-mobilni-gaming-shop\/"},{"@type":"ListItem","position":3,"name":"Univerzalni Hladnjak Za Mobilni Telefon CX08 PRO"}]},{"@type":"WebSite","@id":"https:\/\/emiir.ba\/#website","url":"https:\/\/emiir.ba\/","name":"EMiiR","description":"","potentialAction":[{"@type":"SearchAction","target":{"@type":"EntryPoint","urlTemplate":"https:\/\/emiir.ba\/?s={search_term_string}"},"query-input":{"@type":"PropertyValueSpecification","valueRequired":true,"valueName":"search_term_string"}}],"inLanguage":"en-US"}]}},"jetpack_publicize_connections":[],"jetpack-related-posts":[{"id":7891,"url":"https:\/\/emiir.ba\/en\/product\/hladnjak-za-telefon-cx08\/","url_meta":{"origin":7892,"position":0},"title":"Univerzalni Hladnjak Za Mobilni Telefon CX08 basic","author":"admin","date":"September 13, 2024","format":false,"excerpt":"\ud83d\udce6 Hladnjak za telefon CX08 \u2013 Univerzalni gaming cooler | EMiiR \ud83c\udfae Hladnjak za telefon CX08 idealan je za sve gejmere koji \u017eele da odr\u017ee optimalnu temperaturu svog ure\u0111aja \u010dak i tokom najzahtjevnijih sesija. Opremljen sna\u017enim ventilatorom i aktivnim sistemom hla\u0111enja, ovaj ure\u0111aj sprje\u010dava pregrijavanje, pobolj\u0161ava performanse i produ\u017eava vijek\u2026","rel":"","context":"Similar post","block_context":{"text":"Similar post","link":""},"img":{"alt_text":"Hladnjak za telefon, iPad, iOS, Android CX08 \u2013 univerzalni gaming cooler","src":"https:\/\/i0.wp.com\/emiir.ba\/wp-content\/uploads\/2024\/09\/cx08-basic.png?resize=350%2C200&ssl=1","width":350,"height":200,"srcset":"https:\/\/i0.wp.com\/emiir.ba\/wp-content\/uploads\/2024\/09\/cx08-basic.png?resize=350%2C200&ssl=1 1x, https:\/\/i0.wp.com\/emiir.ba\/wp-content\/uploads\/2024\/09\/cx08-basic.png?resize=525%2C300&ssl=1 1.5x"},"classes":[]},{"id":8775,"url":"https:\/\/emiir.ba\/en\/product\/dl21-hladnjak-za-telefon\/","url_meta":{"origin":7892,"position":1},"title":"DL21 hladnjak za telefon \u2013 ultra kompaktan mobilni cooler za gaming | EMiiR","author":"admin","date":"July 1, 2025","format":false,"excerpt":"DL21 hladnjak za telefon je savr\u0161eno rje\u0161enje za korisnike koji \u017eele pouzdano i brzo hla\u0111enje tokom intenzivnog mobilnog gejminga. Dizajniran s fokusom na kompaktnost i tihi rad, ovaj ure\u0111aj koristi naprednu poluvodi\u010dku tehnologiju za trenutno sni\u017eavanje temperature, \u010duvaju\u0107i performanse tvog pametnog telefona. DL21 se montira pomo\u0107u stezaljki i pogodan je\u2026","rel":"","context":"Similar post","block_context":{"text":"Similar post","link":""},"img":{"alt_text":"DL21 hladnjak za telefon \u2013 kompaktni mobilni cooler za Android i iOS","src":"https:\/\/i0.wp.com\/emiir.ba\/wp-content\/uploads\/2025\/07\/DualFan_featured_800x800.webp?resize=350%2C200&ssl=1","width":350,"height":200,"srcset":"https:\/\/i0.wp.com\/emiir.ba\/wp-content\/uploads\/2025\/07\/DualFan_featured_800x800.webp?resize=350%2C200&ssl=1 1x, https:\/\/i0.wp.com\/emiir.ba\/wp-content\/uploads\/2025\/07\/DualFan_featured_800x800.webp?resize=525%2C300&ssl=1 1.5x, https:\/\/i0.wp.com\/emiir.ba\/wp-content\/uploads\/2025\/07\/DualFan_featured_800x800.webp?resize=700%2C400&ssl=1 2x"},"classes":[]},{"id":8761,"url":"https:\/\/emiir.ba\/en\/product\/cx15-hladnjak-za-telefon\/","url_meta":{"origin":7892,"position":2},"title":"CX15 hladnjak za telefon \u2013 ultra tihi mobilni cooler s naprednim hla\u0111enjem | EMiiR","author":"admin","date":"July 1, 2025","format":false,"excerpt":"CX15 hladnjak za telefon donosi napredno i efikasno rje\u0161enje za hla\u0111enje mobilnih ure\u0111aja, idealno za gejmere i korisnike koji \u017eele zadr\u017eati visoke performanse svojih telefona. Opremljen je modernim poluvodi\u010dkim \u010dipom i ultra tihim ventilatorom koji omogu\u0107ava brzo i tiho hla\u0111enje. CX15 hladnjak za telefon koristi magnetnu monta\u017eu koja osigurava stabilnost\u2026","rel":"","context":"Similar post","block_context":{"text":"Similar post","link":""},"img":{"alt_text":"CX15 hladnjak za telefon \u2013 tihi mobilni cooler s magnetnom monta\u017eom","src":"https:\/\/i0.wp.com\/emiir.ba\/wp-content\/uploads\/2025\/07\/CX15B_full_fit_800x800.webp?resize=350%2C200&ssl=1","width":350,"height":200,"srcset":"https:\/\/i0.wp.com\/emiir.ba\/wp-content\/uploads\/2025\/07\/CX15B_full_fit_800x800.webp?resize=350%2C200&ssl=1 1x, https:\/\/i0.wp.com\/emiir.ba\/wp-content\/uploads\/2025\/07\/CX15B_full_fit_800x800.webp?resize=525%2C300&ssl=1 1.5x, https:\/\/i0.wp.com\/emiir.ba\/wp-content\/uploads\/2025\/07\/CX15B_full_fit_800x800.webp?resize=700%2C400&ssl=1 2x"},"classes":[]},{"id":8555,"url":"https:\/\/emiir.ba\/en\/product\/univerzalni-hladnjak-za-mobilni-telefon-dl20\/","url_meta":{"origin":7892,"position":3},"title":"Univerzalni Hladnjak Za Mobilni Telefon DL20","author":"admin","date":"April 16, 2025","format":false,"excerpt":"","rel":"","context":"Similar post","block_context":{"text":"Similar post","link":""},"img":{"alt_text":"Memo DL20 phone cooler za mobilne telefone \u2013 najbolji hladnjak za gaming s poluvodi\u010dkim hla\u0111enjem i RGB LED osvjetljenjem","src":"https:\/\/i0.wp.com\/emiir.ba\/wp-content\/uploads\/2025\/04\/1.png?resize=350%2C200&ssl=1","width":350,"height":200,"srcset":"https:\/\/i0.wp.com\/emiir.ba\/wp-content\/uploads\/2025\/04\/1.png?resize=350%2C200&ssl=1 1x, https:\/\/i0.wp.com\/emiir.ba\/wp-content\/uploads\/2025\/04\/1.png?resize=525%2C300&ssl=1 1.5x, https:\/\/i0.wp.com\/emiir.ba\/wp-content\/uploads\/2025\/04\/1.png?resize=700%2C400&ssl=1 2x"},"classes":[]},{"id":6054,"url":"https:\/\/emiir.ba\/en\/product\/hladnjak-x52\/","url_meta":{"origin":7892,"position":4},"title":"Univerzalni Hladnjak Za Mobilni Telefon X52","author":"admin","date":"February 23, 2024","format":false,"excerpt":"\u2744\ufe0f Hladnjak X52 \u2013 mobilni cooler | EMiiR Hladnjak X52 je idealan dodatak za korisnike mobilnih ure\u0111aja koji \u017eele odr\u017eati optimalnu temperaturu svog ure\u0111aja tokom intenzivnog kori\u0161tenja. Ovaj hladnjak kombinuje efikasno hla\u0111enje s modernim dizajnom, \u010dine\u0107i ga savr\u0161enim za gejmere i korisnike koji cijene estetiku. Njegova kompaktna veli\u010dina i lagana\u2026","rel":"","context":"Similar post","block_context":{"text":"Similar post","link":""},"img":{"alt_text":"Hladnjak X52 za mobilne ure\u0111aje","src":"https:\/\/i0.wp.com\/emiir.ba\/wp-content\/uploads\/2024\/02\/x52.png?resize=350%2C200&ssl=1","width":350,"height":200,"srcset":"https:\/\/i0.wp.com\/emiir.ba\/wp-content\/uploads\/2024\/02\/x52.png?resize=350%2C200&ssl=1 1x, https:\/\/i0.wp.com\/emiir.ba\/wp-content\/uploads\/2024\/02\/x52.png?resize=525%2C300&ssl=1 1.5x"},"classes":[]},{"id":8825,"url":"https:\/\/emiir.ba\/en\/product\/hladnjak-telefon-ipad-cx06\/","url_meta":{"origin":7892,"position":5},"title":"CX06 hladnjak za telefon i iPad \u2013 univerzalni mobilni cooler nove generacije","author":"admin","date":"July 8, 2025","format":false,"excerpt":"CX06 hladnjak za telefon i iPad idealan je izbor za korisnike koji \u017eele vrhunske performanse bez pregrijavanja. Ovaj univerzalni mobilni hladnjak pru\u017ea brzo i tiho hla\u0111enje tokom gejminga, streamanja, snimanja videa ili dugotrajne upotrebe aplikacija. Zahvaljuju\u0107i elegantnom i kompaktnom dizajnu, lako ga je nositi sa sobom i koristiti bilo gdje.\u2026","rel":"","context":"Similar post","block_context":{"text":"Similar post","link":""},"img":{"alt_text":"Hladnjak za telefon i iPad CX06 \u2013 univerzalni mobilni cooler","src":"https:\/\/i0.wp.com\/emiir.ba\/wp-content\/uploads\/2024\/09\/20-1.jpg?resize=350%2C200&ssl=1","width":350,"height":200,"srcset":"https:\/\/i0.wp.com\/emiir.ba\/wp-content\/uploads\/2024\/09\/20-1.jpg?resize=350%2C200&ssl=1 1x, https:\/\/i0.wp.com\/emiir.ba\/wp-content\/uploads\/2024\/09\/20-1.jpg?resize=525%2C300&ssl=1 1.5x, https:\/\/i0.wp.com\/emiir.ba\/wp-content\/uploads\/2024\/09\/20-1.jpg?resize=700%2C400&ssl=1 2x"},"classes":[]}],"jetpack_sharing_enabled":true,"jetpack_likes_enabled":true,"_links":{"self":[{"href":"https:\/\/emiir.ba\/en\/wp-json\/wp\/v2\/product\/7892","targetHints":{"allow":["GET"]}}],"collection":[{"href":"https:\/\/emiir.ba\/en\/wp-json\/wp\/v2\/product"}],"about":[{"href":"https:\/\/emiir.ba\/en\/wp-json\/wp\/v2\/types\/product"}],"replies":[{"embeddable":true,"href":"https:\/\/emiir.ba\/en\/wp-json\/wp\/v2\/comments?post=7892"}],"wp:featuredmedia":[{"embeddable":true,"href":"https:\/\/emiir.ba\/en\/wp-json\/wp\/v2\/media\/7789"}],"wp:attachment":[{"href":"https:\/\/emiir.ba\/en\/wp-json\/wp\/v2\/media?parent=7892"}],"wp:term":[{"taxonomy":"product_brand","embeddable":true,"href":"https:\/\/emiir.ba\/en\/wp-json\/wp\/v2\/product_brand?post=7892"},{"taxonomy":"product_cat","embeddable":true,"href":"https:\/\/emiir.ba\/en\/wp-json\/wp\/v2\/product_cat?post=7892"},{"taxonomy":"product_tag","embeddable":true,"href":"https:\/\/emiir.ba\/en\/wp-json\/wp\/v2\/product_tag?post=7892"}],"curies":[{"name":"wp","href":"https:\/\/api.w.org\/{rel}","templated":true}]}}