{"id":8555,"date":"2025-04-16T10:18:36","date_gmt":"2025-04-16T10:18:36","guid":{"rendered":"https:\/\/emiir.ba\/?post_type=product&#038;p=8555"},"modified":"2026-01-21T15:37:51","modified_gmt":"2026-01-21T15:37:51","slug":"univerzalni-hladnjak-za-mobilni-telefon-dl20","status":"publish","type":"product","link":"https:\/\/emiir.ba\/en\/product\/univerzalni-hladnjak-za-mobilni-telefon-dl20\/","title":{"rendered":"Univerzalni Hladnjak Za Mobilni Telefon DL20"},"content":{"rendered":"<h3 class=\"\"><strong>Memo DL20 Univerzalni Hladnjak za Mobilne Ure\u0111aje \u2013 Optimalno Hla\u0111enje za Va\u0161 Telefon \ud83c\udf21\ufe0f\ud83d\udcf1<\/strong><\/h3>\n<p class=\"\">Univerzalni Hladnjak Za Mobilni Telefon <strong>Memo DL20<\/strong> koristi naprednu poluvodi\u010dku tehnologiju koja omogu\u0107ava brzo i efikasno hla\u0111enje va\u0161eg telefona. Bilo da igrate igre \ud83c\udfae, gledate video sadr\u017eaj \ud83c\udfa5 ili koristite zahtjevne aplikacije, ovaj hladnjak sprje\u010dava pregrijavanje \ud83d\udd25 i omogu\u0107ava stabilne performanse va\u0161eg ure\u0111aja.<\/p>\n<h4 class=\"\"><strong>Za\u0161to Odabrati Memo DL20 Univerzalni Hladnjak za Mobilne Ure\u0111aje? \ud83e\udd14<\/strong><\/h4>\n<p class=\"\">Memo DL20 je <strong>Univerzalni Hladnjak Za Mobilni Telefon<\/strong> koji je kompatibilan s gotovo svim modernim telefonima \ud83d\udcf1. Ovaj hladnjak dolazi s <strong>RGB LED osvjetljenjem \ud83c\udf08<\/strong>, koje ne samo da hladi va\u0161 telefon, ve\u0107 i dodaje vizualni element. Sa tri brzine ventilatora \ud83c\udf2c\ufe0f, mo\u017eete prilagoditi hla\u0111enje prema potrebama svog ure\u0111aja.<\/p>\n<h4 class=\"\"><strong>Prednosti Memo DL20 Phone Coolera za Mobilne Ure\u0111aje \ud83d\ude80<\/strong><\/h4>\n<ul>\n<li class=\"\">\n<p class=\"\"><strong>Napredna Poluvodi\u010dka Tehnologija \ud83d\udca1<\/strong> \u2013 Ovaj <strong>univerzalni hladnjak za mobilne ure\u0111aje<\/strong> koristi poluvodi\u010dku tehnologiju koja osigurava brzo i u\u010dinkovito hla\u0111enje, \u010dak i pri intenzivnom kori\u0161tenju telefona.<\/p>\n<\/li>\n<li class=\"\">\n<p class=\"\"><strong>RGB LED Osvjetljenje \ud83c\udf08<\/strong> \u2013 Stvarajte impresivnu atmosferu tijekom igranja s atraktivnim RGB LED svjetlom.<\/p>\n<\/li>\n<li class=\"\">\n<p class=\"\"><strong>Tri Brzine Ventilatora \u26a1<\/strong> \u2013 Prilagodite brzinu ventilatora prema svojim potrebama. Bilo da igrate igre, gledate filmove ili koristite zahtjevne aplikacije, Memo DL20 uvijek pru\u017ea optimalno hla\u0111enje.<\/p>\n<\/li>\n<li class=\"\">\n<p class=\"\"><strong>Jednostavna Instalacija \u2699\ufe0f<\/strong> \u2013 Memo DL20 je jednostavan za kori\u0161tenje. Samo ga priklju\u010dite na USB Type-C port svog ure\u0111aja i odmah po\u010dnite koristiti.<\/p>\n<\/li>\n<\/ul>\n<h4 class=\"\"><strong>Kako Memo DL20 Univerzalni Hladnjak za Mobilne Ure\u0111aje Pobolj\u0161ava Performanse Telefona \ud83d\udd0b<\/strong><\/h4>\n<p class=\"\">Ako \u017eelite da va\u0161 telefon ostane hladan \u2744\ufe0f i stabilan, \u010dak i pri velikim optere\u0107enjima, <strong>Memo DL20 univerzalni hladnjak za mobilne ure\u0111aje<\/strong> je pravo rje\u0161enje. S njegovim u\u010dinkovitostima, telefon ne\u0107e usporavati zbog pregrijavanja, \u010dime se produ\u017eava njegov vijek trajanja i odr\u017eava najbolja performansa \ud83d\udcc8.<\/p>\n<h4 class=\"\"><strong>Savjeti za Kori\u0161tenje Memo DL20 Hladnjaka \ud83d\udca1<\/strong><\/h4>\n<ul>\n<li class=\"\">\n<p class=\"\"><strong>Idealno za Mobilne Gamere \ud83c\udfae<\/strong> \u2013 Ako ste strastveni gamer, Memo DL20 je obavezan dodatak za va\u0161u opremu. Smanjite rizik od pregrijavanja i u\u017eivajte u dugim i neprekidnim gaming sesijama.<\/p>\n<\/li>\n<li class=\"\">\n<p class=\"\"><strong>Za Video i Filmove \ud83c\udfa5<\/strong> \u2013 Ne morate biti gamer da biste koristili Memo DL20. Ako \u010desto gledate filmove ili streamate sadr\u017eaj na svom telefonu, Memo DL20 \u0107e odr\u017eavati temperaturu va\u0161eg ure\u0111aja na optimalnoj razini.<\/p>\n<\/li>\n<li class=\"\">\n<p class=\"\"><strong>Pobolj\u0161anje Performansi \ud83d\ude80<\/strong> \u2013 Kori\u0161tenjem Memo DL20 ne\u0107ete samo sprije\u010diti pregrijavanje, ve\u0107 \u0107ete i pobolj\u0161ati brzinu rada telefona jer ne\u0107e dolaziti do usporavanja zbog topline.<\/p>\n<\/li>\n<\/ul>\n<h4 class=\"\"><strong>Tehni\u010dke Specifikacije \u2699\ufe0f:<\/strong><\/h4>\n<ul>\n<li class=\"\">\n<p class=\"\"><strong>Te\u017eina<\/strong>: 90,7 g<\/p>\n<\/li>\n<li class=\"\">\n<p class=\"\"><strong>Dimenzije<\/strong>: Pogodno za sve mobilne ure\u0111aje<\/p>\n<\/li>\n<li class=\"\">\n<p class=\"\"><strong>Napajanje<\/strong>: USB Type-C (5V\/3A ili 9V\/3A)<\/p>\n<\/li>\n<li class=\"\">\n<p class=\"\"><strong>Kompatibilnost<\/strong>: Kompatibilno sa svim mobilnim ure\u0111ajima IOS i android<\/p>\n<\/li>\n<\/ul>\n<h4 class=\"\"><strong>Naru\u010dite Memo DL20 Univerzalni Hladnjak za Mobilne Ure\u0111aje i Pobolj\u0161ajte Performanse Svojeg Telefona \ud83d\udcf1\ud83d\udd25<\/strong><\/h4>\n<p class=\"\">Ne dopustite da pregrijavanje ometa va\u0161u igru, rad ili zabavu. Naru\u010dite <strong>Memo DL20 univerzalni hladnjak za mobilne ure\u0111aje<\/strong> danas i osigurajte dugotrajan rad va\u0161eg telefona u savr\u0161enim uvjetima! \ud83c\udf1f<\/p>\n<p class=\"\">\ud83d\udd17 <strong>Pogledajte i ostale hladnjake za mobilne ure\u0111aje<\/strong> na na\u0161em <a class=\"\" href=\"https:\/\/emiir.ba\/en\/product-category\/hladnjaci\/\" rel=\"noopener\">linku<\/a>.<\/p>","protected":false},"excerpt":{"rendered":"<div style=\"width: 1200px;\" class=\"wp-video\"><video class=\"wp-video-shortcode\" id=\"video-8555-1\" width=\"1200\" height=\"1600\" preload=\"metadata\" controls=\"controls\"><source type=\"video\/mp4\" src=\"https:\/\/emiir.ba\/wp-content\/uploads\/2025\/04\/DL20.mp4?_=1\" \/><a href=\"https:\/\/emiir.ba\/wp-content\/uploads\/2025\/04\/DL20.mp4\">https:\/\/emiir.ba\/wp-content\/uploads\/2025\/04\/DL20.mp4<\/a><\/video><\/div>","protected":false},"featured_media":8556,"comment_status":"open","ping_status":"closed","template":"","meta":{"jetpack_post_was_ever_published":false,"jetpack_publicize_message":"","jetpack_publicize_feature_enabled":true,"jetpack_social_post_already_shared":true,"jetpack_social_options":{"image_generator_settings":{"template":"highway","default_image_id":0,"font":"","enabled":false},"version":2}},"product_brand":[],"product_cat":[117],"product_tag":[],"class_list":{"0":"post-8555","1":"product","2":"type-product","3":"status-publish","4":"has-post-thumbnail","6":"product_cat-hladnjaci-za-mobilni-gaming","8":"first","9":"instock","10":"sale","11":"shipping-taxable","12":"purchasable","13":"product-type-simple"},"yoast_head":"<!-- This site is optimized with the Yoast SEO plugin v27.4 - https:\/\/yoast.com\/product\/yoast-seo-wordpress\/ -->\n<title>Univerzalni Hladnjak Za Mobilni Telefon DL20 - EMiiR<\/title>\n<meta name=\"description\" content=\"Univerzalni Hladnjak Za Mobilni Telefon Memo DL20 s poluvodi\u010dkom tehnologijom hla\u0111enja i RGB LED osvjetljenjem. Savr\u0161en za gamere.\" \/>\n<meta name=\"robots\" content=\"index, follow, max-snippet:-1, max-image-preview:large, max-video-preview:-1\" \/>\n<link rel=\"canonical\" href=\"https:\/\/emiir.ba\/en\/product\/univerzalni-hladnjak-za-mobilni-telefon-dl20\/\" \/>\n<meta property=\"og:locale\" content=\"en_US\" \/>\n<meta property=\"og:type\" content=\"article\" \/>\n<meta property=\"og:title\" content=\"Univerzalni Hladnjak Za Mobilni Telefon DL20 - EMiiR\" \/>\n<meta property=\"og:description\" content=\"Univerzalni Hladnjak Za Mobilni Telefon Memo DL20 s poluvodi\u010dkom tehnologijom hla\u0111enja i RGB LED osvjetljenjem. Savr\u0161en za gamere.\" \/>\n<meta property=\"og:url\" content=\"https:\/\/emiir.ba\/en\/product\/univerzalni-hladnjak-za-mobilni-telefon-dl20\/\" \/>\n<meta property=\"og:site_name\" content=\"EMiiR\" \/>\n<meta property=\"article:modified_time\" content=\"2026-01-21T15:37:51+00:00\" \/>\n<meta property=\"og:image\" content=\"https:\/\/i0.wp.com\/emiir.ba\/wp-content\/uploads\/2025\/04\/1.png?fit=1000%2C1000&ssl=1\" \/>\n\t<meta property=\"og:image:width\" content=\"1000\" \/>\n\t<meta property=\"og:image:height\" content=\"1000\" \/>\n\t<meta property=\"og:image:type\" content=\"image\/png\" \/>\n<meta name=\"twitter:card\" content=\"summary_large_image\" \/>\n<meta name=\"twitter:label1\" content=\"Est. reading time\" \/>\n\t<meta name=\"twitter:data1\" content=\"3 minutes\" \/>\n<script type=\"application\/ld+json\" class=\"yoast-schema-graph\">{\"@context\":\"https:\\\/\\\/schema.org\",\"@graph\":[{\"@type\":\"WebPage\",\"@id\":\"https:\\\/\\\/emiir.ba\\\/product\\\/univerzalni-hladnjak-za-mobilni-telefon-dl20\\\/\",\"url\":\"https:\\\/\\\/emiir.ba\\\/product\\\/univerzalni-hladnjak-za-mobilni-telefon-dl20\\\/\",\"name\":\"Univerzalni Hladnjak Za Mobilni Telefon DL20 - EMiiR\",\"isPartOf\":{\"@id\":\"https:\\\/\\\/emiir.ba\\\/#website\"},\"primaryImageOfPage\":{\"@id\":\"https:\\\/\\\/emiir.ba\\\/product\\\/univerzalni-hladnjak-za-mobilni-telefon-dl20\\\/#primaryimage\"},\"image\":{\"@id\":\"https:\\\/\\\/emiir.ba\\\/product\\\/univerzalni-hladnjak-za-mobilni-telefon-dl20\\\/#primaryimage\"},\"thumbnailUrl\":\"https:\\\/\\\/emiir.ba\\\/wp-content\\\/uploads\\\/2025\\\/04\\\/1.png\",\"datePublished\":\"2025-04-16T10:18:36+00:00\",\"dateModified\":\"2026-01-21T15:37:51+00:00\",\"description\":\"Univerzalni Hladnjak Za Mobilni Telefon Memo DL20 s poluvodi\u010dkom tehnologijom hla\u0111enja i RGB LED osvjetljenjem. Savr\u0161en za gamere.\",\"breadcrumb\":{\"@id\":\"https:\\\/\\\/emiir.ba\\\/product\\\/univerzalni-hladnjak-za-mobilni-telefon-dl20\\\/#breadcrumb\"},\"inLanguage\":\"en-US\",\"potentialAction\":[{\"@type\":\"ReadAction\",\"target\":[\"https:\\\/\\\/emiir.ba\\\/product\\\/univerzalni-hladnjak-za-mobilni-telefon-dl20\\\/\"]}]},{\"@type\":\"ImageObject\",\"inLanguage\":\"en-US\",\"@id\":\"https:\\\/\\\/emiir.ba\\\/product\\\/univerzalni-hladnjak-za-mobilni-telefon-dl20\\\/#primaryimage\",\"url\":\"https:\\\/\\\/emiir.ba\\\/wp-content\\\/uploads\\\/2025\\\/04\\\/1.png\",\"contentUrl\":\"https:\\\/\\\/emiir.ba\\\/wp-content\\\/uploads\\\/2025\\\/04\\\/1.png\",\"width\":1000,\"height\":1000,\"caption\":\"Memo DL20 \u2013 savr\u0161eno rje\u0161enje za hla\u0111enje pametnih telefona tokom gaminga i streaminga. RGB efekti + digitalni ekran.\"},{\"@type\":\"BreadcrumbList\",\"@id\":\"https:\\\/\\\/emiir.ba\\\/product\\\/univerzalni-hladnjak-za-mobilni-telefon-dl20\\\/#breadcrumb\",\"itemListElement\":[{\"@type\":\"ListItem\",\"position\":1,\"name\":\"Home\",\"item\":\"https:\\\/\\\/emiir.ba\\\/\"},{\"@type\":\"ListItem\",\"position\":2,\"name\":\"Shop\",\"item\":\"https:\\\/\\\/emiir.ba\\\/emiir-ba-mobilni-gaming-shop\\\/\"},{\"@type\":\"ListItem\",\"position\":3,\"name\":\"Univerzalni Hladnjak Za Mobilni Telefon DL20\"}]},{\"@type\":\"WebSite\",\"@id\":\"https:\\\/\\\/emiir.ba\\\/#website\",\"url\":\"https:\\\/\\\/emiir.ba\\\/\",\"name\":\"EMiiR\",\"description\":\"\",\"potentialAction\":[{\"@type\":\"SearchAction\",\"target\":{\"@type\":\"EntryPoint\",\"urlTemplate\":\"https:\\\/\\\/emiir.ba\\\/?s={search_term_string}\"},\"query-input\":{\"@type\":\"PropertyValueSpecification\",\"valueRequired\":true,\"valueName\":\"search_term_string\"}}],\"inLanguage\":\"en-US\"}]}<\/script>\n<!-- \/ Yoast SEO plugin. -->","yoast_head_json":{"title":"Univerzalni Hladnjak Za Mobilni Telefon DL20 - EMiiR","description":"Univerzalni Hladnjak Za Mobilni Telefon Memo DL20 s poluvodi\u010dkom tehnologijom hla\u0111enja i RGB LED osvjetljenjem. Savr\u0161en za gamere.","robots":{"index":"index","follow":"follow","max-snippet":"max-snippet:-1","max-image-preview":"max-image-preview:large","max-video-preview":"max-video-preview:-1"},"canonical":"https:\/\/emiir.ba\/en\/product\/univerzalni-hladnjak-za-mobilni-telefon-dl20\/","og_locale":"en_US","og_type":"article","og_title":"Univerzalni Hladnjak Za Mobilni Telefon DL20 - EMiiR","og_description":"Univerzalni Hladnjak Za Mobilni Telefon Memo DL20 s poluvodi\u010dkom tehnologijom hla\u0111enja i RGB LED osvjetljenjem. Savr\u0161en za gamere.","og_url":"https:\/\/emiir.ba\/en\/product\/univerzalni-hladnjak-za-mobilni-telefon-dl20\/","og_site_name":"EMiiR","article_modified_time":"2026-01-21T15:37:51+00:00","og_image":[{"width":1000,"height":1000,"url":"https:\/\/i0.wp.com\/emiir.ba\/wp-content\/uploads\/2025\/04\/1.png?fit=1000%2C1000&ssl=1","type":"image\/png"}],"twitter_card":"summary_large_image","twitter_misc":{"Est. reading time":"3 minutes"},"schema":{"@context":"https:\/\/schema.org","@graph":[{"@type":"WebPage","@id":"https:\/\/emiir.ba\/product\/univerzalni-hladnjak-za-mobilni-telefon-dl20\/","url":"https:\/\/emiir.ba\/product\/univerzalni-hladnjak-za-mobilni-telefon-dl20\/","name":"Univerzalni Hladnjak Za Mobilni Telefon DL20 - EMiiR","isPartOf":{"@id":"https:\/\/emiir.ba\/#website"},"primaryImageOfPage":{"@id":"https:\/\/emiir.ba\/product\/univerzalni-hladnjak-za-mobilni-telefon-dl20\/#primaryimage"},"image":{"@id":"https:\/\/emiir.ba\/product\/univerzalni-hladnjak-za-mobilni-telefon-dl20\/#primaryimage"},"thumbnailUrl":"https:\/\/emiir.ba\/wp-content\/uploads\/2025\/04\/1.png","datePublished":"2025-04-16T10:18:36+00:00","dateModified":"2026-01-21T15:37:51+00:00","description":"Univerzalni Hladnjak Za Mobilni Telefon Memo DL20 s poluvodi\u010dkom tehnologijom hla\u0111enja i RGB LED osvjetljenjem. Savr\u0161en za gamere.","breadcrumb":{"@id":"https:\/\/emiir.ba\/product\/univerzalni-hladnjak-za-mobilni-telefon-dl20\/#breadcrumb"},"inLanguage":"en-US","potentialAction":[{"@type":"ReadAction","target":["https:\/\/emiir.ba\/product\/univerzalni-hladnjak-za-mobilni-telefon-dl20\/"]}]},{"@type":"ImageObject","inLanguage":"en-US","@id":"https:\/\/emiir.ba\/product\/univerzalni-hladnjak-za-mobilni-telefon-dl20\/#primaryimage","url":"https:\/\/emiir.ba\/wp-content\/uploads\/2025\/04\/1.png","contentUrl":"https:\/\/emiir.ba\/wp-content\/uploads\/2025\/04\/1.png","width":1000,"height":1000,"caption":"Memo DL20 \u2013 savr\u0161eno rje\u0161enje za hla\u0111enje pametnih telefona tokom gaminga i streaminga. RGB efekti + digitalni ekran."},{"@type":"BreadcrumbList","@id":"https:\/\/emiir.ba\/product\/univerzalni-hladnjak-za-mobilni-telefon-dl20\/#breadcrumb","itemListElement":[{"@type":"ListItem","position":1,"name":"Home","item":"https:\/\/emiir.ba\/"},{"@type":"ListItem","position":2,"name":"Shop","item":"https:\/\/emiir.ba\/emiir-ba-mobilni-gaming-shop\/"},{"@type":"ListItem","position":3,"name":"Univerzalni Hladnjak Za Mobilni Telefon DL20"}]},{"@type":"WebSite","@id":"https:\/\/emiir.ba\/#website","url":"https:\/\/emiir.ba\/","name":"EMiiR","description":"","potentialAction":[{"@type":"SearchAction","target":{"@type":"EntryPoint","urlTemplate":"https:\/\/emiir.ba\/?s={search_term_string}"},"query-input":{"@type":"PropertyValueSpecification","valueRequired":true,"valueName":"search_term_string"}}],"inLanguage":"en-US"}]}},"jetpack_publicize_connections":[],"jetpack-related-posts":[{"id":7683,"url":"https:\/\/emiir.ba\/en\/product\/hladnjak-za-telefon-flo6\/","url_meta":{"origin":8555,"position":0},"title":"Univerzalni Hladnjak Za Mobilni Telefon FLO6","author":"admin","date":"June 22, 2024","format":false,"excerpt":"\ud83d\udce6 Hladnjak za telefon FLO6 \u2013 Kompaktni mobilni cooler s poluprovodni\u010dkim hla\u0111enjem | EMiiR \ud83c\udfae Hladnjak za telefon FLO6 je savr\u0161en dodatak za sve korisnike koji \u017eele odr\u017eati optimalnu temperaturu svog ure\u0111aja tokom intenzivnog kori\u0161tenja. Zahvaljuju\u0107i naprednoj tehnologiji hla\u0111enja i kompaktnom dizajnu, ovaj ure\u0111aj osigurava efikasno hla\u0111enje bez ometanja va\u0161eg\u2026","rel":"","context":"Similar post","block_context":{"text":"Similar post","link":""},"img":{"alt_text":"Hladnjak za telefon FLO6 s poluprovodni\u010dkim hla\u0111enjem","src":"https:\/\/i0.wp.com\/emiir.ba\/wp-content\/uploads\/2024\/06\/flo6.png?resize=350%2C200&ssl=1","width":350,"height":200,"srcset":"https:\/\/i0.wp.com\/emiir.ba\/wp-content\/uploads\/2024\/06\/flo6.png?resize=350%2C200&ssl=1 1x, https:\/\/i0.wp.com\/emiir.ba\/wp-content\/uploads\/2024\/06\/flo6.png?resize=525%2C300&ssl=1 1.5x"},"classes":[]},{"id":7642,"url":"https:\/\/emiir.ba\/en\/product\/hladnjak-za-telefon-cx07\/","url_meta":{"origin":8555,"position":1},"title":"Univerzalni Hladnjak Za Mobilni Telefon CX07","author":"admin","date":"June 22, 2024","format":false,"excerpt":"http:\/\/emiir.ba\/wp-content\/uploads\/2024\/06\/CX07.mp4","rel":"","context":"Similar post","block_context":{"text":"Similar post","link":""},"img":{"alt_text":"Hladnjak za telefon CX07 s poluprovodni\u010dkim hla\u0111enjem","src":"https:\/\/i0.wp.com\/emiir.ba\/wp-content\/uploads\/2024\/06\/cx07.png?resize=350%2C200&ssl=1","width":350,"height":200,"srcset":"https:\/\/i0.wp.com\/emiir.ba\/wp-content\/uploads\/2024\/06\/cx07.png?resize=350%2C200&ssl=1 1x, https:\/\/i0.wp.com\/emiir.ba\/wp-content\/uploads\/2024\/06\/cx07.png?resize=525%2C300&ssl=1 1.5x"},"classes":[]},{"id":7665,"url":"https:\/\/emiir.ba\/en\/product\/hladnjak-za-telefon-dla8\/","url_meta":{"origin":8555,"position":2},"title":"Univerzalni Hladnjak Za Mobilni Telefon DLA8","author":"admin","date":"June 22, 2024","format":false,"excerpt":"","rel":"","context":"Similar post","block_context":{"text":"Similar post","link":""},"img":{"alt_text":"Hladnjak za telefon DLA8 s poluprovodni\u010dkim hla\u0111enjem","src":"https:\/\/i0.wp.com\/emiir.ba\/wp-content\/uploads\/2024\/06\/dla8.png?resize=350%2C200&ssl=1","width":350,"height":200,"srcset":"https:\/\/i0.wp.com\/emiir.ba\/wp-content\/uploads\/2024\/06\/dla8.png?resize=350%2C200&ssl=1 1x, https:\/\/i0.wp.com\/emiir.ba\/wp-content\/uploads\/2024\/06\/dla8.png?resize=525%2C300&ssl=1 1.5x"},"classes":[]},{"id":7626,"url":"https:\/\/emiir.ba\/en\/product\/hladnjak-za-telefon-xc04\/","url_meta":{"origin":8555,"position":3},"title":"Univerzalni Hladnjak Za Mobilni Telefon CX04","author":"admin","date":"June 22, 2024","format":false,"excerpt":"","rel":"","context":"Similar post","block_context":{"text":"Similar post","link":""},"img":{"alt_text":"Hladnjak za telefon XC04 s RGB osvjetljenjem","src":"https:\/\/i0.wp.com\/emiir.ba\/wp-content\/uploads\/2024\/06\/CX04-6.webp?resize=350%2C200&ssl=1","width":350,"height":200,"srcset":"https:\/\/i0.wp.com\/emiir.ba\/wp-content\/uploads\/2024\/06\/CX04-6.webp?resize=350%2C200&ssl=1 1x, https:\/\/i0.wp.com\/emiir.ba\/wp-content\/uploads\/2024\/06\/CX04-6.webp?resize=525%2C300&ssl=1 1.5x"},"classes":[]},{"id":5220,"url":"https:\/\/emiir.ba\/en\/product\/univerzalni-hladnjak-fla4\/","url_meta":{"origin":8555,"position":4},"title":"Univerzalni Hladnjak Za Mobilni Telefon FLA4","author":"admin","date":"October 29, 2023","format":false,"excerpt":"\u2744\ufe0f Univerzalni Hladnjak Za Mobilni Telefon FLA4 \u2013 efikasno hla\u0111enje za mobilne gejmere | EMiiR Univerzalni Hladnjak FLA4 je prijenosni hladnjak za mobilne telefone, idealan za gejmere koji \u017eele odr\u017eati optimalnu temperaturu svog ure\u0111aja tokom intenzivnog igranja. Opremljen je poluvodi\u010dkim hladnja\u010dem koji koristi Peltier efekt i ugra\u0111enim ventilatorom koji cirkuli\u0161e\u2026","rel":"","context":"Similar post","block_context":{"text":"Similar post","link":""},"img":{"alt_text":"Univerzalni Hladnjak FLA4 za mobilne ure\u0111aje","src":"https:\/\/i0.wp.com\/emiir.ba\/wp-content\/uploads\/2023\/10\/222-1.png?resize=350%2C200&ssl=1","width":350,"height":200,"srcset":"https:\/\/i0.wp.com\/emiir.ba\/wp-content\/uploads\/2023\/10\/222-1.png?resize=350%2C200&ssl=1 1x, https:\/\/i0.wp.com\/emiir.ba\/wp-content\/uploads\/2023\/10\/222-1.png?resize=525%2C300&ssl=1 1.5x, https:\/\/i0.wp.com\/emiir.ba\/wp-content\/uploads\/2023\/10\/222-1.png?resize=700%2C400&ssl=1 2x"},"classes":[]},{"id":7717,"url":"https:\/\/emiir.ba\/en\/product\/hladnjak-za-telefon-fla2\/","url_meta":{"origin":8555,"position":5},"title":"Univerzalni Hladnjak Za Mobilni Telefon FLA2","author":"admin","date":"June 22, 2024","format":false,"excerpt":"http:\/\/emiir.ba\/wp-content\/uploads\/2024\/06\/FL-A2-\u6a2a\u7248.mp4","rel":"","context":"Similar post","block_context":{"text":"Similar post","link":""},"img":{"alt_text":"Hladnjak za telefon FLA2 s RGB efektima","src":"https:\/\/i0.wp.com\/emiir.ba\/wp-content\/uploads\/2024\/06\/fl02.png?resize=350%2C200&ssl=1","width":350,"height":200,"srcset":"https:\/\/i0.wp.com\/emiir.ba\/wp-content\/uploads\/2024\/06\/fl02.png?resize=350%2C200&ssl=1 1x, https:\/\/i0.wp.com\/emiir.ba\/wp-content\/uploads\/2024\/06\/fl02.png?resize=525%2C300&ssl=1 1.5x"},"classes":[]}],"jetpack_sharing_enabled":true,"jetpack_likes_enabled":true,"_links":{"self":[{"href":"https:\/\/emiir.ba\/en\/wp-json\/wp\/v2\/product\/8555","targetHints":{"allow":["GET"]}}],"collection":[{"href":"https:\/\/emiir.ba\/en\/wp-json\/wp\/v2\/product"}],"about":[{"href":"https:\/\/emiir.ba\/en\/wp-json\/wp\/v2\/types\/product"}],"replies":[{"embeddable":true,"href":"https:\/\/emiir.ba\/en\/wp-json\/wp\/v2\/comments?post=8555"}],"wp:featuredmedia":[{"embeddable":true,"href":"https:\/\/emiir.ba\/en\/wp-json\/wp\/v2\/media\/8556"}],"wp:attachment":[{"href":"https:\/\/emiir.ba\/en\/wp-json\/wp\/v2\/media?parent=8555"}],"wp:term":[{"taxonomy":"product_brand","embeddable":true,"href":"https:\/\/emiir.ba\/en\/wp-json\/wp\/v2\/product_brand?post=8555"},{"taxonomy":"product_cat","embeddable":true,"href":"https:\/\/emiir.ba\/en\/wp-json\/wp\/v2\/product_cat?post=8555"},{"taxonomy":"product_tag","embeddable":true,"href":"https:\/\/emiir.ba\/en\/wp-json\/wp\/v2\/product_tag?post=8555"}],"curies":[{"name":"wp","href":"https:\/\/api.w.org\/{rel}","templated":true}]}}