{"id":8749,"date":"2025-07-01T17:36:40","date_gmt":"2025-07-01T17:36:40","guid":{"rendered":"https:\/\/emiir.ba\/?post_type=product&#038;p=8749"},"modified":"2026-03-24T16:30:29","modified_gmt":"2026-03-24T16:30:29","slug":"univerzalni-hladnjak-cx10","status":"publish","type":"product","link":"https:\/\/emiir.ba\/en\/product\/univerzalni-hladnjak-cx10\/","title":{"rendered":"Univerzalni Hladnjak CX10 \u2013 efikasno i tihi cooler za mobilne gejmere | EMiiR"},"content":{"rendered":"<p data-start=\"219\" data-end=\"699\">CX10 hladnjak za telefon predstavlja savr\u0161eno rje\u0161enje za sve mobilne gejmere i korisnike koji \u017eele sprije\u010diti pregrijavanje svojih ure\u0111aja tokom intenzivne upotrebe. Opremljen poluvodi\u010dkom tehnologijom za brzo hla\u0111enje i sna\u017enim tihim ventilatorom, ovaj ure\u0111aj efikasno sni\u017eava temperaturu telefona za samo nekoliko sekundi. Njegov lagani, ali \u010dvrsti dizajn omogu\u0107ava jednostavnu upotrebu, dok univerzalna kompatibilnost omogu\u0107ava monta\u017eu na gotovo svaki model pametnog telefona.<\/p>\n<p data-start=\"701\" data-end=\"892\">CX10 se napaja putem USB-C kabla, a zahvaljuju\u0107i magnetnom mehanizmu brzo se postavlja i uklanja. Idealno je rje\u0161enje za streamere, gamere i korisnike koji \u010desto koriste zahtjevne aplikacije.<\/p>\n<p data-start=\"894\" data-end=\"1140\">Koriste\u0107i hladnjak poput CX10, ne samo da pove\u0107avate performanse svog telefona, ve\u0107 zna\u010dajno produ\u017eavate vijek trajanja baterije i ure\u0111aja. Pregrijavanje tokom igranja PUBG Mobile, Call of Duty Mobile, Fortnite i drugih naslova vi\u0161e nije problem.<\/p>\n<p data-start=\"1142\" data-end=\"1182\">Dostupan sada u na\u0161oj online prodavnici.<\/p>\n<hr data-start=\"820\" data-end=\"823\" \/>\n<h3 data-start=\"825\" data-end=\"858\">\ud83d\udd27 <strong data-start=\"832\" data-end=\"858\">Tehni\u010dke specifikacije<\/strong><\/h3>\n<ul data-start=\"859\" data-end=\"1161\">\n<li data-start=\"859\" data-end=\"878\">\n<p data-start=\"861\" data-end=\"878\"><strong data-start=\"861\" data-end=\"871\">Model:<\/strong> CX10<\/p>\n<\/li>\n<li data-start=\"879\" data-end=\"901\">\n<p data-start=\"881\" data-end=\"901\"><strong data-start=\"881\" data-end=\"892\">Te\u017eina:<\/strong> ~120\u202fg<\/p>\n<\/li>\n<li data-start=\"902\" data-end=\"941\">\n<p data-start=\"904\" data-end=\"941\"><strong data-start=\"904\" data-end=\"918\">Materijal:<\/strong> ABS plastika i metal<\/p>\n<\/li>\n<li data-start=\"942\" data-end=\"982\">\n<p data-start=\"944\" data-end=\"982\"><strong data-start=\"944\" data-end=\"958\">Napajanje:<\/strong> USB\u2011C (brzo punjenje)<\/p>\n<\/li>\n<li data-start=\"983\" data-end=\"1045\">\n<p data-start=\"985\" data-end=\"1045\"><strong data-start=\"985\" data-end=\"1000\">Ventilator:<\/strong> Tihi rad sa visokom u\u010dinkovito\u0161\u0107u hla\u0111enja<\/p>\n<\/li>\n<li data-start=\"1046\" data-end=\"1099\">\n<p data-start=\"1048\" data-end=\"1099\"><strong data-start=\"1048\" data-end=\"1067\">Kompatibilnost:<\/strong> Univerzalna, magnetna monta\u017ea<\/p>\n<\/li>\n<li data-start=\"1100\" data-end=\"1161\">\n<p data-start=\"1102\" data-end=\"1161\"><strong data-start=\"1102\" data-end=\"1115\">Funkcija:<\/strong> Efikasno hla\u0111enje mobilnih ure\u0111aja bez buke<\/p>\n<\/li>\n<\/ul>\n<hr data-start=\"1163\" data-end=\"1166\" \/>\n<h3 data-start=\"1168\" data-end=\"1194\">\u2b50 <strong data-start=\"1174\" data-end=\"1194\">Glavne prednosti<\/strong><\/h3>\n<ul data-start=\"1195\" data-end=\"1444\">\n<li data-start=\"1195\" data-end=\"1253\">\n<p data-start=\"1197\" data-end=\"1253\">\u2705 Brzo sni\u017eava temperaturu tokom zahtjevnog kori\u0161tenja<\/p>\n<\/li>\n<li data-start=\"1254\" data-end=\"1298\">\n<p data-start=\"1256\" data-end=\"1298\">\u2705 Tihi rad (idealno za gejmere i stream)<\/p>\n<\/li>\n<li data-start=\"1299\" data-end=\"1348\">\n<p data-start=\"1301\" data-end=\"1348\">\u2705 Jednostavna i sigurn monta\u017ea pomo\u0107u magneta<\/p>\n<\/li>\n<li data-start=\"1349\" data-end=\"1386\">\n<p data-start=\"1351\" data-end=\"1386\">\u2705 Kompaktna i lagana konstrukcija<\/p>\n<\/li>\n<li data-start=\"1387\" data-end=\"1444\">\n<p data-start=\"1389\" data-end=\"1444\">\u2705 Produ\u017eava vijek trajanja ure\u0111aja i olak\u0161ava igranje<\/p>\n<\/li>\n<\/ul>\n<hr data-start=\"1446\" data-end=\"1449\" \/>\n<p data-start=\"1451\" data-end=\"1604\">Za vi\u0161e detalja i instalaciju pogledajte na\u0161 vodi\u010d: <a class=\"\" href=\"https:\/\/emiir.ba\/en\/product-category\/hladnjaci-za-mobilni-gaming\/\" target=\"_new\" rel=\"noopener\" data-start=\"1503\" data-end=\"1604\">Hladnjaci za mobilni gaming \u2013 EMiiR<\/a><\/p>","protected":false},"excerpt":{"rendered":"<p> [&hellip;]<\/p>","protected":false},"featured_media":8750,"comment_status":"open","ping_status":"closed","template":"","meta":{"jetpack_post_was_ever_published":false,"jetpack_publicize_message":"","jetpack_publicize_feature_enabled":true,"jetpack_social_post_already_shared":true,"jetpack_social_options":{"image_generator_settings":{"template":"highway","default_image_id":0,"font":"","enabled":false},"version":2}},"product_brand":[],"product_cat":[117],"product_tag":[],"class_list":{"0":"post-8749","1":"product","2":"type-product","3":"status-publish","4":"has-post-thumbnail","6":"product_cat-hladnjaci-za-mobilni-gaming","8":"first","9":"instock","10":"sale","11":"shipping-taxable","12":"purchasable","13":"product-type-simple"},"yoast_head":"<!-- This site is optimized with the Yoast SEO plugin v27.4 - https:\/\/yoast.com\/product\/yoast-seo-wordpress\/ -->\n<title>CX10 hladnjak za telefon \u2013 univerzalni mobilni cooler | EMiiR<\/title>\n<meta name=\"description\" content=\"CX10 hladnjak za telefon \u2013 univerzalni, tihi i efikasni mobilni cooler za gejming. Pogodan za sve modele.\" \/>\n<meta name=\"robots\" content=\"index, follow, max-snippet:-1, max-image-preview:large, max-video-preview:-1\" \/>\n<link rel=\"canonical\" href=\"https:\/\/emiir.ba\/en\/product\/univerzalni-hladnjak-cx10\/\" \/>\n<meta property=\"og:locale\" content=\"en_US\" \/>\n<meta property=\"og:type\" content=\"article\" \/>\n<meta property=\"og:title\" content=\"CX10 hladnjak za telefon \u2013 univerzalni mobilni cooler | EMiiR\" \/>\n<meta property=\"og:description\" content=\"CX10 hladnjak za telefon \u2013 univerzalni, tihi i efikasni mobilni cooler za gejming. Pogodan za sve modele.\" \/>\n<meta property=\"og:url\" content=\"https:\/\/emiir.ba\/en\/product\/univerzalni-hladnjak-cx10\/\" \/>\n<meta property=\"og:site_name\" content=\"EMiiR\" \/>\n<meta property=\"article:modified_time\" content=\"2026-03-24T16:30:29+00:00\" \/>\n<meta property=\"og:image\" content=\"https:\/\/emiir.ba\/wp-content\/uploads\/2025\/07\/3_optimized.webp\" \/>\n\t<meta property=\"og:image:width\" content=\"800\" \/>\n\t<meta property=\"og:image:height\" content=\"800\" \/>\n\t<meta property=\"og:image:type\" content=\"image\/webp\" \/>\n<meta name=\"twitter:card\" content=\"summary_large_image\" \/>\n<meta name=\"twitter:label1\" content=\"Est. reading time\" \/>\n\t<meta name=\"twitter:data1\" content=\"2 minutes\" \/>\n<script type=\"application\/ld+json\" class=\"yoast-schema-graph\">{\"@context\":\"https:\\\/\\\/schema.org\",\"@graph\":[{\"@type\":\"WebPage\",\"@id\":\"https:\\\/\\\/emiir.ba\\\/product\\\/univerzalni-hladnjak-cx10\\\/\",\"url\":\"https:\\\/\\\/emiir.ba\\\/product\\\/univerzalni-hladnjak-cx10\\\/\",\"name\":\"CX10 hladnjak za telefon \u2013 univerzalni mobilni cooler | EMiiR\",\"isPartOf\":{\"@id\":\"https:\\\/\\\/emiir.ba\\\/#website\"},\"primaryImageOfPage\":{\"@id\":\"https:\\\/\\\/emiir.ba\\\/product\\\/univerzalni-hladnjak-cx10\\\/#primaryimage\"},\"image\":{\"@id\":\"https:\\\/\\\/emiir.ba\\\/product\\\/univerzalni-hladnjak-cx10\\\/#primaryimage\"},\"thumbnailUrl\":\"https:\\\/\\\/emiir.ba\\\/wp-content\\\/uploads\\\/2025\\\/07\\\/3_optimized.webp\",\"datePublished\":\"2025-07-01T17:36:40+00:00\",\"dateModified\":\"2026-03-24T16:30:29+00:00\",\"description\":\"CX10 hladnjak za telefon \u2013 univerzalni, tihi i efikasni mobilni cooler za gejming. Pogodan za sve modele.\",\"breadcrumb\":{\"@id\":\"https:\\\/\\\/emiir.ba\\\/product\\\/univerzalni-hladnjak-cx10\\\/#breadcrumb\"},\"inLanguage\":\"en-US\",\"potentialAction\":[{\"@type\":\"ReadAction\",\"target\":[\"https:\\\/\\\/emiir.ba\\\/product\\\/univerzalni-hladnjak-cx10\\\/\"]}]},{\"@type\":\"ImageObject\",\"inLanguage\":\"en-US\",\"@id\":\"https:\\\/\\\/emiir.ba\\\/product\\\/univerzalni-hladnjak-cx10\\\/#primaryimage\",\"url\":\"https:\\\/\\\/emiir.ba\\\/wp-content\\\/uploads\\\/2025\\\/07\\\/3_optimized.webp\",\"contentUrl\":\"https:\\\/\\\/emiir.ba\\\/wp-content\\\/uploads\\\/2025\\\/07\\\/3_optimized.webp\",\"width\":800,\"height\":800,\"caption\":\"CX10 mobilni hladnjak \u2013 magnetni, tihi i efikasan izbor za gaming i streaming\"},{\"@type\":\"BreadcrumbList\",\"@id\":\"https:\\\/\\\/emiir.ba\\\/product\\\/univerzalni-hladnjak-cx10\\\/#breadcrumb\",\"itemListElement\":[{\"@type\":\"ListItem\",\"position\":1,\"name\":\"Home\",\"item\":\"https:\\\/\\\/emiir.ba\\\/\"},{\"@type\":\"ListItem\",\"position\":2,\"name\":\"Shop\",\"item\":\"https:\\\/\\\/emiir.ba\\\/emiir-ba-mobilni-gaming-shop\\\/\"},{\"@type\":\"ListItem\",\"position\":3,\"name\":\"Univerzalni Hladnjak CX10 \u2013 efikasno i tihi cooler za mobilne gejmere | EMiiR\"}]},{\"@type\":\"WebSite\",\"@id\":\"https:\\\/\\\/emiir.ba\\\/#website\",\"url\":\"https:\\\/\\\/emiir.ba\\\/\",\"name\":\"EMiiR\",\"description\":\"\",\"potentialAction\":[{\"@type\":\"SearchAction\",\"target\":{\"@type\":\"EntryPoint\",\"urlTemplate\":\"https:\\\/\\\/emiir.ba\\\/?s={search_term_string}\"},\"query-input\":{\"@type\":\"PropertyValueSpecification\",\"valueRequired\":true,\"valueName\":\"search_term_string\"}}],\"inLanguage\":\"en-US\"}]}<\/script>\n<!-- \/ Yoast SEO plugin. -->","yoast_head_json":{"title":"CX10 hladnjak za telefon \u2013 univerzalni mobilni cooler | EMiiR","description":"CX10 hladnjak za telefon \u2013 univerzalni, tihi i efikasni mobilni cooler za gejming. Pogodan za sve modele.","robots":{"index":"index","follow":"follow","max-snippet":"max-snippet:-1","max-image-preview":"max-image-preview:large","max-video-preview":"max-video-preview:-1"},"canonical":"https:\/\/emiir.ba\/en\/product\/univerzalni-hladnjak-cx10\/","og_locale":"en_US","og_type":"article","og_title":"CX10 hladnjak za telefon \u2013 univerzalni mobilni cooler | EMiiR","og_description":"CX10 hladnjak za telefon \u2013 univerzalni, tihi i efikasni mobilni cooler za gejming. Pogodan za sve modele.","og_url":"https:\/\/emiir.ba\/en\/product\/univerzalni-hladnjak-cx10\/","og_site_name":"EMiiR","article_modified_time":"2026-03-24T16:30:29+00:00","og_image":[{"width":800,"height":800,"url":"https:\/\/emiir.ba\/wp-content\/uploads\/2025\/07\/3_optimized.webp","type":"image\/webp"}],"twitter_card":"summary_large_image","twitter_misc":{"Est. reading time":"2 minutes"},"schema":{"@context":"https:\/\/schema.org","@graph":[{"@type":"WebPage","@id":"https:\/\/emiir.ba\/product\/univerzalni-hladnjak-cx10\/","url":"https:\/\/emiir.ba\/product\/univerzalni-hladnjak-cx10\/","name":"CX10 hladnjak za telefon \u2013 univerzalni mobilni cooler | EMiiR","isPartOf":{"@id":"https:\/\/emiir.ba\/#website"},"primaryImageOfPage":{"@id":"https:\/\/emiir.ba\/product\/univerzalni-hladnjak-cx10\/#primaryimage"},"image":{"@id":"https:\/\/emiir.ba\/product\/univerzalni-hladnjak-cx10\/#primaryimage"},"thumbnailUrl":"https:\/\/emiir.ba\/wp-content\/uploads\/2025\/07\/3_optimized.webp","datePublished":"2025-07-01T17:36:40+00:00","dateModified":"2026-03-24T16:30:29+00:00","description":"CX10 hladnjak za telefon \u2013 univerzalni, tihi i efikasni mobilni cooler za gejming. Pogodan za sve modele.","breadcrumb":{"@id":"https:\/\/emiir.ba\/product\/univerzalni-hladnjak-cx10\/#breadcrumb"},"inLanguage":"en-US","potentialAction":[{"@type":"ReadAction","target":["https:\/\/emiir.ba\/product\/univerzalni-hladnjak-cx10\/"]}]},{"@type":"ImageObject","inLanguage":"en-US","@id":"https:\/\/emiir.ba\/product\/univerzalni-hladnjak-cx10\/#primaryimage","url":"https:\/\/emiir.ba\/wp-content\/uploads\/2025\/07\/3_optimized.webp","contentUrl":"https:\/\/emiir.ba\/wp-content\/uploads\/2025\/07\/3_optimized.webp","width":800,"height":800,"caption":"CX10 mobilni hladnjak \u2013 magnetni, tihi i efikasan izbor za gaming i streaming"},{"@type":"BreadcrumbList","@id":"https:\/\/emiir.ba\/product\/univerzalni-hladnjak-cx10\/#breadcrumb","itemListElement":[{"@type":"ListItem","position":1,"name":"Home","item":"https:\/\/emiir.ba\/"},{"@type":"ListItem","position":2,"name":"Shop","item":"https:\/\/emiir.ba\/emiir-ba-mobilni-gaming-shop\/"},{"@type":"ListItem","position":3,"name":"Univerzalni Hladnjak CX10 \u2013 efikasno i tihi cooler za mobilne gejmere | EMiiR"}]},{"@type":"WebSite","@id":"https:\/\/emiir.ba\/#website","url":"https:\/\/emiir.ba\/","name":"EMiiR","description":"","potentialAction":[{"@type":"SearchAction","target":{"@type":"EntryPoint","urlTemplate":"https:\/\/emiir.ba\/?s={search_term_string}"},"query-input":{"@type":"PropertyValueSpecification","valueRequired":true,"valueName":"search_term_string"}}],"inLanguage":"en-US"}]}},"jetpack_publicize_connections":[],"jetpack-related-posts":[{"id":6043,"url":"https:\/\/emiir.ba\/en\/product\/hladnjak-skull\/","url_meta":{"origin":8749,"position":0},"title":"Univerzalni Hladnjak Za Mobilni Telefon skull","author":"admin","date":"February 23, 2024","format":false,"excerpt":"\u2744\ufe0f Univerzalni Hladnjak Skull \u2013 efikasno hla\u0111enje mobilnih ure\u0111aja | EMiiR Univerzalni Hladnjak Skull je prakti\u010dan dodatak za korisnike mobilnih ure\u0111aja koji \u017eele odr\u017eati optimalnu temperaturu svog ure\u0111aja tokom intenzivnog kori\u0161tenja. Ovaj hladnjak kombinuje efikasno hla\u0111enje s jedinstvenim dizajnom, \u010dine\u0107i ga savr\u0161enim za gejmere i korisnike koji cijene funkcionalnost i\u2026","rel":"","context":"Similar post","block_context":{"text":"Similar post","link":""},"img":{"alt_text":"Univerzalni Hladnjak Skull za mobilne ure\u0111aje","src":"https:\/\/i0.wp.com\/emiir.ba\/wp-content\/uploads\/2024\/02\/skull.png?resize=350%2C200&ssl=1","width":350,"height":200,"srcset":"https:\/\/i0.wp.com\/emiir.ba\/wp-content\/uploads\/2024\/02\/skull.png?resize=350%2C200&ssl=1 1x, https:\/\/i0.wp.com\/emiir.ba\/wp-content\/uploads\/2024\/02\/skull.png?resize=525%2C300&ssl=1 1.5x"},"classes":[]},{"id":8761,"url":"https:\/\/emiir.ba\/en\/product\/cx15-hladnjak-za-telefon\/","url_meta":{"origin":8749,"position":1},"title":"CX15 hladnjak za telefon \u2013 ultra tihi mobilni cooler s naprednim hla\u0111enjem | EMiiR","author":"admin","date":"July 1, 2025","format":false,"excerpt":"CX15 hladnjak za telefon donosi napredno i efikasno rje\u0161enje za hla\u0111enje mobilnih ure\u0111aja, idealno za gejmere i korisnike koji \u017eele zadr\u017eati visoke performanse svojih telefona. Opremljen je modernim poluvodi\u010dkim \u010dipom i ultra tihim ventilatorom koji omogu\u0107ava brzo i tiho hla\u0111enje. CX15 hladnjak za telefon koristi magnetnu monta\u017eu koja osigurava stabilnost\u2026","rel":"","context":"Similar post","block_context":{"text":"Similar post","link":""},"img":{"alt_text":"CX15 hladnjak za telefon \u2013 tihi mobilni cooler s magnetnom monta\u017eom","src":"https:\/\/i0.wp.com\/emiir.ba\/wp-content\/uploads\/2025\/07\/CX15B_full_fit_800x800.webp?resize=350%2C200&ssl=1","width":350,"height":200,"srcset":"https:\/\/i0.wp.com\/emiir.ba\/wp-content\/uploads\/2025\/07\/CX15B_full_fit_800x800.webp?resize=350%2C200&ssl=1 1x, https:\/\/i0.wp.com\/emiir.ba\/wp-content\/uploads\/2025\/07\/CX15B_full_fit_800x800.webp?resize=525%2C300&ssl=1 1.5x, https:\/\/i0.wp.com\/emiir.ba\/wp-content\/uploads\/2025\/07\/CX15B_full_fit_800x800.webp?resize=700%2C400&ssl=1 2x"},"classes":[]},{"id":6030,"url":"https:\/\/emiir.ba\/en\/product\/hladnjak-s-05a\/","url_meta":{"origin":8749,"position":2},"title":"Univerzalni Hladnjak Za Mobilni Telefon S-05A","author":"admin","date":"February 23, 2024","format":false,"excerpt":"\u2744\ufe0f Univerzalni Hladnjak S-05A \u2013 efikasno hla\u0111enje mobilnih ure\u0111aja | EMiiR Univerzalni Hladnjak S-05A je prakti\u010dan dodatak za korisnike mobilnih ure\u0111aja koji \u017eele odr\u017eati optimalnu temperaturu svog ure\u0111aja tokom intenzivnog kori\u0161tenja. Ovaj hladnjak kombinuje efikasno hla\u0111enje s jednostavnim dizajnom, \u010dine\u0107i ga savr\u0161enim za gejmere i korisnike koji cijene funkcionalnost. Zahvaljuju\u0107i\u2026","rel":"","context":"Similar post","block_context":{"text":"Similar post","link":""},"img":{"alt_text":"Univerzalni Hladnjak S-05A za mobilne ure\u0111aje","src":"https:\/\/i0.wp.com\/emiir.ba\/wp-content\/uploads\/2024\/02\/s-05aaaa.png?resize=350%2C200&ssl=1","width":350,"height":200,"srcset":"https:\/\/i0.wp.com\/emiir.ba\/wp-content\/uploads\/2024\/02\/s-05aaaa.png?resize=350%2C200&ssl=1 1x, https:\/\/i0.wp.com\/emiir.ba\/wp-content\/uploads\/2024\/02\/s-05aaaa.png?resize=525%2C300&ssl=1 1.5x"},"classes":[]},{"id":6052,"url":"https:\/\/emiir.ba\/en\/product\/hladnjak-s1\/","url_meta":{"origin":8749,"position":3},"title":"Univerzalni Hladnjak Za Mobilni Telefon S1","author":"admin","date":"February 23, 2024","format":false,"excerpt":"\u2744\ufe0f Hladnjak S1 \u2013 kompaktni mobilni cooler za optimalno hla\u0111enje | EMiiR Hladnjak S1 je idealan dodatak za korisnike mobilnih ure\u0111aja koji \u017eele odr\u017eati optimalnu temperaturu svog ure\u0111aja tokom intenzivnog kori\u0161tenja. Ovaj hladnjak kombinuje efikasno hla\u0111enje s modernim dizajnom, \u010dine\u0107i ga savr\u0161enim za gejmere i korisnike koji cijene estetiku. Zahvaljuju\u0107i\u2026","rel":"","context":"Similar post","block_context":{"text":"Similar post","link":""},"img":{"alt_text":"Hladnjak S1 za mobilne ure\u0111aje","src":"https:\/\/i0.wp.com\/emiir.ba\/wp-content\/uploads\/2024\/02\/S1.png?resize=350%2C200&ssl=1","width":350,"height":200,"srcset":"https:\/\/i0.wp.com\/emiir.ba\/wp-content\/uploads\/2024\/02\/S1.png?resize=350%2C200&ssl=1 1x, https:\/\/i0.wp.com\/emiir.ba\/wp-content\/uploads\/2024\/02\/S1.png?resize=525%2C300&ssl=1 1.5x"},"classes":[]},{"id":6046,"url":"https:\/\/emiir.ba\/en\/product\/hladnjak-g6\/","url_meta":{"origin":8749,"position":4},"title":"Univerzalni Hladnjak Za Mobilni Telefon G6","author":"admin","date":"February 23, 2024","format":false,"excerpt":"\u2744\ufe0f Univerzalni Hladnjak G6 \u2013 efikasno hla\u0111enje mobilnih ure\u0111aja bez baterije i LED osvjetljenja | EMiiR Univerzalni Hladnjak G6 je prakti\u010dan dodatak za korisnike mobilnih ure\u0111aja koji \u017eele odr\u017eati optimalnu temperaturu svog ure\u0111aja tokom intenzivnog kori\u0161tenja. Ovaj hladnjak kombinuje efikasno hla\u0111enje s jednostavnim dizajnom, \u010dine\u0107i ga savr\u0161enim za gejmere i\u2026","rel":"","context":"Similar post","block_context":{"text":"Similar post","link":""},"img":{"alt_text":"Univerzalni Hladnjak G6 za mobilne ure\u0111aje","src":"https:\/\/i0.wp.com\/emiir.ba\/wp-content\/uploads\/2024\/02\/g6.png?resize=350%2C200&ssl=1","width":350,"height":200,"srcset":"https:\/\/i0.wp.com\/emiir.ba\/wp-content\/uploads\/2024\/02\/g6.png?resize=350%2C200&ssl=1 1x, https:\/\/i0.wp.com\/emiir.ba\/wp-content\/uploads\/2024\/02\/g6.png?resize=525%2C300&ssl=1 1.5x"},"classes":[]},{"id":6048,"url":"https:\/\/emiir.ba\/en\/product\/hladnjak-f5\/","url_meta":{"origin":8749,"position":5},"title":"Univerzalni Hladnjak Za Mobilni Telefon F5","author":"admin","date":"February 23, 2024","format":false,"excerpt":"\u2744\ufe0f Univerzalni Hladnjak F5 \u2013 efikasno hla\u0111enje mobilnih ure\u0111aja bez baterije i LED osvjetljenja | EMiiR Univerzalni Hladnjak F5 je prakti\u010dan dodatak za korisnike mobilnih ure\u0111aja koji \u017eele odr\u017eati optimalnu temperaturu svog ure\u0111aja tokom intenzivnog kori\u0161tenja. Ovaj hladnjak kombinuje efikasno hla\u0111enje s jednostavnim dizajnom, \u010dine\u0107i ga savr\u0161enim za gejmere i\u2026","rel":"","context":"Similar post","block_context":{"text":"Similar post","link":""},"img":{"alt_text":"Univerzalni Hladnjak F5 za mobilne ure\u0111aje","src":"https:\/\/i0.wp.com\/emiir.ba\/wp-content\/uploads\/2024\/02\/f5.png?resize=350%2C200&ssl=1","width":350,"height":200,"srcset":"https:\/\/i0.wp.com\/emiir.ba\/wp-content\/uploads\/2024\/02\/f5.png?resize=350%2C200&ssl=1 1x, https:\/\/i0.wp.com\/emiir.ba\/wp-content\/uploads\/2024\/02\/f5.png?resize=525%2C300&ssl=1 1.5x"},"classes":[]}],"jetpack_sharing_enabled":true,"jetpack_likes_enabled":true,"_links":{"self":[{"href":"https:\/\/emiir.ba\/en\/wp-json\/wp\/v2\/product\/8749","targetHints":{"allow":["GET"]}}],"collection":[{"href":"https:\/\/emiir.ba\/en\/wp-json\/wp\/v2\/product"}],"about":[{"href":"https:\/\/emiir.ba\/en\/wp-json\/wp\/v2\/types\/product"}],"replies":[{"embeddable":true,"href":"https:\/\/emiir.ba\/en\/wp-json\/wp\/v2\/comments?post=8749"}],"wp:featuredmedia":[{"embeddable":true,"href":"https:\/\/emiir.ba\/en\/wp-json\/wp\/v2\/media\/8750"}],"wp:attachment":[{"href":"https:\/\/emiir.ba\/en\/wp-json\/wp\/v2\/media?parent=8749"}],"wp:term":[{"taxonomy":"product_brand","embeddable":true,"href":"https:\/\/emiir.ba\/en\/wp-json\/wp\/v2\/product_brand?post=8749"},{"taxonomy":"product_cat","embeddable":true,"href":"https:\/\/emiir.ba\/en\/wp-json\/wp\/v2\/product_cat?post=8749"},{"taxonomy":"product_tag","embeddable":true,"href":"https:\/\/emiir.ba\/en\/wp-json\/wp\/v2\/product_tag?post=8749"}],"curies":[{"name":"wp","href":"https:\/\/api.w.org\/{rel}","templated":true}]}}